{"id":72132,"date":"2020-08-19T12:59:32","date_gmt":"2020-08-19T12:59:36","guid":{"rendered":"https:\/\/www.erresse-shop.it\/?post_type=product&#038;p=72132"},"modified":"2025-03-04T09:59:05","modified_gmt":"2025-03-04T09:59:05","slug":"alessi-mediterraneo-frucht-halter-rot-2","status":"publish","type":"product","link":"https:\/\/www.erresse-shop.it\/de\/shop\/tisch\/koerbe-und-schalen\/alessi-mediterraneo-frucht-halter-rot-2\/","title":{"rendered":"ALESSI Mediterraneo Frucht-Halter Rot 29 cm"},"content":{"rendered":"<p>Einst waren Korallen im ganzen Mittelmeerraum zu finden und wurden im Austausch gegen Gew\u00fcrze und Parf\u00fcms in die ganze Welt exportiert. Die Designerin Emma Silvestris hat die Bilder der Meereswelt geschickt erforscht, um diesen Korb zu schaffen, der die wesentlichen Formen und die Leichtigkeit der Organismen verk\u00f6rpert, die den Ozean bev\u00f6lkern. Dieser Korb wurde 2004 entworfen und ebnete den Weg f\u00fcr die Serie Mediterraneo.<\/p>\n<p>Spezifikationen<br \/>\n&#8211; Material: Stahl<br \/>\n&#8211; Durchmesser: 29 cm<br \/>\n&#8211; H\u00f6he: 10,80 cm<\/p>\n","protected":false},"excerpt":{"rendered":"<p>Einst waren Korallen im ganzen Mittelmeerraum zu finden und wurden im Austausch gegen Gew\u00fcrze und Parf\u00fcms in die ganze Welt<\/p>\n","protected":false},"featured_media":472548,"template":"","meta":{"_acf_changed":false,"inline_featured_image":false},"product_cat":[6787,14243],"product_tag":[13487,23839,14249,11563],"acf":[],"yoast_head":"<!-- This site is optimized with the Yoast SEO Premium plugin v18.6 (Yoast SEO v19.13) - https:\/\/yoast.com\/wordpress\/plugins\/seo\/ -->\n<title>ALESSI Mediterraneo Frucht-Halter Rot 29 cm - Erresse Shop<\/title>\n<meta name=\"description\" content=\"Einst waren Korallen im ganzen Mittelmeerraum zu finden und wurden im Austausch gegen Gew\u00fcrze und Parf\u00fcms in die ganze Welt exportiert. Die Designerin\" \/>\n<meta name=\"robots\" content=\"index, follow, max-snippet:-1, max-image-preview:large, max-video-preview:-1\" \/>\n<link rel=\"canonical\" href=\"https:\/\/www.erresse-shop.it\/de\/shop\/tisch\/koerbe-und-schalen\/alessi-mediterraneo-frucht-halter-rot-2\/\" \/>\n<meta property=\"og:locale\" content=\"de_DE\" \/>\n<meta property=\"og:type\" content=\"article\" \/>\n<meta property=\"og:title\" content=\"ALESSI Mediterraneo Frucht-Halter Rot 29 cm\" \/>\n<meta property=\"og:description\" content=\"Einst waren Korallen im ganzen Mittelmeerraum zu finden und wurden im Austausch gegen Gew\u00fcrze und Parf\u00fcms in die ganze Welt exportiert. Die Designerin\" \/>\n<meta property=\"og:url\" content=\"https:\/\/www.erresse-shop.it\/de\/shop\/tisch\/koerbe-und-schalen\/alessi-mediterraneo-frucht-halter-rot-2\/\" \/>\n<meta property=\"og:site_name\" content=\"Erresse Shop\" \/>\n<meta property=\"article:modified_time\" content=\"2025-03-04T09:59:05+00:00\" \/>\n<meta property=\"og:image\" content=\"https:\/\/www.erresse-shop.it\/wp-content\/uploads\/2025\/02\/ALESSI-Mediterraneo-Fruttiera-Rosso-29-cm.jpg\" \/>\n\t<meta property=\"og:image:width\" content=\"1200\" \/>\n\t<meta property=\"og:image:height\" content=\"1200\" \/>\n\t<meta property=\"og:image:type\" content=\"image\/jpeg\" \/>\n<meta name=\"twitter:card\" content=\"summary_large_image\" \/>\n<script type=\"application\/ld+json\" class=\"yoast-schema-graph\">{\"@context\":\"https:\/\/schema.org\",\"@graph\":[{\"@type\":\"WebPage\",\"@id\":\"https:\/\/www.erresse-shop.it\/de\/shop\/tisch\/koerbe-und-schalen\/alessi-mediterraneo-frucht-halter-rot-2\/\",\"url\":\"https:\/\/www.erresse-shop.it\/de\/shop\/tisch\/koerbe-und-schalen\/alessi-mediterraneo-frucht-halter-rot-2\/\",\"name\":\"ALESSI Mediterraneo Frucht-Halter Rot 29 cm - Erresse Shop\",\"isPartOf\":{\"@id\":\"https:\/\/www.erresse-shop.it\/de\/#website\"},\"datePublished\":\"2020-08-19T12:59:36+00:00\",\"dateModified\":\"2025-03-04T09:59:05+00:00\",\"description\":\"Einst waren Korallen im ganzen Mittelmeerraum zu finden und wurden im Austausch gegen Gew\u00fcrze und Parf\u00fcms in die ganze Welt exportiert. Die Designerin\",\"breadcrumb\":{\"@id\":\"https:\/\/www.erresse-shop.it\/de\/shop\/tisch\/koerbe-und-schalen\/alessi-mediterraneo-frucht-halter-rot-2\/#breadcrumb\"},\"inLanguage\":\"de-DE\",\"potentialAction\":[{\"@type\":\"ReadAction\",\"target\":[\"https:\/\/www.erresse-shop.it\/de\/shop\/tisch\/koerbe-und-schalen\/alessi-mediterraneo-frucht-halter-rot-2\/\"]}]},{\"@type\":\"BreadcrumbList\",\"@id\":\"https:\/\/www.erresse-shop.it\/de\/shop\/tisch\/koerbe-und-schalen\/alessi-mediterraneo-frucht-halter-rot-2\/#breadcrumb\",\"itemListElement\":[{\"@type\":\"ListItem\",\"position\":1,\"name\":\"Home\",\"item\":\"https:\/\/www.erresse-shop.it\/de\/\"},{\"@type\":\"ListItem\",\"position\":2,\"name\":\"Shop\",\"item\":\"https:\/\/www.erresse-shop.it\/de\/shop\/\"},{\"@type\":\"ListItem\",\"position\":3,\"name\":\"ALESSI Mediterraneo Frucht-Halter Rot 29 cm\"}]},{\"@type\":\"WebSite\",\"@id\":\"https:\/\/www.erresse-shop.it\/de\/#website\",\"url\":\"https:\/\/www.erresse-shop.it\/de\/\",\"name\":\"Erresse Shop\",\"description\":\"Articoli di qualit\u00e0 per la casa\",\"potentialAction\":[{\"@type\":\"SearchAction\",\"target\":{\"@type\":\"EntryPoint\",\"urlTemplate\":\"https:\/\/www.erresse-shop.it\/de\/?s={search_term_string}\"},\"query-input\":\"required name=search_term_string\"}],\"inLanguage\":\"de-DE\"}]}<\/script>\n<!-- \/ Yoast SEO Premium plugin. -->","yoast_head_json":{"title":"ALESSI Mediterraneo Frucht-Halter Rot 29 cm - Erresse Shop","description":"Einst waren Korallen im ganzen Mittelmeerraum zu finden und wurden im Austausch gegen Gew\u00fcrze und Parf\u00fcms in die ganze Welt exportiert. Die Designerin","robots":{"index":"index","follow":"follow","max-snippet":"max-snippet:-1","max-image-preview":"max-image-preview:large","max-video-preview":"max-video-preview:-1"},"canonical":"https:\/\/www.erresse-shop.it\/de\/shop\/tisch\/koerbe-und-schalen\/alessi-mediterraneo-frucht-halter-rot-2\/","og_locale":"de_DE","og_type":"article","og_title":"ALESSI Mediterraneo Frucht-Halter Rot 29 cm","og_description":"Einst waren Korallen im ganzen Mittelmeerraum zu finden und wurden im Austausch gegen Gew\u00fcrze und Parf\u00fcms in die ganze Welt exportiert. Die Designerin","og_url":"https:\/\/www.erresse-shop.it\/de\/shop\/tisch\/koerbe-und-schalen\/alessi-mediterraneo-frucht-halter-rot-2\/","og_site_name":"Erresse Shop","article_modified_time":"2025-03-04T09:59:05+00:00","og_image":[{"width":1200,"height":1200,"url":"https:\/\/www.erresse-shop.it\/wp-content\/uploads\/2025\/02\/ALESSI-Mediterraneo-Fruttiera-Rosso-29-cm.jpg","type":"image\/jpeg"}],"twitter_card":"summary_large_image","schema":{"@context":"https:\/\/schema.org","@graph":[{"@type":"WebPage","@id":"https:\/\/www.erresse-shop.it\/de\/shop\/tisch\/koerbe-und-schalen\/alessi-mediterraneo-frucht-halter-rot-2\/","url":"https:\/\/www.erresse-shop.it\/de\/shop\/tisch\/koerbe-und-schalen\/alessi-mediterraneo-frucht-halter-rot-2\/","name":"ALESSI Mediterraneo Frucht-Halter Rot 29 cm - Erresse Shop","isPartOf":{"@id":"https:\/\/www.erresse-shop.it\/de\/#website"},"datePublished":"2020-08-19T12:59:36+00:00","dateModified":"2025-03-04T09:59:05+00:00","description":"Einst waren Korallen im ganzen Mittelmeerraum zu finden und wurden im Austausch gegen Gew\u00fcrze und Parf\u00fcms in die ganze Welt exportiert. Die Designerin","breadcrumb":{"@id":"https:\/\/www.erresse-shop.it\/de\/shop\/tisch\/koerbe-und-schalen\/alessi-mediterraneo-frucht-halter-rot-2\/#breadcrumb"},"inLanguage":"de-DE","potentialAction":[{"@type":"ReadAction","target":["https:\/\/www.erresse-shop.it\/de\/shop\/tisch\/koerbe-und-schalen\/alessi-mediterraneo-frucht-halter-rot-2\/"]}]},{"@type":"BreadcrumbList","@id":"https:\/\/www.erresse-shop.it\/de\/shop\/tisch\/koerbe-und-schalen\/alessi-mediterraneo-frucht-halter-rot-2\/#breadcrumb","itemListElement":[{"@type":"ListItem","position":1,"name":"Home","item":"https:\/\/www.erresse-shop.it\/de\/"},{"@type":"ListItem","position":2,"name":"Shop","item":"https:\/\/www.erresse-shop.it\/de\/shop\/"},{"@type":"ListItem","position":3,"name":"ALESSI Mediterraneo Frucht-Halter Rot 29 cm"}]},{"@type":"WebSite","@id":"https:\/\/www.erresse-shop.it\/de\/#website","url":"https:\/\/www.erresse-shop.it\/de\/","name":"Erresse Shop","description":"Articoli di qualit\u00e0 per la casa","potentialAction":[{"@type":"SearchAction","target":{"@type":"EntryPoint","urlTemplate":"https:\/\/www.erresse-shop.it\/de\/?s={search_term_string}"},"query-input":"required name=search_term_string"}],"inLanguage":"de-DE"}]}},"df_price":95,"df_sale_price":95,"df_regular_price":95,"df_image_link":"https:\/\/www.erresse-shop.it\/wp-content\/uploads\/2025\/02\/ALESSI-Mediterraneo-Fruttiera-Rosso-29-cm-300x300.jpg","_links":{"self":[{"href":"https:\/\/www.erresse-shop.it\/de\/wp-json\/wp\/v2\/product\/72132"}],"collection":[{"href":"https:\/\/www.erresse-shop.it\/de\/wp-json\/wp\/v2\/product"}],"about":[{"href":"https:\/\/www.erresse-shop.it\/de\/wp-json\/wp\/v2\/types\/product"}],"wp:featuredmedia":[{"embeddable":true,"href":"https:\/\/www.erresse-shop.it\/de\/wp-json\/wp\/v2\/media\/472548"}],"wp:attachment":[{"href":"https:\/\/www.erresse-shop.it\/de\/wp-json\/wp\/v2\/media?parent=72132"}],"wp:term":[{"taxonomy":"product_cat","embeddable":true,"href":"https:\/\/www.erresse-shop.it\/de\/wp-json\/wp\/v2\/product_cat?post=72132"},{"taxonomy":"product_tag","embeddable":true,"href":"https:\/\/www.erresse-shop.it\/de\/wp-json\/wp\/v2\/product_tag?post=72132"}],"curies":[{"name":"wp","href":"https:\/\/api.w.org\/{rel}","templated":true}]}}