{"id":72091,"date":"2020-08-19T09:06:57","date_gmt":"2020-08-19T09:06:59","guid":{"rendered":"https:\/\/www.erresse-shop.it\/?post_type=product&#038;p=72091"},"modified":"2025-02-25T13:52:45","modified_gmt":"2025-02-25T13:52:45","slug":"alessi-mediterraneo-frucht-halter-inox-2","status":"publish","type":"product","link":"https:\/\/www.erresse-shop.it\/de\/shop\/tisch\/koerbe-und-schalen\/alessi-mediterraneo-frucht-halter-inox-2\/","title":{"rendered":"ALESSI Mediterraneo Frucht-Halter Inox 29 cm"},"content":{"rendered":"<p>Die Natur des Meeresbodens ist die Inspiration f\u00fcr die mediterrane Obstschale. LPWK- Emma Silvestris zelebriert die Koralle und \u00fcbertr\u00e4gt die magische und symbolische Aura der Unterwasserwelt auf Metall. Die aus Edelstahl gefertigte Obstschale Mediterraneo bringt Licht und essentielle Formen, die das Meer bev\u00f6lkern, auf den Tisch.<\/p>\n<p>Merkmale<br \/>\n&#8211; Material: Stahl<br \/>\n&#8211; Durchmesser: 29 cm<br \/>\n&#8211; H\u00f6he: 10,80 cm<\/p>\n","protected":false},"excerpt":{"rendered":"<p>Die Natur des Meeresbodens ist die Inspiration f\u00fcr die mediterrane Obstschale. LPWK- Emma Silvestris zelebriert die Koralle und \u00fcbertr\u00e4gt die<\/p>\n","protected":false},"featured_media":471876,"template":"","meta":{"_acf_changed":false,"inline_featured_image":false},"product_cat":[6787,14243],"product_tag":[13487,23839,14249,11565,13673],"acf":[],"yoast_head":"<!-- This site is optimized with the Yoast SEO Premium plugin v18.6 (Yoast SEO v19.13) - https:\/\/yoast.com\/wordpress\/plugins\/seo\/ -->\n<title>ALESSI Mediterraneo Frucht-Halter Inox 29 cm - Erresse Shop<\/title>\n<meta name=\"description\" content=\"Die Natur des Meeresbodens ist die Inspiration f\u00fcr die mediterrane Obstschale. LPWK- Emma Silvestris zelebriert die Koralle und \u00fcbertr\u00e4gt die magische und\" \/>\n<meta name=\"robots\" content=\"index, follow, max-snippet:-1, max-image-preview:large, max-video-preview:-1\" \/>\n<link rel=\"canonical\" href=\"https:\/\/www.erresse-shop.it\/de\/shop\/tisch\/koerbe-und-schalen\/alessi-mediterraneo-frucht-halter-inox-2\/\" \/>\n<meta property=\"og:locale\" content=\"de_DE\" \/>\n<meta property=\"og:type\" content=\"article\" \/>\n<meta property=\"og:title\" content=\"ALESSI Mediterraneo Frucht-Halter Inox 29 cm\" \/>\n<meta property=\"og:description\" content=\"Die Natur des Meeresbodens ist die Inspiration f\u00fcr die mediterrane Obstschale. LPWK- Emma Silvestris zelebriert die Koralle und \u00fcbertr\u00e4gt die magische und\" \/>\n<meta property=\"og:url\" content=\"https:\/\/www.erresse-shop.it\/de\/shop\/tisch\/koerbe-und-schalen\/alessi-mediterraneo-frucht-halter-inox-2\/\" \/>\n<meta property=\"og:site_name\" content=\"Erresse Shop\" \/>\n<meta property=\"article:modified_time\" content=\"2025-02-25T13:52:45+00:00\" \/>\n<meta property=\"og:image\" content=\"https:\/\/www.erresse-shop.it\/wp-content\/uploads\/2020\/08\/ALESSI-Mediterraneo-Fruttiera-Inox-29-cm.jpg\" \/>\n\t<meta property=\"og:image:width\" content=\"1200\" \/>\n\t<meta property=\"og:image:height\" content=\"1200\" \/>\n\t<meta property=\"og:image:type\" content=\"image\/jpeg\" \/>\n<meta name=\"twitter:card\" content=\"summary_large_image\" \/>\n<script type=\"application\/ld+json\" class=\"yoast-schema-graph\">{\"@context\":\"https:\/\/schema.org\",\"@graph\":[{\"@type\":\"WebPage\",\"@id\":\"https:\/\/www.erresse-shop.it\/de\/shop\/tisch\/koerbe-und-schalen\/alessi-mediterraneo-frucht-halter-inox-2\/\",\"url\":\"https:\/\/www.erresse-shop.it\/de\/shop\/tisch\/koerbe-und-schalen\/alessi-mediterraneo-frucht-halter-inox-2\/\",\"name\":\"ALESSI Mediterraneo Frucht-Halter Inox 29 cm - Erresse Shop\",\"isPartOf\":{\"@id\":\"https:\/\/www.erresse-shop.it\/de\/#website\"},\"datePublished\":\"2020-08-19T09:06:59+00:00\",\"dateModified\":\"2025-02-25T13:52:45+00:00\",\"description\":\"Die Natur des Meeresbodens ist die Inspiration f\u00fcr die mediterrane Obstschale. LPWK- Emma Silvestris zelebriert die Koralle und \u00fcbertr\u00e4gt die magische und\",\"breadcrumb\":{\"@id\":\"https:\/\/www.erresse-shop.it\/de\/shop\/tisch\/koerbe-und-schalen\/alessi-mediterraneo-frucht-halter-inox-2\/#breadcrumb\"},\"inLanguage\":\"de-DE\",\"potentialAction\":[{\"@type\":\"ReadAction\",\"target\":[\"https:\/\/www.erresse-shop.it\/de\/shop\/tisch\/koerbe-und-schalen\/alessi-mediterraneo-frucht-halter-inox-2\/\"]}]},{\"@type\":\"BreadcrumbList\",\"@id\":\"https:\/\/www.erresse-shop.it\/de\/shop\/tisch\/koerbe-und-schalen\/alessi-mediterraneo-frucht-halter-inox-2\/#breadcrumb\",\"itemListElement\":[{\"@type\":\"ListItem\",\"position\":1,\"name\":\"Home\",\"item\":\"https:\/\/www.erresse-shop.it\/de\/\"},{\"@type\":\"ListItem\",\"position\":2,\"name\":\"Shop\",\"item\":\"https:\/\/www.erresse-shop.it\/de\/shop\/\"},{\"@type\":\"ListItem\",\"position\":3,\"name\":\"ALESSI Mediterraneo Frucht-Halter Inox 29 cm\"}]},{\"@type\":\"WebSite\",\"@id\":\"https:\/\/www.erresse-shop.it\/de\/#website\",\"url\":\"https:\/\/www.erresse-shop.it\/de\/\",\"name\":\"Erresse Shop\",\"description\":\"Articoli di qualit\u00e0 per la casa\",\"potentialAction\":[{\"@type\":\"SearchAction\",\"target\":{\"@type\":\"EntryPoint\",\"urlTemplate\":\"https:\/\/www.erresse-shop.it\/de\/?s={search_term_string}\"},\"query-input\":\"required name=search_term_string\"}],\"inLanguage\":\"de-DE\"}]}<\/script>\n<!-- \/ Yoast SEO Premium plugin. -->","yoast_head_json":{"title":"ALESSI Mediterraneo Frucht-Halter Inox 29 cm - Erresse Shop","description":"Die Natur des Meeresbodens ist die Inspiration f\u00fcr die mediterrane Obstschale. LPWK- Emma Silvestris zelebriert die Koralle und \u00fcbertr\u00e4gt die magische und","robots":{"index":"index","follow":"follow","max-snippet":"max-snippet:-1","max-image-preview":"max-image-preview:large","max-video-preview":"max-video-preview:-1"},"canonical":"https:\/\/www.erresse-shop.it\/de\/shop\/tisch\/koerbe-und-schalen\/alessi-mediterraneo-frucht-halter-inox-2\/","og_locale":"de_DE","og_type":"article","og_title":"ALESSI Mediterraneo Frucht-Halter Inox 29 cm","og_description":"Die Natur des Meeresbodens ist die Inspiration f\u00fcr die mediterrane Obstschale. LPWK- Emma Silvestris zelebriert die Koralle und \u00fcbertr\u00e4gt die magische und","og_url":"https:\/\/www.erresse-shop.it\/de\/shop\/tisch\/koerbe-und-schalen\/alessi-mediterraneo-frucht-halter-inox-2\/","og_site_name":"Erresse Shop","article_modified_time":"2025-02-25T13:52:45+00:00","og_image":[{"width":1200,"height":1200,"url":"https:\/\/www.erresse-shop.it\/wp-content\/uploads\/2020\/08\/ALESSI-Mediterraneo-Fruttiera-Inox-29-cm.jpg","type":"image\/jpeg"}],"twitter_card":"summary_large_image","schema":{"@context":"https:\/\/schema.org","@graph":[{"@type":"WebPage","@id":"https:\/\/www.erresse-shop.it\/de\/shop\/tisch\/koerbe-und-schalen\/alessi-mediterraneo-frucht-halter-inox-2\/","url":"https:\/\/www.erresse-shop.it\/de\/shop\/tisch\/koerbe-und-schalen\/alessi-mediterraneo-frucht-halter-inox-2\/","name":"ALESSI Mediterraneo Frucht-Halter Inox 29 cm - Erresse Shop","isPartOf":{"@id":"https:\/\/www.erresse-shop.it\/de\/#website"},"datePublished":"2020-08-19T09:06:59+00:00","dateModified":"2025-02-25T13:52:45+00:00","description":"Die Natur des Meeresbodens ist die Inspiration f\u00fcr die mediterrane Obstschale. LPWK- Emma Silvestris zelebriert die Koralle und \u00fcbertr\u00e4gt die magische und","breadcrumb":{"@id":"https:\/\/www.erresse-shop.it\/de\/shop\/tisch\/koerbe-und-schalen\/alessi-mediterraneo-frucht-halter-inox-2\/#breadcrumb"},"inLanguage":"de-DE","potentialAction":[{"@type":"ReadAction","target":["https:\/\/www.erresse-shop.it\/de\/shop\/tisch\/koerbe-und-schalen\/alessi-mediterraneo-frucht-halter-inox-2\/"]}]},{"@type":"BreadcrumbList","@id":"https:\/\/www.erresse-shop.it\/de\/shop\/tisch\/koerbe-und-schalen\/alessi-mediterraneo-frucht-halter-inox-2\/#breadcrumb","itemListElement":[{"@type":"ListItem","position":1,"name":"Home","item":"https:\/\/www.erresse-shop.it\/de\/"},{"@type":"ListItem","position":2,"name":"Shop","item":"https:\/\/www.erresse-shop.it\/de\/shop\/"},{"@type":"ListItem","position":3,"name":"ALESSI Mediterraneo Frucht-Halter Inox 29 cm"}]},{"@type":"WebSite","@id":"https:\/\/www.erresse-shop.it\/de\/#website","url":"https:\/\/www.erresse-shop.it\/de\/","name":"Erresse Shop","description":"Articoli di qualit\u00e0 per la casa","potentialAction":[{"@type":"SearchAction","target":{"@type":"EntryPoint","urlTemplate":"https:\/\/www.erresse-shop.it\/de\/?s={search_term_string}"},"query-input":"required name=search_term_string"}],"inLanguage":"de-DE"}]}},"df_price":77.5,"df_sale_price":77.5,"df_regular_price":155,"df_image_link":"https:\/\/www.erresse-shop.it\/wp-content\/uploads\/2020\/08\/ALESSI-Mediterraneo-Fruttiera-Inox-29-cm-300x300.jpg","_links":{"self":[{"href":"https:\/\/www.erresse-shop.it\/de\/wp-json\/wp\/v2\/product\/72091"}],"collection":[{"href":"https:\/\/www.erresse-shop.it\/de\/wp-json\/wp\/v2\/product"}],"about":[{"href":"https:\/\/www.erresse-shop.it\/de\/wp-json\/wp\/v2\/types\/product"}],"wp:featuredmedia":[{"embeddable":true,"href":"https:\/\/www.erresse-shop.it\/de\/wp-json\/wp\/v2\/media\/471876"}],"wp:attachment":[{"href":"https:\/\/www.erresse-shop.it\/de\/wp-json\/wp\/v2\/media?parent=72091"}],"wp:term":[{"taxonomy":"product_cat","embeddable":true,"href":"https:\/\/www.erresse-shop.it\/de\/wp-json\/wp\/v2\/product_cat?post=72091"},{"taxonomy":"product_tag","embeddable":true,"href":"https:\/\/www.erresse-shop.it\/de\/wp-json\/wp\/v2\/product_tag?post=72091"}],"curies":[{"name":"wp","href":"https:\/\/api.w.org\/{rel}","templated":true}]}}