{"id":71649,"date":"2020-08-18T06:58:48","date_gmt":"2020-08-18T06:58:49","guid":{"rendered":"https:\/\/www.erresse-shop.it\/?post_type=product&#038;p=71649"},"modified":"2025-01-17T08:24:39","modified_gmt":"2025-01-17T08:24:39","slug":"le-creuset-runde-grillpfanne-aus-gusseisen-26cm-schwarz-matt","status":"publish","type":"product","link":"https:\/\/www.erresse-shop.it\/de\/shop\/toepfe-pfannen\/grillpfannen\/le-creuset-runde-grillpfanne-aus-gusseisen-26cm-schwarz-matt\/","title":{"rendered":"LE CREUSET Bratpfanne Evolution Rund 26 cm Schwarz"},"content":{"rendered":"<p><strong>FETT AUF EIN MINIMUM. MAXIMALER GESCHMACK<\/p>\n<p>Unser verglaster Gusseisengrill sorgt f\u00fcr die ideale Luftfeuchtigkeit Ihrer Speisen und sorgt f\u00fcr saftige Aromen und duftende Aromen. Perfekt f\u00fcr gesunde und appetitliche Gerichte: \u00dcbersch\u00fcssiges Fett flie\u00dft ab und sammelt sich in den Rillen. Fleisch, Fisch und Gem\u00fcse, Sie haben die Wahl. Dieser vielseitige Mehrzweckgrill erledigt den Rest.<\/p>\n<ul>\n<li>Vielseitigkeit: Dieses Produkt ist f\u00fcr \u00d6fen, Herde und den Ofen im Grillmodus geeignet.<\/li>\n<li>Gut schmeckendes Essen: Verglastes Gusseisen speichert die W\u00e4rme und erm\u00f6glicht so ein gleichm\u00e4\u00dfiges Garen und Anbraten. Ihre k\u00f6stlichen Kreationen bleiben auch am Tisch l\u00e4nger warm.<\/li>\n<li>Grillrillen: Erstellen Sie authentische Grilllinien f\u00fcr gro\u00dfartig aussehende Speisen.<\/li>\n<li>Nicht zu hei\u00df: Kochen Sie bei gleichm\u00e4\u00dfiger, niedriger bis mittlerer Hitze, um Ihr Steingussprodukt zu schonen und k\u00f6stliche Ergebnisse zu erzielen.<\/li>\n<li>Es verbessert sich mit der Zeit: Die verglaste Innenseite entwickelt eine nat\u00fcrliche Patina, die sich fast wie eine Antihaftoberfl\u00e4che verh\u00e4lt. Seine Oberfl\u00e4che verf\u00fcgt \u00fcber Eigenschaften, die das<\/li>\n<p> verhindern<\/p>\n<li>Lebensmittel bleiben auch bei geringeren \u00d6lmengen nicht kleben. Waschen Sie das Produkt nur mit Wasser, damit sich die Patina entwickeln kann.<\/li>\n<li>Unsere Produkte werden aus den besten Materialien in Fabriken auf der ganzen Welt hergestellt, um die Qualit\u00e4t zu gew\u00e4hrleisten, die Sie von Le Creuset erwarten.<\/li>\n<\/ul>\n<p>Material: verglastes Gusseisen<br \/>\nHergestellt in Frankreich<br \/>\nGarantie: lebenslang<\/p>\n<p><strong>W\u00e4rmequelle:<\/strong><\/p>\n<ul>\n<li>Ofen<\/li>\n<li>Ofengrillmodus<\/li>\n<li>Elektroherd<\/li>\n<li>Keramikglas<\/li>\n<li>Gasherd<\/li>\n<li>Induktionskochfeld<\/li>\n<\/ul>\n<p><strong>Reinigung und Pflege:<\/strong><\/p>\n<ul>\n<li>Warten Sie, bis das Produkt abgek\u00fchlt ist, bevor Sie mit der Reinigung beginnen.<\/li>\n<li>Reinigen Sie alle R\u00fcckst\u00e4nde von der Unterseite und den Seiten des Produkts. Wenn Essensreste festsitzen, f\u00fcllen Sie das Produkt mit warmem Seifenwasser und lassen Sie es 15\u201320 Minuten einweichen, bevor Sie es wie gewohnt waschen.<\/li>\n<li>Verwenden Sie auf keiner der Oberfl\u00e4chen Scheuermittel oder metallische, scheuernde oder sehr steife Schw\u00e4mme oder B\u00fcrsten.<\/li>\n<li>Nach dem Waschen gut trocknen und an einem trockenen Ort aufbewahren.<\/li>\n<\/ul>\n<div class=\"su-youtube su-u-responsive-media-yes\"><iframe loading=\"lazy\" width=\"500\" height=\"200\" src=\"https:\/\/www.youtube.com\/embed\/WNBWpKCm0Zc?\" frameborder=\"0\" allowfullscreen allow=\"autoplay; encrypted-media; picture-in-picture\" title=\"\"><\/iframe><\/div>\n","protected":false},"excerpt":{"rendered":"<p>FETT AUF EIN MINIMUM. MAXIMALER GESCHMACK Unser verglaster Gusseisengrill sorgt f\u00fcr die ideale Luftfeuchtigkeit Ihrer Speisen und sorgt f\u00fcr saftige<\/p>\n","protected":false},"featured_media":503388,"template":"","meta":{"_acf_changed":false,"inline_featured_image":false},"product_cat":[6823,6709],"product_tag":[11833,11383,12210,11385,13382,12211,14874,12315,12212],"acf":[],"yoast_head":"<!-- This site is optimized with the Yoast SEO Premium plugin v18.6 (Yoast SEO v19.13) - https:\/\/yoast.com\/wordpress\/plugins\/seo\/ -->\n<title>LE CREUSET Bratpfanne Evolution Rund 26 cm Schwarz<\/title>\n<meta name=\"description\" content=\"Entdecken Sie LE CREUSET Bratpfanne Evolution Rund 26 cm Schwarz bei ErresseShop. Qualit\u00e4t, Stil und Funktionalit\u00e4t \u2013 jetzt online bestellen!\" \/>\n<meta name=\"robots\" content=\"index, follow, max-snippet:-1, max-image-preview:large, max-video-preview:-1\" \/>\n<link rel=\"canonical\" href=\"https:\/\/www.erresse-shop.it\/de\/shop\/toepfe-pfannen\/grillpfannen\/le-creuset-runde-grillpfanne-aus-gusseisen-26cm-schwarz-matt\/\" \/>\n<meta property=\"og:locale\" content=\"de_DE\" \/>\n<meta property=\"og:type\" content=\"article\" \/>\n<meta property=\"og:title\" content=\"LE CREUSET Bratpfanne Evolution Rund 26 cm Schwarz\" \/>\n<meta property=\"og:description\" content=\"Entdecken Sie LE CREUSET Bratpfanne Evolution Rund 26 cm Schwarz bei ErresseShop. Qualit\u00e4t, Stil und Funktionalit\u00e4t \u2013 jetzt online bestellen!\" \/>\n<meta property=\"og:url\" content=\"https:\/\/www.erresse-shop.it\/de\/shop\/toepfe-pfannen\/grillpfannen\/le-creuset-runde-grillpfanne-aus-gusseisen-26cm-schwarz-matt\/\" \/>\n<meta property=\"og:site_name\" content=\"Erresse Shop\" \/>\n<meta property=\"article:modified_time\" content=\"2025-01-17T08:24:39+00:00\" \/>\n<meta property=\"og:image\" content=\"https:\/\/www.erresse-shop.it\/wp-content\/uploads\/2020\/08\/LE-CREUSET-Bistecchiera-Skillet-Evolution-Rotonda-26-cm-Nero.png\" \/>\n\t<meta property=\"og:image:width\" content=\"800\" \/>\n\t<meta property=\"og:image:height\" content=\"800\" \/>\n\t<meta property=\"og:image:type\" content=\"image\/png\" \/>\n<meta name=\"twitter:card\" content=\"summary_large_image\" \/>\n<script type=\"application\/ld+json\" class=\"yoast-schema-graph\">{\"@context\":\"https:\/\/schema.org\",\"@graph\":[{\"@type\":\"WebPage\",\"@id\":\"https:\/\/www.erresse-shop.it\/de\/shop\/toepfe-pfannen\/grillpfannen\/le-creuset-runde-grillpfanne-aus-gusseisen-26cm-schwarz-matt\/\",\"url\":\"https:\/\/www.erresse-shop.it\/de\/shop\/toepfe-pfannen\/grillpfannen\/le-creuset-runde-grillpfanne-aus-gusseisen-26cm-schwarz-matt\/\",\"name\":\"LE CREUSET Bratpfanne Evolution Rund 26 cm Schwarz\",\"isPartOf\":{\"@id\":\"https:\/\/www.erresse-shop.it\/de\/#website\"},\"datePublished\":\"2020-08-18T06:58:49+00:00\",\"dateModified\":\"2025-01-17T08:24:39+00:00\",\"description\":\"Entdecken Sie LE CREUSET Bratpfanne Evolution Rund 26 cm Schwarz bei ErresseShop. Qualit\u00e4t, Stil und Funktionalit\u00e4t \u2013 jetzt online bestellen!\",\"breadcrumb\":{\"@id\":\"https:\/\/www.erresse-shop.it\/de\/shop\/toepfe-pfannen\/grillpfannen\/le-creuset-runde-grillpfanne-aus-gusseisen-26cm-schwarz-matt\/#breadcrumb\"},\"inLanguage\":\"de-DE\",\"potentialAction\":[{\"@type\":\"ReadAction\",\"target\":[\"https:\/\/www.erresse-shop.it\/de\/shop\/toepfe-pfannen\/grillpfannen\/le-creuset-runde-grillpfanne-aus-gusseisen-26cm-schwarz-matt\/\"]}]},{\"@type\":\"BreadcrumbList\",\"@id\":\"https:\/\/www.erresse-shop.it\/de\/shop\/toepfe-pfannen\/grillpfannen\/le-creuset-runde-grillpfanne-aus-gusseisen-26cm-schwarz-matt\/#breadcrumb\",\"itemListElement\":[{\"@type\":\"ListItem\",\"position\":1,\"name\":\"Home\",\"item\":\"https:\/\/www.erresse-shop.it\/de\/\"},{\"@type\":\"ListItem\",\"position\":2,\"name\":\"Shop\",\"item\":\"https:\/\/www.erresse-shop.it\/de\/shop\/\"},{\"@type\":\"ListItem\",\"position\":3,\"name\":\"LE CREUSET Bratpfanne Evolution Rund 26 cm Schwarz\"}]},{\"@type\":\"WebSite\",\"@id\":\"https:\/\/www.erresse-shop.it\/de\/#website\",\"url\":\"https:\/\/www.erresse-shop.it\/de\/\",\"name\":\"Erresse Shop\",\"description\":\"Articoli di qualit\u00e0 per la casa\",\"potentialAction\":[{\"@type\":\"SearchAction\",\"target\":{\"@type\":\"EntryPoint\",\"urlTemplate\":\"https:\/\/www.erresse-shop.it\/de\/?s={search_term_string}\"},\"query-input\":\"required name=search_term_string\"}],\"inLanguage\":\"de-DE\"}]}<\/script>\n<!-- \/ Yoast SEO Premium plugin. -->","yoast_head_json":{"title":"LE CREUSET Bratpfanne Evolution Rund 26 cm Schwarz","description":"Entdecken Sie LE CREUSET Bratpfanne Evolution Rund 26 cm Schwarz bei ErresseShop. Qualit\u00e4t, Stil und Funktionalit\u00e4t \u2013 jetzt online bestellen!","robots":{"index":"index","follow":"follow","max-snippet":"max-snippet:-1","max-image-preview":"max-image-preview:large","max-video-preview":"max-video-preview:-1"},"canonical":"https:\/\/www.erresse-shop.it\/de\/shop\/toepfe-pfannen\/grillpfannen\/le-creuset-runde-grillpfanne-aus-gusseisen-26cm-schwarz-matt\/","og_locale":"de_DE","og_type":"article","og_title":"LE CREUSET Bratpfanne Evolution Rund 26 cm Schwarz","og_description":"Entdecken Sie LE CREUSET Bratpfanne Evolution Rund 26 cm Schwarz bei ErresseShop. Qualit\u00e4t, Stil und Funktionalit\u00e4t \u2013 jetzt online bestellen!","og_url":"https:\/\/www.erresse-shop.it\/de\/shop\/toepfe-pfannen\/grillpfannen\/le-creuset-runde-grillpfanne-aus-gusseisen-26cm-schwarz-matt\/","og_site_name":"Erresse Shop","article_modified_time":"2025-01-17T08:24:39+00:00","og_image":[{"width":800,"height":800,"url":"https:\/\/www.erresse-shop.it\/wp-content\/uploads\/2020\/08\/LE-CREUSET-Bistecchiera-Skillet-Evolution-Rotonda-26-cm-Nero.png","type":"image\/png"}],"twitter_card":"summary_large_image","schema":{"@context":"https:\/\/schema.org","@graph":[{"@type":"WebPage","@id":"https:\/\/www.erresse-shop.it\/de\/shop\/toepfe-pfannen\/grillpfannen\/le-creuset-runde-grillpfanne-aus-gusseisen-26cm-schwarz-matt\/","url":"https:\/\/www.erresse-shop.it\/de\/shop\/toepfe-pfannen\/grillpfannen\/le-creuset-runde-grillpfanne-aus-gusseisen-26cm-schwarz-matt\/","name":"LE CREUSET Bratpfanne Evolution Rund 26 cm Schwarz","isPartOf":{"@id":"https:\/\/www.erresse-shop.it\/de\/#website"},"datePublished":"2020-08-18T06:58:49+00:00","dateModified":"2025-01-17T08:24:39+00:00","description":"Entdecken Sie LE CREUSET Bratpfanne Evolution Rund 26 cm Schwarz bei ErresseShop. Qualit\u00e4t, Stil und Funktionalit\u00e4t \u2013 jetzt online bestellen!","breadcrumb":{"@id":"https:\/\/www.erresse-shop.it\/de\/shop\/toepfe-pfannen\/grillpfannen\/le-creuset-runde-grillpfanne-aus-gusseisen-26cm-schwarz-matt\/#breadcrumb"},"inLanguage":"de-DE","potentialAction":[{"@type":"ReadAction","target":["https:\/\/www.erresse-shop.it\/de\/shop\/toepfe-pfannen\/grillpfannen\/le-creuset-runde-grillpfanne-aus-gusseisen-26cm-schwarz-matt\/"]}]},{"@type":"BreadcrumbList","@id":"https:\/\/www.erresse-shop.it\/de\/shop\/toepfe-pfannen\/grillpfannen\/le-creuset-runde-grillpfanne-aus-gusseisen-26cm-schwarz-matt\/#breadcrumb","itemListElement":[{"@type":"ListItem","position":1,"name":"Home","item":"https:\/\/www.erresse-shop.it\/de\/"},{"@type":"ListItem","position":2,"name":"Shop","item":"https:\/\/www.erresse-shop.it\/de\/shop\/"},{"@type":"ListItem","position":3,"name":"LE CREUSET Bratpfanne Evolution Rund 26 cm Schwarz"}]},{"@type":"WebSite","@id":"https:\/\/www.erresse-shop.it\/de\/#website","url":"https:\/\/www.erresse-shop.it\/de\/","name":"Erresse Shop","description":"Articoli di qualit\u00e0 per la casa","potentialAction":[{"@type":"SearchAction","target":{"@type":"EntryPoint","urlTemplate":"https:\/\/www.erresse-shop.it\/de\/?s={search_term_string}"},"query-input":"required name=search_term_string"}],"inLanguage":"de-DE"}]}},"df_price":127.2,"df_sale_price":127.2,"df_regular_price":159,"df_image_link":"https:\/\/www.erresse-shop.it\/wp-content\/uploads\/2020\/08\/LE-CREUSET-Bistecchiera-Skillet-Evolution-Rotonda-26-cm-Nero-300x300.jpg","_links":{"self":[{"href":"https:\/\/www.erresse-shop.it\/de\/wp-json\/wp\/v2\/product\/71649"}],"collection":[{"href":"https:\/\/www.erresse-shop.it\/de\/wp-json\/wp\/v2\/product"}],"about":[{"href":"https:\/\/www.erresse-shop.it\/de\/wp-json\/wp\/v2\/types\/product"}],"wp:featuredmedia":[{"embeddable":true,"href":"https:\/\/www.erresse-shop.it\/de\/wp-json\/wp\/v2\/media\/503388"}],"wp:attachment":[{"href":"https:\/\/www.erresse-shop.it\/de\/wp-json\/wp\/v2\/media?parent=71649"}],"wp:term":[{"taxonomy":"product_cat","embeddable":true,"href":"https:\/\/www.erresse-shop.it\/de\/wp-json\/wp\/v2\/product_cat?post=71649"},{"taxonomy":"product_tag","embeddable":true,"href":"https:\/\/www.erresse-shop.it\/de\/wp-json\/wp\/v2\/product_tag?post=71649"}],"curies":[{"name":"wp","href":"https:\/\/api.w.org\/{rel}","templated":true}]}}