{"id":70411,"date":"2020-08-05T14:21:13","date_gmt":"2020-08-05T14:21:15","guid":{"rendered":"https:\/\/www.erresse-shop.it\/?post_type=product&#038;p=70411"},"modified":"2025-02-24T14:57:11","modified_gmt":"2025-02-24T14:57:11","slug":"alessi-anna-g-korkenzieher-dunkelrot-copia","status":"publish","type":"product","link":"https:\/\/www.erresse-shop.it\/de\/shop\/tisch\/weinbar-korkenzieher-dekanter-eiskubel\/korkenzieher\/alessi-anna-g-korkenzieher-dunkelrot-copia\/","title":{"rendered":"ALESSI Anna G. Korkenzieher Chrom-Zamak"},"content":{"rendered":"<p>Der von Alessandro Mendini entworfene Korkenzieher Anna G. ist eine ironische Hommage an eine reale Frau, deren l\u00e4chelndes Gesicht im Laufe der Jahre zu einer Kultfigur geworden ist und eine reiche Familie von Objekten f\u00fcr Tisch und K\u00fcche hervorgebracht hat. Seit 1994 geh\u00f6rt er zu den beliebtesten Objekten in der Alessi-Enzyklop\u00e4die.<\/p>\n<p>Merkmale<br \/>\n&#8211; Material: Chrom-Zamak<br \/>\n&#8211; Durchmesser: 7 cm<br \/>\n&#8211; H\u00f6he: 24,50 cm<\/p>\n","protected":false},"excerpt":{"rendered":"<p>Der von Alessandro Mendini entworfene Korkenzieher Anna G. ist eine ironische Hommage an eine reale Frau, deren l\u00e4chelndes Gesicht im<\/p>\n","protected":false},"featured_media":471396,"template":"","meta":{"_acf_changed":false,"inline_featured_image":false},"product_cat":[6787,6850,14462],"product_tag":[13068,11969],"acf":[],"yoast_head":"<!-- This site is optimized with the Yoast SEO Premium plugin v18.6 (Yoast SEO v19.13) - https:\/\/yoast.com\/wordpress\/plugins\/seo\/ -->\n<title>ALESSI Anna G. Korkenzieher Chrom-Zamak - Erresse Shop<\/title>\n<meta name=\"description\" content=\"Der von Alessandro Mendini entworfene Korkenzieher Anna G. ist eine ironische Hommage an eine reale Frau, deren l\u00e4chelndes Gesicht im Laufe der Jahre zu\" \/>\n<meta name=\"robots\" content=\"index, follow, max-snippet:-1, max-image-preview:large, max-video-preview:-1\" \/>\n<link rel=\"canonical\" href=\"https:\/\/www.erresse-shop.it\/de\/shop\/tisch\/weinbar-korkenzieher-dekanter-eiskubel\/korkenzieher\/alessi-anna-g-korkenzieher-dunkelrot-copia\/\" \/>\n<meta property=\"og:locale\" content=\"de_DE\" \/>\n<meta property=\"og:type\" content=\"article\" \/>\n<meta property=\"og:title\" content=\"ALESSI Anna G. Korkenzieher Chrom-Zamak\" \/>\n<meta property=\"og:description\" content=\"Der von Alessandro Mendini entworfene Korkenzieher Anna G. ist eine ironische Hommage an eine reale Frau, deren l\u00e4chelndes Gesicht im Laufe der Jahre zu\" \/>\n<meta property=\"og:url\" content=\"https:\/\/www.erresse-shop.it\/de\/shop\/tisch\/weinbar-korkenzieher-dekanter-eiskubel\/korkenzieher\/alessi-anna-g-korkenzieher-dunkelrot-copia\/\" \/>\n<meta property=\"og:site_name\" content=\"Erresse Shop\" \/>\n<meta property=\"article:modified_time\" content=\"2025-02-24T14:57:11+00:00\" \/>\n<meta property=\"og:image\" content=\"https:\/\/www.erresse-shop.it\/wp-content\/uploads\/2020\/08\/ALESSI-Anna-G.-Cavatappi-Zama-Cromata.jpg\" \/>\n\t<meta property=\"og:image:width\" content=\"1200\" \/>\n\t<meta property=\"og:image:height\" content=\"1200\" \/>\n\t<meta property=\"og:image:type\" content=\"image\/jpeg\" \/>\n<meta name=\"twitter:card\" content=\"summary_large_image\" \/>\n<script type=\"application\/ld+json\" class=\"yoast-schema-graph\">{\"@context\":\"https:\/\/schema.org\",\"@graph\":[{\"@type\":\"WebPage\",\"@id\":\"https:\/\/www.erresse-shop.it\/de\/shop\/tisch\/weinbar-korkenzieher-dekanter-eiskubel\/korkenzieher\/alessi-anna-g-korkenzieher-dunkelrot-copia\/\",\"url\":\"https:\/\/www.erresse-shop.it\/de\/shop\/tisch\/weinbar-korkenzieher-dekanter-eiskubel\/korkenzieher\/alessi-anna-g-korkenzieher-dunkelrot-copia\/\",\"name\":\"ALESSI Anna G. Korkenzieher Chrom-Zamak - Erresse Shop\",\"isPartOf\":{\"@id\":\"https:\/\/www.erresse-shop.it\/de\/#website\"},\"datePublished\":\"2020-08-05T14:21:15+00:00\",\"dateModified\":\"2025-02-24T14:57:11+00:00\",\"description\":\"Der von Alessandro Mendini entworfene Korkenzieher Anna G. ist eine ironische Hommage an eine reale Frau, deren l\u00e4chelndes Gesicht im Laufe der Jahre zu\",\"breadcrumb\":{\"@id\":\"https:\/\/www.erresse-shop.it\/de\/shop\/tisch\/weinbar-korkenzieher-dekanter-eiskubel\/korkenzieher\/alessi-anna-g-korkenzieher-dunkelrot-copia\/#breadcrumb\"},\"inLanguage\":\"de-DE\",\"potentialAction\":[{\"@type\":\"ReadAction\",\"target\":[\"https:\/\/www.erresse-shop.it\/de\/shop\/tisch\/weinbar-korkenzieher-dekanter-eiskubel\/korkenzieher\/alessi-anna-g-korkenzieher-dunkelrot-copia\/\"]}]},{\"@type\":\"BreadcrumbList\",\"@id\":\"https:\/\/www.erresse-shop.it\/de\/shop\/tisch\/weinbar-korkenzieher-dekanter-eiskubel\/korkenzieher\/alessi-anna-g-korkenzieher-dunkelrot-copia\/#breadcrumb\",\"itemListElement\":[{\"@type\":\"ListItem\",\"position\":1,\"name\":\"Home\",\"item\":\"https:\/\/www.erresse-shop.it\/de\/\"},{\"@type\":\"ListItem\",\"position\":2,\"name\":\"Shop\",\"item\":\"https:\/\/www.erresse-shop.it\/de\/shop\/\"},{\"@type\":\"ListItem\",\"position\":3,\"name\":\"ALESSI Anna G. Korkenzieher Chrom-Zamak\"}]},{\"@type\":\"WebSite\",\"@id\":\"https:\/\/www.erresse-shop.it\/de\/#website\",\"url\":\"https:\/\/www.erresse-shop.it\/de\/\",\"name\":\"Erresse Shop\",\"description\":\"Articoli di qualit\u00e0 per la casa\",\"potentialAction\":[{\"@type\":\"SearchAction\",\"target\":{\"@type\":\"EntryPoint\",\"urlTemplate\":\"https:\/\/www.erresse-shop.it\/de\/?s={search_term_string}\"},\"query-input\":\"required name=search_term_string\"}],\"inLanguage\":\"de-DE\"}]}<\/script>\n<!-- \/ Yoast SEO Premium plugin. -->","yoast_head_json":{"title":"ALESSI Anna G. Korkenzieher Chrom-Zamak - Erresse Shop","description":"Der von Alessandro Mendini entworfene Korkenzieher Anna G. ist eine ironische Hommage an eine reale Frau, deren l\u00e4chelndes Gesicht im Laufe der Jahre zu","robots":{"index":"index","follow":"follow","max-snippet":"max-snippet:-1","max-image-preview":"max-image-preview:large","max-video-preview":"max-video-preview:-1"},"canonical":"https:\/\/www.erresse-shop.it\/de\/shop\/tisch\/weinbar-korkenzieher-dekanter-eiskubel\/korkenzieher\/alessi-anna-g-korkenzieher-dunkelrot-copia\/","og_locale":"de_DE","og_type":"article","og_title":"ALESSI Anna G. Korkenzieher Chrom-Zamak","og_description":"Der von Alessandro Mendini entworfene Korkenzieher Anna G. ist eine ironische Hommage an eine reale Frau, deren l\u00e4chelndes Gesicht im Laufe der Jahre zu","og_url":"https:\/\/www.erresse-shop.it\/de\/shop\/tisch\/weinbar-korkenzieher-dekanter-eiskubel\/korkenzieher\/alessi-anna-g-korkenzieher-dunkelrot-copia\/","og_site_name":"Erresse Shop","article_modified_time":"2025-02-24T14:57:11+00:00","og_image":[{"width":1200,"height":1200,"url":"https:\/\/www.erresse-shop.it\/wp-content\/uploads\/2020\/08\/ALESSI-Anna-G.-Cavatappi-Zama-Cromata.jpg","type":"image\/jpeg"}],"twitter_card":"summary_large_image","schema":{"@context":"https:\/\/schema.org","@graph":[{"@type":"WebPage","@id":"https:\/\/www.erresse-shop.it\/de\/shop\/tisch\/weinbar-korkenzieher-dekanter-eiskubel\/korkenzieher\/alessi-anna-g-korkenzieher-dunkelrot-copia\/","url":"https:\/\/www.erresse-shop.it\/de\/shop\/tisch\/weinbar-korkenzieher-dekanter-eiskubel\/korkenzieher\/alessi-anna-g-korkenzieher-dunkelrot-copia\/","name":"ALESSI Anna G. Korkenzieher Chrom-Zamak - Erresse Shop","isPartOf":{"@id":"https:\/\/www.erresse-shop.it\/de\/#website"},"datePublished":"2020-08-05T14:21:15+00:00","dateModified":"2025-02-24T14:57:11+00:00","description":"Der von Alessandro Mendini entworfene Korkenzieher Anna G. ist eine ironische Hommage an eine reale Frau, deren l\u00e4chelndes Gesicht im Laufe der Jahre zu","breadcrumb":{"@id":"https:\/\/www.erresse-shop.it\/de\/shop\/tisch\/weinbar-korkenzieher-dekanter-eiskubel\/korkenzieher\/alessi-anna-g-korkenzieher-dunkelrot-copia\/#breadcrumb"},"inLanguage":"de-DE","potentialAction":[{"@type":"ReadAction","target":["https:\/\/www.erresse-shop.it\/de\/shop\/tisch\/weinbar-korkenzieher-dekanter-eiskubel\/korkenzieher\/alessi-anna-g-korkenzieher-dunkelrot-copia\/"]}]},{"@type":"BreadcrumbList","@id":"https:\/\/www.erresse-shop.it\/de\/shop\/tisch\/weinbar-korkenzieher-dekanter-eiskubel\/korkenzieher\/alessi-anna-g-korkenzieher-dunkelrot-copia\/#breadcrumb","itemListElement":[{"@type":"ListItem","position":1,"name":"Home","item":"https:\/\/www.erresse-shop.it\/de\/"},{"@type":"ListItem","position":2,"name":"Shop","item":"https:\/\/www.erresse-shop.it\/de\/shop\/"},{"@type":"ListItem","position":3,"name":"ALESSI Anna G. Korkenzieher Chrom-Zamak"}]},{"@type":"WebSite","@id":"https:\/\/www.erresse-shop.it\/de\/#website","url":"https:\/\/www.erresse-shop.it\/de\/","name":"Erresse Shop","description":"Articoli di qualit\u00e0 per la casa","potentialAction":[{"@type":"SearchAction","target":{"@type":"EntryPoint","urlTemplate":"https:\/\/www.erresse-shop.it\/de\/?s={search_term_string}"},"query-input":"required name=search_term_string"}],"inLanguage":"de-DE"}]}},"df_price":45,"df_sale_price":45,"df_regular_price":90,"df_image_link":"https:\/\/www.erresse-shop.it\/wp-content\/uploads\/2020\/08\/ALESSI-Anna-G.-Cavatappi-Zama-Cromata-300x300.jpg","_links":{"self":[{"href":"https:\/\/www.erresse-shop.it\/de\/wp-json\/wp\/v2\/product\/70411"}],"collection":[{"href":"https:\/\/www.erresse-shop.it\/de\/wp-json\/wp\/v2\/product"}],"about":[{"href":"https:\/\/www.erresse-shop.it\/de\/wp-json\/wp\/v2\/types\/product"}],"wp:featuredmedia":[{"embeddable":true,"href":"https:\/\/www.erresse-shop.it\/de\/wp-json\/wp\/v2\/media\/471396"}],"wp:attachment":[{"href":"https:\/\/www.erresse-shop.it\/de\/wp-json\/wp\/v2\/media?parent=70411"}],"wp:term":[{"taxonomy":"product_cat","embeddable":true,"href":"https:\/\/www.erresse-shop.it\/de\/wp-json\/wp\/v2\/product_cat?post=70411"},{"taxonomy":"product_tag","embeddable":true,"href":"https:\/\/www.erresse-shop.it\/de\/wp-json\/wp\/v2\/product_tag?post=70411"}],"curies":[{"name":"wp","href":"https:\/\/api.w.org\/{rel}","templated":true}]}}