{"id":70271,"date":"2020-08-05T07:58:58","date_gmt":"2020-08-05T07:58:59","guid":{"rendered":"https:\/\/www.erresse-shop.it\/?post_type=product&#038;p=70271"},"modified":"2025-02-25T15:10:13","modified_gmt":"2025-02-25T15:10:13","slug":"alessi-wasserkocher-mit-vogellicht-blau","status":"publish","type":"product","link":"https:\/\/www.erresse-shop.it\/de\/shop\/kuche\/wasserkocher\/alessi-wasserkocher-mit-vogellicht-blau\/","title":{"rendered":"ALESSI Wasserkocher mit Vogellicht Blau"},"content":{"rendered":"<p>Der Wasserkessel 9093 mit Vogelpfeife ist eines der meistverkauften Alessi-Objekte der Welt. Das Design dieses 1985 von Michael Graves geschaffenen Wasserkochers vermischt Einfl\u00fcsse aus der europ\u00e4ischen Kunst, dem amerikanischen Pop und Zitate aus pr\u00e4kolumbianischen Kulturen. Die einzigartige Bildsprache von Graves ist der Grund f\u00fcr den au\u00dferordentlichen Erfolg, den der Kessel seit dem Jahr seiner Herstellung verzeichnet. Er ist ein intelligentes Objekt, elegant, aber gleichzeitig spielerisch und lustig: Wenn das Wasser zu kochen beginnt, singt der Vogel, was zu einem unvermeidlichen L\u00e4cheln f\u00fchrt.<\/p>\n<p>Spezifikationen<br \/>\n&#8211; Fassungsverm\u00f6gen: 2 L<br \/>\n&#8211; Durchmesser: 22 cm<br \/>\n&#8211; H\u00f6he: 22, 50 cm<\/p>\n<p><strong>Geeignet f\u00fcr Induktion<\/strong><\/p>\n<p><span style=\"text-decoration: underline;\"><strong>Not for sale outside from Europe<\/strong><\/span><\/p>\n","protected":false},"excerpt":{"rendered":"<p>Der Wasserkessel 9093 mit Vogelpfeife ist eines der meistverkauften Alessi-Objekte der Welt. Das Design dieses 1985 von Michael Graves geschaffenen<\/p>\n","protected":false},"featured_media":471988,"template":"","meta":{"_acf_changed":false,"inline_featured_image":false},"product_cat":[6742,21074],"product_tag":[11652,11385],"acf":[],"yoast_head":"<!-- This site is optimized with the Yoast SEO Premium plugin v18.6 (Yoast SEO v19.13) - https:\/\/yoast.com\/wordpress\/plugins\/seo\/ -->\n<title>ALESSI Wasserkocher mit Vogellicht Blau - Erresse Shop<\/title>\n<meta name=\"description\" content=\"Der Wasserkessel 9093 mit Vogelpfeife ist eines der meistverkauften Alessi-Objekte der Welt. Das Design dieses 1985 von Michael Graves geschaffenen\" \/>\n<meta name=\"robots\" content=\"index, follow, max-snippet:-1, max-image-preview:large, max-video-preview:-1\" \/>\n<link rel=\"canonical\" href=\"https:\/\/www.erresse-shop.it\/de\/shop\/kuche\/wasserkocher\/alessi-wasserkocher-mit-vogellicht-blau\/\" \/>\n<meta property=\"og:locale\" content=\"de_DE\" \/>\n<meta property=\"og:type\" content=\"article\" \/>\n<meta property=\"og:title\" content=\"ALESSI Wasserkocher mit Vogellicht Blau\" \/>\n<meta property=\"og:description\" content=\"Der Wasserkessel 9093 mit Vogelpfeife ist eines der meistverkauften Alessi-Objekte der Welt. Das Design dieses 1985 von Michael Graves geschaffenen\" \/>\n<meta property=\"og:url\" content=\"https:\/\/www.erresse-shop.it\/de\/shop\/kuche\/wasserkocher\/alessi-wasserkocher-mit-vogellicht-blau\/\" \/>\n<meta property=\"og:site_name\" content=\"Erresse Shop\" \/>\n<meta property=\"article:modified_time\" content=\"2025-02-25T15:10:13+00:00\" \/>\n<meta property=\"og:image\" content=\"https:\/\/www.erresse-shop.it\/wp-content\/uploads\/2020\/08\/ALESSI-Bollitore-con-Uccellino-Azzurro.jpg\" \/>\n\t<meta property=\"og:image:width\" content=\"1200\" \/>\n\t<meta property=\"og:image:height\" content=\"1200\" \/>\n\t<meta property=\"og:image:type\" content=\"image\/jpeg\" \/>\n<meta name=\"twitter:card\" content=\"summary_large_image\" \/>\n<script type=\"application\/ld+json\" class=\"yoast-schema-graph\">{\"@context\":\"https:\/\/schema.org\",\"@graph\":[{\"@type\":\"WebPage\",\"@id\":\"https:\/\/www.erresse-shop.it\/de\/shop\/kuche\/wasserkocher\/alessi-wasserkocher-mit-vogellicht-blau\/\",\"url\":\"https:\/\/www.erresse-shop.it\/de\/shop\/kuche\/wasserkocher\/alessi-wasserkocher-mit-vogellicht-blau\/\",\"name\":\"ALESSI Wasserkocher mit Vogellicht Blau - Erresse Shop\",\"isPartOf\":{\"@id\":\"https:\/\/www.erresse-shop.it\/de\/#website\"},\"datePublished\":\"2020-08-05T07:58:59+00:00\",\"dateModified\":\"2025-02-25T15:10:13+00:00\",\"description\":\"Der Wasserkessel 9093 mit Vogelpfeife ist eines der meistverkauften Alessi-Objekte der Welt. Das Design dieses 1985 von Michael Graves geschaffenen\",\"breadcrumb\":{\"@id\":\"https:\/\/www.erresse-shop.it\/de\/shop\/kuche\/wasserkocher\/alessi-wasserkocher-mit-vogellicht-blau\/#breadcrumb\"},\"inLanguage\":\"de-DE\",\"potentialAction\":[{\"@type\":\"ReadAction\",\"target\":[\"https:\/\/www.erresse-shop.it\/de\/shop\/kuche\/wasserkocher\/alessi-wasserkocher-mit-vogellicht-blau\/\"]}]},{\"@type\":\"BreadcrumbList\",\"@id\":\"https:\/\/www.erresse-shop.it\/de\/shop\/kuche\/wasserkocher\/alessi-wasserkocher-mit-vogellicht-blau\/#breadcrumb\",\"itemListElement\":[{\"@type\":\"ListItem\",\"position\":1,\"name\":\"Home\",\"item\":\"https:\/\/www.erresse-shop.it\/de\/\"},{\"@type\":\"ListItem\",\"position\":2,\"name\":\"Shop\",\"item\":\"https:\/\/www.erresse-shop.it\/de\/shop\/\"},{\"@type\":\"ListItem\",\"position\":3,\"name\":\"ALESSI Wasserkocher mit Vogellicht Blau\"}]},{\"@type\":\"WebSite\",\"@id\":\"https:\/\/www.erresse-shop.it\/de\/#website\",\"url\":\"https:\/\/www.erresse-shop.it\/de\/\",\"name\":\"Erresse Shop\",\"description\":\"Articoli di qualit\u00e0 per la casa\",\"potentialAction\":[{\"@type\":\"SearchAction\",\"target\":{\"@type\":\"EntryPoint\",\"urlTemplate\":\"https:\/\/www.erresse-shop.it\/de\/?s={search_term_string}\"},\"query-input\":\"required name=search_term_string\"}],\"inLanguage\":\"de-DE\"}]}<\/script>\n<!-- \/ Yoast SEO Premium plugin. -->","yoast_head_json":{"title":"ALESSI Wasserkocher mit Vogellicht Blau - Erresse Shop","description":"Der Wasserkessel 9093 mit Vogelpfeife ist eines der meistverkauften Alessi-Objekte der Welt. Das Design dieses 1985 von Michael Graves geschaffenen","robots":{"index":"index","follow":"follow","max-snippet":"max-snippet:-1","max-image-preview":"max-image-preview:large","max-video-preview":"max-video-preview:-1"},"canonical":"https:\/\/www.erresse-shop.it\/de\/shop\/kuche\/wasserkocher\/alessi-wasserkocher-mit-vogellicht-blau\/","og_locale":"de_DE","og_type":"article","og_title":"ALESSI Wasserkocher mit Vogellicht Blau","og_description":"Der Wasserkessel 9093 mit Vogelpfeife ist eines der meistverkauften Alessi-Objekte der Welt. Das Design dieses 1985 von Michael Graves geschaffenen","og_url":"https:\/\/www.erresse-shop.it\/de\/shop\/kuche\/wasserkocher\/alessi-wasserkocher-mit-vogellicht-blau\/","og_site_name":"Erresse Shop","article_modified_time":"2025-02-25T15:10:13+00:00","og_image":[{"width":1200,"height":1200,"url":"https:\/\/www.erresse-shop.it\/wp-content\/uploads\/2020\/08\/ALESSI-Bollitore-con-Uccellino-Azzurro.jpg","type":"image\/jpeg"}],"twitter_card":"summary_large_image","schema":{"@context":"https:\/\/schema.org","@graph":[{"@type":"WebPage","@id":"https:\/\/www.erresse-shop.it\/de\/shop\/kuche\/wasserkocher\/alessi-wasserkocher-mit-vogellicht-blau\/","url":"https:\/\/www.erresse-shop.it\/de\/shop\/kuche\/wasserkocher\/alessi-wasserkocher-mit-vogellicht-blau\/","name":"ALESSI Wasserkocher mit Vogellicht Blau - Erresse Shop","isPartOf":{"@id":"https:\/\/www.erresse-shop.it\/de\/#website"},"datePublished":"2020-08-05T07:58:59+00:00","dateModified":"2025-02-25T15:10:13+00:00","description":"Der Wasserkessel 9093 mit Vogelpfeife ist eines der meistverkauften Alessi-Objekte der Welt. Das Design dieses 1985 von Michael Graves geschaffenen","breadcrumb":{"@id":"https:\/\/www.erresse-shop.it\/de\/shop\/kuche\/wasserkocher\/alessi-wasserkocher-mit-vogellicht-blau\/#breadcrumb"},"inLanguage":"de-DE","potentialAction":[{"@type":"ReadAction","target":["https:\/\/www.erresse-shop.it\/de\/shop\/kuche\/wasserkocher\/alessi-wasserkocher-mit-vogellicht-blau\/"]}]},{"@type":"BreadcrumbList","@id":"https:\/\/www.erresse-shop.it\/de\/shop\/kuche\/wasserkocher\/alessi-wasserkocher-mit-vogellicht-blau\/#breadcrumb","itemListElement":[{"@type":"ListItem","position":1,"name":"Home","item":"https:\/\/www.erresse-shop.it\/de\/"},{"@type":"ListItem","position":2,"name":"Shop","item":"https:\/\/www.erresse-shop.it\/de\/shop\/"},{"@type":"ListItem","position":3,"name":"ALESSI Wasserkocher mit Vogellicht Blau"}]},{"@type":"WebSite","@id":"https:\/\/www.erresse-shop.it\/de\/#website","url":"https:\/\/www.erresse-shop.it\/de\/","name":"Erresse Shop","description":"Articoli di qualit\u00e0 per la casa","potentialAction":[{"@type":"SearchAction","target":{"@type":"EntryPoint","urlTemplate":"https:\/\/www.erresse-shop.it\/de\/?s={search_term_string}"},"query-input":"required name=search_term_string"}],"inLanguage":"de-DE"}]}},"df_price":126.4,"df_sale_price":126.4,"df_regular_price":158,"df_image_link":"https:\/\/www.erresse-shop.it\/wp-content\/uploads\/2020\/08\/ALESSI-Bollitore-con-Uccellino-Azzurro-300x300.jpg","_links":{"self":[{"href":"https:\/\/www.erresse-shop.it\/de\/wp-json\/wp\/v2\/product\/70271"}],"collection":[{"href":"https:\/\/www.erresse-shop.it\/de\/wp-json\/wp\/v2\/product"}],"about":[{"href":"https:\/\/www.erresse-shop.it\/de\/wp-json\/wp\/v2\/types\/product"}],"wp:featuredmedia":[{"embeddable":true,"href":"https:\/\/www.erresse-shop.it\/de\/wp-json\/wp\/v2\/media\/471988"}],"wp:attachment":[{"href":"https:\/\/www.erresse-shop.it\/de\/wp-json\/wp\/v2\/media?parent=70271"}],"wp:term":[{"taxonomy":"product_cat","embeddable":true,"href":"https:\/\/www.erresse-shop.it\/de\/wp-json\/wp\/v2\/product_cat?post=70271"},{"taxonomy":"product_tag","embeddable":true,"href":"https:\/\/www.erresse-shop.it\/de\/wp-json\/wp\/v2\/product_tag?post=70271"}],"curies":[{"name":"wp","href":"https:\/\/api.w.org\/{rel}","templated":true}]}}