{"id":70227,"date":"2020-08-05T06:45:36","date_gmt":"2020-08-05T06:45:37","guid":{"rendered":"https:\/\/www.erresse-shop.it\/?post_type=product&#038;p=70227"},"modified":"2025-03-04T08:29:51","modified_gmt":"2025-03-04T08:29:51","slug":"alessi-plisse-kessel-weis","status":"publish","type":"product","link":"https:\/\/www.erresse-shop.it\/de\/shop\/kleine-elektrogeraete\/elektrische-wasserkocher\/alessi-plisse-kessel-weis\/","title":{"rendered":"ALESSI Pliss\u00e9 Kessel Wei\u00df"},"content":{"rendered":"<p>Der von Michele De Lucchi entworfene Wasserkocher Pliss\u00e9 vereint funktionale Aspekte mit einer plastischen und faszinierenden Gestaltung, die den Hintergrund des Autors als Architekt sowie seine Leidenschaft f\u00fcr Handwerkskunst und Bildhauerei erkennen l\u00e4sst. Wie ein Stoff, den eine dichte Plisseefalte in ein dreidimensionales Objekt verwandelt, erinnert dieser Wasserkocher an ein Haute-Couture-Kleid, ein pr\u00e4chtiges Objekt, das man wunderbar auf der K\u00fcchenanrichte zur Schau stellen kann.<\/p>\n<p>Eigenschaften<\/p>\n<ul>\n<li>Europ\u00e4ischer Stecker<\/li>\n<li>Kapazit\u00e4t: 1L<\/li>\n<li>H\u00f6he: 20 cm<\/li>\n<li>Breite: 16 cm<\/li>\n<li>L\u00e4nge: 21 cm<\/li>\n<\/ul>\n<p><span style=\"text-decoration: underline;\"><strong>Not for sale outside Europe<\/strong><\/span><\/p>\n","protected":false},"excerpt":{"rendered":"<p>Der von Michele De Lucchi entworfene Wasserkocher Pliss\u00e9 vereint funktionale Aspekte mit einer plastischen und faszinierenden Gestaltung, die den Hintergrund<\/p>\n","protected":false},"featured_media":508152,"template":"","meta":{"_acf_changed":false,"inline_featured_image":false},"product_cat":[6874,6703],"product_tag":[11652,11415],"acf":[],"yoast_head":"<!-- This site is optimized with the Yoast SEO Premium plugin v18.6 (Yoast SEO v19.13) - https:\/\/yoast.com\/wordpress\/plugins\/seo\/ -->\n<title>ALESSI Pliss\u00e9 Kessel Wei\u00df - Erresse Shop<\/title>\n<meta name=\"description\" content=\"Der von Michele De Lucchi entworfene Wasserkocher Pliss\u00e9 vereint funktionale Aspekte mit einer plastischen und faszinierenden Gestaltung, die den\" \/>\n<meta name=\"robots\" content=\"index, follow, max-snippet:-1, max-image-preview:large, max-video-preview:-1\" \/>\n<link rel=\"canonical\" href=\"https:\/\/www.erresse-shop.it\/de\/shop\/kleine-elektrogeraete\/elektrische-wasserkocher\/alessi-plisse-kessel-weis\/\" \/>\n<meta property=\"og:locale\" content=\"de_DE\" \/>\n<meta property=\"og:type\" content=\"article\" \/>\n<meta property=\"og:title\" content=\"ALESSI Pliss\u00e9 Kessel Wei\u00df\" \/>\n<meta property=\"og:description\" content=\"Der von Michele De Lucchi entworfene Wasserkocher Pliss\u00e9 vereint funktionale Aspekte mit einer plastischen und faszinierenden Gestaltung, die den\" \/>\n<meta property=\"og:url\" content=\"https:\/\/www.erresse-shop.it\/de\/shop\/kleine-elektrogeraete\/elektrische-wasserkocher\/alessi-plisse-kessel-weis\/\" \/>\n<meta property=\"og:site_name\" content=\"Erresse Shop\" \/>\n<meta property=\"article:modified_time\" content=\"2025-03-04T08:29:51+00:00\" \/>\n<meta property=\"og:image\" content=\"https:\/\/www.erresse-shop.it\/wp-content\/uploads\/2020\/08\/ALESSI-Plisse-Bollitore-Elettrico-Bianco-1L.jpg\" \/>\n\t<meta property=\"og:image:width\" content=\"1200\" \/>\n\t<meta property=\"og:image:height\" content=\"1200\" \/>\n\t<meta property=\"og:image:type\" content=\"image\/jpeg\" \/>\n<meta name=\"twitter:card\" content=\"summary_large_image\" \/>\n<script type=\"application\/ld+json\" class=\"yoast-schema-graph\">{\"@context\":\"https:\/\/schema.org\",\"@graph\":[{\"@type\":\"WebPage\",\"@id\":\"https:\/\/www.erresse-shop.it\/de\/shop\/kleine-elektrogeraete\/elektrische-wasserkocher\/alessi-plisse-kessel-weis\/\",\"url\":\"https:\/\/www.erresse-shop.it\/de\/shop\/kleine-elektrogeraete\/elektrische-wasserkocher\/alessi-plisse-kessel-weis\/\",\"name\":\"ALESSI Pliss\u00e9 Kessel Wei\u00df - Erresse Shop\",\"isPartOf\":{\"@id\":\"https:\/\/www.erresse-shop.it\/de\/#website\"},\"datePublished\":\"2020-08-05T06:45:37+00:00\",\"dateModified\":\"2025-03-04T08:29:51+00:00\",\"description\":\"Der von Michele De Lucchi entworfene Wasserkocher Pliss\u00e9 vereint funktionale Aspekte mit einer plastischen und faszinierenden Gestaltung, die den\",\"breadcrumb\":{\"@id\":\"https:\/\/www.erresse-shop.it\/de\/shop\/kleine-elektrogeraete\/elektrische-wasserkocher\/alessi-plisse-kessel-weis\/#breadcrumb\"},\"inLanguage\":\"de-DE\",\"potentialAction\":[{\"@type\":\"ReadAction\",\"target\":[\"https:\/\/www.erresse-shop.it\/de\/shop\/kleine-elektrogeraete\/elektrische-wasserkocher\/alessi-plisse-kessel-weis\/\"]}]},{\"@type\":\"BreadcrumbList\",\"@id\":\"https:\/\/www.erresse-shop.it\/de\/shop\/kleine-elektrogeraete\/elektrische-wasserkocher\/alessi-plisse-kessel-weis\/#breadcrumb\",\"itemListElement\":[{\"@type\":\"ListItem\",\"position\":1,\"name\":\"Home\",\"item\":\"https:\/\/www.erresse-shop.it\/de\/\"},{\"@type\":\"ListItem\",\"position\":2,\"name\":\"Shop\",\"item\":\"https:\/\/www.erresse-shop.it\/de\/shop\/\"},{\"@type\":\"ListItem\",\"position\":3,\"name\":\"ALESSI Pliss\u00e9 Kessel Wei\u00df\"}]},{\"@type\":\"WebSite\",\"@id\":\"https:\/\/www.erresse-shop.it\/de\/#website\",\"url\":\"https:\/\/www.erresse-shop.it\/de\/\",\"name\":\"Erresse Shop\",\"description\":\"Articoli di qualit\u00e0 per la casa\",\"potentialAction\":[{\"@type\":\"SearchAction\",\"target\":{\"@type\":\"EntryPoint\",\"urlTemplate\":\"https:\/\/www.erresse-shop.it\/de\/?s={search_term_string}\"},\"query-input\":\"required name=search_term_string\"}],\"inLanguage\":\"de-DE\"}]}<\/script>\n<!-- \/ Yoast SEO Premium plugin. -->","yoast_head_json":{"title":"ALESSI Pliss\u00e9 Kessel Wei\u00df - Erresse Shop","description":"Der von Michele De Lucchi entworfene Wasserkocher Pliss\u00e9 vereint funktionale Aspekte mit einer plastischen und faszinierenden Gestaltung, die den","robots":{"index":"index","follow":"follow","max-snippet":"max-snippet:-1","max-image-preview":"max-image-preview:large","max-video-preview":"max-video-preview:-1"},"canonical":"https:\/\/www.erresse-shop.it\/de\/shop\/kleine-elektrogeraete\/elektrische-wasserkocher\/alessi-plisse-kessel-weis\/","og_locale":"de_DE","og_type":"article","og_title":"ALESSI Pliss\u00e9 Kessel Wei\u00df","og_description":"Der von Michele De Lucchi entworfene Wasserkocher Pliss\u00e9 vereint funktionale Aspekte mit einer plastischen und faszinierenden Gestaltung, die den","og_url":"https:\/\/www.erresse-shop.it\/de\/shop\/kleine-elektrogeraete\/elektrische-wasserkocher\/alessi-plisse-kessel-weis\/","og_site_name":"Erresse Shop","article_modified_time":"2025-03-04T08:29:51+00:00","og_image":[{"width":1200,"height":1200,"url":"https:\/\/www.erresse-shop.it\/wp-content\/uploads\/2020\/08\/ALESSI-Plisse-Bollitore-Elettrico-Bianco-1L.jpg","type":"image\/jpeg"}],"twitter_card":"summary_large_image","schema":{"@context":"https:\/\/schema.org","@graph":[{"@type":"WebPage","@id":"https:\/\/www.erresse-shop.it\/de\/shop\/kleine-elektrogeraete\/elektrische-wasserkocher\/alessi-plisse-kessel-weis\/","url":"https:\/\/www.erresse-shop.it\/de\/shop\/kleine-elektrogeraete\/elektrische-wasserkocher\/alessi-plisse-kessel-weis\/","name":"ALESSI Pliss\u00e9 Kessel Wei\u00df - Erresse Shop","isPartOf":{"@id":"https:\/\/www.erresse-shop.it\/de\/#website"},"datePublished":"2020-08-05T06:45:37+00:00","dateModified":"2025-03-04T08:29:51+00:00","description":"Der von Michele De Lucchi entworfene Wasserkocher Pliss\u00e9 vereint funktionale Aspekte mit einer plastischen und faszinierenden Gestaltung, die den","breadcrumb":{"@id":"https:\/\/www.erresse-shop.it\/de\/shop\/kleine-elektrogeraete\/elektrische-wasserkocher\/alessi-plisse-kessel-weis\/#breadcrumb"},"inLanguage":"de-DE","potentialAction":[{"@type":"ReadAction","target":["https:\/\/www.erresse-shop.it\/de\/shop\/kleine-elektrogeraete\/elektrische-wasserkocher\/alessi-plisse-kessel-weis\/"]}]},{"@type":"BreadcrumbList","@id":"https:\/\/www.erresse-shop.it\/de\/shop\/kleine-elektrogeraete\/elektrische-wasserkocher\/alessi-plisse-kessel-weis\/#breadcrumb","itemListElement":[{"@type":"ListItem","position":1,"name":"Home","item":"https:\/\/www.erresse-shop.it\/de\/"},{"@type":"ListItem","position":2,"name":"Shop","item":"https:\/\/www.erresse-shop.it\/de\/shop\/"},{"@type":"ListItem","position":3,"name":"ALESSI Pliss\u00e9 Kessel Wei\u00df"}]},{"@type":"WebSite","@id":"https:\/\/www.erresse-shop.it\/de\/#website","url":"https:\/\/www.erresse-shop.it\/de\/","name":"Erresse Shop","description":"Articoli di qualit\u00e0 per la casa","potentialAction":[{"@type":"SearchAction","target":{"@type":"EntryPoint","urlTemplate":"https:\/\/www.erresse-shop.it\/de\/?s={search_term_string}"},"query-input":"required name=search_term_string"}],"inLanguage":"de-DE"}]}},"df_price":47.5,"df_sale_price":47.5,"df_regular_price":95,"df_image_link":"https:\/\/www.erresse-shop.it\/wp-content\/uploads\/2020\/08\/ALESSI-Plisse-Bollitore-Elettrico-Bianco-1L-300x300.jpg","_links":{"self":[{"href":"https:\/\/www.erresse-shop.it\/de\/wp-json\/wp\/v2\/product\/70227"}],"collection":[{"href":"https:\/\/www.erresse-shop.it\/de\/wp-json\/wp\/v2\/product"}],"about":[{"href":"https:\/\/www.erresse-shop.it\/de\/wp-json\/wp\/v2\/types\/product"}],"wp:featuredmedia":[{"embeddable":true,"href":"https:\/\/www.erresse-shop.it\/de\/wp-json\/wp\/v2\/media\/508152"}],"wp:attachment":[{"href":"https:\/\/www.erresse-shop.it\/de\/wp-json\/wp\/v2\/media?parent=70227"}],"wp:term":[{"taxonomy":"product_cat","embeddable":true,"href":"https:\/\/www.erresse-shop.it\/de\/wp-json\/wp\/v2\/product_cat?post=70227"},{"taxonomy":"product_tag","embeddable":true,"href":"https:\/\/www.erresse-shop.it\/de\/wp-json\/wp\/v2\/product_tag?post=70227"}],"curies":[{"name":"wp","href":"https:\/\/api.w.org\/{rel}","templated":true}]}}