{"id":66855,"date":"2020-07-08T14:07:21","date_gmt":"2020-07-08T14:07:23","guid":{"rendered":"https:\/\/www.erresse-shop.it\/?post_type=product&#038;p=66855"},"modified":"2021-12-20T17:24:21","modified_gmt":"2021-12-20T17:24:21","slug":"seletti-toiletpaper-sessel-revolver","status":"publish","type":"product","link":"https:\/\/www.erresse-shop.it\/de\/shop\/einrichtung-haus\/stuehle-und-sessel\/seletti-toiletpaper-sessel-revolver\/","title":{"rendered":"SELETTI Toiletpaper Sessel Revolver"},"content":{"rendered":"<p>Das traditionelle Design dieser Sitze im Stil der 50er Jahre ist mit unerwarteten und surrealen Bildern \u00fcberzogen. Die Bilder aus dem Magazin TOILETPAPER dringen in die M\u00f6bel ein und werden zu bequemen Objekten, in denen man sich entspannen kann &#8211; nicht nur f\u00fcr die Wohnungen von Kunstliebhabern.<\/p>\n<p><strong>Sessel<\/strong><\/p>\n<p>Design: Toilettenpapier-Magazin<\/p>\n<p>Material: Polyestergewebe, Holz-, Polyurethan- und Metallstruktur<\/p>\n<p>Abmessungen: cm 70 x 79 h. 86<\/p>\n","protected":false},"excerpt":{"rendered":"<p>Das traditionelle Design dieser Sitze im Stil der 50er Jahre ist mit unerwarteten und surrealen Bildern \u00fcberzogen. Die Bilder aus<\/p>\n","protected":false},"featured_media":66893,"template":"","meta":{"_acf_changed":false,"inline_featured_image":false},"product_cat":[6817,14438],"product_tag":[16332,13106],"acf":[],"yoast_head":"<!-- This site is optimized with the Yoast SEO Premium plugin v18.6 (Yoast SEO v19.13) - https:\/\/yoast.com\/wordpress\/plugins\/seo\/ -->\n<title>SELETTI Toiletpaper Sessel Revolver - Erresse Shop<\/title>\n<meta name=\"description\" content=\"Das traditionelle Design dieser Sitze im Stil der 50er Jahre ist mit unerwarteten und surrealen Bildern \u00fcberzogen. Die Bilder aus dem Magazin TOILETPAPER\" \/>\n<meta name=\"robots\" content=\"index, follow, max-snippet:-1, max-image-preview:large, max-video-preview:-1\" \/>\n<link rel=\"canonical\" href=\"https:\/\/www.erresse-shop.it\/de\/shop\/einrichtung-haus\/stuehle-und-sessel\/seletti-toiletpaper-sessel-revolver\/\" \/>\n<meta property=\"og:locale\" content=\"de_DE\" \/>\n<meta property=\"og:type\" content=\"article\" \/>\n<meta property=\"og:title\" content=\"SELETTI Toiletpaper Sessel Revolver\" \/>\n<meta property=\"og:description\" content=\"Das traditionelle Design dieser Sitze im Stil der 50er Jahre ist mit unerwarteten und surrealen Bildern \u00fcberzogen. Die Bilder aus dem Magazin TOILETPAPER\" \/>\n<meta property=\"og:url\" content=\"https:\/\/www.erresse-shop.it\/de\/shop\/einrichtung-haus\/stuehle-und-sessel\/seletti-toiletpaper-sessel-revolver\/\" \/>\n<meta property=\"og:site_name\" content=\"Erresse Shop\" \/>\n<meta property=\"article:modified_time\" content=\"2021-12-20T17:24:21+00:00\" \/>\n<meta property=\"og:image\" content=\"https:\/\/www.erresse-shop.it\/wp-content\/uploads\/2020\/07\/Seletti-Toiletpaper-Magazine-Armchair-furniture-16089-TP_armchair_new_2018_2Z6A2410.jpg\" \/>\n\t<meta property=\"og:image:width\" content=\"900\" \/>\n\t<meta property=\"og:image:height\" content=\"1200\" \/>\n\t<meta property=\"og:image:type\" content=\"image\/jpeg\" \/>\n<meta name=\"twitter:card\" content=\"summary_large_image\" \/>\n<script type=\"application\/ld+json\" class=\"yoast-schema-graph\">{\"@context\":\"https:\/\/schema.org\",\"@graph\":[{\"@type\":\"WebPage\",\"@id\":\"https:\/\/www.erresse-shop.it\/de\/shop\/einrichtung-haus\/stuehle-und-sessel\/seletti-toiletpaper-sessel-revolver\/\",\"url\":\"https:\/\/www.erresse-shop.it\/de\/shop\/einrichtung-haus\/stuehle-und-sessel\/seletti-toiletpaper-sessel-revolver\/\",\"name\":\"SELETTI Toiletpaper Sessel Revolver - Erresse Shop\",\"isPartOf\":{\"@id\":\"https:\/\/www.erresse-shop.it\/de\/#website\"},\"datePublished\":\"2020-07-08T14:07:23+00:00\",\"dateModified\":\"2021-12-20T17:24:21+00:00\",\"description\":\"Das traditionelle Design dieser Sitze im Stil der 50er Jahre ist mit unerwarteten und surrealen Bildern \u00fcberzogen. Die Bilder aus dem Magazin TOILETPAPER\",\"breadcrumb\":{\"@id\":\"https:\/\/www.erresse-shop.it\/de\/shop\/einrichtung-haus\/stuehle-und-sessel\/seletti-toiletpaper-sessel-revolver\/#breadcrumb\"},\"inLanguage\":\"de-DE\",\"potentialAction\":[{\"@type\":\"ReadAction\",\"target\":[\"https:\/\/www.erresse-shop.it\/de\/shop\/einrichtung-haus\/stuehle-und-sessel\/seletti-toiletpaper-sessel-revolver\/\"]}]},{\"@type\":\"BreadcrumbList\",\"@id\":\"https:\/\/www.erresse-shop.it\/de\/shop\/einrichtung-haus\/stuehle-und-sessel\/seletti-toiletpaper-sessel-revolver\/#breadcrumb\",\"itemListElement\":[{\"@type\":\"ListItem\",\"position\":1,\"name\":\"Home\",\"item\":\"https:\/\/www.erresse-shop.it\/de\/\"},{\"@type\":\"ListItem\",\"position\":2,\"name\":\"Shop\",\"item\":\"https:\/\/www.erresse-shop.it\/de\/shop\/\"},{\"@type\":\"ListItem\",\"position\":3,\"name\":\"SELETTI Toiletpaper Sessel Revolver\"}]},{\"@type\":\"WebSite\",\"@id\":\"https:\/\/www.erresse-shop.it\/de\/#website\",\"url\":\"https:\/\/www.erresse-shop.it\/de\/\",\"name\":\"Erresse Shop\",\"description\":\"Articoli di qualit\u00e0 per la casa\",\"potentialAction\":[{\"@type\":\"SearchAction\",\"target\":{\"@type\":\"EntryPoint\",\"urlTemplate\":\"https:\/\/www.erresse-shop.it\/de\/?s={search_term_string}\"},\"query-input\":\"required name=search_term_string\"}],\"inLanguage\":\"de-DE\"}]}<\/script>\n<!-- \/ Yoast SEO Premium plugin. -->","yoast_head_json":{"title":"SELETTI Toiletpaper Sessel Revolver - Erresse Shop","description":"Das traditionelle Design dieser Sitze im Stil der 50er Jahre ist mit unerwarteten und surrealen Bildern \u00fcberzogen. Die Bilder aus dem Magazin TOILETPAPER","robots":{"index":"index","follow":"follow","max-snippet":"max-snippet:-1","max-image-preview":"max-image-preview:large","max-video-preview":"max-video-preview:-1"},"canonical":"https:\/\/www.erresse-shop.it\/de\/shop\/einrichtung-haus\/stuehle-und-sessel\/seletti-toiletpaper-sessel-revolver\/","og_locale":"de_DE","og_type":"article","og_title":"SELETTI Toiletpaper Sessel Revolver","og_description":"Das traditionelle Design dieser Sitze im Stil der 50er Jahre ist mit unerwarteten und surrealen Bildern \u00fcberzogen. Die Bilder aus dem Magazin TOILETPAPER","og_url":"https:\/\/www.erresse-shop.it\/de\/shop\/einrichtung-haus\/stuehle-und-sessel\/seletti-toiletpaper-sessel-revolver\/","og_site_name":"Erresse Shop","article_modified_time":"2021-12-20T17:24:21+00:00","og_image":[{"width":900,"height":1200,"url":"https:\/\/www.erresse-shop.it\/wp-content\/uploads\/2020\/07\/Seletti-Toiletpaper-Magazine-Armchair-furniture-16089-TP_armchair_new_2018_2Z6A2410.jpg","type":"image\/jpeg"}],"twitter_card":"summary_large_image","schema":{"@context":"https:\/\/schema.org","@graph":[{"@type":"WebPage","@id":"https:\/\/www.erresse-shop.it\/de\/shop\/einrichtung-haus\/stuehle-und-sessel\/seletti-toiletpaper-sessel-revolver\/","url":"https:\/\/www.erresse-shop.it\/de\/shop\/einrichtung-haus\/stuehle-und-sessel\/seletti-toiletpaper-sessel-revolver\/","name":"SELETTI Toiletpaper Sessel Revolver - Erresse Shop","isPartOf":{"@id":"https:\/\/www.erresse-shop.it\/de\/#website"},"datePublished":"2020-07-08T14:07:23+00:00","dateModified":"2021-12-20T17:24:21+00:00","description":"Das traditionelle Design dieser Sitze im Stil der 50er Jahre ist mit unerwarteten und surrealen Bildern \u00fcberzogen. Die Bilder aus dem Magazin TOILETPAPER","breadcrumb":{"@id":"https:\/\/www.erresse-shop.it\/de\/shop\/einrichtung-haus\/stuehle-und-sessel\/seletti-toiletpaper-sessel-revolver\/#breadcrumb"},"inLanguage":"de-DE","potentialAction":[{"@type":"ReadAction","target":["https:\/\/www.erresse-shop.it\/de\/shop\/einrichtung-haus\/stuehle-und-sessel\/seletti-toiletpaper-sessel-revolver\/"]}]},{"@type":"BreadcrumbList","@id":"https:\/\/www.erresse-shop.it\/de\/shop\/einrichtung-haus\/stuehle-und-sessel\/seletti-toiletpaper-sessel-revolver\/#breadcrumb","itemListElement":[{"@type":"ListItem","position":1,"name":"Home","item":"https:\/\/www.erresse-shop.it\/de\/"},{"@type":"ListItem","position":2,"name":"Shop","item":"https:\/\/www.erresse-shop.it\/de\/shop\/"},{"@type":"ListItem","position":3,"name":"SELETTI Toiletpaper Sessel Revolver"}]},{"@type":"WebSite","@id":"https:\/\/www.erresse-shop.it\/de\/#website","url":"https:\/\/www.erresse-shop.it\/de\/","name":"Erresse Shop","description":"Articoli di qualit\u00e0 per la casa","potentialAction":[{"@type":"SearchAction","target":{"@type":"EntryPoint","urlTemplate":"https:\/\/www.erresse-shop.it\/de\/?s={search_term_string}"},"query-input":"required name=search_term_string"}],"inLanguage":"de-DE"}]}},"df_price":562.5,"df_sale_price":562.5,"df_regular_price":1250,"df_image_link":"https:\/\/www.erresse-shop.it\/wp-content\/uploads\/2020\/07\/Seletti-Toiletpaper-Magazine-Armchair-furniture-16089-TP_armchair_new_2018_2Z6A2410-225x300.jpg","_links":{"self":[{"href":"https:\/\/www.erresse-shop.it\/de\/wp-json\/wp\/v2\/product\/66855"}],"collection":[{"href":"https:\/\/www.erresse-shop.it\/de\/wp-json\/wp\/v2\/product"}],"about":[{"href":"https:\/\/www.erresse-shop.it\/de\/wp-json\/wp\/v2\/types\/product"}],"wp:featuredmedia":[{"embeddable":true,"href":"https:\/\/www.erresse-shop.it\/de\/wp-json\/wp\/v2\/media\/66893"}],"wp:attachment":[{"href":"https:\/\/www.erresse-shop.it\/de\/wp-json\/wp\/v2\/media?parent=66855"}],"wp:term":[{"taxonomy":"product_cat","embeddable":true,"href":"https:\/\/www.erresse-shop.it\/de\/wp-json\/wp\/v2\/product_cat?post=66855"},{"taxonomy":"product_tag","embeddable":true,"href":"https:\/\/www.erresse-shop.it\/de\/wp-json\/wp\/v2\/product_tag?post=66855"}],"curies":[{"name":"wp","href":"https:\/\/api.w.org\/{rel}","templated":true}]}}