{"id":66818,"date":"2020-07-08T13:45:24","date_gmt":"2020-07-08T13:45:25","guid":{"rendered":"https:\/\/www.erresse-shop.it\/?post_type=product&#038;p=66818"},"modified":"2025-01-22T07:22:19","modified_gmt":"2025-01-22T07:22:19","slug":"seletti-toiletpaper-sessel-lippenstifte-rosa","status":"publish","type":"product","link":"https:\/\/www.erresse-shop.it\/de\/shop\/kuche\/seletti-toiletpaper-sessel-lippenstifte-rosa\/","title":{"rendered":"SELETTI Toilettenpapier-Sessel Rossetti Rosa"},"content":{"rendered":"<p>Das traditionelle Design dieser St\u00fchle im Stil der 1950er Jahre wird mit unerwarteten und surrealen Bildern \u00fcberzogen. Bilder aus der Zeitschrift TOILETPAPER dringen in die M\u00f6bel ein und werden zu bequemen Objekten, in denen man sich entspannen kann &#8211; nicht nur in den Wohnungen von Kunstliebhabern.<\/p>\n<p><strong>Sessel<\/strong><\/p>\n<p>Entwurf: Zeitschrift Toiletpaper<\/p>\n<p>Material: Polyestergewebe, Holz, Polyurethan und Metallrahmen<\/p>\n<p>Abmessungen: 70 x 79 h. 86 cm<\/p>\n","protected":false},"excerpt":{"rendered":"<p>Das traditionelle Design dieser St\u00fchle im Stil der 1950er Jahre wird mit unerwarteten und surrealen Bildern \u00fcberzogen. Bilder aus der<\/p>\n","protected":false},"featured_media":393042,"template":"","meta":{"_acf_changed":false,"inline_featured_image":false},"product_cat":[6742],"product_tag":[13105,16332,13108,13106],"acf":[],"yoast_head":"<!-- This site is optimized with the Yoast SEO Premium plugin v18.6 (Yoast SEO v19.13) - https:\/\/yoast.com\/wordpress\/plugins\/seo\/ -->\n<title>SELETTI Toilettenpapier-Sessel Rossetti Rosa<\/title>\n<meta name=\"description\" content=\"Entdecken Sie SELETTI Toilettenpapier-Sessel Rossetti Rosa bei ErresseShop. Qualit\u00e4t, Stil und Funktionalit\u00e4t \u2013 jetzt online bestellen!\" \/>\n<meta name=\"robots\" content=\"index, follow, max-snippet:-1, max-image-preview:large, max-video-preview:-1\" \/>\n<link rel=\"canonical\" href=\"https:\/\/www.erresse-shop.it\/de\/shop\/kuche\/seletti-toiletpaper-sessel-lippenstifte-rosa\/\" \/>\n<meta property=\"og:locale\" content=\"de_DE\" \/>\n<meta property=\"og:type\" content=\"article\" \/>\n<meta property=\"og:title\" content=\"SELETTI Toilettenpapier-Sessel Rossetti Rosa\" \/>\n<meta property=\"og:description\" content=\"Entdecken Sie SELETTI Toilettenpapier-Sessel Rossetti Rosa bei ErresseShop. Qualit\u00e4t, Stil und Funktionalit\u00e4t \u2013 jetzt online bestellen!\" \/>\n<meta property=\"og:url\" content=\"https:\/\/www.erresse-shop.it\/de\/shop\/kuche\/seletti-toiletpaper-sessel-lippenstifte-rosa\/\" \/>\n<meta property=\"og:site_name\" content=\"Erresse Shop\" \/>\n<meta property=\"article:modified_time\" content=\"2025-01-22T07:22:19+00:00\" \/>\n<meta property=\"og:image\" content=\"https:\/\/www.erresse-shop.it\/wp-content\/uploads\/2020\/07\/seletti-lipstick-rosa.jpg\" \/>\n\t<meta property=\"og:image:width\" content=\"665\" \/>\n\t<meta property=\"og:image:height\" content=\"665\" \/>\n\t<meta property=\"og:image:type\" content=\"image\/jpeg\" \/>\n<meta name=\"twitter:card\" content=\"summary_large_image\" \/>\n<script type=\"application\/ld+json\" class=\"yoast-schema-graph\">{\"@context\":\"https:\/\/schema.org\",\"@graph\":[{\"@type\":\"WebPage\",\"@id\":\"https:\/\/www.erresse-shop.it\/de\/shop\/kuche\/seletti-toiletpaper-sessel-lippenstifte-rosa\/\",\"url\":\"https:\/\/www.erresse-shop.it\/de\/shop\/kuche\/seletti-toiletpaper-sessel-lippenstifte-rosa\/\",\"name\":\"SELETTI Toilettenpapier-Sessel Rossetti Rosa\",\"isPartOf\":{\"@id\":\"https:\/\/www.erresse-shop.it\/de\/#website\"},\"datePublished\":\"2020-07-08T13:45:25+00:00\",\"dateModified\":\"2025-01-22T07:22:19+00:00\",\"description\":\"Entdecken Sie SELETTI Toilettenpapier-Sessel Rossetti Rosa bei ErresseShop. Qualit\u00e4t, Stil und Funktionalit\u00e4t \u2013 jetzt online bestellen!\",\"breadcrumb\":{\"@id\":\"https:\/\/www.erresse-shop.it\/de\/shop\/kuche\/seletti-toiletpaper-sessel-lippenstifte-rosa\/#breadcrumb\"},\"inLanguage\":\"de-DE\",\"potentialAction\":[{\"@type\":\"ReadAction\",\"target\":[\"https:\/\/www.erresse-shop.it\/de\/shop\/kuche\/seletti-toiletpaper-sessel-lippenstifte-rosa\/\"]}]},{\"@type\":\"BreadcrumbList\",\"@id\":\"https:\/\/www.erresse-shop.it\/de\/shop\/kuche\/seletti-toiletpaper-sessel-lippenstifte-rosa\/#breadcrumb\",\"itemListElement\":[{\"@type\":\"ListItem\",\"position\":1,\"name\":\"Home\",\"item\":\"https:\/\/www.erresse-shop.it\/de\/\"},{\"@type\":\"ListItem\",\"position\":2,\"name\":\"Shop\",\"item\":\"https:\/\/www.erresse-shop.it\/de\/shop\/\"},{\"@type\":\"ListItem\",\"position\":3,\"name\":\"SELETTI Toilettenpapier-Sessel Rossetti Rosa\"}]},{\"@type\":\"WebSite\",\"@id\":\"https:\/\/www.erresse-shop.it\/de\/#website\",\"url\":\"https:\/\/www.erresse-shop.it\/de\/\",\"name\":\"Erresse Shop\",\"description\":\"Articoli di qualit\u00e0 per la casa\",\"potentialAction\":[{\"@type\":\"SearchAction\",\"target\":{\"@type\":\"EntryPoint\",\"urlTemplate\":\"https:\/\/www.erresse-shop.it\/de\/?s={search_term_string}\"},\"query-input\":\"required name=search_term_string\"}],\"inLanguage\":\"de-DE\"}]}<\/script>\n<!-- \/ Yoast SEO Premium plugin. -->","yoast_head_json":{"title":"SELETTI Toilettenpapier-Sessel Rossetti Rosa","description":"Entdecken Sie SELETTI Toilettenpapier-Sessel Rossetti Rosa bei ErresseShop. Qualit\u00e4t, Stil und Funktionalit\u00e4t \u2013 jetzt online bestellen!","robots":{"index":"index","follow":"follow","max-snippet":"max-snippet:-1","max-image-preview":"max-image-preview:large","max-video-preview":"max-video-preview:-1"},"canonical":"https:\/\/www.erresse-shop.it\/de\/shop\/kuche\/seletti-toiletpaper-sessel-lippenstifte-rosa\/","og_locale":"de_DE","og_type":"article","og_title":"SELETTI Toilettenpapier-Sessel Rossetti Rosa","og_description":"Entdecken Sie SELETTI Toilettenpapier-Sessel Rossetti Rosa bei ErresseShop. Qualit\u00e4t, Stil und Funktionalit\u00e4t \u2013 jetzt online bestellen!","og_url":"https:\/\/www.erresse-shop.it\/de\/shop\/kuche\/seletti-toiletpaper-sessel-lippenstifte-rosa\/","og_site_name":"Erresse Shop","article_modified_time":"2025-01-22T07:22:19+00:00","og_image":[{"width":665,"height":665,"url":"https:\/\/www.erresse-shop.it\/wp-content\/uploads\/2020\/07\/seletti-lipstick-rosa.jpg","type":"image\/jpeg"}],"twitter_card":"summary_large_image","schema":{"@context":"https:\/\/schema.org","@graph":[{"@type":"WebPage","@id":"https:\/\/www.erresse-shop.it\/de\/shop\/kuche\/seletti-toiletpaper-sessel-lippenstifte-rosa\/","url":"https:\/\/www.erresse-shop.it\/de\/shop\/kuche\/seletti-toiletpaper-sessel-lippenstifte-rosa\/","name":"SELETTI Toilettenpapier-Sessel Rossetti Rosa","isPartOf":{"@id":"https:\/\/www.erresse-shop.it\/de\/#website"},"datePublished":"2020-07-08T13:45:25+00:00","dateModified":"2025-01-22T07:22:19+00:00","description":"Entdecken Sie SELETTI Toilettenpapier-Sessel Rossetti Rosa bei ErresseShop. Qualit\u00e4t, Stil und Funktionalit\u00e4t \u2013 jetzt online bestellen!","breadcrumb":{"@id":"https:\/\/www.erresse-shop.it\/de\/shop\/kuche\/seletti-toiletpaper-sessel-lippenstifte-rosa\/#breadcrumb"},"inLanguage":"de-DE","potentialAction":[{"@type":"ReadAction","target":["https:\/\/www.erresse-shop.it\/de\/shop\/kuche\/seletti-toiletpaper-sessel-lippenstifte-rosa\/"]}]},{"@type":"BreadcrumbList","@id":"https:\/\/www.erresse-shop.it\/de\/shop\/kuche\/seletti-toiletpaper-sessel-lippenstifte-rosa\/#breadcrumb","itemListElement":[{"@type":"ListItem","position":1,"name":"Home","item":"https:\/\/www.erresse-shop.it\/de\/"},{"@type":"ListItem","position":2,"name":"Shop","item":"https:\/\/www.erresse-shop.it\/de\/shop\/"},{"@type":"ListItem","position":3,"name":"SELETTI Toilettenpapier-Sessel Rossetti Rosa"}]},{"@type":"WebSite","@id":"https:\/\/www.erresse-shop.it\/de\/#website","url":"https:\/\/www.erresse-shop.it\/de\/","name":"Erresse Shop","description":"Articoli di qualit\u00e0 per la casa","potentialAction":[{"@type":"SearchAction","target":{"@type":"EntryPoint","urlTemplate":"https:\/\/www.erresse-shop.it\/de\/?s={search_term_string}"},"query-input":"required name=search_term_string"}],"inLanguage":"de-DE"}]}},"df_price":1250,"df_sale_price":1250,"df_regular_price":1250,"df_image_link":"https:\/\/www.erresse-shop.it\/wp-content\/uploads\/2020\/07\/seletti-lipstick-rosa-300x300.jpg","_links":{"self":[{"href":"https:\/\/www.erresse-shop.it\/de\/wp-json\/wp\/v2\/product\/66818"}],"collection":[{"href":"https:\/\/www.erresse-shop.it\/de\/wp-json\/wp\/v2\/product"}],"about":[{"href":"https:\/\/www.erresse-shop.it\/de\/wp-json\/wp\/v2\/types\/product"}],"wp:featuredmedia":[{"embeddable":true,"href":"https:\/\/www.erresse-shop.it\/de\/wp-json\/wp\/v2\/media\/393042"}],"wp:attachment":[{"href":"https:\/\/www.erresse-shop.it\/de\/wp-json\/wp\/v2\/media?parent=66818"}],"wp:term":[{"taxonomy":"product_cat","embeddable":true,"href":"https:\/\/www.erresse-shop.it\/de\/wp-json\/wp\/v2\/product_cat?post=66818"},{"taxonomy":"product_tag","embeddable":true,"href":"https:\/\/www.erresse-shop.it\/de\/wp-json\/wp\/v2\/product_tag?post=66818"}],"curies":[{"name":"wp","href":"https:\/\/api.w.org\/{rel}","templated":true}]}}