{"id":65142,"date":"2020-06-25T09:18:28","date_gmt":"2020-06-25T09:18:30","guid":{"rendered":"https:\/\/www.erresse-shop.it\/?post_type=product&#038;p=65142"},"modified":"2025-09-14T15:10:13","modified_gmt":"2025-09-14T15:10:13","slug":"magimix-herausnehmbares-becken","status":"publish","type":"product","link":"https:\/\/www.erresse-shop.it\/de\/shop\/kleine-elektrogeraete\/eismaschinen\/magimix-herausnehmbares-becken\/","title":{"rendered":"MAGIMIX Herausnehmbares Becken"},"content":{"rendered":"<p>Extra Sch\u00fcssel f\u00fcr Expert Magimix Ice Cream.<\/p>\n<p>Die herausnehmbare Sch\u00fcssel passt in die feste Sch\u00fcssel.<\/p>\n<p>Erfordert die Verwendung des abnehmbaren Paddels.<\/p>\n<p>Gebrauchsanweisung :<br \/>\nZur Reinigung kann es in die Sp\u00fclmaschine gegeben oder einfach mit einem gut ausgewrungenen Schwamm und Seifenwasser gereinigt werden. Verwenden Sie keinen Scheuerschwamm oder aggressive Reinigungsmittel.<\/p>\n","protected":false},"excerpt":{"rendered":"<p>Extra Sch\u00fcssel f\u00fcr Expert Magimix Ice Cream. Die herausnehmbare Sch\u00fcssel passt in die feste Sch\u00fcssel. Erfordert die Verwendung des abnehmbaren<\/p>\n","protected":false},"featured_media":94735,"template":"","meta":{"_acf_changed":false,"inline_featured_image":false},"product_cat":[6739,6703],"product_tag":[19309,19308,19310,15614],"acf":[],"yoast_head":"<!-- This site is optimized with the Yoast SEO Premium plugin v18.6 (Yoast SEO v19.13) - https:\/\/yoast.com\/wordpress\/plugins\/seo\/ -->\n<title>MAGIMIX Herausnehmbares Becken<\/title>\n<meta name=\"description\" content=\"Entdecken Sie MAGIMIX Herausnehmbares Becken bei ErresseShop. Qualit\u00e4t, Stil und Funktionalit\u00e4t \u2013 jetzt online bestellen!\" \/>\n<meta name=\"robots\" content=\"index, follow, max-snippet:-1, max-image-preview:large, max-video-preview:-1\" \/>\n<link rel=\"canonical\" href=\"https:\/\/www.erresse-shop.it\/de\/shop\/kleine-elektrogeraete\/eismaschinen\/magimix-herausnehmbares-becken\/\" \/>\n<meta property=\"og:locale\" content=\"de_DE\" \/>\n<meta property=\"og:type\" content=\"article\" \/>\n<meta property=\"og:title\" content=\"MAGIMIX Herausnehmbares Becken\" \/>\n<meta property=\"og:description\" content=\"Entdecken Sie MAGIMIX Herausnehmbares Becken bei ErresseShop. Qualit\u00e4t, Stil und Funktionalit\u00e4t \u2013 jetzt online bestellen!\" \/>\n<meta property=\"og:url\" content=\"https:\/\/www.erresse-shop.it\/de\/shop\/kleine-elektrogeraete\/eismaschinen\/magimix-herausnehmbares-becken\/\" \/>\n<meta property=\"og:site_name\" content=\"Erresse Shop\" \/>\n<meta property=\"article:modified_time\" content=\"2025-09-14T15:10:13+00:00\" \/>\n<meta property=\"og:image\" content=\"https:\/\/www.erresse-shop.it\/wp-content\/uploads\/2020\/06\/MAGIMIX-Bacinella-Amovibile-Gelato-Expert-1.jpg\" \/>\n\t<meta property=\"og:image:width\" content=\"1000\" \/>\n\t<meta property=\"og:image:height\" content=\"1000\" \/>\n\t<meta property=\"og:image:type\" content=\"image\/jpeg\" \/>\n<meta name=\"twitter:card\" content=\"summary_large_image\" \/>\n<script type=\"application\/ld+json\" class=\"yoast-schema-graph\">{\"@context\":\"https:\/\/schema.org\",\"@graph\":[{\"@type\":\"WebPage\",\"@id\":\"https:\/\/www.erresse-shop.it\/de\/shop\/kleine-elektrogeraete\/eismaschinen\/magimix-herausnehmbares-becken\/\",\"url\":\"https:\/\/www.erresse-shop.it\/de\/shop\/kleine-elektrogeraete\/eismaschinen\/magimix-herausnehmbares-becken\/\",\"name\":\"MAGIMIX Herausnehmbares Becken\",\"isPartOf\":{\"@id\":\"https:\/\/www.erresse-shop.it\/de\/#website\"},\"datePublished\":\"2020-06-25T09:18:30+00:00\",\"dateModified\":\"2025-09-14T15:10:13+00:00\",\"description\":\"Entdecken Sie MAGIMIX Herausnehmbares Becken bei ErresseShop. Qualit\u00e4t, Stil und Funktionalit\u00e4t \u2013 jetzt online bestellen!\",\"breadcrumb\":{\"@id\":\"https:\/\/www.erresse-shop.it\/de\/shop\/kleine-elektrogeraete\/eismaschinen\/magimix-herausnehmbares-becken\/#breadcrumb\"},\"inLanguage\":\"de-DE\",\"potentialAction\":[{\"@type\":\"ReadAction\",\"target\":[\"https:\/\/www.erresse-shop.it\/de\/shop\/kleine-elektrogeraete\/eismaschinen\/magimix-herausnehmbares-becken\/\"]}]},{\"@type\":\"BreadcrumbList\",\"@id\":\"https:\/\/www.erresse-shop.it\/de\/shop\/kleine-elektrogeraete\/eismaschinen\/magimix-herausnehmbares-becken\/#breadcrumb\",\"itemListElement\":[{\"@type\":\"ListItem\",\"position\":1,\"name\":\"Home\",\"item\":\"https:\/\/www.erresse-shop.it\/de\/\"},{\"@type\":\"ListItem\",\"position\":2,\"name\":\"Shop\",\"item\":\"https:\/\/www.erresse-shop.it\/de\/shop\/\"},{\"@type\":\"ListItem\",\"position\":3,\"name\":\"MAGIMIX Herausnehmbares Becken\"}]},{\"@type\":\"WebSite\",\"@id\":\"https:\/\/www.erresse-shop.it\/de\/#website\",\"url\":\"https:\/\/www.erresse-shop.it\/de\/\",\"name\":\"Erresse Shop\",\"description\":\"Articoli di qualit\u00e0 per la casa\",\"potentialAction\":[{\"@type\":\"SearchAction\",\"target\":{\"@type\":\"EntryPoint\",\"urlTemplate\":\"https:\/\/www.erresse-shop.it\/de\/?s={search_term_string}\"},\"query-input\":\"required name=search_term_string\"}],\"inLanguage\":\"de-DE\"}]}<\/script>\n<!-- \/ Yoast SEO Premium plugin. -->","yoast_head_json":{"title":"MAGIMIX Herausnehmbares Becken","description":"Entdecken Sie MAGIMIX Herausnehmbares Becken bei ErresseShop. Qualit\u00e4t, Stil und Funktionalit\u00e4t \u2013 jetzt online bestellen!","robots":{"index":"index","follow":"follow","max-snippet":"max-snippet:-1","max-image-preview":"max-image-preview:large","max-video-preview":"max-video-preview:-1"},"canonical":"https:\/\/www.erresse-shop.it\/de\/shop\/kleine-elektrogeraete\/eismaschinen\/magimix-herausnehmbares-becken\/","og_locale":"de_DE","og_type":"article","og_title":"MAGIMIX Herausnehmbares Becken","og_description":"Entdecken Sie MAGIMIX Herausnehmbares Becken bei ErresseShop. Qualit\u00e4t, Stil und Funktionalit\u00e4t \u2013 jetzt online bestellen!","og_url":"https:\/\/www.erresse-shop.it\/de\/shop\/kleine-elektrogeraete\/eismaschinen\/magimix-herausnehmbares-becken\/","og_site_name":"Erresse Shop","article_modified_time":"2025-09-14T15:10:13+00:00","og_image":[{"width":1000,"height":1000,"url":"https:\/\/www.erresse-shop.it\/wp-content\/uploads\/2020\/06\/MAGIMIX-Bacinella-Amovibile-Gelato-Expert-1.jpg","type":"image\/jpeg"}],"twitter_card":"summary_large_image","schema":{"@context":"https:\/\/schema.org","@graph":[{"@type":"WebPage","@id":"https:\/\/www.erresse-shop.it\/de\/shop\/kleine-elektrogeraete\/eismaschinen\/magimix-herausnehmbares-becken\/","url":"https:\/\/www.erresse-shop.it\/de\/shop\/kleine-elektrogeraete\/eismaschinen\/magimix-herausnehmbares-becken\/","name":"MAGIMIX Herausnehmbares Becken","isPartOf":{"@id":"https:\/\/www.erresse-shop.it\/de\/#website"},"datePublished":"2020-06-25T09:18:30+00:00","dateModified":"2025-09-14T15:10:13+00:00","description":"Entdecken Sie MAGIMIX Herausnehmbares Becken bei ErresseShop. Qualit\u00e4t, Stil und Funktionalit\u00e4t \u2013 jetzt online bestellen!","breadcrumb":{"@id":"https:\/\/www.erresse-shop.it\/de\/shop\/kleine-elektrogeraete\/eismaschinen\/magimix-herausnehmbares-becken\/#breadcrumb"},"inLanguage":"de-DE","potentialAction":[{"@type":"ReadAction","target":["https:\/\/www.erresse-shop.it\/de\/shop\/kleine-elektrogeraete\/eismaschinen\/magimix-herausnehmbares-becken\/"]}]},{"@type":"BreadcrumbList","@id":"https:\/\/www.erresse-shop.it\/de\/shop\/kleine-elektrogeraete\/eismaschinen\/magimix-herausnehmbares-becken\/#breadcrumb","itemListElement":[{"@type":"ListItem","position":1,"name":"Home","item":"https:\/\/www.erresse-shop.it\/de\/"},{"@type":"ListItem","position":2,"name":"Shop","item":"https:\/\/www.erresse-shop.it\/de\/shop\/"},{"@type":"ListItem","position":3,"name":"MAGIMIX Herausnehmbares Becken"}]},{"@type":"WebSite","@id":"https:\/\/www.erresse-shop.it\/de\/#website","url":"https:\/\/www.erresse-shop.it\/de\/","name":"Erresse Shop","description":"Articoli di qualit\u00e0 per la casa","potentialAction":[{"@type":"SearchAction","target":{"@type":"EntryPoint","urlTemplate":"https:\/\/www.erresse-shop.it\/de\/?s={search_term_string}"},"query-input":"required name=search_term_string"}],"inLanguage":"de-DE"}]}},"df_price":35.75,"df_sale_price":35.75,"df_regular_price":55,"df_image_link":"https:\/\/www.erresse-shop.it\/wp-content\/uploads\/2020\/06\/MAGIMIX-Bacinella-Amovibile-Gelato-Expert-1-300x300.jpg","_links":{"self":[{"href":"https:\/\/www.erresse-shop.it\/de\/wp-json\/wp\/v2\/product\/65142"}],"collection":[{"href":"https:\/\/www.erresse-shop.it\/de\/wp-json\/wp\/v2\/product"}],"about":[{"href":"https:\/\/www.erresse-shop.it\/de\/wp-json\/wp\/v2\/types\/product"}],"wp:featuredmedia":[{"embeddable":true,"href":"https:\/\/www.erresse-shop.it\/de\/wp-json\/wp\/v2\/media\/94735"}],"wp:attachment":[{"href":"https:\/\/www.erresse-shop.it\/de\/wp-json\/wp\/v2\/media?parent=65142"}],"wp:term":[{"taxonomy":"product_cat","embeddable":true,"href":"https:\/\/www.erresse-shop.it\/de\/wp-json\/wp\/v2\/product_cat?post=65142"},{"taxonomy":"product_tag","embeddable":true,"href":"https:\/\/www.erresse-shop.it\/de\/wp-json\/wp\/v2\/product_tag?post=65142"}],"curies":[{"name":"wp","href":"https:\/\/api.w.org\/{rel}","templated":true}]}}