{"id":65065,"date":"2020-06-24T09:27:00","date_gmt":"2020-06-24T09:27:01","guid":{"rendered":"https:\/\/www.erresse-shop.it\/?post_type=product&#038;p=65065"},"modified":"2025-01-17T08:03:39","modified_gmt":"2025-01-17T08:03:39","slug":"lagostina-set-24pz-sfiziosa","status":"publish","type":"product","link":"https:\/\/www.erresse-shop.it\/de\/shop\/toepfe-pfannen\/topfsets\/lagostina-set-24pz-sfiziosa\/","title":{"rendered":"LAGOSTINA Satz 24 St\u00fccke Sfiziosa"},"content":{"rendered":"<p>Die neue SFIZIOSA-Linie ist eine Kombination aus Eleganz und Funktionalit\u00e4t. Die Hochglanzpolitur auf der Au\u00dfenseite und die Satinierung auf der Innenseite sorgen f\u00fcr Raffinesse und sorgen gleichzeitig f\u00fcr maximale Hygiene und eine unglaublich einfache Reinigung. Die professionell gestalteten Griffe, gro\u00df und perfekt ergonomisch, stehen f\u00fcr Funktionalit\u00e4t und Benutzerfreundlichkeit. Alle Elemente der Linie sind aus Edelstahl 18\/10 gefertigt und garantieren eine hohe Kochleistung und Haltbarkeit. Der dreischichtige LAGOSEAL\u00ae PLUS-verkapselte Boden (Stahl \u2013 Aluminium-Stahl) ist f\u00fcr jedes Kochfeld geeignet und sorgt f\u00fcr eine perfekte W\u00e4rmeverteilung, wodurch das Risiko des Anhaftens von Speisen auf ein Minimum reduziert wird.<\/p>\n<p>Die 24-teilige Batterie beinhaltet:<br \/>\nTopf mit 2 Griffen \u00d8 18 &#8211; 22 &#8211; 24 cm<br \/>\nTiefer Kochtopf mit 2 Griffen \u00d8 18-22-26 cm<br \/>\nNiedriger Topf mit 2 Griffen \u00d8 24 cm<br \/>\nTiefer Kochtopf mit langem Griff \u00d8 14 cm<br \/>\nMilchkessel \u00d8 12 cm<br \/>\nDeckel \u00d8 14-18(2)-22(2)-24(2)-26 cm<br \/>\nKelle<br \/>\nPaddel<br \/>\nNimm Spaghetti<br \/>\nL\u00f6ffel<br \/>\nGabel<br \/>\nSkimmer<br \/>\nKartoffelstampfer<\/p>\n","protected":false},"excerpt":{"rendered":"<p>Die neue SFIZIOSA-Linie ist eine Kombination aus Eleganz und Funktionalit\u00e4t. Die Hochglanzpolitur auf der Au\u00dfenseite und die Satinierung auf der<\/p>\n","protected":false},"featured_media":65071,"template":"","meta":{"_acf_changed":false,"inline_featured_image":false},"product_cat":[6709,14781],"product_tag":[11865],"acf":[],"yoast_head":"<!-- This site is optimized with the Yoast SEO Premium plugin v18.6 (Yoast SEO v19.13) - https:\/\/yoast.com\/wordpress\/plugins\/seo\/ -->\n<title>LAGOSTINA Satz 24 St\u00fccke Sfiziosa<\/title>\n<meta name=\"description\" content=\"Entdecken Sie LAGOSTINA Satz 24 St\u00fccke Sfiziosa bei ErresseShop. Qualit\u00e4t, Stil und Funktionalit\u00e4t \u2013 jetzt online bestellen!\" \/>\n<meta name=\"robots\" content=\"index, follow, max-snippet:-1, max-image-preview:large, max-video-preview:-1\" \/>\n<link rel=\"canonical\" href=\"https:\/\/www.erresse-shop.it\/de\/shop\/toepfe-pfannen\/topfsets\/lagostina-set-24pz-sfiziosa\/\" \/>\n<meta property=\"og:locale\" content=\"de_DE\" \/>\n<meta property=\"og:type\" content=\"article\" \/>\n<meta property=\"og:title\" content=\"LAGOSTINA Satz 24 St\u00fccke Sfiziosa\" \/>\n<meta property=\"og:description\" content=\"Entdecken Sie LAGOSTINA Satz 24 St\u00fccke Sfiziosa bei ErresseShop. Qualit\u00e4t, Stil und Funktionalit\u00e4t \u2013 jetzt online bestellen!\" \/>\n<meta property=\"og:url\" content=\"https:\/\/www.erresse-shop.it\/de\/shop\/toepfe-pfannen\/topfsets\/lagostina-set-24pz-sfiziosa\/\" \/>\n<meta property=\"og:site_name\" content=\"Erresse Shop\" \/>\n<meta property=\"article:modified_time\" content=\"2025-01-17T08:03:39+00:00\" \/>\n<meta property=\"og:image\" content=\"https:\/\/www.erresse-shop.it\/wp-content\/uploads\/2020\/06\/0008_Grancucina_groupage_24_pezzi.jpg\" \/>\n\t<meta property=\"og:image:width\" content=\"555\" \/>\n\t<meta property=\"og:image:height\" content=\"555\" \/>\n\t<meta property=\"og:image:type\" content=\"image\/jpeg\" \/>\n<meta name=\"twitter:card\" content=\"summary_large_image\" \/>\n<script type=\"application\/ld+json\" class=\"yoast-schema-graph\">{\"@context\":\"https:\/\/schema.org\",\"@graph\":[{\"@type\":\"WebPage\",\"@id\":\"https:\/\/www.erresse-shop.it\/de\/shop\/toepfe-pfannen\/topfsets\/lagostina-set-24pz-sfiziosa\/\",\"url\":\"https:\/\/www.erresse-shop.it\/de\/shop\/toepfe-pfannen\/topfsets\/lagostina-set-24pz-sfiziosa\/\",\"name\":\"LAGOSTINA Satz 24 St\u00fccke Sfiziosa\",\"isPartOf\":{\"@id\":\"https:\/\/www.erresse-shop.it\/de\/#website\"},\"datePublished\":\"2020-06-24T09:27:01+00:00\",\"dateModified\":\"2025-01-17T08:03:39+00:00\",\"description\":\"Entdecken Sie LAGOSTINA Satz 24 St\u00fccke Sfiziosa bei ErresseShop. Qualit\u00e4t, Stil und Funktionalit\u00e4t \u2013 jetzt online bestellen!\",\"breadcrumb\":{\"@id\":\"https:\/\/www.erresse-shop.it\/de\/shop\/toepfe-pfannen\/topfsets\/lagostina-set-24pz-sfiziosa\/#breadcrumb\"},\"inLanguage\":\"de-DE\",\"potentialAction\":[{\"@type\":\"ReadAction\",\"target\":[\"https:\/\/www.erresse-shop.it\/de\/shop\/toepfe-pfannen\/topfsets\/lagostina-set-24pz-sfiziosa\/\"]}]},{\"@type\":\"BreadcrumbList\",\"@id\":\"https:\/\/www.erresse-shop.it\/de\/shop\/toepfe-pfannen\/topfsets\/lagostina-set-24pz-sfiziosa\/#breadcrumb\",\"itemListElement\":[{\"@type\":\"ListItem\",\"position\":1,\"name\":\"Home\",\"item\":\"https:\/\/www.erresse-shop.it\/de\/\"},{\"@type\":\"ListItem\",\"position\":2,\"name\":\"Shop\",\"item\":\"https:\/\/www.erresse-shop.it\/de\/shop\/\"},{\"@type\":\"ListItem\",\"position\":3,\"name\":\"LAGOSTINA Satz 24 St\u00fccke Sfiziosa\"}]},{\"@type\":\"WebSite\",\"@id\":\"https:\/\/www.erresse-shop.it\/de\/#website\",\"url\":\"https:\/\/www.erresse-shop.it\/de\/\",\"name\":\"Erresse Shop\",\"description\":\"Articoli di qualit\u00e0 per la casa\",\"potentialAction\":[{\"@type\":\"SearchAction\",\"target\":{\"@type\":\"EntryPoint\",\"urlTemplate\":\"https:\/\/www.erresse-shop.it\/de\/?s={search_term_string}\"},\"query-input\":\"required name=search_term_string\"}],\"inLanguage\":\"de-DE\"}]}<\/script>\n<!-- \/ Yoast SEO Premium plugin. -->","yoast_head_json":{"title":"LAGOSTINA Satz 24 St\u00fccke Sfiziosa","description":"Entdecken Sie LAGOSTINA Satz 24 St\u00fccke Sfiziosa bei ErresseShop. Qualit\u00e4t, Stil und Funktionalit\u00e4t \u2013 jetzt online bestellen!","robots":{"index":"index","follow":"follow","max-snippet":"max-snippet:-1","max-image-preview":"max-image-preview:large","max-video-preview":"max-video-preview:-1"},"canonical":"https:\/\/www.erresse-shop.it\/de\/shop\/toepfe-pfannen\/topfsets\/lagostina-set-24pz-sfiziosa\/","og_locale":"de_DE","og_type":"article","og_title":"LAGOSTINA Satz 24 St\u00fccke Sfiziosa","og_description":"Entdecken Sie LAGOSTINA Satz 24 St\u00fccke Sfiziosa bei ErresseShop. Qualit\u00e4t, Stil und Funktionalit\u00e4t \u2013 jetzt online bestellen!","og_url":"https:\/\/www.erresse-shop.it\/de\/shop\/toepfe-pfannen\/topfsets\/lagostina-set-24pz-sfiziosa\/","og_site_name":"Erresse Shop","article_modified_time":"2025-01-17T08:03:39+00:00","og_image":[{"width":555,"height":555,"url":"https:\/\/www.erresse-shop.it\/wp-content\/uploads\/2020\/06\/0008_Grancucina_groupage_24_pezzi.jpg","type":"image\/jpeg"}],"twitter_card":"summary_large_image","schema":{"@context":"https:\/\/schema.org","@graph":[{"@type":"WebPage","@id":"https:\/\/www.erresse-shop.it\/de\/shop\/toepfe-pfannen\/topfsets\/lagostina-set-24pz-sfiziosa\/","url":"https:\/\/www.erresse-shop.it\/de\/shop\/toepfe-pfannen\/topfsets\/lagostina-set-24pz-sfiziosa\/","name":"LAGOSTINA Satz 24 St\u00fccke Sfiziosa","isPartOf":{"@id":"https:\/\/www.erresse-shop.it\/de\/#website"},"datePublished":"2020-06-24T09:27:01+00:00","dateModified":"2025-01-17T08:03:39+00:00","description":"Entdecken Sie LAGOSTINA Satz 24 St\u00fccke Sfiziosa bei ErresseShop. Qualit\u00e4t, Stil und Funktionalit\u00e4t \u2013 jetzt online bestellen!","breadcrumb":{"@id":"https:\/\/www.erresse-shop.it\/de\/shop\/toepfe-pfannen\/topfsets\/lagostina-set-24pz-sfiziosa\/#breadcrumb"},"inLanguage":"de-DE","potentialAction":[{"@type":"ReadAction","target":["https:\/\/www.erresse-shop.it\/de\/shop\/toepfe-pfannen\/topfsets\/lagostina-set-24pz-sfiziosa\/"]}]},{"@type":"BreadcrumbList","@id":"https:\/\/www.erresse-shop.it\/de\/shop\/toepfe-pfannen\/topfsets\/lagostina-set-24pz-sfiziosa\/#breadcrumb","itemListElement":[{"@type":"ListItem","position":1,"name":"Home","item":"https:\/\/www.erresse-shop.it\/de\/"},{"@type":"ListItem","position":2,"name":"Shop","item":"https:\/\/www.erresse-shop.it\/de\/shop\/"},{"@type":"ListItem","position":3,"name":"LAGOSTINA Satz 24 St\u00fccke Sfiziosa"}]},{"@type":"WebSite","@id":"https:\/\/www.erresse-shop.it\/de\/#website","url":"https:\/\/www.erresse-shop.it\/de\/","name":"Erresse Shop","description":"Articoli di qualit\u00e0 per la casa","potentialAction":[{"@type":"SearchAction","target":{"@type":"EntryPoint","urlTemplate":"https:\/\/www.erresse-shop.it\/de\/?s={search_term_string}"},"query-input":"required name=search_term_string"}],"inLanguage":"de-DE"}]}},"df_price":244.5,"df_sale_price":244.5,"df_regular_price":489,"df_image_link":"https:\/\/www.erresse-shop.it\/wp-content\/uploads\/2020\/06\/0008_Grancucina_groupage_24_pezzi-300x300.jpg","_links":{"self":[{"href":"https:\/\/www.erresse-shop.it\/de\/wp-json\/wp\/v2\/product\/65065"}],"collection":[{"href":"https:\/\/www.erresse-shop.it\/de\/wp-json\/wp\/v2\/product"}],"about":[{"href":"https:\/\/www.erresse-shop.it\/de\/wp-json\/wp\/v2\/types\/product"}],"wp:featuredmedia":[{"embeddable":true,"href":"https:\/\/www.erresse-shop.it\/de\/wp-json\/wp\/v2\/media\/65071"}],"wp:attachment":[{"href":"https:\/\/www.erresse-shop.it\/de\/wp-json\/wp\/v2\/media?parent=65065"}],"wp:term":[{"taxonomy":"product_cat","embeddable":true,"href":"https:\/\/www.erresse-shop.it\/de\/wp-json\/wp\/v2\/product_cat?post=65065"},{"taxonomy":"product_tag","embeddable":true,"href":"https:\/\/www.erresse-shop.it\/de\/wp-json\/wp\/v2\/product_tag?post=65065"}],"curies":[{"name":"wp","href":"https:\/\/api.w.org\/{rel}","templated":true}]}}