{"id":64434,"date":"2020-06-16T14:30:16","date_gmt":"2020-06-16T14:30:16","guid":{"rendered":"https:\/\/www.erresse-shop.it\/?post_type=product&#038;p=64434"},"modified":"2025-01-17T08:14:49","modified_gmt":"2025-01-17T08:14:49","slug":"le-creuset-aluminium-antihaft-pfanne-oval","status":"publish","type":"product","link":"https:\/\/www.erresse-shop.it\/de\/shop\/toepfe-pfannen\/schmorpfannen\/le-creuset-aluminium-antihaft-pfanne-oval\/","title":{"rendered":"LE CREUSET  Aluminium-Antihaft Pfanne Oval"},"content":{"rendered":"<p><strong>Eigenschaften<\/strong><br \/>\nGro\u00dfartige Erg\u00e4nzungen: Erreichen Sie neue Geschmackserlebnisse, indem Sie Ihre bevorzugte Pfanne mit hitzebest\u00e4ndigen Glasdeckeln versehen, die wir separat anbieten.<br \/>\nDie Reinigung ist ein Traum: Mit unserer Antihaftbeschichtung lassen sich Speisen problemlos l\u00f6sen und die Reinigung ist kinderleicht.<br \/>\nStark durch und durch: Das Material wurde hart eloxiert, um eine effiziente W\u00e4rmeleitung und -verteilung zu schaffen, die ein gleichm\u00e4\u00dfiges Kochen erm\u00f6glicht.<br \/>\nH\u00e4lt l\u00e4nger: Unsere Pfannen sind abriebfest und so hergestellt, dass sie viele Jahre in Ihrer K\u00fcche erfreuen.<br \/>\nGes\u00fcnderes Kochen: Unsere widerstandsf\u00e4hige, PFOA-freie antihaftbeschichtete Oberfl\u00e4che ist f\u00fcr alle Bratweisen geeignet \u2013 auch ohne \u00d6l oder Fett.<\/p>\n<p><strong>Material<\/strong><br \/>\nGeschmiedetes Aluminium<\/p>\n<p><strong>Garantie<\/strong><br \/>\n30 Jahre<\/p>\n<p><a style=\"font-size: 13px;\" href=\"https:\/\/www.youtube.com\/watch?v=HDOljJrHsg0\" target=\"_blank\" rel=\"noopener\">See Movie 1<\/a><br style=\"font-size: 13px;\" \/><a style=\"font-size: 13px;\" href=\"https:\/\/www.youtube.com\/watch?v=ro9F2zRA4gE\" target=\"_blank\" rel=\"noopener\">See Movie 2<\/a><\/p>\n","protected":false},"excerpt":{"rendered":"<p>Eigenschaften Gro\u00dfartige Erg\u00e4nzungen: Erreichen Sie neue Geschmackserlebnisse, indem Sie Ihre bevorzugte Pfanne mit hitzebest\u00e4ndigen Glasdeckeln versehen, die wir separat anbieten.<\/p>\n","protected":false},"featured_media":181031,"template":"","meta":{"_acf_changed":false,"inline_featured_image":false},"product_cat":[6709,14798],"product_tag":[25088,11593,11597,25022],"acf":[],"yoast_head":"<!-- This site is optimized with the Yoast SEO Premium plugin v18.6 (Yoast SEO v19.13) - https:\/\/yoast.com\/wordpress\/plugins\/seo\/ -->\n<title>LE CREUSET Aluminium-Antihaft Pfanne Oval<\/title>\n<meta name=\"description\" content=\"Entdecken Sie LE CREUSET\u00a0 Aluminium-Antihaft Pfanne Oval bei ErresseShop. Qualit\u00e4t, Stil und Funktionalit\u00e4t \u2013 jetzt online bestellen!\" \/>\n<meta name=\"robots\" content=\"index, follow, max-snippet:-1, max-image-preview:large, max-video-preview:-1\" \/>\n<link rel=\"canonical\" href=\"https:\/\/www.erresse-shop.it\/de\/shop\/toepfe-pfannen\/schmorpfannen\/le-creuset-aluminium-antihaft-pfanne-oval\/\" \/>\n<meta property=\"og:locale\" content=\"de_DE\" \/>\n<meta property=\"og:type\" content=\"article\" \/>\n<meta property=\"og:title\" content=\"LE CREUSET Aluminium-Antihaft Pfanne Oval\" \/>\n<meta property=\"og:description\" content=\"Entdecken Sie LE CREUSET\u00a0 Aluminium-Antihaft Pfanne Oval bei ErresseShop. Qualit\u00e4t, Stil und Funktionalit\u00e4t \u2013 jetzt online bestellen!\" \/>\n<meta property=\"og:url\" content=\"https:\/\/www.erresse-shop.it\/de\/shop\/toepfe-pfannen\/schmorpfannen\/le-creuset-aluminium-antihaft-pfanne-oval\/\" \/>\n<meta property=\"og:site_name\" content=\"Erresse Shop\" \/>\n<meta property=\"article:modified_time\" content=\"2025-01-17T08:14:49+00:00\" \/>\n<meta property=\"og:image\" content=\"https:\/\/www.erresse-shop.it\/wp-content\/uploads\/2020\/06\/LE-CREUSET-Pesciera-41cm-3.jpg\" \/>\n\t<meta property=\"og:image:width\" content=\"800\" \/>\n\t<meta property=\"og:image:height\" content=\"800\" \/>\n\t<meta property=\"og:image:type\" content=\"image\/jpeg\" \/>\n<meta name=\"twitter:card\" content=\"summary_large_image\" \/>\n<script type=\"application\/ld+json\" class=\"yoast-schema-graph\">{\"@context\":\"https:\/\/schema.org\",\"@graph\":[{\"@type\":\"WebPage\",\"@id\":\"https:\/\/www.erresse-shop.it\/de\/shop\/toepfe-pfannen\/schmorpfannen\/le-creuset-aluminium-antihaft-pfanne-oval\/\",\"url\":\"https:\/\/www.erresse-shop.it\/de\/shop\/toepfe-pfannen\/schmorpfannen\/le-creuset-aluminium-antihaft-pfanne-oval\/\",\"name\":\"LE CREUSET Aluminium-Antihaft Pfanne Oval\",\"isPartOf\":{\"@id\":\"https:\/\/www.erresse-shop.it\/de\/#website\"},\"datePublished\":\"2020-06-16T14:30:16+00:00\",\"dateModified\":\"2025-01-17T08:14:49+00:00\",\"description\":\"Entdecken Sie LE CREUSET\u00a0 Aluminium-Antihaft Pfanne Oval bei ErresseShop. Qualit\u00e4t, Stil und Funktionalit\u00e4t \u2013 jetzt online bestellen!\",\"breadcrumb\":{\"@id\":\"https:\/\/www.erresse-shop.it\/de\/shop\/toepfe-pfannen\/schmorpfannen\/le-creuset-aluminium-antihaft-pfanne-oval\/#breadcrumb\"},\"inLanguage\":\"de-DE\",\"potentialAction\":[{\"@type\":\"ReadAction\",\"target\":[\"https:\/\/www.erresse-shop.it\/de\/shop\/toepfe-pfannen\/schmorpfannen\/le-creuset-aluminium-antihaft-pfanne-oval\/\"]}]},{\"@type\":\"BreadcrumbList\",\"@id\":\"https:\/\/www.erresse-shop.it\/de\/shop\/toepfe-pfannen\/schmorpfannen\/le-creuset-aluminium-antihaft-pfanne-oval\/#breadcrumb\",\"itemListElement\":[{\"@type\":\"ListItem\",\"position\":1,\"name\":\"Home\",\"item\":\"https:\/\/www.erresse-shop.it\/de\/\"},{\"@type\":\"ListItem\",\"position\":2,\"name\":\"Shop\",\"item\":\"https:\/\/www.erresse-shop.it\/de\/shop\/\"},{\"@type\":\"ListItem\",\"position\":3,\"name\":\"LE CREUSET Aluminium-Antihaft Pfanne Oval\"}]},{\"@type\":\"WebSite\",\"@id\":\"https:\/\/www.erresse-shop.it\/de\/#website\",\"url\":\"https:\/\/www.erresse-shop.it\/de\/\",\"name\":\"Erresse Shop\",\"description\":\"Articoli di qualit\u00e0 per la casa\",\"potentialAction\":[{\"@type\":\"SearchAction\",\"target\":{\"@type\":\"EntryPoint\",\"urlTemplate\":\"https:\/\/www.erresse-shop.it\/de\/?s={search_term_string}\"},\"query-input\":\"required name=search_term_string\"}],\"inLanguage\":\"de-DE\"}]}<\/script>\n<!-- \/ Yoast SEO Premium plugin. -->","yoast_head_json":{"title":"LE CREUSET Aluminium-Antihaft Pfanne Oval","description":"Entdecken Sie LE CREUSET\u00a0 Aluminium-Antihaft Pfanne Oval bei ErresseShop. Qualit\u00e4t, Stil und Funktionalit\u00e4t \u2013 jetzt online bestellen!","robots":{"index":"index","follow":"follow","max-snippet":"max-snippet:-1","max-image-preview":"max-image-preview:large","max-video-preview":"max-video-preview:-1"},"canonical":"https:\/\/www.erresse-shop.it\/de\/shop\/toepfe-pfannen\/schmorpfannen\/le-creuset-aluminium-antihaft-pfanne-oval\/","og_locale":"de_DE","og_type":"article","og_title":"LE CREUSET Aluminium-Antihaft Pfanne Oval","og_description":"Entdecken Sie LE CREUSET\u00a0 Aluminium-Antihaft Pfanne Oval bei ErresseShop. Qualit\u00e4t, Stil und Funktionalit\u00e4t \u2013 jetzt online bestellen!","og_url":"https:\/\/www.erresse-shop.it\/de\/shop\/toepfe-pfannen\/schmorpfannen\/le-creuset-aluminium-antihaft-pfanne-oval\/","og_site_name":"Erresse Shop","article_modified_time":"2025-01-17T08:14:49+00:00","og_image":[{"width":800,"height":800,"url":"https:\/\/www.erresse-shop.it\/wp-content\/uploads\/2020\/06\/LE-CREUSET-Pesciera-41cm-3.jpg","type":"image\/jpeg"}],"twitter_card":"summary_large_image","schema":{"@context":"https:\/\/schema.org","@graph":[{"@type":"WebPage","@id":"https:\/\/www.erresse-shop.it\/de\/shop\/toepfe-pfannen\/schmorpfannen\/le-creuset-aluminium-antihaft-pfanne-oval\/","url":"https:\/\/www.erresse-shop.it\/de\/shop\/toepfe-pfannen\/schmorpfannen\/le-creuset-aluminium-antihaft-pfanne-oval\/","name":"LE CREUSET Aluminium-Antihaft Pfanne Oval","isPartOf":{"@id":"https:\/\/www.erresse-shop.it\/de\/#website"},"datePublished":"2020-06-16T14:30:16+00:00","dateModified":"2025-01-17T08:14:49+00:00","description":"Entdecken Sie LE CREUSET\u00a0 Aluminium-Antihaft Pfanne Oval bei ErresseShop. Qualit\u00e4t, Stil und Funktionalit\u00e4t \u2013 jetzt online bestellen!","breadcrumb":{"@id":"https:\/\/www.erresse-shop.it\/de\/shop\/toepfe-pfannen\/schmorpfannen\/le-creuset-aluminium-antihaft-pfanne-oval\/#breadcrumb"},"inLanguage":"de-DE","potentialAction":[{"@type":"ReadAction","target":["https:\/\/www.erresse-shop.it\/de\/shop\/toepfe-pfannen\/schmorpfannen\/le-creuset-aluminium-antihaft-pfanne-oval\/"]}]},{"@type":"BreadcrumbList","@id":"https:\/\/www.erresse-shop.it\/de\/shop\/toepfe-pfannen\/schmorpfannen\/le-creuset-aluminium-antihaft-pfanne-oval\/#breadcrumb","itemListElement":[{"@type":"ListItem","position":1,"name":"Home","item":"https:\/\/www.erresse-shop.it\/de\/"},{"@type":"ListItem","position":2,"name":"Shop","item":"https:\/\/www.erresse-shop.it\/de\/shop\/"},{"@type":"ListItem","position":3,"name":"LE CREUSET Aluminium-Antihaft Pfanne Oval"}]},{"@type":"WebSite","@id":"https:\/\/www.erresse-shop.it\/de\/#website","url":"https:\/\/www.erresse-shop.it\/de\/","name":"Erresse Shop","description":"Articoli di qualit\u00e0 per la casa","potentialAction":[{"@type":"SearchAction","target":{"@type":"EntryPoint","urlTemplate":"https:\/\/www.erresse-shop.it\/de\/?s={search_term_string}"},"query-input":"required name=search_term_string"}],"inLanguage":"de-DE"}]}},"df_price":109.95,"df_sale_price":109.95,"df_regular_price":175,"df_image_link":"https:\/\/www.erresse-shop.it\/wp-content\/uploads\/2020\/06\/LE-CREUSET-Pesciera-41cm-3-300x300.jpg","_links":{"self":[{"href":"https:\/\/www.erresse-shop.it\/de\/wp-json\/wp\/v2\/product\/64434"}],"collection":[{"href":"https:\/\/www.erresse-shop.it\/de\/wp-json\/wp\/v2\/product"}],"about":[{"href":"https:\/\/www.erresse-shop.it\/de\/wp-json\/wp\/v2\/types\/product"}],"wp:featuredmedia":[{"embeddable":true,"href":"https:\/\/www.erresse-shop.it\/de\/wp-json\/wp\/v2\/media\/181031"}],"wp:attachment":[{"href":"https:\/\/www.erresse-shop.it\/de\/wp-json\/wp\/v2\/media?parent=64434"}],"wp:term":[{"taxonomy":"product_cat","embeddable":true,"href":"https:\/\/www.erresse-shop.it\/de\/wp-json\/wp\/v2\/product_cat?post=64434"},{"taxonomy":"product_tag","embeddable":true,"href":"https:\/\/www.erresse-shop.it\/de\/wp-json\/wp\/v2\/product_tag?post=64434"}],"curies":[{"name":"wp","href":"https:\/\/api.w.org\/{rel}","templated":true}]}}