{"id":64354,"date":"2020-06-16T13:24:07","date_gmt":"2020-06-16T13:24:08","guid":{"rendered":"https:\/\/www.erresse-shop.it\/?post_type=product&#038;p=64354"},"modified":"2025-01-17T08:14:46","modified_gmt":"2025-01-17T08:14:46","slug":"le-creuset-bistro-grillplatte-aus-gusseisen-32-cm-schwarz-mat","status":"publish","type":"product","link":"https:\/\/www.erresse-shop.it\/de\/shop\/toepfe-pfannen\/grillpfannen\/le-creuset-bistro-grillplatte-aus-gusseisen-32-cm-schwarz-mat\/","title":{"rendered":"LE CREUSET Bistro Grillplatte aus Gusseisen 32 cm Schwarz Mat"},"content":{"rendered":"<p>Die richtige Gr\u00f6\u00dfe f\u00fcr die ganze Familie! Mit dem runden Grill bereiten Sie Fleisch und Fisch f\u00fcr jedermann schnell und vor allem gesund zu. Genie\u00dfen Sie ein Barbecue, wann immer Sie wollen und auf jeder beliebigen W\u00e4rmequelle!<br \/>\nCreuset bietet eine gro\u00dfe Auswahl an Gusseisenplatten, das breiteste Angebot auf dem Markt. Entscheiden Sie sich f\u00fcr eine gesunde, fettarme K\u00fcche: Diese Pfanne braucht nur wenig \u00d6l! Die Bratpfannen von Le Creuset eignen sich hervorragend zum Braten von Fleisch, Huhn und Gem\u00fcse, wobei ihr ganzer Geschmack erhalten bleibt. Sie sind \u00e4u\u00dferst praktisch und k\u00f6nnen im Ofen und auf dem Grill verwendet werden. Unser ber\u00fchmtes Sortiment an emailliertem Gusseisen erm\u00f6glicht eine perfekte W\u00e4rmeverteilung und -speicherung. Die schwarze Emailleschicht ist haltbar, hygienisch und leicht zu reinigen. Probieren Sie es aus und die Ergebnisse werden Sie \u00fcberraschen.<\/p>\n<p>Charakteristika von emailliertem Gusseisen:<\/p>\n<p>&#8211; Gleichm\u00e4\u00dfige W\u00e4rmeverteilung ohne \u00dcberhitzungszonen.<br \/>\n&#8211; Ausgezeichnetes W\u00e4rmer\u00fcckhalteverm\u00f6gen.<br \/>\n&#8211; Griffe, die f\u00fcr einen guten Griff ausgelegt sind.<br \/>\n&#8211; Innen und au\u00dfen verglaste Oberfl\u00e4che. Es absorbiert weder Feuchtigkeit noch Geschmack oder Geruch von Lebensmitteln.<br \/>\n&#8211; Kompatibel mit allen W\u00e4rmequellen, einschlie\u00dflich Induktion.<br \/>\n&#8211; Leicht zu reinigen.<br \/>\n&#8211; Au\u00dfergew\u00f6hnliche Haltbarkeit.<br \/>\n&#8211; Lebenslange Garantie.<\/p>\n<p>Siehe Film 1<br \/>\nSiehe Film 2<\/p>\n","protected":false},"excerpt":{"rendered":"<p>Die richtige Gr\u00f6\u00dfe f\u00fcr die ganze Familie! Mit dem runden Grill bereiten Sie Fleisch und Fisch f\u00fcr jedermann schnell und<\/p>\n","protected":false},"featured_media":503207,"template":"","meta":{"_acf_changed":false,"inline_featured_image":false},"product_cat":[6823,6709],"product_tag":[11833,11383,12210,11385,13382,12211,14874,12315,12212],"acf":[],"yoast_head":"<!-- This site is optimized with the Yoast SEO Premium plugin v18.6 (Yoast SEO v19.13) - https:\/\/yoast.com\/wordpress\/plugins\/seo\/ -->\n<title>LE CREUSET Bistro Grillplatte aus Gusseisen 32 cm Schwarz Mat<\/title>\n<meta name=\"description\" content=\"Entdecken Sie LE CREUSET Bistro Grillplatte aus Gusseisen 32 cm Schwarz Mat bei ErresseShop. Qualit\u00e4t, Stil und Funktionalit\u00e4t \u2013 jetzt online bestellen!\" \/>\n<meta name=\"robots\" content=\"index, follow, max-snippet:-1, max-image-preview:large, max-video-preview:-1\" \/>\n<link rel=\"canonical\" href=\"https:\/\/www.erresse-shop.it\/de\/shop\/toepfe-pfannen\/grillpfannen\/le-creuset-bistro-grillplatte-aus-gusseisen-32-cm-schwarz-mat\/\" \/>\n<meta property=\"og:locale\" content=\"de_DE\" \/>\n<meta property=\"og:type\" content=\"article\" \/>\n<meta property=\"og:title\" content=\"LE CREUSET Bistro Grillplatte aus Gusseisen 32 cm Schwarz Mat\" \/>\n<meta property=\"og:description\" content=\"Entdecken Sie LE CREUSET Bistro Grillplatte aus Gusseisen 32 cm Schwarz Mat bei ErresseShop. Qualit\u00e4t, Stil und Funktionalit\u00e4t \u2013 jetzt online bestellen!\" \/>\n<meta property=\"og:url\" content=\"https:\/\/www.erresse-shop.it\/de\/shop\/toepfe-pfannen\/grillpfannen\/le-creuset-bistro-grillplatte-aus-gusseisen-32-cm-schwarz-mat\/\" \/>\n<meta property=\"og:site_name\" content=\"Erresse Shop\" \/>\n<meta property=\"article:modified_time\" content=\"2025-01-17T08:14:46+00:00\" \/>\n<meta property=\"og:image\" content=\"https:\/\/www.erresse-shop.it\/wp-content\/uploads\/2020\/06\/LE-CREUSET-Grill-Rotondo-Extralarge-32-cm-Nero.png\" \/>\n\t<meta property=\"og:image:width\" content=\"800\" \/>\n\t<meta property=\"og:image:height\" content=\"800\" \/>\n\t<meta property=\"og:image:type\" content=\"image\/png\" \/>\n<meta name=\"twitter:card\" content=\"summary_large_image\" \/>\n<script type=\"application\/ld+json\" class=\"yoast-schema-graph\">{\"@context\":\"https:\/\/schema.org\",\"@graph\":[{\"@type\":\"WebPage\",\"@id\":\"https:\/\/www.erresse-shop.it\/de\/shop\/toepfe-pfannen\/grillpfannen\/le-creuset-bistro-grillplatte-aus-gusseisen-32-cm-schwarz-mat\/\",\"url\":\"https:\/\/www.erresse-shop.it\/de\/shop\/toepfe-pfannen\/grillpfannen\/le-creuset-bistro-grillplatte-aus-gusseisen-32-cm-schwarz-mat\/\",\"name\":\"LE CREUSET Bistro Grillplatte aus Gusseisen 32 cm Schwarz Mat\",\"isPartOf\":{\"@id\":\"https:\/\/www.erresse-shop.it\/de\/#website\"},\"datePublished\":\"2020-06-16T13:24:08+00:00\",\"dateModified\":\"2025-01-17T08:14:46+00:00\",\"description\":\"Entdecken Sie LE CREUSET Bistro Grillplatte aus Gusseisen 32 cm Schwarz Mat bei ErresseShop. Qualit\u00e4t, Stil und Funktionalit\u00e4t \u2013 jetzt online bestellen!\",\"breadcrumb\":{\"@id\":\"https:\/\/www.erresse-shop.it\/de\/shop\/toepfe-pfannen\/grillpfannen\/le-creuset-bistro-grillplatte-aus-gusseisen-32-cm-schwarz-mat\/#breadcrumb\"},\"inLanguage\":\"de-DE\",\"potentialAction\":[{\"@type\":\"ReadAction\",\"target\":[\"https:\/\/www.erresse-shop.it\/de\/shop\/toepfe-pfannen\/grillpfannen\/le-creuset-bistro-grillplatte-aus-gusseisen-32-cm-schwarz-mat\/\"]}]},{\"@type\":\"BreadcrumbList\",\"@id\":\"https:\/\/www.erresse-shop.it\/de\/shop\/toepfe-pfannen\/grillpfannen\/le-creuset-bistro-grillplatte-aus-gusseisen-32-cm-schwarz-mat\/#breadcrumb\",\"itemListElement\":[{\"@type\":\"ListItem\",\"position\":1,\"name\":\"Home\",\"item\":\"https:\/\/www.erresse-shop.it\/de\/\"},{\"@type\":\"ListItem\",\"position\":2,\"name\":\"Shop\",\"item\":\"https:\/\/www.erresse-shop.it\/de\/shop\/\"},{\"@type\":\"ListItem\",\"position\":3,\"name\":\"LE CREUSET Bistro Grillplatte aus Gusseisen 32 cm Schwarz Mat\"}]},{\"@type\":\"WebSite\",\"@id\":\"https:\/\/www.erresse-shop.it\/de\/#website\",\"url\":\"https:\/\/www.erresse-shop.it\/de\/\",\"name\":\"Erresse Shop\",\"description\":\"Articoli di qualit\u00e0 per la casa\",\"potentialAction\":[{\"@type\":\"SearchAction\",\"target\":{\"@type\":\"EntryPoint\",\"urlTemplate\":\"https:\/\/www.erresse-shop.it\/de\/?s={search_term_string}\"},\"query-input\":\"required name=search_term_string\"}],\"inLanguage\":\"de-DE\"}]}<\/script>\n<!-- \/ Yoast SEO Premium plugin. -->","yoast_head_json":{"title":"LE CREUSET Bistro Grillplatte aus Gusseisen 32 cm Schwarz Mat","description":"Entdecken Sie LE CREUSET Bistro Grillplatte aus Gusseisen 32 cm Schwarz Mat bei ErresseShop. Qualit\u00e4t, Stil und Funktionalit\u00e4t \u2013 jetzt online bestellen!","robots":{"index":"index","follow":"follow","max-snippet":"max-snippet:-1","max-image-preview":"max-image-preview:large","max-video-preview":"max-video-preview:-1"},"canonical":"https:\/\/www.erresse-shop.it\/de\/shop\/toepfe-pfannen\/grillpfannen\/le-creuset-bistro-grillplatte-aus-gusseisen-32-cm-schwarz-mat\/","og_locale":"de_DE","og_type":"article","og_title":"LE CREUSET Bistro Grillplatte aus Gusseisen 32 cm Schwarz Mat","og_description":"Entdecken Sie LE CREUSET Bistro Grillplatte aus Gusseisen 32 cm Schwarz Mat bei ErresseShop. Qualit\u00e4t, Stil und Funktionalit\u00e4t \u2013 jetzt online bestellen!","og_url":"https:\/\/www.erresse-shop.it\/de\/shop\/toepfe-pfannen\/grillpfannen\/le-creuset-bistro-grillplatte-aus-gusseisen-32-cm-schwarz-mat\/","og_site_name":"Erresse Shop","article_modified_time":"2025-01-17T08:14:46+00:00","og_image":[{"width":800,"height":800,"url":"https:\/\/www.erresse-shop.it\/wp-content\/uploads\/2020\/06\/LE-CREUSET-Grill-Rotondo-Extralarge-32-cm-Nero.png","type":"image\/png"}],"twitter_card":"summary_large_image","schema":{"@context":"https:\/\/schema.org","@graph":[{"@type":"WebPage","@id":"https:\/\/www.erresse-shop.it\/de\/shop\/toepfe-pfannen\/grillpfannen\/le-creuset-bistro-grillplatte-aus-gusseisen-32-cm-schwarz-mat\/","url":"https:\/\/www.erresse-shop.it\/de\/shop\/toepfe-pfannen\/grillpfannen\/le-creuset-bistro-grillplatte-aus-gusseisen-32-cm-schwarz-mat\/","name":"LE CREUSET Bistro Grillplatte aus Gusseisen 32 cm Schwarz Mat","isPartOf":{"@id":"https:\/\/www.erresse-shop.it\/de\/#website"},"datePublished":"2020-06-16T13:24:08+00:00","dateModified":"2025-01-17T08:14:46+00:00","description":"Entdecken Sie LE CREUSET Bistro Grillplatte aus Gusseisen 32 cm Schwarz Mat bei ErresseShop. Qualit\u00e4t, Stil und Funktionalit\u00e4t \u2013 jetzt online bestellen!","breadcrumb":{"@id":"https:\/\/www.erresse-shop.it\/de\/shop\/toepfe-pfannen\/grillpfannen\/le-creuset-bistro-grillplatte-aus-gusseisen-32-cm-schwarz-mat\/#breadcrumb"},"inLanguage":"de-DE","potentialAction":[{"@type":"ReadAction","target":["https:\/\/www.erresse-shop.it\/de\/shop\/toepfe-pfannen\/grillpfannen\/le-creuset-bistro-grillplatte-aus-gusseisen-32-cm-schwarz-mat\/"]}]},{"@type":"BreadcrumbList","@id":"https:\/\/www.erresse-shop.it\/de\/shop\/toepfe-pfannen\/grillpfannen\/le-creuset-bistro-grillplatte-aus-gusseisen-32-cm-schwarz-mat\/#breadcrumb","itemListElement":[{"@type":"ListItem","position":1,"name":"Home","item":"https:\/\/www.erresse-shop.it\/de\/"},{"@type":"ListItem","position":2,"name":"Shop","item":"https:\/\/www.erresse-shop.it\/de\/shop\/"},{"@type":"ListItem","position":3,"name":"LE CREUSET Bistro Grillplatte aus Gusseisen 32 cm Schwarz Mat"}]},{"@type":"WebSite","@id":"https:\/\/www.erresse-shop.it\/de\/#website","url":"https:\/\/www.erresse-shop.it\/de\/","name":"Erresse Shop","description":"Articoli di qualit\u00e0 per la casa","potentialAction":[{"@type":"SearchAction","target":{"@type":"EntryPoint","urlTemplate":"https:\/\/www.erresse-shop.it\/de\/?s={search_term_string}"},"query-input":"required name=search_term_string"}],"inLanguage":"de-DE"}]}},"df_price":135.2,"df_sale_price":135.2,"df_regular_price":169,"df_image_link":"https:\/\/www.erresse-shop.it\/wp-content\/uploads\/2020\/06\/LE-CREUSET-Grill-Rotondo-Extralarge-32-cm-Nero-300x300.jpg","_links":{"self":[{"href":"https:\/\/www.erresse-shop.it\/de\/wp-json\/wp\/v2\/product\/64354"}],"collection":[{"href":"https:\/\/www.erresse-shop.it\/de\/wp-json\/wp\/v2\/product"}],"about":[{"href":"https:\/\/www.erresse-shop.it\/de\/wp-json\/wp\/v2\/types\/product"}],"wp:featuredmedia":[{"embeddable":true,"href":"https:\/\/www.erresse-shop.it\/de\/wp-json\/wp\/v2\/media\/503207"}],"wp:attachment":[{"href":"https:\/\/www.erresse-shop.it\/de\/wp-json\/wp\/v2\/media?parent=64354"}],"wp:term":[{"taxonomy":"product_cat","embeddable":true,"href":"https:\/\/www.erresse-shop.it\/de\/wp-json\/wp\/v2\/product_cat?post=64354"},{"taxonomy":"product_tag","embeddable":true,"href":"https:\/\/www.erresse-shop.it\/de\/wp-json\/wp\/v2\/product_tag?post=64354"}],"curies":[{"name":"wp","href":"https:\/\/api.w.org\/{rel}","templated":true}]}}