{"id":64285,"date":"2020-06-16T12:48:57","date_gmt":"2020-06-16T12:48:57","guid":{"rendered":"https:\/\/www.erresse-shop.it\/?post_type=product&#038;p=64285"},"modified":"2025-01-17T08:14:40","modified_gmt":"2025-01-17T08:14:40","slug":"le-creuset-aluminium-antihaft-sautepfanne-24-cm","status":"publish","type":"product","link":"https:\/\/www.erresse-shop.it\/de\/shop\/toepfe-pfannen\/schmorpfannen\/le-creuset-aluminium-antihaft-sautepfanne-24-cm\/","title":{"rendered":"LE CREUSET Antihaft-Aluminium-Saut\u00e9 24 cm"},"content":{"rendered":"<p>Unsere antihaftbeschichtete Schmorpfanne ist ideal f\u00fcr die Zubereitung schneller, k\u00f6stlicher und gesunder Gerichte und erf\u00fcllt die W\u00fcnsche jedes Kochs. Dank unseres besten Antihaftmaterials lassen sich Lebensmittel leicht l\u00f6sen, sodass Sie leicht und mit wenig Fett kochen k\u00f6nnen. Gleichzeitig verhindert der hohe Rand Spritzer und Kleckern. Dank des zus\u00e4tzlichen Griffs k\u00f6nnen Sie die Pfanne sicher und einfach anheben und bewegen.<\/p>\n<p><span style=\"text-decoration: underline;\"><strong>Funktionen:<\/strong><\/span><\/p>\n<ul>\n<li>Unsere beste Antihaftbeschichtung aller Zeiten: getestet, zuverl\u00e4ssig, lebenslang garantiert und viermal st\u00e4rker. (getestet in einem unabh\u00e4ngigen Labor mit Tests auf Abriebfestigkeit durch Metallwerkzeuge).<\/li>\n<li>Gleichm\u00e4\u00dfige W\u00e4rme: Seine Struktur hilft, die W\u00e4rme schnell und gleichm\u00e4\u00dfig zu leiten, ideal f\u00fcr die Zubereitung schneller und leckerer Mahlzeiten. Um au\u00dfergew\u00f6hnliche Ergebnisse zu erzielen, m\u00fcssen Sie nur bei niedrigen oder mittleren Temperaturen kochen.<\/li>\n<li>Gesundes Kochen, einfache Reinigung: Unsere Antihaftbeschichtung innen und au\u00dfen minimiert den Bedarf an \u00d6l und sorgt f\u00fcr eine einfache Reinigung.<\/li>\n<li>Es h\u00e4lt lange: Unsere Antihaft-Kollektion verf\u00fcgt \u00fcber eine starke und robuste Oberfl\u00e4che, die dem t\u00e4glichen Gebrauch standh\u00e4lt.<\/li>\n<li>Widerstandsschichten: Wir haben die drei Antihaftschichten verst\u00e4rkt und daf\u00fcr gesorgt, dass sie jahrelang halten.<\/li>\n<li>Unsere Produkte werden aus den besten Materialien in Fabriken auf der ganzen Welt hergestellt, um die Qualit\u00e4t zu gew\u00e4hrleisten, die Sie von Le Creuset erwarten.<\/li>\n<\/ul>\n<p><strong>Material:<\/strong> antihaftbeschichtetes Aluminium<br \/>\n<strong>Garantie:<\/strong> lebenslang<\/p>\n<p><span style=\"text-decoration: underline;\"><strong>W\u00e4rmequellen erlaubt:<\/strong><\/span><\/p>\n<ul>\n<li>Ofen im Grillmodus<\/li>\n<li>Ofen<\/li>\n<li>Elektroherd<\/li>\n<li>Keramikglas<\/li>\n<li>Gasherd<\/li>\n<li>Induktionskochfeld<\/li>\n<\/ul>\n<p><span style=\"text-decoration: underline;\"><strong>Reinigung:<\/strong><\/span><\/p>\n<ul>\n<li>Lassen Sie das Produkt vor dem Waschen einige Minuten vollst\u00e4ndig abk\u00fchlen. Tauchen Sie es nicht ein und f\u00fcllen Sie es nicht mit kaltem Wasser, wenn es hei\u00df ist: Pl\u00f6tzliche Temperaturschwankungen an der Oberfl\u00e4che k\u00f6nnen das Produkt besch\u00e4digen.<\/li>\n<li>Damit die Antihaftbeschichtung l\u00e4nger h\u00e4lt, empfehlen wir, sie von Hand in warmem Seifenwasser zu waschen, anstatt sie in der Sp\u00fclmaschine zu waschen.<\/li>\n<li>Verwenden Sie zum Reinigen der Oberfl\u00e4chen keine Scheuermittel oder Metallreiniger, Scheuerschw\u00e4mme oder sehr harte, steife B\u00fcrsten.<\/li>\n<\/ul>\n<p><a href=\"https:\/\/www.youtube.com\/watch?v=4uePt3-cGqk\"><div class=\"su-youtube su-u-responsive-media-yes\"><iframe loading=\"lazy\" width=\"500\" height=\"200\" src=\"https:\/\/www.youtube.com\/embed\/4uePt3-cGqk?\" frameborder=\"0\" allowfullscreen allow=\"autoplay; encrypted-media; picture-in-picture\" title=\"\"><\/iframe><\/div><\/a><\/p>\n","protected":false},"excerpt":{"rendered":"<p>Unsere antihaftbeschichtete Schmorpfanne ist ideal f\u00fcr die Zubereitung schneller, k\u00f6stlicher und gesunder Gerichte und erf\u00fcllt die W\u00fcnsche jedes Kochs. Dank<\/p>\n","protected":false},"featured_media":181205,"template":"","meta":{"_acf_changed":false,"inline_featured_image":false},"product_cat":[6709,14798],"product_tag":[25088,11593,13188,25022],"acf":[],"yoast_head":"<!-- This site is optimized with the Yoast SEO Premium plugin v18.6 (Yoast SEO v19.13) - https:\/\/yoast.com\/wordpress\/plugins\/seo\/ -->\n<title>LE CREUSET Antihaft-Aluminium-Saut\u00e9 24 cm<\/title>\n<meta name=\"description\" content=\"Entdecken Sie LE CREUSET Antihaft-Aluminium-Saut\u00e9 24 cm bei ErresseShop. Qualit\u00e4t, Stil und Funktionalit\u00e4t \u2013 jetzt online bestellen!\" \/>\n<meta name=\"robots\" content=\"index, follow, max-snippet:-1, max-image-preview:large, max-video-preview:-1\" \/>\n<link rel=\"canonical\" href=\"https:\/\/www.erresse-shop.it\/de\/shop\/toepfe-pfannen\/schmorpfannen\/le-creuset-aluminium-antihaft-sautepfanne-24-cm\/\" \/>\n<meta property=\"og:locale\" content=\"de_DE\" \/>\n<meta property=\"og:type\" content=\"article\" \/>\n<meta property=\"og:title\" content=\"LE CREUSET Antihaft-Aluminium-Saut\u00e9 24 cm\" \/>\n<meta property=\"og:description\" content=\"Entdecken Sie LE CREUSET Antihaft-Aluminium-Saut\u00e9 24 cm bei ErresseShop. Qualit\u00e4t, Stil und Funktionalit\u00e4t \u2013 jetzt online bestellen!\" \/>\n<meta property=\"og:url\" content=\"https:\/\/www.erresse-shop.it\/de\/shop\/toepfe-pfannen\/schmorpfannen\/le-creuset-aluminium-antihaft-sautepfanne-24-cm\/\" \/>\n<meta property=\"og:site_name\" content=\"Erresse Shop\" \/>\n<meta property=\"article:modified_time\" content=\"2025-01-17T08:14:40+00:00\" \/>\n<meta property=\"og:image\" content=\"https:\/\/www.erresse-shop.it\/wp-content\/uploads\/2020\/06\/LE-CREUSET-Saute-Alluminio-Antiaderente.jpg\" \/>\n\t<meta property=\"og:image:width\" content=\"800\" \/>\n\t<meta property=\"og:image:height\" content=\"800\" \/>\n\t<meta property=\"og:image:type\" content=\"image\/jpeg\" \/>\n<meta name=\"twitter:card\" content=\"summary_large_image\" \/>\n<script type=\"application\/ld+json\" class=\"yoast-schema-graph\">{\"@context\":\"https:\/\/schema.org\",\"@graph\":[{\"@type\":\"WebPage\",\"@id\":\"https:\/\/www.erresse-shop.it\/de\/shop\/toepfe-pfannen\/schmorpfannen\/le-creuset-aluminium-antihaft-sautepfanne-24-cm\/\",\"url\":\"https:\/\/www.erresse-shop.it\/de\/shop\/toepfe-pfannen\/schmorpfannen\/le-creuset-aluminium-antihaft-sautepfanne-24-cm\/\",\"name\":\"LE CREUSET Antihaft-Aluminium-Saut\u00e9 24 cm\",\"isPartOf\":{\"@id\":\"https:\/\/www.erresse-shop.it\/de\/#website\"},\"datePublished\":\"2020-06-16T12:48:57+00:00\",\"dateModified\":\"2025-01-17T08:14:40+00:00\",\"description\":\"Entdecken Sie LE CREUSET Antihaft-Aluminium-Saut\u00e9 24 cm bei ErresseShop. Qualit\u00e4t, Stil und Funktionalit\u00e4t \u2013 jetzt online bestellen!\",\"breadcrumb\":{\"@id\":\"https:\/\/www.erresse-shop.it\/de\/shop\/toepfe-pfannen\/schmorpfannen\/le-creuset-aluminium-antihaft-sautepfanne-24-cm\/#breadcrumb\"},\"inLanguage\":\"de-DE\",\"potentialAction\":[{\"@type\":\"ReadAction\",\"target\":[\"https:\/\/www.erresse-shop.it\/de\/shop\/toepfe-pfannen\/schmorpfannen\/le-creuset-aluminium-antihaft-sautepfanne-24-cm\/\"]}]},{\"@type\":\"BreadcrumbList\",\"@id\":\"https:\/\/www.erresse-shop.it\/de\/shop\/toepfe-pfannen\/schmorpfannen\/le-creuset-aluminium-antihaft-sautepfanne-24-cm\/#breadcrumb\",\"itemListElement\":[{\"@type\":\"ListItem\",\"position\":1,\"name\":\"Home\",\"item\":\"https:\/\/www.erresse-shop.it\/de\/\"},{\"@type\":\"ListItem\",\"position\":2,\"name\":\"Shop\",\"item\":\"https:\/\/www.erresse-shop.it\/de\/shop\/\"},{\"@type\":\"ListItem\",\"position\":3,\"name\":\"LE CREUSET Antihaft-Aluminium-Saut\u00e9 24 cm\"}]},{\"@type\":\"WebSite\",\"@id\":\"https:\/\/www.erresse-shop.it\/de\/#website\",\"url\":\"https:\/\/www.erresse-shop.it\/de\/\",\"name\":\"Erresse Shop\",\"description\":\"Articoli di qualit\u00e0 per la casa\",\"potentialAction\":[{\"@type\":\"SearchAction\",\"target\":{\"@type\":\"EntryPoint\",\"urlTemplate\":\"https:\/\/www.erresse-shop.it\/de\/?s={search_term_string}\"},\"query-input\":\"required name=search_term_string\"}],\"inLanguage\":\"de-DE\"}]}<\/script>\n<!-- \/ Yoast SEO Premium plugin. -->","yoast_head_json":{"title":"LE CREUSET Antihaft-Aluminium-Saut\u00e9 24 cm","description":"Entdecken Sie LE CREUSET Antihaft-Aluminium-Saut\u00e9 24 cm bei ErresseShop. Qualit\u00e4t, Stil und Funktionalit\u00e4t \u2013 jetzt online bestellen!","robots":{"index":"index","follow":"follow","max-snippet":"max-snippet:-1","max-image-preview":"max-image-preview:large","max-video-preview":"max-video-preview:-1"},"canonical":"https:\/\/www.erresse-shop.it\/de\/shop\/toepfe-pfannen\/schmorpfannen\/le-creuset-aluminium-antihaft-sautepfanne-24-cm\/","og_locale":"de_DE","og_type":"article","og_title":"LE CREUSET Antihaft-Aluminium-Saut\u00e9 24 cm","og_description":"Entdecken Sie LE CREUSET Antihaft-Aluminium-Saut\u00e9 24 cm bei ErresseShop. Qualit\u00e4t, Stil und Funktionalit\u00e4t \u2013 jetzt online bestellen!","og_url":"https:\/\/www.erresse-shop.it\/de\/shop\/toepfe-pfannen\/schmorpfannen\/le-creuset-aluminium-antihaft-sautepfanne-24-cm\/","og_site_name":"Erresse Shop","article_modified_time":"2025-01-17T08:14:40+00:00","og_image":[{"width":800,"height":800,"url":"https:\/\/www.erresse-shop.it\/wp-content\/uploads\/2020\/06\/LE-CREUSET-Saute-Alluminio-Antiaderente.jpg","type":"image\/jpeg"}],"twitter_card":"summary_large_image","schema":{"@context":"https:\/\/schema.org","@graph":[{"@type":"WebPage","@id":"https:\/\/www.erresse-shop.it\/de\/shop\/toepfe-pfannen\/schmorpfannen\/le-creuset-aluminium-antihaft-sautepfanne-24-cm\/","url":"https:\/\/www.erresse-shop.it\/de\/shop\/toepfe-pfannen\/schmorpfannen\/le-creuset-aluminium-antihaft-sautepfanne-24-cm\/","name":"LE CREUSET Antihaft-Aluminium-Saut\u00e9 24 cm","isPartOf":{"@id":"https:\/\/www.erresse-shop.it\/de\/#website"},"datePublished":"2020-06-16T12:48:57+00:00","dateModified":"2025-01-17T08:14:40+00:00","description":"Entdecken Sie LE CREUSET Antihaft-Aluminium-Saut\u00e9 24 cm bei ErresseShop. Qualit\u00e4t, Stil und Funktionalit\u00e4t \u2013 jetzt online bestellen!","breadcrumb":{"@id":"https:\/\/www.erresse-shop.it\/de\/shop\/toepfe-pfannen\/schmorpfannen\/le-creuset-aluminium-antihaft-sautepfanne-24-cm\/#breadcrumb"},"inLanguage":"de-DE","potentialAction":[{"@type":"ReadAction","target":["https:\/\/www.erresse-shop.it\/de\/shop\/toepfe-pfannen\/schmorpfannen\/le-creuset-aluminium-antihaft-sautepfanne-24-cm\/"]}]},{"@type":"BreadcrumbList","@id":"https:\/\/www.erresse-shop.it\/de\/shop\/toepfe-pfannen\/schmorpfannen\/le-creuset-aluminium-antihaft-sautepfanne-24-cm\/#breadcrumb","itemListElement":[{"@type":"ListItem","position":1,"name":"Home","item":"https:\/\/www.erresse-shop.it\/de\/"},{"@type":"ListItem","position":2,"name":"Shop","item":"https:\/\/www.erresse-shop.it\/de\/shop\/"},{"@type":"ListItem","position":3,"name":"LE CREUSET Antihaft-Aluminium-Saut\u00e9 24 cm"}]},{"@type":"WebSite","@id":"https:\/\/www.erresse-shop.it\/de\/#website","url":"https:\/\/www.erresse-shop.it\/de\/","name":"Erresse Shop","description":"Articoli di qualit\u00e0 per la casa","potentialAction":[{"@type":"SearchAction","target":{"@type":"EntryPoint","urlTemplate":"https:\/\/www.erresse-shop.it\/de\/?s={search_term_string}"},"query-input":"required name=search_term_string"}],"inLanguage":"de-DE"}]}},"df_price":80.55,"df_sale_price":80.55,"df_regular_price":179,"df_image_link":"https:\/\/www.erresse-shop.it\/wp-content\/uploads\/2020\/06\/LE-CREUSET-Saute-Alluminio-Antiaderente-300x300.jpg","_links":{"self":[{"href":"https:\/\/www.erresse-shop.it\/de\/wp-json\/wp\/v2\/product\/64285"}],"collection":[{"href":"https:\/\/www.erresse-shop.it\/de\/wp-json\/wp\/v2\/product"}],"about":[{"href":"https:\/\/www.erresse-shop.it\/de\/wp-json\/wp\/v2\/types\/product"}],"wp:featuredmedia":[{"embeddable":true,"href":"https:\/\/www.erresse-shop.it\/de\/wp-json\/wp\/v2\/media\/181205"}],"wp:attachment":[{"href":"https:\/\/www.erresse-shop.it\/de\/wp-json\/wp\/v2\/media?parent=64285"}],"wp:term":[{"taxonomy":"product_cat","embeddable":true,"href":"https:\/\/www.erresse-shop.it\/de\/wp-json\/wp\/v2\/product_cat?post=64285"},{"taxonomy":"product_tag","embeddable":true,"href":"https:\/\/www.erresse-shop.it\/de\/wp-json\/wp\/v2\/product_tag?post=64285"}],"curies":[{"name":"wp","href":"https:\/\/api.w.org\/{rel}","templated":true}]}}