{"id":64089,"date":"2020-06-12T14:09:14","date_gmt":"2020-06-12T14:09:14","guid":{"rendered":"https:\/\/www.erresse-shop.it\/?post_type=product&#038;p=64089"},"modified":"2025-01-17T08:14:35","modified_gmt":"2025-01-17T08:14:35","slug":"le-creuset-aluminium-antihaft-quadratische-bratreine-26-cm","status":"publish","type":"product","link":"https:\/\/www.erresse-shop.it\/de\/shop\/toepfe-pfannen\/toepfe-und-backformen\/le-creuset-aluminium-antihaft-quadratische-bratreine-26-cm\/","title":{"rendered":"LE CREUSET Aluminium-Antihaft quadratische Bratreine 26 cm"},"content":{"rendered":"<p>Kochen Sie k\u00f6stliche Sonntagsessen und einfache Alltagsgerichte an Wochentagen in dieser vielseitigen quadratischen Bratreine mit Antihaftbeschichtung. Es eignet sich hervorragend zum Braten, Backen, \u00dcberbacken oder Kochen im Wasserbad. Die rechteckige Form maximiert die Fl\u00e4che, w\u00e4hrend die hohen Seiten vor Spritzern sch\u00fctzen. Kann mit jeder W\u00e4rmequelle verwendet werden.<\/p>\n<p>Produktinformationen<br \/>\n&#8211; Eigenschaften: Unsere beste Antihaftbeschichtung: Getestet, bew\u00e4hrt und mit 30 Jahre Garantie ist unsere Antihaftbeschichtung jetzt 4x st\u00e4rker. (Die Abriebfestigkeit gegen\u00fcber Metallutensilien wurde in einem unabh\u00e4ngigen Labor getestet.)<br \/>\nGleichm\u00e4\u00dfige W\u00e4rme: Die Konstruktion erm\u00f6glicht eine schnelle und gleichm\u00e4\u00dfige W\u00e4rmeleitung, ideal f\u00fcr die Zubereitung schneller und leckerer Gerichte. F\u00fcr gro\u00dfartige Ergebnisse reicht es aus, bei niedriger oder mittlerer Temperatur zu kochen.<br \/>\nGesundes Kochen, einfache Reinigung: Unsere Antihaftbeschichtung, sowohl innen als auch au\u00dfen, minimiert die Menge des ben\u00f6tigten \u00d6ls und sorgt f\u00fcr eine einfache Reinigung.<br \/>\nBleibt in Form: Unser Aluminum-Antihaft-Sortiment hat eine starke und robuste Oberfl\u00e4che, die dem t\u00e4glichen Gebrauch standh\u00e4lt.<br \/>\nSt\u00e4rkere Schichten: Wir haben die drei Antihaft-Schichten verst\u00e4rkt und so gestaltet, dass sie noch jahrelang Freude bereiten.<br \/>\n&#8211; Material: Aluminium-Guss<br \/>\n&#8211; Garantie: 30 Jahre<\/p>\n<p>W\u00e4rmequelle<br \/>\n&#8211; Backofen<br \/>\n&#8211; Backofen mit Grillfunktion<br \/>\n&#8211; Elektroherd<br \/>\n&#8211; Glaskeramik-Kochfeld<br \/>\n&#8211; Gasherd<br \/>\n&#8211; Induktionsherd<\/p>\n<p>Abmessungen<br \/>\n&#8211; Fassungsverm\u00f6gen: 3.8 l<br \/>\n&#8211; L\u00e4nge: 32.1 cm<br \/>\n&#8211; Breite: 27 cm<br \/>\n&#8211; H\u00f6he: 11.2 cm<br \/>\n&#8211; Tiefe: 11 cm<\/p>\n<p>Gebrauch &amp; Pflege<br \/>\n&#8211; Aufbewahrung: F\u00fcr den Gefrierschrank geeignet<br \/>\n&#8211; Pflege: Sp\u00fclmaschinengeeignet<br \/>\n&#8211; Vor dem ersten Gebrauch: Wir w\u00fcnschen Ihnen viel Freude beim Auspacken Ihres neuen Einkaufs! (Entfernen Sie die Aufkleber und die Verpackung.)<br \/>\nSp\u00fclen Sie Ihr Produkt von Le Creuset vor dem ersten Gebrauch mit hei\u00dfem Sp\u00fclwasser; sp\u00fclen Sie es abschlie\u00dfend gr\u00fcndlich ab und trocknen Sie es.<br \/>\nReiben Sie die Innenseite der antihaftbeschichteten Oberfl\u00e4che leicht mit einem Tuch mit Pflanzen- oder Mais\u00f6l ein. Das Produkt danach mit hei\u00dfem Wasser absp\u00fclen und gut abtrocknen.<br \/>\nReiben Sie die schwarze \u00e4u\u00dfere Seitenwand NICHT mit \u00d6l ein.<br \/>\n&#8211; Kochen: Sch\u00fctzen Sie sich \u2013 verwenden Sie beim Umgang mit hei\u00dfen Gegenst\u00e4nden stets Ofenhandschuhe.<br \/>\nBeim Kochen empfehlen wir, K\u00fcchenhelfer aus Silikon, Holz oder hitzebest\u00e4ndigem Kunststoff von Le Creuset zu verwenden. Metallutensilien sollten mit Vorsicht verwendet werden. Sie sollten nicht stark \u00fcber die antihaftbeschichtete Oberfl\u00e4che kratzen oder schaben. Vermeiden Sie das Abklopfen von Metallutensilien am oberen Rand von antihaftbeschichteten Produkten, um Besch\u00e4digungen zu vermeiden. Verwenden Sie KEINE elektrischen oder batteriebetriebenen Handquirle oder Mixer, Messer oder scharfen Arbeitsger\u00e4te in antihaftbeschichteten Pfannen, da diese die Oberfl\u00e4che besch\u00e4digen k\u00f6nnen.<br \/>\nVerwenden Sie das Produkt auf dem Kochfeld mit der am besten geeigneten Gr\u00f6\u00dfe \u2013 dadurch werden Ihre Speisen gleichm\u00e4\u00dfiger gegart und das Risiko von Besch\u00e4digungen an den Griffen und Seiten verringert. Dies ist besonders wichtig bei Induktionsherden: Wenn Sie ein Kochfeld mit falschem Durchmesser verwenden, besteht die Gefahr, dass das Produkt vom Kochfeld nicht \u201eerkannt\u201c wird.<br \/>\nDas Kochen bei mittlerer oder niedriger Hitze bringt die besten Ergebnisse \u2013 auch beim Braten und Anbraten. Lassen Sie die Pfanne allm\u00e4hlich hei\u00df werden, um gleichm\u00e4\u00dfig gegarte, wohlschmeckende Gerichte zu erzielen. Sollten Sie dennoch eine hohe Temperatur ben\u00f6tigen, mindern Sie die Hitze, sobald die gew\u00fcnschte Temperatur erreicht ist.<br \/>\nErhitzen Sie Ihr Produkt zum fettfreien Kochen bei mittlerer Hitze etwa f\u00fcr 2 Minuten. Geben Sie dann Ihre Lebensmittel hinzu. Lassen Sie das Produkt nicht unbeaufsichtigt und achten Sie darauf, dass die trockene antihaftbeschichtete Oberfl\u00e4che nicht \u00fcberhitzt wird. Dies k\u00f6nnte zu Besch\u00e4digungen f\u00fchren.<br \/>\n\u00d6le mit einem niedrigen Rauchpunkt (z. B. Oliven\u00f6l) k\u00f6nnen bei h\u00f6heren Temperaturen dauerhafte Besch\u00e4digungen der antihaftbeschichteten Oberfl\u00e4che und Verf\u00e4rbungen verursachen. Verwenden Sie keine Speise\u00f6le zum Aufspr\u00fchen, da sie einen niedrigen Rauchpunkt haben.<br \/>\nVermeiden Sie beim Kochen auf Induktionsherden die \u201ePower\u201c-Funktion, da sie nur zum schnellen Erhitzen gro\u00dfer Wassermengen verwendet werden sollte.<br \/>\nSchieben Sie das Produkt niemals \u00fcber ein Glaskeramikfeld\/eine Herdplatte, da dies zu Besch\u00e4digungen der Unterseite des Produkts und der Glasplatte f\u00fchren kann. Heben Sie das Produkt stattdessen immer an und stellen Sie es auf der Oberfl\u00e4che ab.<br \/>\nBei Verwendung im Backofen mit Grillfunktion sollten Sie immer einen Abstand von mindestens 6,5 cm (2\u00bd Zoll) zwischen der W\u00e4rmequelle und der Oberseite Ihres Produkts einhalten.<br \/>\nDie besten Ergebnisse erhalten Sie, wenn Sie Ihr Produkt auf ein Rost oder Backblech stellen. Stellen Sie Ihr Produkt niemals auf den Boden Ihres Backofens \u2013 dies w\u00fcrde die Gartemperatur erh\u00f6hen und zu einem schnelleren, unkontrollierten Kochen f\u00fchren, was Besch\u00e4digungen zur Folge haben k\u00f6nnte.<br \/>\n&#8211; Reinigung: Lassen Sie das Produkt vor dem Reinigen ein paar Minuten abk\u00fchlen. Tauchen Sie es niemals hei\u00df in kaltes Wasser ein oder f\u00fcllen es nicht mit kaltem Wasser, da eine \u00fcberm\u00e4\u00dfige Ver\u00e4nderung der Oberfl\u00e4chentemperatur das Produkt besch\u00e4digen kann.<br \/>\nWir empfehlen eine Reinigung von Hand mit warmem Sp\u00fclwasser und nicht in der Sp\u00fclmaschine, da die antihaftbeschichtete Oberfl\u00e4che so l\u00e4nger h\u00e4lt.<br \/>\nVerwenden Sie auf keiner der Oberfl\u00e4chen scheuernde Reinigungsmittel oder Metall, raue oder sehr harte Reinigungspads bzw. -b\u00fcrsten.<\/p>\n","protected":false},"excerpt":{"rendered":"<p>Kochen Sie k\u00f6stliche Sonntagsessen und einfache Alltagsgerichte an Wochentagen in dieser vielseitigen quadratischen Bratreine mit Antihaftbeschichtung. Es eignet sich hervorragend<\/p>\n","protected":false},"featured_media":181381,"template":"","meta":{"_acf_changed":false,"inline_featured_image":false},"product_cat":[6709,14806],"product_tag":[25088,11593,13183,13184,25022],"acf":[],"yoast_head":"<!-- This site is optimized with the Yoast SEO Premium plugin v18.6 (Yoast SEO v19.13) - https:\/\/yoast.com\/wordpress\/plugins\/seo\/ -->\n<title>LE CREUSET Aluminium-Antihaft quadratische Bratreine 26 cm<\/title>\n<meta name=\"description\" content=\"Entdecken Sie LE CREUSET Aluminium-Antihaft quadratische Bratreine 26 cm bei ErresseShop. Qualit\u00e4t, Stil und Funktionalit\u00e4t \u2013 jetzt online bestellen!\" \/>\n<meta name=\"robots\" content=\"index, follow, max-snippet:-1, max-image-preview:large, max-video-preview:-1\" \/>\n<link rel=\"canonical\" href=\"https:\/\/www.erresse-shop.it\/de\/shop\/toepfe-pfannen\/toepfe-und-backformen\/le-creuset-aluminium-antihaft-quadratische-bratreine-26-cm\/\" \/>\n<meta property=\"og:locale\" content=\"de_DE\" \/>\n<meta property=\"og:type\" content=\"article\" \/>\n<meta property=\"og:title\" content=\"LE CREUSET Aluminium-Antihaft quadratische Bratreine 26 cm\" \/>\n<meta property=\"og:description\" content=\"Entdecken Sie LE CREUSET Aluminium-Antihaft quadratische Bratreine 26 cm bei ErresseShop. Qualit\u00e4t, Stil und Funktionalit\u00e4t \u2013 jetzt online bestellen!\" \/>\n<meta property=\"og:url\" content=\"https:\/\/www.erresse-shop.it\/de\/shop\/toepfe-pfannen\/toepfe-und-backformen\/le-creuset-aluminium-antihaft-quadratische-bratreine-26-cm\/\" \/>\n<meta property=\"og:site_name\" content=\"Erresse Shop\" \/>\n<meta property=\"article:modified_time\" content=\"2025-01-17T08:14:35+00:00\" \/>\n<meta property=\"og:image\" content=\"https:\/\/www.erresse-shop.it\/wp-content\/uploads\/2020\/06\/LE-CREUSET-Arrostiera-Quadrata-Alluminio-4.jpg\" \/>\n\t<meta property=\"og:image:width\" content=\"800\" \/>\n\t<meta property=\"og:image:height\" content=\"800\" \/>\n\t<meta property=\"og:image:type\" content=\"image\/jpeg\" \/>\n<meta name=\"twitter:card\" content=\"summary_large_image\" \/>\n<script type=\"application\/ld+json\" class=\"yoast-schema-graph\">{\"@context\":\"https:\/\/schema.org\",\"@graph\":[{\"@type\":\"WebPage\",\"@id\":\"https:\/\/www.erresse-shop.it\/de\/shop\/toepfe-pfannen\/toepfe-und-backformen\/le-creuset-aluminium-antihaft-quadratische-bratreine-26-cm\/\",\"url\":\"https:\/\/www.erresse-shop.it\/de\/shop\/toepfe-pfannen\/toepfe-und-backformen\/le-creuset-aluminium-antihaft-quadratische-bratreine-26-cm\/\",\"name\":\"LE CREUSET Aluminium-Antihaft quadratische Bratreine 26 cm\",\"isPartOf\":{\"@id\":\"https:\/\/www.erresse-shop.it\/de\/#website\"},\"datePublished\":\"2020-06-12T14:09:14+00:00\",\"dateModified\":\"2025-01-17T08:14:35+00:00\",\"description\":\"Entdecken Sie LE CREUSET Aluminium-Antihaft quadratische Bratreine 26 cm bei ErresseShop. Qualit\u00e4t, Stil und Funktionalit\u00e4t \u2013 jetzt online bestellen!\",\"breadcrumb\":{\"@id\":\"https:\/\/www.erresse-shop.it\/de\/shop\/toepfe-pfannen\/toepfe-und-backformen\/le-creuset-aluminium-antihaft-quadratische-bratreine-26-cm\/#breadcrumb\"},\"inLanguage\":\"de-DE\",\"potentialAction\":[{\"@type\":\"ReadAction\",\"target\":[\"https:\/\/www.erresse-shop.it\/de\/shop\/toepfe-pfannen\/toepfe-und-backformen\/le-creuset-aluminium-antihaft-quadratische-bratreine-26-cm\/\"]}]},{\"@type\":\"BreadcrumbList\",\"@id\":\"https:\/\/www.erresse-shop.it\/de\/shop\/toepfe-pfannen\/toepfe-und-backformen\/le-creuset-aluminium-antihaft-quadratische-bratreine-26-cm\/#breadcrumb\",\"itemListElement\":[{\"@type\":\"ListItem\",\"position\":1,\"name\":\"Home\",\"item\":\"https:\/\/www.erresse-shop.it\/de\/\"},{\"@type\":\"ListItem\",\"position\":2,\"name\":\"Shop\",\"item\":\"https:\/\/www.erresse-shop.it\/de\/shop\/\"},{\"@type\":\"ListItem\",\"position\":3,\"name\":\"LE CREUSET Aluminium-Antihaft quadratische Bratreine 26 cm\"}]},{\"@type\":\"WebSite\",\"@id\":\"https:\/\/www.erresse-shop.it\/de\/#website\",\"url\":\"https:\/\/www.erresse-shop.it\/de\/\",\"name\":\"Erresse Shop\",\"description\":\"Articoli di qualit\u00e0 per la casa\",\"potentialAction\":[{\"@type\":\"SearchAction\",\"target\":{\"@type\":\"EntryPoint\",\"urlTemplate\":\"https:\/\/www.erresse-shop.it\/de\/?s={search_term_string}\"},\"query-input\":\"required name=search_term_string\"}],\"inLanguage\":\"de-DE\"}]}<\/script>\n<!-- \/ Yoast SEO Premium plugin. -->","yoast_head_json":{"title":"LE CREUSET Aluminium-Antihaft quadratische Bratreine 26 cm","description":"Entdecken Sie LE CREUSET Aluminium-Antihaft quadratische Bratreine 26 cm bei ErresseShop. Qualit\u00e4t, Stil und Funktionalit\u00e4t \u2013 jetzt online bestellen!","robots":{"index":"index","follow":"follow","max-snippet":"max-snippet:-1","max-image-preview":"max-image-preview:large","max-video-preview":"max-video-preview:-1"},"canonical":"https:\/\/www.erresse-shop.it\/de\/shop\/toepfe-pfannen\/toepfe-und-backformen\/le-creuset-aluminium-antihaft-quadratische-bratreine-26-cm\/","og_locale":"de_DE","og_type":"article","og_title":"LE CREUSET Aluminium-Antihaft quadratische Bratreine 26 cm","og_description":"Entdecken Sie LE CREUSET Aluminium-Antihaft quadratische Bratreine 26 cm bei ErresseShop. Qualit\u00e4t, Stil und Funktionalit\u00e4t \u2013 jetzt online bestellen!","og_url":"https:\/\/www.erresse-shop.it\/de\/shop\/toepfe-pfannen\/toepfe-und-backformen\/le-creuset-aluminium-antihaft-quadratische-bratreine-26-cm\/","og_site_name":"Erresse Shop","article_modified_time":"2025-01-17T08:14:35+00:00","og_image":[{"width":800,"height":800,"url":"https:\/\/www.erresse-shop.it\/wp-content\/uploads\/2020\/06\/LE-CREUSET-Arrostiera-Quadrata-Alluminio-4.jpg","type":"image\/jpeg"}],"twitter_card":"summary_large_image","schema":{"@context":"https:\/\/schema.org","@graph":[{"@type":"WebPage","@id":"https:\/\/www.erresse-shop.it\/de\/shop\/toepfe-pfannen\/toepfe-und-backformen\/le-creuset-aluminium-antihaft-quadratische-bratreine-26-cm\/","url":"https:\/\/www.erresse-shop.it\/de\/shop\/toepfe-pfannen\/toepfe-und-backformen\/le-creuset-aluminium-antihaft-quadratische-bratreine-26-cm\/","name":"LE CREUSET Aluminium-Antihaft quadratische Bratreine 26 cm","isPartOf":{"@id":"https:\/\/www.erresse-shop.it\/de\/#website"},"datePublished":"2020-06-12T14:09:14+00:00","dateModified":"2025-01-17T08:14:35+00:00","description":"Entdecken Sie LE CREUSET Aluminium-Antihaft quadratische Bratreine 26 cm bei ErresseShop. Qualit\u00e4t, Stil und Funktionalit\u00e4t \u2013 jetzt online bestellen!","breadcrumb":{"@id":"https:\/\/www.erresse-shop.it\/de\/shop\/toepfe-pfannen\/toepfe-und-backformen\/le-creuset-aluminium-antihaft-quadratische-bratreine-26-cm\/#breadcrumb"},"inLanguage":"de-DE","potentialAction":[{"@type":"ReadAction","target":["https:\/\/www.erresse-shop.it\/de\/shop\/toepfe-pfannen\/toepfe-und-backformen\/le-creuset-aluminium-antihaft-quadratische-bratreine-26-cm\/"]}]},{"@type":"BreadcrumbList","@id":"https:\/\/www.erresse-shop.it\/de\/shop\/toepfe-pfannen\/toepfe-und-backformen\/le-creuset-aluminium-antihaft-quadratische-bratreine-26-cm\/#breadcrumb","itemListElement":[{"@type":"ListItem","position":1,"name":"Home","item":"https:\/\/www.erresse-shop.it\/de\/"},{"@type":"ListItem","position":2,"name":"Shop","item":"https:\/\/www.erresse-shop.it\/de\/shop\/"},{"@type":"ListItem","position":3,"name":"LE CREUSET Aluminium-Antihaft quadratische Bratreine 26 cm"}]},{"@type":"WebSite","@id":"https:\/\/www.erresse-shop.it\/de\/#website","url":"https:\/\/www.erresse-shop.it\/de\/","name":"Erresse Shop","description":"Articoli di qualit\u00e0 per la casa","potentialAction":[{"@type":"SearchAction","target":{"@type":"EntryPoint","urlTemplate":"https:\/\/www.erresse-shop.it\/de\/?s={search_term_string}"},"query-input":"required name=search_term_string"}],"inLanguage":"de-DE"}]}},"df_price":109.95,"df_sale_price":109.95,"df_regular_price":169,"df_image_link":"https:\/\/www.erresse-shop.it\/wp-content\/uploads\/2020\/06\/LE-CREUSET-Arrostiera-Quadrata-Alluminio-4-300x300.jpg","_links":{"self":[{"href":"https:\/\/www.erresse-shop.it\/de\/wp-json\/wp\/v2\/product\/64089"}],"collection":[{"href":"https:\/\/www.erresse-shop.it\/de\/wp-json\/wp\/v2\/product"}],"about":[{"href":"https:\/\/www.erresse-shop.it\/de\/wp-json\/wp\/v2\/types\/product"}],"wp:featuredmedia":[{"embeddable":true,"href":"https:\/\/www.erresse-shop.it\/de\/wp-json\/wp\/v2\/media\/181381"}],"wp:attachment":[{"href":"https:\/\/www.erresse-shop.it\/de\/wp-json\/wp\/v2\/media?parent=64089"}],"wp:term":[{"taxonomy":"product_cat","embeddable":true,"href":"https:\/\/www.erresse-shop.it\/de\/wp-json\/wp\/v2\/product_cat?post=64089"},{"taxonomy":"product_tag","embeddable":true,"href":"https:\/\/www.erresse-shop.it\/de\/wp-json\/wp\/v2\/product_tag?post=64089"}],"curies":[{"name":"wp","href":"https:\/\/api.w.org\/{rel}","templated":true}]}}