{"id":64033,"date":"2020-06-12T13:26:59","date_gmt":"2020-06-12T13:26:59","guid":{"rendered":"https:\/\/www.erresse-shop.it\/?post_type=product&#038;p=64033"},"modified":"2025-01-17T08:14:31","modified_gmt":"2025-01-17T08:14:31","slug":"le-creuset-aluminium-antihaft-fleischtopf-24-cm","status":"publish","type":"product","link":"https:\/\/www.erresse-shop.it\/de\/shop\/toepfe-pfannen\/toepfe-und-kochtoepfen\/le-creuset-aluminium-antihaft-fleischtopf-24-cm\/","title":{"rendered":"LE CREUSET Aluminium-Antihaft Fleischtopf 24 cm"},"content":{"rendered":"<p>Suppen. Schmorgerichte. Chili. Aufl\u00e4ufe. Kreieren Sie alle erdenklichen herzhaften Gerichte in diesem robusten Topf. Das zeitlose, stilvolle Design ist perfekt, um mit diesem Topf in der K\u00fcche zu kochen und auf dem Tisch zu servieren. Dank unserer erstklassigen Antihaftbeschichtung innen lassen sich Speisen leicht l\u00f6sen, was das Kochen und Reinigen m\u00fchelos macht. Der Glasdeckel schlie\u00dft Aromen und Feuchtigkeit ein.<\/p>\n<p>Produktinformationen<br \/>\n&#8211; Eigenschaften: Die Reinigung ist ein Traum: Mit unserer Antihaftbeschichtung lassen sich Speisen problemlos l\u00f6sen und die Reinigung ist kinderleicht.<br \/>\nGeschmack im Blick: Der hitzebest\u00e4ndige Glasdeckel erm\u00f6glicht es Ihnen, die Gerichte zu kontrollieren, ohne ihn anzuheben und den Kochvorgang zu st\u00f6ren.<br \/>\nUnsere beste Antihaftbeschichtung: Getestet, bew\u00e4hrt und mit 30 Jahren Garantie ist unsere Antihaftbeschichtung jetzt 4x st\u00e4rker. (Die Abriebfestigkeit gegen\u00fcber Metallutensilien wurde in einem unabh\u00e4ngigen Labor getestet.)<br \/>\nStark durch und durch: Das Material wurde hart eloxiert, um eine effiziente W\u00e4rmeleitung und -verteilung zu schaffen, die ein gleichm\u00e4\u00dfiges Kochen erm\u00f6glicht.<br \/>\nH\u00e4lt l\u00e4nger: Unsere Pfannen sind abriebfest und so hergestellt, dass sie viele Jahre in Ihrer K\u00fcche erfreuen.<br \/>\nGes\u00fcnderes Kochen: Unsere widerstandsf\u00e4hige, PFOA-freie antihaftbeschichtete Oberfl\u00e4che ist f\u00fcr alle Bratweisen geeignet \u2013 auch ohne \u00d6l oder Fett.<br \/>\n&#8211; Material: Geschmiedetes Aluminium (harteloxiert)<br \/>\n&#8211; Garantie: 30 Jahre<\/p>\n<p>W\u00e4rmequelle<br \/>\n&#8211; Backofen mit Grillfunktion<br \/>\n&#8211; Backofen<br \/>\n&#8211; Elektroherd<br \/>\n&#8211; Glaskeramik-Kochfeld<br \/>\n&#8211; Gasherd<br \/>\n&#8211; Induktionsherd<\/p>\n<p>Abmessungen<br \/>\n&#8211; Fassungsverm\u00f6gen: 6 l<br \/>\n&#8211; L\u00e4nge: 34.5 cm<br \/>\n&#8211; Breite: 25.1 cm<br \/>\n&#8211; H\u00f6he: 20.5 cm<\/p>\n<p>Gebrauch &amp; Pflege<br \/>\n&#8211; Aufbewahrung: F\u00fcr den Gefrierschrank geeignet<br \/>\n&#8211; Pflege: Sp\u00fclmaschinengeeignet<br \/>\n&#8211; Vor dem ersten Gebrauch: Wir w\u00fcnschen Ihnen viel Freude beim Auspacken Ihres neuen Einkaufs! (Entfernen Sie die Aufkleber und die Verpackung.)<br \/>\nSp\u00fclen Sie Ihr Produkt von Le Creuset vor dem ersten Gebrauch mit hei\u00dfem Sp\u00fclwasser; sp\u00fclen Sie es abschlie\u00dfend gr\u00fcndlich ab und trocknen Sie es.<br \/>\nReiben Sie die Innenseite der antihaftbeschichteten Oberfl\u00e4che leicht mit einem Tuch mit Pflanzen- oder Mais\u00f6l ein. Sp\u00fclen\u00b7Sie das\u00b7Produkt danach mit hei\u00dfem Wasser ab und trocknen Sie es gut ab.<br \/>\nReiben Sie die schwarze \u00e4u\u00dfere Seitenwand nicht mit \u00d6l ein.<br \/>\n&#8211; Kochen: Sch\u00fctzen Sie sich \u2013 verwenden Sie beim Umgang mit hei\u00dfen Gegenst\u00e4nden stets Ofenhandschuhe.<br \/>\nBeim Kochen empfehlen wir, ein K\u00fcchenhelfer aus Silikon, Holz oder hitzebest\u00e4ndigem Kunststoff von Le Creuset zu verwenden. Metallutensilien sollten mit Vorsicht verwendet werden. Sie sollten nicht stark \u00fcber die antihaftbeschichtete Oberfl\u00e4che kratzen oder schaben. Vermeiden Sie das Abklopfen von Metallutensilien am oberen Rand von antihaftbeschichteten Produkten, um Besch\u00e4digungen zu vermeiden. Verwenden Sie KEINE elektrischen oder batteriebetriebenen Handquirle oder Mixer, Messer oder scharfen Arbeitsger\u00e4te in antihaftbeschichteten Pfannen, da diese die Oberfl\u00e4che besch\u00e4digen k\u00f6nnen.<br \/>\nVerwenden Sie das Produkt auf dem Kochfeld mit der am besten geeigneten Gr\u00f6\u00dfe \u2013 dadurch werden Ihre Speisen gleichm\u00e4\u00dfiger gegart und das Risiko von Besch\u00e4digungen an den Griffen und Seiten verringert. Dies ist besonders wichtig bei Induktionsherden: Wenn Sie ein Kochfeld mit falschem Durchmesser verwenden, besteht die Gefahr, dass das Produkt vom Kochfeld nicht \u201eerkannt\u201c wird.<br \/>\nDas Kochen bei mittlerer oder niedriger Hitze bringt die besten Ergebnisse \u2013 auch beim Braten und Anbraten. Lassen Sie die Pfanne gleichm\u00e4ssig hei\u00df werden, um gegarte, wohlschmeckende Gerichte zu erzielen. Sollten Sie dennoch eine hohe Temperatur ben\u00f6tigen, reduzieren Sie die Hitze, sobald die gew\u00fcnschte Temperatur erreicht ist.<br \/>\nErhitzen Sie Ihr Produkt zum fettfreien Kochen bei mittlerer Hitze etwa f\u00fcr 2 Minuten. Geben Sie dann Ihre Lebensmittel hinzu. Lassen Sie das Produkt nicht unbeaufsichtigt und achten Sie darauf, dass die trockene antihaftbeschichtete Oberfl\u00e4che nicht \u00fcberhitzt wird. Dies k\u00f6nnte zu Besch\u00e4digungen f\u00fchren.<br \/>\nKochzutaten mit einem niedrigen Rauchpunkt (z. B. Oliven\u00f6l) k\u00f6nnen bei h\u00f6heren Temperaturen dauerhafte Besch\u00e4digungen der antihaftbeschichteten Oberfl\u00e4che und Verf\u00e4rbungen verursachen. Verwenden Sie keine Speise\u00f6le zum Aufspr\u00fchen, da sie einen niedrigen Rauchpunkt haben.<br \/>\nVermeiden Sie beim Kochen auf Induktionsherden die \u201ePower\u201c-Funktion, da sie nur zum schnellen Erhitzen gro\u00dfer Wassermengen verwendet werden sollte.<br \/>\nSchieben Sie das Produkt niemals \u00fcber eine Glaskochmulde\/Herdplatte, da dies zu Besch\u00e4digungen der Unterseite des Produkts und der Glasplatte f\u00fchren kann. Heben Sie das Produkt stattdessen immer an und stellen Sie es auf der Oberfl\u00e4che ab.<br \/>\nBei Verwendung im Backofen mit Grillfunktion sollten Sie immer einen Abstand von mindestens 6,5 cm (2\u00bd Zoll) zwischen der W\u00e4rmequelle und der Oberseite Ihres Produkts einhalten.<br \/>\nDie besten Ergebnisse erhalten Sie, wenn Sie Ihr Produkt auf ein Rost oder Backblech stellen. Stellen Sie Ihr Produkt niemals auf den Boden Ihres Backofens \u2013 dies w\u00fcrde die Gartemperatur erh\u00f6hen und zu einem schnelleren, unkontrollierten Kochen f\u00fchren, was Besch\u00e4digungen zur Folge haben k\u00f6nnte.<br \/>\n&#8211; Reinigung: Lassen Sie das Produkt vor dem Reinigen ein paar Minuten abk\u00fchlen. Tauchen Sie es niemals hei\u00df in kaltes Wasser ein oder f\u00fcllen es nicht mit kaltem Wasser, da eine \u00fcberm\u00e4\u00dfige Ver\u00e4nderung der Oberfl\u00e4chentemperatur das Produkt besch\u00e4digen kann.<br \/>\nWir empfehlen eine Reinigung von Hand mit warmem Sp\u00fclwasser und nicht in der Sp\u00fclmaschine, da die antihaftbeschichtete Oberfl\u00e4che so l\u00e4nger h\u00e4lt.<br \/>\nVerwenden Sie auf keiner der Oberfl\u00e4chen scheuernde Reinigungsmittel oder Metall, raue oder sehr harte Reinigungspads bzw. -b\u00fcrsten.<\/p>\n","protected":false},"excerpt":{"rendered":"<p>Suppen. Schmorgerichte. Chili. Aufl\u00e4ufe. Kreieren Sie alle erdenklichen herzhaften Gerichte in diesem robusten Topf. Das zeitlose, stilvolle Design ist perfekt,<\/p>\n","protected":false},"featured_media":181424,"template":"","meta":{"_acf_changed":false,"inline_featured_image":false},"product_cat":[6709,14776],"product_tag":[25088,11593,25022],"acf":[],"yoast_head":"<!-- This site is optimized with the Yoast SEO Premium plugin v18.6 (Yoast SEO v19.13) - https:\/\/yoast.com\/wordpress\/plugins\/seo\/ -->\n<title>LE CREUSET Aluminium-Antihaft Fleischtopf 24 cm<\/title>\n<meta name=\"description\" content=\"Entdecken Sie LE CREUSET Aluminium-Antihaft Fleischtopf 24 cm bei ErresseShop. Qualit\u00e4t, Stil und Funktionalit\u00e4t \u2013 jetzt online bestellen!\" \/>\n<meta name=\"robots\" content=\"index, follow, max-snippet:-1, max-image-preview:large, max-video-preview:-1\" \/>\n<link rel=\"canonical\" href=\"https:\/\/www.erresse-shop.it\/de\/shop\/toepfe-pfannen\/toepfe-und-kochtoepfen\/le-creuset-aluminium-antihaft-fleischtopf-24-cm\/\" \/>\n<meta property=\"og:locale\" content=\"de_DE\" \/>\n<meta property=\"og:type\" content=\"article\" \/>\n<meta property=\"og:title\" content=\"LE CREUSET Aluminium-Antihaft Fleischtopf 24 cm\" \/>\n<meta property=\"og:description\" content=\"Entdecken Sie LE CREUSET Aluminium-Antihaft Fleischtopf 24 cm bei ErresseShop. Qualit\u00e4t, Stil und Funktionalit\u00e4t \u2013 jetzt online bestellen!\" \/>\n<meta property=\"og:url\" content=\"https:\/\/www.erresse-shop.it\/de\/shop\/toepfe-pfannen\/toepfe-und-kochtoepfen\/le-creuset-aluminium-antihaft-fleischtopf-24-cm\/\" \/>\n<meta property=\"og:site_name\" content=\"Erresse Shop\" \/>\n<meta property=\"article:modified_time\" content=\"2025-01-17T08:14:31+00:00\" \/>\n<meta property=\"og:image\" content=\"https:\/\/www.erresse-shop.it\/wp-content\/uploads\/2020\/06\/LE-CREUSET-Pentola-Alluminio-Coperchio-2.jpg\" \/>\n\t<meta property=\"og:image:width\" content=\"800\" \/>\n\t<meta property=\"og:image:height\" content=\"800\" \/>\n\t<meta property=\"og:image:type\" content=\"image\/jpeg\" \/>\n<meta name=\"twitter:card\" content=\"summary_large_image\" \/>\n<script type=\"application\/ld+json\" class=\"yoast-schema-graph\">{\"@context\":\"https:\/\/schema.org\",\"@graph\":[{\"@type\":\"WebPage\",\"@id\":\"https:\/\/www.erresse-shop.it\/de\/shop\/toepfe-pfannen\/toepfe-und-kochtoepfen\/le-creuset-aluminium-antihaft-fleischtopf-24-cm\/\",\"url\":\"https:\/\/www.erresse-shop.it\/de\/shop\/toepfe-pfannen\/toepfe-und-kochtoepfen\/le-creuset-aluminium-antihaft-fleischtopf-24-cm\/\",\"name\":\"LE CREUSET Aluminium-Antihaft Fleischtopf 24 cm\",\"isPartOf\":{\"@id\":\"https:\/\/www.erresse-shop.it\/de\/#website\"},\"datePublished\":\"2020-06-12T13:26:59+00:00\",\"dateModified\":\"2025-01-17T08:14:31+00:00\",\"description\":\"Entdecken Sie LE CREUSET Aluminium-Antihaft Fleischtopf 24 cm bei ErresseShop. Qualit\u00e4t, Stil und Funktionalit\u00e4t \u2013 jetzt online bestellen!\",\"breadcrumb\":{\"@id\":\"https:\/\/www.erresse-shop.it\/de\/shop\/toepfe-pfannen\/toepfe-und-kochtoepfen\/le-creuset-aluminium-antihaft-fleischtopf-24-cm\/#breadcrumb\"},\"inLanguage\":\"de-DE\",\"potentialAction\":[{\"@type\":\"ReadAction\",\"target\":[\"https:\/\/www.erresse-shop.it\/de\/shop\/toepfe-pfannen\/toepfe-und-kochtoepfen\/le-creuset-aluminium-antihaft-fleischtopf-24-cm\/\"]}]},{\"@type\":\"BreadcrumbList\",\"@id\":\"https:\/\/www.erresse-shop.it\/de\/shop\/toepfe-pfannen\/toepfe-und-kochtoepfen\/le-creuset-aluminium-antihaft-fleischtopf-24-cm\/#breadcrumb\",\"itemListElement\":[{\"@type\":\"ListItem\",\"position\":1,\"name\":\"Home\",\"item\":\"https:\/\/www.erresse-shop.it\/de\/\"},{\"@type\":\"ListItem\",\"position\":2,\"name\":\"Shop\",\"item\":\"https:\/\/www.erresse-shop.it\/de\/shop\/\"},{\"@type\":\"ListItem\",\"position\":3,\"name\":\"LE CREUSET Aluminium-Antihaft Fleischtopf 24 cm\"}]},{\"@type\":\"WebSite\",\"@id\":\"https:\/\/www.erresse-shop.it\/de\/#website\",\"url\":\"https:\/\/www.erresse-shop.it\/de\/\",\"name\":\"Erresse Shop\",\"description\":\"Articoli di qualit\u00e0 per la casa\",\"potentialAction\":[{\"@type\":\"SearchAction\",\"target\":{\"@type\":\"EntryPoint\",\"urlTemplate\":\"https:\/\/www.erresse-shop.it\/de\/?s={search_term_string}\"},\"query-input\":\"required name=search_term_string\"}],\"inLanguage\":\"de-DE\"}]}<\/script>\n<!-- \/ Yoast SEO Premium plugin. -->","yoast_head_json":{"title":"LE CREUSET Aluminium-Antihaft Fleischtopf 24 cm","description":"Entdecken Sie LE CREUSET Aluminium-Antihaft Fleischtopf 24 cm bei ErresseShop. Qualit\u00e4t, Stil und Funktionalit\u00e4t \u2013 jetzt online bestellen!","robots":{"index":"index","follow":"follow","max-snippet":"max-snippet:-1","max-image-preview":"max-image-preview:large","max-video-preview":"max-video-preview:-1"},"canonical":"https:\/\/www.erresse-shop.it\/de\/shop\/toepfe-pfannen\/toepfe-und-kochtoepfen\/le-creuset-aluminium-antihaft-fleischtopf-24-cm\/","og_locale":"de_DE","og_type":"article","og_title":"LE CREUSET Aluminium-Antihaft Fleischtopf 24 cm","og_description":"Entdecken Sie LE CREUSET Aluminium-Antihaft Fleischtopf 24 cm bei ErresseShop. Qualit\u00e4t, Stil und Funktionalit\u00e4t \u2013 jetzt online bestellen!","og_url":"https:\/\/www.erresse-shop.it\/de\/shop\/toepfe-pfannen\/toepfe-und-kochtoepfen\/le-creuset-aluminium-antihaft-fleischtopf-24-cm\/","og_site_name":"Erresse Shop","article_modified_time":"2025-01-17T08:14:31+00:00","og_image":[{"width":800,"height":800,"url":"https:\/\/www.erresse-shop.it\/wp-content\/uploads\/2020\/06\/LE-CREUSET-Pentola-Alluminio-Coperchio-2.jpg","type":"image\/jpeg"}],"twitter_card":"summary_large_image","schema":{"@context":"https:\/\/schema.org","@graph":[{"@type":"WebPage","@id":"https:\/\/www.erresse-shop.it\/de\/shop\/toepfe-pfannen\/toepfe-und-kochtoepfen\/le-creuset-aluminium-antihaft-fleischtopf-24-cm\/","url":"https:\/\/www.erresse-shop.it\/de\/shop\/toepfe-pfannen\/toepfe-und-kochtoepfen\/le-creuset-aluminium-antihaft-fleischtopf-24-cm\/","name":"LE CREUSET Aluminium-Antihaft Fleischtopf 24 cm","isPartOf":{"@id":"https:\/\/www.erresse-shop.it\/de\/#website"},"datePublished":"2020-06-12T13:26:59+00:00","dateModified":"2025-01-17T08:14:31+00:00","description":"Entdecken Sie LE CREUSET Aluminium-Antihaft Fleischtopf 24 cm bei ErresseShop. Qualit\u00e4t, Stil und Funktionalit\u00e4t \u2013 jetzt online bestellen!","breadcrumb":{"@id":"https:\/\/www.erresse-shop.it\/de\/shop\/toepfe-pfannen\/toepfe-und-kochtoepfen\/le-creuset-aluminium-antihaft-fleischtopf-24-cm\/#breadcrumb"},"inLanguage":"de-DE","potentialAction":[{"@type":"ReadAction","target":["https:\/\/www.erresse-shop.it\/de\/shop\/toepfe-pfannen\/toepfe-und-kochtoepfen\/le-creuset-aluminium-antihaft-fleischtopf-24-cm\/"]}]},{"@type":"BreadcrumbList","@id":"https:\/\/www.erresse-shop.it\/de\/shop\/toepfe-pfannen\/toepfe-und-kochtoepfen\/le-creuset-aluminium-antihaft-fleischtopf-24-cm\/#breadcrumb","itemListElement":[{"@type":"ListItem","position":1,"name":"Home","item":"https:\/\/www.erresse-shop.it\/de\/"},{"@type":"ListItem","position":2,"name":"Shop","item":"https:\/\/www.erresse-shop.it\/de\/shop\/"},{"@type":"ListItem","position":3,"name":"LE CREUSET Aluminium-Antihaft Fleischtopf 24 cm"}]},{"@type":"WebSite","@id":"https:\/\/www.erresse-shop.it\/de\/#website","url":"https:\/\/www.erresse-shop.it\/de\/","name":"Erresse Shop","description":"Articoli di qualit\u00e0 per la casa","potentialAction":[{"@type":"SearchAction","target":{"@type":"EntryPoint","urlTemplate":"https:\/\/www.erresse-shop.it\/de\/?s={search_term_string}"},"query-input":"required name=search_term_string"}],"inLanguage":"de-DE"}]}},"df_price":150.5,"df_sale_price":150.5,"df_regular_price":215,"df_image_link":"https:\/\/www.erresse-shop.it\/wp-content\/uploads\/2020\/06\/LE-CREUSET-Pentola-Alluminio-Coperchio-2-300x300.jpg","_links":{"self":[{"href":"https:\/\/www.erresse-shop.it\/de\/wp-json\/wp\/v2\/product\/64033"}],"collection":[{"href":"https:\/\/www.erresse-shop.it\/de\/wp-json\/wp\/v2\/product"}],"about":[{"href":"https:\/\/www.erresse-shop.it\/de\/wp-json\/wp\/v2\/types\/product"}],"wp:featuredmedia":[{"embeddable":true,"href":"https:\/\/www.erresse-shop.it\/de\/wp-json\/wp\/v2\/media\/181424"}],"wp:attachment":[{"href":"https:\/\/www.erresse-shop.it\/de\/wp-json\/wp\/v2\/media?parent=64033"}],"wp:term":[{"taxonomy":"product_cat","embeddable":true,"href":"https:\/\/www.erresse-shop.it\/de\/wp-json\/wp\/v2\/product_cat?post=64033"},{"taxonomy":"product_tag","embeddable":true,"href":"https:\/\/www.erresse-shop.it\/de\/wp-json\/wp\/v2\/product_tag?post=64033"}],"curies":[{"name":"wp","href":"https:\/\/api.w.org\/{rel}","templated":true}]}}