{"id":62991,"date":"2020-06-05T13:08:59","date_gmt":"2020-06-05T13:09:00","guid":{"rendered":"https:\/\/www.erresse-shop.it\/?post_type=product&#038;p=62991"},"modified":"2023-07-31T00:05:16","modified_gmt":"2023-07-31T00:05:16","slug":"seletti-chamaleon-lampe-still","status":"publish","type":"product","link":"https:\/\/www.erresse-shop.it\/de\/shop\/einrichtung-haus\/lampen\/seletti-chamaleon-lampe-still\/","title":{"rendered":"SELETTI Cham\u00e4leon-Lampe Still"},"content":{"rendered":"<p>Drei wei\u00dfe Cham\u00e4leons, nonchalant und extrovertiert, sind die perfekte Dekoration f\u00fcr getarnte und anma\u00dfende H\u00e4user, die keine Angst vor neugierigen Blicken haben.<\/p>\n<ul>\n<li>Designer: Marcantonio<\/li>\n<li>Material: Kunstharz<\/li>\n<li>Abmessungen: cm.17&#215;9 h.14\u22486.7&#8243; x 3.5&#8243; h. 5.5&#8243; \u2248<\/li>\n<li>Nur f\u00fcr den Innenbereich | Inklusive LED-Gl\u00fchbirne | E12 &#8211; 2W &#8211; 150 Lumen &#8211; 2200K WARM LED LIGHT | EU\/UK Version: Eingang 230V &#8211; 50 Hz | USA<\/li>\n<li>Version: Eingang 120 V &#8211; 60 Hz |<\/li>\n<li>Kabel: 2,5 mt.<\/li>\n<li>USB-Buchse<\/li>\n<\/ul>\n","protected":false},"excerpt":{"rendered":"<p>Drei wei\u00dfe Cham\u00e4leons, nonchalant und extrovertiert, sind die perfekte Dekoration f\u00fcr getarnte und anma\u00dfende H\u00e4user, die keine Angst vor neugierigen<\/p>\n","protected":false},"featured_media":62937,"template":"","meta":{"_acf_changed":false,"inline_featured_image":false},"product_cat":[6817,6862],"product_tag":[13085,13025,25402,25022],"acf":[],"yoast_head":"<!-- This site is optimized with the Yoast SEO Premium plugin v18.6 (Yoast SEO v19.13) - https:\/\/yoast.com\/wordpress\/plugins\/seo\/ -->\n<title>SELETTI Cham\u00e4leon-Lampe Still - Erresse Shop<\/title>\n<meta name=\"description\" content=\"Drei wei\u00dfe Cham\u00e4leons, nonchalant und extrovertiert, sind die perfekte Dekoration f\u00fcr getarnte und anma\u00dfende H\u00e4user, die keine Angst vor neugierigen\" \/>\n<meta name=\"robots\" content=\"index, follow, max-snippet:-1, max-image-preview:large, max-video-preview:-1\" \/>\n<link rel=\"canonical\" href=\"https:\/\/www.erresse-shop.it\/de\/shop\/einrichtung-haus\/lampen\/seletti-chamaleon-lampe-still\/\" \/>\n<meta property=\"og:locale\" content=\"de_DE\" \/>\n<meta property=\"og:type\" content=\"article\" \/>\n<meta property=\"og:title\" content=\"SELETTI Cham\u00e4leon-Lampe Still\" \/>\n<meta property=\"og:description\" content=\"Drei wei\u00dfe Cham\u00e4leons, nonchalant und extrovertiert, sind die perfekte Dekoration f\u00fcr getarnte und anma\u00dfende H\u00e4user, die keine Angst vor neugierigen\" \/>\n<meta property=\"og:url\" content=\"https:\/\/www.erresse-shop.it\/de\/shop\/einrichtung-haus\/lampen\/seletti-chamaleon-lampe-still\/\" \/>\n<meta property=\"og:site_name\" content=\"Erresse Shop\" \/>\n<meta property=\"article:modified_time\" content=\"2023-07-31T00:05:16+00:00\" \/>\n<meta property=\"og:image\" content=\"https:\/\/www.erresse-shop.it\/wp-content\/uploads\/2020\/06\/14660_2.jpg\" \/>\n\t<meta property=\"og:image:width\" content=\"900\" \/>\n\t<meta property=\"og:image:height\" content=\"1200\" \/>\n\t<meta property=\"og:image:type\" content=\"image\/jpeg\" \/>\n<meta name=\"twitter:card\" content=\"summary_large_image\" \/>\n<script type=\"application\/ld+json\" class=\"yoast-schema-graph\">{\"@context\":\"https:\/\/schema.org\",\"@graph\":[{\"@type\":\"WebPage\",\"@id\":\"https:\/\/www.erresse-shop.it\/de\/shop\/einrichtung-haus\/lampen\/seletti-chamaleon-lampe-still\/\",\"url\":\"https:\/\/www.erresse-shop.it\/de\/shop\/einrichtung-haus\/lampen\/seletti-chamaleon-lampe-still\/\",\"name\":\"SELETTI Cham\u00e4leon-Lampe Still - Erresse Shop\",\"isPartOf\":{\"@id\":\"https:\/\/www.erresse-shop.it\/de\/#website\"},\"datePublished\":\"2020-06-05T13:09:00+00:00\",\"dateModified\":\"2023-07-31T00:05:16+00:00\",\"description\":\"Drei wei\u00dfe Cham\u00e4leons, nonchalant und extrovertiert, sind die perfekte Dekoration f\u00fcr getarnte und anma\u00dfende H\u00e4user, die keine Angst vor neugierigen\",\"breadcrumb\":{\"@id\":\"https:\/\/www.erresse-shop.it\/de\/shop\/einrichtung-haus\/lampen\/seletti-chamaleon-lampe-still\/#breadcrumb\"},\"inLanguage\":\"de-DE\",\"potentialAction\":[{\"@type\":\"ReadAction\",\"target\":[\"https:\/\/www.erresse-shop.it\/de\/shop\/einrichtung-haus\/lampen\/seletti-chamaleon-lampe-still\/\"]}]},{\"@type\":\"BreadcrumbList\",\"@id\":\"https:\/\/www.erresse-shop.it\/de\/shop\/einrichtung-haus\/lampen\/seletti-chamaleon-lampe-still\/#breadcrumb\",\"itemListElement\":[{\"@type\":\"ListItem\",\"position\":1,\"name\":\"Home\",\"item\":\"https:\/\/www.erresse-shop.it\/de\/\"},{\"@type\":\"ListItem\",\"position\":2,\"name\":\"Shop\",\"item\":\"https:\/\/www.erresse-shop.it\/de\/shop\/\"},{\"@type\":\"ListItem\",\"position\":3,\"name\":\"SELETTI Cham\u00e4leon-Lampe Still\"}]},{\"@type\":\"WebSite\",\"@id\":\"https:\/\/www.erresse-shop.it\/de\/#website\",\"url\":\"https:\/\/www.erresse-shop.it\/de\/\",\"name\":\"Erresse Shop\",\"description\":\"Articoli di qualit\u00e0 per la casa\",\"potentialAction\":[{\"@type\":\"SearchAction\",\"target\":{\"@type\":\"EntryPoint\",\"urlTemplate\":\"https:\/\/www.erresse-shop.it\/de\/?s={search_term_string}\"},\"query-input\":\"required name=search_term_string\"}],\"inLanguage\":\"de-DE\"}]}<\/script>\n<!-- \/ Yoast SEO Premium plugin. -->","yoast_head_json":{"title":"SELETTI Cham\u00e4leon-Lampe Still - Erresse Shop","description":"Drei wei\u00dfe Cham\u00e4leons, nonchalant und extrovertiert, sind die perfekte Dekoration f\u00fcr getarnte und anma\u00dfende H\u00e4user, die keine Angst vor neugierigen","robots":{"index":"index","follow":"follow","max-snippet":"max-snippet:-1","max-image-preview":"max-image-preview:large","max-video-preview":"max-video-preview:-1"},"canonical":"https:\/\/www.erresse-shop.it\/de\/shop\/einrichtung-haus\/lampen\/seletti-chamaleon-lampe-still\/","og_locale":"de_DE","og_type":"article","og_title":"SELETTI Cham\u00e4leon-Lampe Still","og_description":"Drei wei\u00dfe Cham\u00e4leons, nonchalant und extrovertiert, sind die perfekte Dekoration f\u00fcr getarnte und anma\u00dfende H\u00e4user, die keine Angst vor neugierigen","og_url":"https:\/\/www.erresse-shop.it\/de\/shop\/einrichtung-haus\/lampen\/seletti-chamaleon-lampe-still\/","og_site_name":"Erresse Shop","article_modified_time":"2023-07-31T00:05:16+00:00","og_image":[{"width":900,"height":1200,"url":"https:\/\/www.erresse-shop.it\/wp-content\/uploads\/2020\/06\/14660_2.jpg","type":"image\/jpeg"}],"twitter_card":"summary_large_image","schema":{"@context":"https:\/\/schema.org","@graph":[{"@type":"WebPage","@id":"https:\/\/www.erresse-shop.it\/de\/shop\/einrichtung-haus\/lampen\/seletti-chamaleon-lampe-still\/","url":"https:\/\/www.erresse-shop.it\/de\/shop\/einrichtung-haus\/lampen\/seletti-chamaleon-lampe-still\/","name":"SELETTI Cham\u00e4leon-Lampe Still - Erresse Shop","isPartOf":{"@id":"https:\/\/www.erresse-shop.it\/de\/#website"},"datePublished":"2020-06-05T13:09:00+00:00","dateModified":"2023-07-31T00:05:16+00:00","description":"Drei wei\u00dfe Cham\u00e4leons, nonchalant und extrovertiert, sind die perfekte Dekoration f\u00fcr getarnte und anma\u00dfende H\u00e4user, die keine Angst vor neugierigen","breadcrumb":{"@id":"https:\/\/www.erresse-shop.it\/de\/shop\/einrichtung-haus\/lampen\/seletti-chamaleon-lampe-still\/#breadcrumb"},"inLanguage":"de-DE","potentialAction":[{"@type":"ReadAction","target":["https:\/\/www.erresse-shop.it\/de\/shop\/einrichtung-haus\/lampen\/seletti-chamaleon-lampe-still\/"]}]},{"@type":"BreadcrumbList","@id":"https:\/\/www.erresse-shop.it\/de\/shop\/einrichtung-haus\/lampen\/seletti-chamaleon-lampe-still\/#breadcrumb","itemListElement":[{"@type":"ListItem","position":1,"name":"Home","item":"https:\/\/www.erresse-shop.it\/de\/"},{"@type":"ListItem","position":2,"name":"Shop","item":"https:\/\/www.erresse-shop.it\/de\/shop\/"},{"@type":"ListItem","position":3,"name":"SELETTI Cham\u00e4leon-Lampe Still"}]},{"@type":"WebSite","@id":"https:\/\/www.erresse-shop.it\/de\/#website","url":"https:\/\/www.erresse-shop.it\/de\/","name":"Erresse Shop","description":"Articoli di qualit\u00e0 per la casa","potentialAction":[{"@type":"SearchAction","target":{"@type":"EntryPoint","urlTemplate":"https:\/\/www.erresse-shop.it\/de\/?s={search_term_string}"},"query-input":"required name=search_term_string"}],"inLanguage":"de-DE"}]}},"df_price":51.300000000000004,"df_sale_price":51.300000000000004,"df_regular_price":114,"df_image_link":"https:\/\/www.erresse-shop.it\/wp-content\/uploads\/2020\/06\/14660_2-225x300.jpg","_links":{"self":[{"href":"https:\/\/www.erresse-shop.it\/de\/wp-json\/wp\/v2\/product\/62991"}],"collection":[{"href":"https:\/\/www.erresse-shop.it\/de\/wp-json\/wp\/v2\/product"}],"about":[{"href":"https:\/\/www.erresse-shop.it\/de\/wp-json\/wp\/v2\/types\/product"}],"wp:featuredmedia":[{"embeddable":true,"href":"https:\/\/www.erresse-shop.it\/de\/wp-json\/wp\/v2\/media\/62937"}],"wp:attachment":[{"href":"https:\/\/www.erresse-shop.it\/de\/wp-json\/wp\/v2\/media?parent=62991"}],"wp:term":[{"taxonomy":"product_cat","embeddable":true,"href":"https:\/\/www.erresse-shop.it\/de\/wp-json\/wp\/v2\/product_cat?post=62991"},{"taxonomy":"product_tag","embeddable":true,"href":"https:\/\/www.erresse-shop.it\/de\/wp-json\/wp\/v2\/product_tag?post=62991"}],"curies":[{"name":"wp","href":"https:\/\/api.w.org\/{rel}","templated":true}]}}