{"id":62555,"date":"2020-06-03T09:03:19","date_gmt":"2020-06-03T09:03:20","guid":{"rendered":"https:\/\/www.erresse-shop.it\/?post_type=product&#038;p=62555"},"modified":"2025-01-17T08:14:26","modified_gmt":"2025-01-17T08:14:26","slug":"le-creuset-leverpull-lm-250-aus-metall-mit-kapselschneider","status":"publish","type":"product","link":"https:\/\/www.erresse-shop.it\/de\/shop\/tisch\/weinbar-korkenzieher-dekanter-eiskubel\/korkenzieher\/le-creuset-leverpull-lm-250-aus-metall-mit-kapselschneider\/","title":{"rendered":"LE CREUSET Leverpull LM-250 aus Metall mit Kapselschneider"},"content":{"rendered":"<p>Unerreichte Leistung. Gr\u00fcndlich getestet. Allseits bewundert. Dieses technische Meisterst\u00fcck \u00f6ffnet Weinflaschen so leichter denn je. Die innovative Neugestaltung des Hebelkorkenziehers von Herbert Allen entkorkt jede Flasche m\u00fchelos.<\/p>\n<p>Produktinformationen<br \/>\n&#8211; Material: Kunststoff<br \/>\n&#8211; Garantie: 10 Jahre<\/p>\n<p>Abmessungen<br \/>\n&#8211; L\u00e4nge: 20.5 cm<br \/>\n&#8211; Breite: 14 cm<br \/>\n&#8211; H\u00f6he: 6 cm<\/p>\n<p>Gebrauch &amp; Pflege<br \/>\n&#8211; Vor dem ersten Gebrauch: Vor dem ersten Gebrauch Ihres Wein-Accessoires sollten Sie immer die Anweisungen f\u00fcr Ihr spezifisches Modell beachten.<br \/>\n&#8211; Reinigung: Seien Sie vorsichtig beim Reinigen \u2013 die Spitze des Korkenziehers ist scharf!<br \/>\nReinigen Sie Ihren Korkenzieher gelegentlich mit einem feuchten Tuch oder warmem Seifenwasser.<br \/>\nTrocknen Sie es nach dem Sp\u00fclen gut ab und bewahren Sie es an einem trockenen Ort auf.<br \/>\n&#8211; Gebrauch: Entfernen Sie alle Folien, die den Korken bedecken, und pr\u00fcfen Sie, ob Hals und Rand der Flasche frei von Absplitterungen und Rissen sind.<br \/>\nHalten Sie die Flasche beim \u00d6ffnen auf einer festen, ebenen Oberfl\u00e4che.<br \/>\nVorsicht beim \u00d6ffnen \u2013 die Spitze des Korkenziehers ist scharf! Achten Sie darauf, dass der Korkenzieher vor dem \u00d6ffnen der Flasche immer rechtwinklig auf dem Flaschenhals sitzt.<br \/>\nM\u00fcssen Sie eine abgenutzte Spirale ersetzen? Schrauben Sie die verchromte Schutzkappe ab, entfernen Sie die alte Spirale, setzen Sie dann die neue Spirale ein und setzen Sie die Schutzkappe wieder auf. Lesen Sie immer zuerst die Anweisungen f\u00fcr Ihr spezifisches Modell.<\/p>\n","protected":false},"excerpt":{"rendered":"<p>Unerreichte Leistung. Gr\u00fcndlich getestet. Allseits bewundert. Dieses technische Meisterst\u00fcck \u00f6ffnet Weinflaschen so leichter denn je. Die innovative Neugestaltung des Hebelkorkenziehers<\/p>\n","protected":false},"featured_media":180483,"template":"","meta":{"_acf_changed":false,"inline_featured_image":false},"product_cat":[6787,6850,14462],"product_tag":[11499,11501,21201,13068,13069,13070,16885,11969,23683],"acf":[],"yoast_head":"<!-- This site is optimized with the Yoast SEO Premium plugin v18.6 (Yoast SEO v19.13) - https:\/\/yoast.com\/wordpress\/plugins\/seo\/ -->\n<title>LE CREUSET Leverpull LM-250 aus Metall mit Kapselschneider<\/title>\n<meta name=\"description\" content=\"Entdecken Sie LE CREUSET Leverpull LM-250 aus Metall mit Kapselschneider bei ErresseShop. Qualit\u00e4t, Stil und Funktionalit\u00e4t \u2013 jetzt online bestellen!\" \/>\n<meta name=\"robots\" content=\"index, follow, max-snippet:-1, max-image-preview:large, max-video-preview:-1\" \/>\n<link rel=\"canonical\" href=\"https:\/\/www.erresse-shop.it\/de\/shop\/tisch\/weinbar-korkenzieher-dekanter-eiskubel\/korkenzieher\/le-creuset-leverpull-lm-250-aus-metall-mit-kapselschneider\/\" \/>\n<meta property=\"og:locale\" content=\"de_DE\" \/>\n<meta property=\"og:type\" content=\"article\" \/>\n<meta property=\"og:title\" content=\"LE CREUSET Leverpull LM-250 aus Metall mit Kapselschneider\" \/>\n<meta property=\"og:description\" content=\"Entdecken Sie LE CREUSET Leverpull LM-250 aus Metall mit Kapselschneider bei ErresseShop. Qualit\u00e4t, Stil und Funktionalit\u00e4t \u2013 jetzt online bestellen!\" \/>\n<meta property=\"og:url\" content=\"https:\/\/www.erresse-shop.it\/de\/shop\/tisch\/weinbar-korkenzieher-dekanter-eiskubel\/korkenzieher\/le-creuset-leverpull-lm-250-aus-metall-mit-kapselschneider\/\" \/>\n<meta property=\"og:site_name\" content=\"Erresse Shop\" \/>\n<meta property=\"article:modified_time\" content=\"2025-01-17T08:14:26+00:00\" \/>\n<meta property=\"og:image\" content=\"https:\/\/www.erresse-shop.it\/wp-content\/uploads\/2020\/06\/LE-CREUSET-Cavatappi-LM250-Acciaio-5.jpg\" \/>\n\t<meta property=\"og:image:width\" content=\"800\" \/>\n\t<meta property=\"og:image:height\" content=\"800\" \/>\n\t<meta property=\"og:image:type\" content=\"image\/jpeg\" \/>\n<meta name=\"twitter:card\" content=\"summary_large_image\" \/>\n<script type=\"application\/ld+json\" class=\"yoast-schema-graph\">{\"@context\":\"https:\/\/schema.org\",\"@graph\":[{\"@type\":\"WebPage\",\"@id\":\"https:\/\/www.erresse-shop.it\/de\/shop\/tisch\/weinbar-korkenzieher-dekanter-eiskubel\/korkenzieher\/le-creuset-leverpull-lm-250-aus-metall-mit-kapselschneider\/\",\"url\":\"https:\/\/www.erresse-shop.it\/de\/shop\/tisch\/weinbar-korkenzieher-dekanter-eiskubel\/korkenzieher\/le-creuset-leverpull-lm-250-aus-metall-mit-kapselschneider\/\",\"name\":\"LE CREUSET Leverpull LM-250 aus Metall mit Kapselschneider\",\"isPartOf\":{\"@id\":\"https:\/\/www.erresse-shop.it\/de\/#website\"},\"datePublished\":\"2020-06-03T09:03:20+00:00\",\"dateModified\":\"2025-01-17T08:14:26+00:00\",\"description\":\"Entdecken Sie LE CREUSET Leverpull LM-250 aus Metall mit Kapselschneider bei ErresseShop. Qualit\u00e4t, Stil und Funktionalit\u00e4t \u2013 jetzt online bestellen!\",\"breadcrumb\":{\"@id\":\"https:\/\/www.erresse-shop.it\/de\/shop\/tisch\/weinbar-korkenzieher-dekanter-eiskubel\/korkenzieher\/le-creuset-leverpull-lm-250-aus-metall-mit-kapselschneider\/#breadcrumb\"},\"inLanguage\":\"de-DE\",\"potentialAction\":[{\"@type\":\"ReadAction\",\"target\":[\"https:\/\/www.erresse-shop.it\/de\/shop\/tisch\/weinbar-korkenzieher-dekanter-eiskubel\/korkenzieher\/le-creuset-leverpull-lm-250-aus-metall-mit-kapselschneider\/\"]}]},{\"@type\":\"BreadcrumbList\",\"@id\":\"https:\/\/www.erresse-shop.it\/de\/shop\/tisch\/weinbar-korkenzieher-dekanter-eiskubel\/korkenzieher\/le-creuset-leverpull-lm-250-aus-metall-mit-kapselschneider\/#breadcrumb\",\"itemListElement\":[{\"@type\":\"ListItem\",\"position\":1,\"name\":\"Home\",\"item\":\"https:\/\/www.erresse-shop.it\/de\/\"},{\"@type\":\"ListItem\",\"position\":2,\"name\":\"Shop\",\"item\":\"https:\/\/www.erresse-shop.it\/de\/shop\/\"},{\"@type\":\"ListItem\",\"position\":3,\"name\":\"LE CREUSET Leverpull LM-250 aus Metall mit Kapselschneider\"}]},{\"@type\":\"WebSite\",\"@id\":\"https:\/\/www.erresse-shop.it\/de\/#website\",\"url\":\"https:\/\/www.erresse-shop.it\/de\/\",\"name\":\"Erresse Shop\",\"description\":\"Articoli di qualit\u00e0 per la casa\",\"potentialAction\":[{\"@type\":\"SearchAction\",\"target\":{\"@type\":\"EntryPoint\",\"urlTemplate\":\"https:\/\/www.erresse-shop.it\/de\/?s={search_term_string}\"},\"query-input\":\"required name=search_term_string\"}],\"inLanguage\":\"de-DE\"}]}<\/script>\n<!-- \/ Yoast SEO Premium plugin. -->","yoast_head_json":{"title":"LE CREUSET Leverpull LM-250 aus Metall mit Kapselschneider","description":"Entdecken Sie LE CREUSET Leverpull LM-250 aus Metall mit Kapselschneider bei ErresseShop. Qualit\u00e4t, Stil und Funktionalit\u00e4t \u2013 jetzt online bestellen!","robots":{"index":"index","follow":"follow","max-snippet":"max-snippet:-1","max-image-preview":"max-image-preview:large","max-video-preview":"max-video-preview:-1"},"canonical":"https:\/\/www.erresse-shop.it\/de\/shop\/tisch\/weinbar-korkenzieher-dekanter-eiskubel\/korkenzieher\/le-creuset-leverpull-lm-250-aus-metall-mit-kapselschneider\/","og_locale":"de_DE","og_type":"article","og_title":"LE CREUSET Leverpull LM-250 aus Metall mit Kapselschneider","og_description":"Entdecken Sie LE CREUSET Leverpull LM-250 aus Metall mit Kapselschneider bei ErresseShop. Qualit\u00e4t, Stil und Funktionalit\u00e4t \u2013 jetzt online bestellen!","og_url":"https:\/\/www.erresse-shop.it\/de\/shop\/tisch\/weinbar-korkenzieher-dekanter-eiskubel\/korkenzieher\/le-creuset-leverpull-lm-250-aus-metall-mit-kapselschneider\/","og_site_name":"Erresse Shop","article_modified_time":"2025-01-17T08:14:26+00:00","og_image":[{"width":800,"height":800,"url":"https:\/\/www.erresse-shop.it\/wp-content\/uploads\/2020\/06\/LE-CREUSET-Cavatappi-LM250-Acciaio-5.jpg","type":"image\/jpeg"}],"twitter_card":"summary_large_image","schema":{"@context":"https:\/\/schema.org","@graph":[{"@type":"WebPage","@id":"https:\/\/www.erresse-shop.it\/de\/shop\/tisch\/weinbar-korkenzieher-dekanter-eiskubel\/korkenzieher\/le-creuset-leverpull-lm-250-aus-metall-mit-kapselschneider\/","url":"https:\/\/www.erresse-shop.it\/de\/shop\/tisch\/weinbar-korkenzieher-dekanter-eiskubel\/korkenzieher\/le-creuset-leverpull-lm-250-aus-metall-mit-kapselschneider\/","name":"LE CREUSET Leverpull LM-250 aus Metall mit Kapselschneider","isPartOf":{"@id":"https:\/\/www.erresse-shop.it\/de\/#website"},"datePublished":"2020-06-03T09:03:20+00:00","dateModified":"2025-01-17T08:14:26+00:00","description":"Entdecken Sie LE CREUSET Leverpull LM-250 aus Metall mit Kapselschneider bei ErresseShop. Qualit\u00e4t, Stil und Funktionalit\u00e4t \u2013 jetzt online bestellen!","breadcrumb":{"@id":"https:\/\/www.erresse-shop.it\/de\/shop\/tisch\/weinbar-korkenzieher-dekanter-eiskubel\/korkenzieher\/le-creuset-leverpull-lm-250-aus-metall-mit-kapselschneider\/#breadcrumb"},"inLanguage":"de-DE","potentialAction":[{"@type":"ReadAction","target":["https:\/\/www.erresse-shop.it\/de\/shop\/tisch\/weinbar-korkenzieher-dekanter-eiskubel\/korkenzieher\/le-creuset-leverpull-lm-250-aus-metall-mit-kapselschneider\/"]}]},{"@type":"BreadcrumbList","@id":"https:\/\/www.erresse-shop.it\/de\/shop\/tisch\/weinbar-korkenzieher-dekanter-eiskubel\/korkenzieher\/le-creuset-leverpull-lm-250-aus-metall-mit-kapselschneider\/#breadcrumb","itemListElement":[{"@type":"ListItem","position":1,"name":"Home","item":"https:\/\/www.erresse-shop.it\/de\/"},{"@type":"ListItem","position":2,"name":"Shop","item":"https:\/\/www.erresse-shop.it\/de\/shop\/"},{"@type":"ListItem","position":3,"name":"LE CREUSET Leverpull LM-250 aus Metall mit Kapselschneider"}]},{"@type":"WebSite","@id":"https:\/\/www.erresse-shop.it\/de\/#website","url":"https:\/\/www.erresse-shop.it\/de\/","name":"Erresse Shop","description":"Articoli di qualit\u00e0 per la casa","potentialAction":[{"@type":"SearchAction","target":{"@type":"EntryPoint","urlTemplate":"https:\/\/www.erresse-shop.it\/de\/?s={search_term_string}"},"query-input":"required name=search_term_string"}],"inLanguage":"de-DE"}]}},"df_price":164.95,"df_sale_price":164.95,"df_regular_price":215,"df_image_link":"https:\/\/www.erresse-shop.it\/wp-content\/uploads\/2020\/06\/LE-CREUSET-Cavatappi-LM250-Acciaio-5-300x300.jpg","_links":{"self":[{"href":"https:\/\/www.erresse-shop.it\/de\/wp-json\/wp\/v2\/product\/62555"}],"collection":[{"href":"https:\/\/www.erresse-shop.it\/de\/wp-json\/wp\/v2\/product"}],"about":[{"href":"https:\/\/www.erresse-shop.it\/de\/wp-json\/wp\/v2\/types\/product"}],"wp:featuredmedia":[{"embeddable":true,"href":"https:\/\/www.erresse-shop.it\/de\/wp-json\/wp\/v2\/media\/180483"}],"wp:attachment":[{"href":"https:\/\/www.erresse-shop.it\/de\/wp-json\/wp\/v2\/media?parent=62555"}],"wp:term":[{"taxonomy":"product_cat","embeddable":true,"href":"https:\/\/www.erresse-shop.it\/de\/wp-json\/wp\/v2\/product_cat?post=62555"},{"taxonomy":"product_tag","embeddable":true,"href":"https:\/\/www.erresse-shop.it\/de\/wp-json\/wp\/v2\/product_tag?post=62555"}],"curies":[{"name":"wp","href":"https:\/\/api.w.org\/{rel}","templated":true}]}}