{"id":62186,"date":"2020-05-27T09:00:27","date_gmt":"2020-05-27T09:00:28","guid":{"rendered":"https:\/\/www.erresse-shop.it\/?post_type=product&#038;p=62186"},"modified":"2023-07-31T00:07:12","modified_gmt":"2023-07-31T00:07:12","slug":"seletti-memorabilia-mvsevm-flugel-rechts","status":"publish","type":"product","link":"https:\/\/www.erresse-shop.it\/de\/shop\/einrichtung-haus\/dekoartikel\/seletti-memorabilia-mvsevm-flugel-rechts\/","title":{"rendered":"SELETTI Memorabilia MVSEVM Fl\u00fcgel Rechts"},"content":{"rendered":"<p>Wei\u00dfe Fl\u00fcgel als Symbol f\u00fcr die unb\u00e4ndige Leidenschaft zwischen Liebe und Psyche.<br \/>\nEntwurf: Marcantonio<br \/>\nMaterial: FIBERGLASS CENTERPIECE<br \/>\nGr\u00f6\u00dfe: cm. 80 x 32 h. 17 \u224831.5&#8243; x 12.6&#8243; h. 6.7&#8243;\u2248<\/p>\n","protected":false},"excerpt":{"rendered":"<p>Wei\u00dfe Fl\u00fcgel als Symbol f\u00fcr die unb\u00e4ndige Leidenschaft zwischen Liebe und Psyche. Entwurf: Marcantonio Material: FIBERGLASS CENTERPIECE Gr\u00f6\u00dfe: cm. 80<\/p>\n","protected":false},"featured_media":62179,"template":"","meta":{"_acf_changed":false,"inline_featured_image":false},"product_cat":[6817,14442],"product_tag":[12240,12301,12302,12303,11567,25022],"acf":[],"yoast_head":"<!-- This site is optimized with the Yoast SEO Premium plugin v18.6 (Yoast SEO v19.13) - https:\/\/yoast.com\/wordpress\/plugins\/seo\/ -->\n<title>SELETTI Memorabilia MVSEVM Fl\u00fcgel Rechts - Erresse Shop<\/title>\n<meta name=\"description\" content=\"Wei\u00dfe Fl\u00fcgel als Symbol f\u00fcr die unb\u00e4ndige Leidenschaft zwischen Liebe und Psyche. Entwurf: Marcantonio Material: FIBERGLASS CENTERPIECE Gr\u00f6\u00dfe: cm. 80 x 32\" \/>\n<meta name=\"robots\" content=\"index, follow, max-snippet:-1, max-image-preview:large, max-video-preview:-1\" \/>\n<link rel=\"canonical\" href=\"https:\/\/www.erresse-shop.it\/de\/shop\/einrichtung-haus\/dekoartikel\/seletti-memorabilia-mvsevm-flugel-rechts\/\" \/>\n<meta property=\"og:locale\" content=\"de_DE\" \/>\n<meta property=\"og:type\" content=\"article\" \/>\n<meta property=\"og:title\" content=\"SELETTI Memorabilia MVSEVM Fl\u00fcgel Rechts\" \/>\n<meta property=\"og:description\" content=\"Wei\u00dfe Fl\u00fcgel als Symbol f\u00fcr die unb\u00e4ndige Leidenschaft zwischen Liebe und Psyche. Entwurf: Marcantonio Material: FIBERGLASS CENTERPIECE Gr\u00f6\u00dfe: cm. 80 x 32\" \/>\n<meta property=\"og:url\" content=\"https:\/\/www.erresse-shop.it\/de\/shop\/einrichtung-haus\/dekoartikel\/seletti-memorabilia-mvsevm-flugel-rechts\/\" \/>\n<meta property=\"og:site_name\" content=\"Erresse Shop\" \/>\n<meta property=\"article:modified_time\" content=\"2023-07-31T00:07:12+00:00\" \/>\n<meta property=\"og:image\" content=\"https:\/\/www.erresse-shop.it\/wp-content\/uploads\/2020\/05\/10085.jpg\" \/>\n\t<meta property=\"og:image:width\" content=\"2000\" \/>\n\t<meta property=\"og:image:height\" content=\"2000\" \/>\n\t<meta property=\"og:image:type\" content=\"image\/jpeg\" \/>\n<meta name=\"twitter:card\" content=\"summary_large_image\" \/>\n<script type=\"application\/ld+json\" class=\"yoast-schema-graph\">{\"@context\":\"https:\/\/schema.org\",\"@graph\":[{\"@type\":\"WebPage\",\"@id\":\"https:\/\/www.erresse-shop.it\/de\/shop\/einrichtung-haus\/dekoartikel\/seletti-memorabilia-mvsevm-flugel-rechts\/\",\"url\":\"https:\/\/www.erresse-shop.it\/de\/shop\/einrichtung-haus\/dekoartikel\/seletti-memorabilia-mvsevm-flugel-rechts\/\",\"name\":\"SELETTI Memorabilia MVSEVM Fl\u00fcgel Rechts - Erresse Shop\",\"isPartOf\":{\"@id\":\"https:\/\/www.erresse-shop.it\/de\/#website\"},\"datePublished\":\"2020-05-27T09:00:28+00:00\",\"dateModified\":\"2023-07-31T00:07:12+00:00\",\"description\":\"Wei\u00dfe Fl\u00fcgel als Symbol f\u00fcr die unb\u00e4ndige Leidenschaft zwischen Liebe und Psyche. Entwurf: Marcantonio Material: FIBERGLASS CENTERPIECE Gr\u00f6\u00dfe: cm. 80 x 32\",\"breadcrumb\":{\"@id\":\"https:\/\/www.erresse-shop.it\/de\/shop\/einrichtung-haus\/dekoartikel\/seletti-memorabilia-mvsevm-flugel-rechts\/#breadcrumb\"},\"inLanguage\":\"de-DE\",\"potentialAction\":[{\"@type\":\"ReadAction\",\"target\":[\"https:\/\/www.erresse-shop.it\/de\/shop\/einrichtung-haus\/dekoartikel\/seletti-memorabilia-mvsevm-flugel-rechts\/\"]}]},{\"@type\":\"BreadcrumbList\",\"@id\":\"https:\/\/www.erresse-shop.it\/de\/shop\/einrichtung-haus\/dekoartikel\/seletti-memorabilia-mvsevm-flugel-rechts\/#breadcrumb\",\"itemListElement\":[{\"@type\":\"ListItem\",\"position\":1,\"name\":\"Home\",\"item\":\"https:\/\/www.erresse-shop.it\/de\/\"},{\"@type\":\"ListItem\",\"position\":2,\"name\":\"Shop\",\"item\":\"https:\/\/www.erresse-shop.it\/de\/shop\/\"},{\"@type\":\"ListItem\",\"position\":3,\"name\":\"SELETTI Memorabilia MVSEVM Fl\u00fcgel Rechts\"}]},{\"@type\":\"WebSite\",\"@id\":\"https:\/\/www.erresse-shop.it\/de\/#website\",\"url\":\"https:\/\/www.erresse-shop.it\/de\/\",\"name\":\"Erresse Shop\",\"description\":\"Articoli di qualit\u00e0 per la casa\",\"potentialAction\":[{\"@type\":\"SearchAction\",\"target\":{\"@type\":\"EntryPoint\",\"urlTemplate\":\"https:\/\/www.erresse-shop.it\/de\/?s={search_term_string}\"},\"query-input\":\"required name=search_term_string\"}],\"inLanguage\":\"de-DE\"}]}<\/script>\n<!-- \/ Yoast SEO Premium plugin. -->","yoast_head_json":{"title":"SELETTI Memorabilia MVSEVM Fl\u00fcgel Rechts - Erresse Shop","description":"Wei\u00dfe Fl\u00fcgel als Symbol f\u00fcr die unb\u00e4ndige Leidenschaft zwischen Liebe und Psyche. Entwurf: Marcantonio Material: FIBERGLASS CENTERPIECE Gr\u00f6\u00dfe: cm. 80 x 32","robots":{"index":"index","follow":"follow","max-snippet":"max-snippet:-1","max-image-preview":"max-image-preview:large","max-video-preview":"max-video-preview:-1"},"canonical":"https:\/\/www.erresse-shop.it\/de\/shop\/einrichtung-haus\/dekoartikel\/seletti-memorabilia-mvsevm-flugel-rechts\/","og_locale":"de_DE","og_type":"article","og_title":"SELETTI Memorabilia MVSEVM Fl\u00fcgel Rechts","og_description":"Wei\u00dfe Fl\u00fcgel als Symbol f\u00fcr die unb\u00e4ndige Leidenschaft zwischen Liebe und Psyche. Entwurf: Marcantonio Material: FIBERGLASS CENTERPIECE Gr\u00f6\u00dfe: cm. 80 x 32","og_url":"https:\/\/www.erresse-shop.it\/de\/shop\/einrichtung-haus\/dekoartikel\/seletti-memorabilia-mvsevm-flugel-rechts\/","og_site_name":"Erresse Shop","article_modified_time":"2023-07-31T00:07:12+00:00","og_image":[{"width":2000,"height":2000,"url":"https:\/\/www.erresse-shop.it\/wp-content\/uploads\/2020\/05\/10085.jpg","type":"image\/jpeg"}],"twitter_card":"summary_large_image","schema":{"@context":"https:\/\/schema.org","@graph":[{"@type":"WebPage","@id":"https:\/\/www.erresse-shop.it\/de\/shop\/einrichtung-haus\/dekoartikel\/seletti-memorabilia-mvsevm-flugel-rechts\/","url":"https:\/\/www.erresse-shop.it\/de\/shop\/einrichtung-haus\/dekoartikel\/seletti-memorabilia-mvsevm-flugel-rechts\/","name":"SELETTI Memorabilia MVSEVM Fl\u00fcgel Rechts - Erresse Shop","isPartOf":{"@id":"https:\/\/www.erresse-shop.it\/de\/#website"},"datePublished":"2020-05-27T09:00:28+00:00","dateModified":"2023-07-31T00:07:12+00:00","description":"Wei\u00dfe Fl\u00fcgel als Symbol f\u00fcr die unb\u00e4ndige Leidenschaft zwischen Liebe und Psyche. Entwurf: Marcantonio Material: FIBERGLASS CENTERPIECE Gr\u00f6\u00dfe: cm. 80 x 32","breadcrumb":{"@id":"https:\/\/www.erresse-shop.it\/de\/shop\/einrichtung-haus\/dekoartikel\/seletti-memorabilia-mvsevm-flugel-rechts\/#breadcrumb"},"inLanguage":"de-DE","potentialAction":[{"@type":"ReadAction","target":["https:\/\/www.erresse-shop.it\/de\/shop\/einrichtung-haus\/dekoartikel\/seletti-memorabilia-mvsevm-flugel-rechts\/"]}]},{"@type":"BreadcrumbList","@id":"https:\/\/www.erresse-shop.it\/de\/shop\/einrichtung-haus\/dekoartikel\/seletti-memorabilia-mvsevm-flugel-rechts\/#breadcrumb","itemListElement":[{"@type":"ListItem","position":1,"name":"Home","item":"https:\/\/www.erresse-shop.it\/de\/"},{"@type":"ListItem","position":2,"name":"Shop","item":"https:\/\/www.erresse-shop.it\/de\/shop\/"},{"@type":"ListItem","position":3,"name":"SELETTI Memorabilia MVSEVM Fl\u00fcgel Rechts"}]},{"@type":"WebSite","@id":"https:\/\/www.erresse-shop.it\/de\/#website","url":"https:\/\/www.erresse-shop.it\/de\/","name":"Erresse Shop","description":"Articoli di qualit\u00e0 per la casa","potentialAction":[{"@type":"SearchAction","target":{"@type":"EntryPoint","urlTemplate":"https:\/\/www.erresse-shop.it\/de\/?s={search_term_string}"},"query-input":"required name=search_term_string"}],"inLanguage":"de-DE"}]}},"df_price":95.4,"df_sale_price":95.4,"df_regular_price":212,"df_image_link":"https:\/\/www.erresse-shop.it\/wp-content\/uploads\/2020\/05\/10085-300x300.jpg","_links":{"self":[{"href":"https:\/\/www.erresse-shop.it\/de\/wp-json\/wp\/v2\/product\/62186"}],"collection":[{"href":"https:\/\/www.erresse-shop.it\/de\/wp-json\/wp\/v2\/product"}],"about":[{"href":"https:\/\/www.erresse-shop.it\/de\/wp-json\/wp\/v2\/types\/product"}],"wp:featuredmedia":[{"embeddable":true,"href":"https:\/\/www.erresse-shop.it\/de\/wp-json\/wp\/v2\/media\/62179"}],"wp:attachment":[{"href":"https:\/\/www.erresse-shop.it\/de\/wp-json\/wp\/v2\/media?parent=62186"}],"wp:term":[{"taxonomy":"product_cat","embeddable":true,"href":"https:\/\/www.erresse-shop.it\/de\/wp-json\/wp\/v2\/product_cat?post=62186"},{"taxonomy":"product_tag","embeddable":true,"href":"https:\/\/www.erresse-shop.it\/de\/wp-json\/wp\/v2\/product_tag?post=62186"}],"curies":[{"name":"wp","href":"https:\/\/api.w.org\/{rel}","templated":true}]}}