{"id":62031,"date":"2020-05-26T07:23:53","date_gmt":"2020-05-26T07:23:55","guid":{"rendered":"https:\/\/www.erresse-shop.it\/?post_type=product&#038;p=62031"},"modified":"2025-09-11T17:10:07","modified_gmt":"2025-09-11T17:10:07","slug":"staub-wok-mit-glassdeckel-30-cm-basilikum-grun","status":"publish","type":"product","link":"https:\/\/www.erresse-shop.it\/de\/shop\/toepfe-pfannen\/wok-topf-pfanne\/staub-wok-mit-glassdeckel-30-cm-basilikum-grun\/","title":{"rendered":"STAUB Wok mit Glassdeckel 30 cm Basilikum-Grun"},"content":{"rendered":"<p>Mit der Wokpfanne von STAUB gelingen originale sowie originelle Rezepte mit Fisch, Fleisch, Tofu oder Gem\u00fcse aus der asiatischen K\u00fcche: Die Zutaten werden besonders schnell gegart, da sie durch st\u00e4ndiges R\u00fchren und Wenden von allen Seiten mit dem hei\u00dfen Gusseisen in Kontakt kommen. Durch diese Zubereitungsart bleibt das Gem\u00fcse besonders knackig und zugleich enthalten die Gerichte mehr N\u00e4hrstoffe und Vitamine als beim herk\u00f6mmlichen Kochen im Topf. Neben Reisnudel- oder Gem\u00fcse-Pfannengerichten k\u00f6nnen auch Beilagen ohne gro\u00dfen Aufwand zubereitet oder aufgew\u00e4rmt werden. Der Gusseisen-Wok kann auf allen Herdarten sowie im Backofen eingesetzt werden. Das bew\u00e4hrte Material leitet die W\u00e4rme dabei nicht nur optimal, sondern speichert diese auch und ist somit besonders energiesparend. Durch den Majolikaeffekt leuchtet die Pfanne in einem intensiven Gr\u00fcn, wodurch sie sowohl auf dem Esstisch als auch in der K\u00fcche eine gute Figur macht.<\/p>\n<p>&#8211; F\u00fcr nuancenreiche Gem\u00fcse-, Fisch-, Fleisch- und Tofu-Gerichte der asiatischen K\u00fcche<br \/>\n&#8211; Geeignet f\u00fcr Elektroherd, Gasherd, Halogenherd, Glaskeramikkochfeld, Induktionsherd und Backofen<br \/>\n&#8211; Praktischer Glasdeckel zur \u00dcberwachung des Kochvorgangs<br \/>\n&#8211; Energieeffizientes Kochen<br \/>\n&#8211; Ma\u00dfe mit Griff und Deckel (LxH): 38,5 x 12 cm, Durchmesser: 30 cm, Boden: 15,5 cm<br \/>\n&#8211; Gewicht mit Deckel: 4,27 kg<\/p>\n<p><strong>Eigenschaften<\/strong><br \/>\n&#8211; Material: Gusseisen<br \/>\n&#8211; Griffart: Seitengriff<br \/>\n&#8211; Deckel vorhanden: Ja<br \/>\n&#8211; Induktion: Ja<br \/>\n&#8211; Backofen geeignet: Ja<br \/>\n&#8211; Mikrowelle geeignet: Ja<br \/>\n&#8211; Gefrierschrank geeignet: Ja<br \/>\n&#8211; Herdplatten geeignet: Ja<br \/>\n&#8211; sp\u00fclmaschinengeeignet: Ja<\/p>\n<p><strong>Abmessungen<\/strong><br \/>\n&#8211; Gewicht netto: 4,27 kg<br \/>\n&#8211; Volumen: 4,19 l<br \/>\n&#8211; Produktl\u00e4nge: 38,50 cm<br \/>\n&#8211; Produktbreite: 30,00 cm<br \/>\n&#8211; Produkth\u00f6he: 12,00 cm<br \/>\n&#8211; Produkth\u00f6he ohne Deckel: 8,50 cm<br \/>\n&#8211; Oberer Durchmesser: 30,00 cm<br \/>\n&#8211; Bodendurchmesser: 15,50 cm<\/p>\n","protected":false},"excerpt":{"rendered":"<p>Mit der Wokpfanne von STAUB gelingen originale sowie originelle Rezepte mit Fisch, Fleisch, Tofu oder Gem\u00fcse aus der asiatischen K\u00fcche:<\/p>\n","protected":false},"featured_media":62041,"template":"","meta":{"_acf_changed":false,"inline_featured_image":false},"product_cat":[6709,6781],"product_tag":[25088,11383,11385,12315,25022,12205,11690],"acf":[],"yoast_head":"<!-- This site is optimized with the Yoast SEO Premium plugin v18.6 (Yoast SEO v19.13) - https:\/\/yoast.com\/wordpress\/plugins\/seo\/ -->\n<title>STAUB Wok mit Glassdeckel 30 cm Basilikum-Grun<\/title>\n<meta name=\"description\" content=\"Entdecken Sie STAUB Wok mit Glassdeckel 30 cm Basilikum-Grun bei ErresseShop. Qualit\u00e4t, Stil und Funktionalit\u00e4t \u2013 jetzt online bestellen!\" \/>\n<meta name=\"robots\" content=\"index, follow, max-snippet:-1, max-image-preview:large, max-video-preview:-1\" \/>\n<link rel=\"canonical\" href=\"https:\/\/www.erresse-shop.it\/de\/shop\/toepfe-pfannen\/wok-topf-pfanne\/staub-wok-mit-glassdeckel-30-cm-basilikum-grun\/\" \/>\n<meta property=\"og:locale\" content=\"de_DE\" \/>\n<meta property=\"og:type\" content=\"article\" \/>\n<meta property=\"og:title\" content=\"STAUB Wok mit Glassdeckel 30 cm Basilikum-Grun\" \/>\n<meta property=\"og:description\" content=\"Entdecken Sie STAUB Wok mit Glassdeckel 30 cm Basilikum-Grun bei ErresseShop. Qualit\u00e4t, Stil und Funktionalit\u00e4t \u2013 jetzt online bestellen!\" \/>\n<meta property=\"og:url\" content=\"https:\/\/www.erresse-shop.it\/de\/shop\/toepfe-pfannen\/wok-topf-pfanne\/staub-wok-mit-glassdeckel-30-cm-basilikum-grun\/\" \/>\n<meta property=\"og:site_name\" content=\"Erresse Shop\" \/>\n<meta property=\"article:modified_time\" content=\"2025-09-11T17:10:07+00:00\" \/>\n<meta property=\"og:image\" content=\"https:\/\/www.erresse-shop.it\/wp-content\/uploads\/2020\/05\/staub-wok-30-cm-con-coperchio-in-vetro-e-griglia-verde-basilico.jpg\" \/>\n\t<meta property=\"og:image:width\" content=\"800\" \/>\n\t<meta property=\"og:image:height\" content=\"800\" \/>\n\t<meta property=\"og:image:type\" content=\"image\/jpeg\" \/>\n<meta name=\"twitter:card\" content=\"summary_large_image\" \/>\n<script type=\"application\/ld+json\" class=\"yoast-schema-graph\">{\"@context\":\"https:\/\/schema.org\",\"@graph\":[{\"@type\":\"WebPage\",\"@id\":\"https:\/\/www.erresse-shop.it\/de\/shop\/toepfe-pfannen\/wok-topf-pfanne\/staub-wok-mit-glassdeckel-30-cm-basilikum-grun\/\",\"url\":\"https:\/\/www.erresse-shop.it\/de\/shop\/toepfe-pfannen\/wok-topf-pfanne\/staub-wok-mit-glassdeckel-30-cm-basilikum-grun\/\",\"name\":\"STAUB Wok mit Glassdeckel 30 cm Basilikum-Grun\",\"isPartOf\":{\"@id\":\"https:\/\/www.erresse-shop.it\/de\/#website\"},\"datePublished\":\"2020-05-26T07:23:55+00:00\",\"dateModified\":\"2025-09-11T17:10:07+00:00\",\"description\":\"Entdecken Sie STAUB Wok mit Glassdeckel 30 cm Basilikum-Grun bei ErresseShop. Qualit\u00e4t, Stil und Funktionalit\u00e4t \u2013 jetzt online bestellen!\",\"breadcrumb\":{\"@id\":\"https:\/\/www.erresse-shop.it\/de\/shop\/toepfe-pfannen\/wok-topf-pfanne\/staub-wok-mit-glassdeckel-30-cm-basilikum-grun\/#breadcrumb\"},\"inLanguage\":\"de-DE\",\"potentialAction\":[{\"@type\":\"ReadAction\",\"target\":[\"https:\/\/www.erresse-shop.it\/de\/shop\/toepfe-pfannen\/wok-topf-pfanne\/staub-wok-mit-glassdeckel-30-cm-basilikum-grun\/\"]}]},{\"@type\":\"BreadcrumbList\",\"@id\":\"https:\/\/www.erresse-shop.it\/de\/shop\/toepfe-pfannen\/wok-topf-pfanne\/staub-wok-mit-glassdeckel-30-cm-basilikum-grun\/#breadcrumb\",\"itemListElement\":[{\"@type\":\"ListItem\",\"position\":1,\"name\":\"Home\",\"item\":\"https:\/\/www.erresse-shop.it\/de\/\"},{\"@type\":\"ListItem\",\"position\":2,\"name\":\"Shop\",\"item\":\"https:\/\/www.erresse-shop.it\/de\/shop\/\"},{\"@type\":\"ListItem\",\"position\":3,\"name\":\"STAUB Wok mit Glassdeckel 30 cm Basilikum-Grun\"}]},{\"@type\":\"WebSite\",\"@id\":\"https:\/\/www.erresse-shop.it\/de\/#website\",\"url\":\"https:\/\/www.erresse-shop.it\/de\/\",\"name\":\"Erresse Shop\",\"description\":\"Articoli di qualit\u00e0 per la casa\",\"potentialAction\":[{\"@type\":\"SearchAction\",\"target\":{\"@type\":\"EntryPoint\",\"urlTemplate\":\"https:\/\/www.erresse-shop.it\/de\/?s={search_term_string}\"},\"query-input\":\"required name=search_term_string\"}],\"inLanguage\":\"de-DE\"}]}<\/script>\n<!-- \/ Yoast SEO Premium plugin. -->","yoast_head_json":{"title":"STAUB Wok mit Glassdeckel 30 cm Basilikum-Grun","description":"Entdecken Sie STAUB Wok mit Glassdeckel 30 cm Basilikum-Grun bei ErresseShop. Qualit\u00e4t, Stil und Funktionalit\u00e4t \u2013 jetzt online bestellen!","robots":{"index":"index","follow":"follow","max-snippet":"max-snippet:-1","max-image-preview":"max-image-preview:large","max-video-preview":"max-video-preview:-1"},"canonical":"https:\/\/www.erresse-shop.it\/de\/shop\/toepfe-pfannen\/wok-topf-pfanne\/staub-wok-mit-glassdeckel-30-cm-basilikum-grun\/","og_locale":"de_DE","og_type":"article","og_title":"STAUB Wok mit Glassdeckel 30 cm Basilikum-Grun","og_description":"Entdecken Sie STAUB Wok mit Glassdeckel 30 cm Basilikum-Grun bei ErresseShop. Qualit\u00e4t, Stil und Funktionalit\u00e4t \u2013 jetzt online bestellen!","og_url":"https:\/\/www.erresse-shop.it\/de\/shop\/toepfe-pfannen\/wok-topf-pfanne\/staub-wok-mit-glassdeckel-30-cm-basilikum-grun\/","og_site_name":"Erresse Shop","article_modified_time":"2025-09-11T17:10:07+00:00","og_image":[{"width":800,"height":800,"url":"https:\/\/www.erresse-shop.it\/wp-content\/uploads\/2020\/05\/staub-wok-30-cm-con-coperchio-in-vetro-e-griglia-verde-basilico.jpg","type":"image\/jpeg"}],"twitter_card":"summary_large_image","schema":{"@context":"https:\/\/schema.org","@graph":[{"@type":"WebPage","@id":"https:\/\/www.erresse-shop.it\/de\/shop\/toepfe-pfannen\/wok-topf-pfanne\/staub-wok-mit-glassdeckel-30-cm-basilikum-grun\/","url":"https:\/\/www.erresse-shop.it\/de\/shop\/toepfe-pfannen\/wok-topf-pfanne\/staub-wok-mit-glassdeckel-30-cm-basilikum-grun\/","name":"STAUB Wok mit Glassdeckel 30 cm Basilikum-Grun","isPartOf":{"@id":"https:\/\/www.erresse-shop.it\/de\/#website"},"datePublished":"2020-05-26T07:23:55+00:00","dateModified":"2025-09-11T17:10:07+00:00","description":"Entdecken Sie STAUB Wok mit Glassdeckel 30 cm Basilikum-Grun bei ErresseShop. Qualit\u00e4t, Stil und Funktionalit\u00e4t \u2013 jetzt online bestellen!","breadcrumb":{"@id":"https:\/\/www.erresse-shop.it\/de\/shop\/toepfe-pfannen\/wok-topf-pfanne\/staub-wok-mit-glassdeckel-30-cm-basilikum-grun\/#breadcrumb"},"inLanguage":"de-DE","potentialAction":[{"@type":"ReadAction","target":["https:\/\/www.erresse-shop.it\/de\/shop\/toepfe-pfannen\/wok-topf-pfanne\/staub-wok-mit-glassdeckel-30-cm-basilikum-grun\/"]}]},{"@type":"BreadcrumbList","@id":"https:\/\/www.erresse-shop.it\/de\/shop\/toepfe-pfannen\/wok-topf-pfanne\/staub-wok-mit-glassdeckel-30-cm-basilikum-grun\/#breadcrumb","itemListElement":[{"@type":"ListItem","position":1,"name":"Home","item":"https:\/\/www.erresse-shop.it\/de\/"},{"@type":"ListItem","position":2,"name":"Shop","item":"https:\/\/www.erresse-shop.it\/de\/shop\/"},{"@type":"ListItem","position":3,"name":"STAUB Wok mit Glassdeckel 30 cm Basilikum-Grun"}]},{"@type":"WebSite","@id":"https:\/\/www.erresse-shop.it\/de\/#website","url":"https:\/\/www.erresse-shop.it\/de\/","name":"Erresse Shop","description":"Articoli di qualit\u00e0 per la casa","potentialAction":[{"@type":"SearchAction","target":{"@type":"EntryPoint","urlTemplate":"https:\/\/www.erresse-shop.it\/de\/?s={search_term_string}"},"query-input":"required name=search_term_string"}],"inLanguage":"de-DE"}]}},"df_price":149,"df_sale_price":149,"df_regular_price":229,"df_image_link":"https:\/\/www.erresse-shop.it\/wp-content\/uploads\/2020\/05\/staub-wok-30-cm-con-coperchio-in-vetro-e-griglia-verde-basilico-300x300.jpg","_links":{"self":[{"href":"https:\/\/www.erresse-shop.it\/de\/wp-json\/wp\/v2\/product\/62031"}],"collection":[{"href":"https:\/\/www.erresse-shop.it\/de\/wp-json\/wp\/v2\/product"}],"about":[{"href":"https:\/\/www.erresse-shop.it\/de\/wp-json\/wp\/v2\/types\/product"}],"wp:featuredmedia":[{"embeddable":true,"href":"https:\/\/www.erresse-shop.it\/de\/wp-json\/wp\/v2\/media\/62041"}],"wp:attachment":[{"href":"https:\/\/www.erresse-shop.it\/de\/wp-json\/wp\/v2\/media?parent=62031"}],"wp:term":[{"taxonomy":"product_cat","embeddable":true,"href":"https:\/\/www.erresse-shop.it\/de\/wp-json\/wp\/v2\/product_cat?post=62031"},{"taxonomy":"product_tag","embeddable":true,"href":"https:\/\/www.erresse-shop.it\/de\/wp-json\/wp\/v2\/product_tag?post=62031"}],"curies":[{"name":"wp","href":"https:\/\/api.w.org\/{rel}","templated":true}]}}