{"id":59242,"date":"2020-03-11T07:55:57","date_gmt":"2020-03-11T07:55:59","guid":{"rendered":"https:\/\/www.erresse-shop.it\/?post_type=product&#038;p=59242"},"modified":"2025-01-17T11:09:08","modified_gmt":"2025-01-17T11:09:08","slug":"marcato-nudelmaschine-atlas-150-blau","status":"publish","type":"product","link":"https:\/\/www.erresse-shop.it\/de\/shop\/kuche\/nudelmaschinen\/marcato-nudelmaschine-atlas-150-blau\/","title":{"rendered":"MARCATO Nudelmaschine Atlas 150 Blau"},"content":{"rendered":"<p style=\"text-align: justify;\">Die beliebteste <strong>Nudelmaschine<\/strong> im Haus. Ikone f\u00fcr Design Made in Italy.<br \/>\nMit dem <strong>Atlas 150<\/strong> k\u00f6nnen Sie dank des umfangreichen Zubeh\u00f6rs problemlos Lasagne, Fettuccine, Tagliolini und 13 weitere Nudelformen herstellen.<br \/>\nAtlas 150 ist aus verchromtem Stahl oder in 7 verschiedenen Farben aus eloxiertem Aluminium erh\u00e4ltlich.<\/p>\n<p style=\"text-align: justify;\"><strong>F\u00fcr Liebhaber des italienischen Designs und Stils<\/strong><br \/>\nDie Wahl Ihrer neuen Nudelmaschine ist ein besonderer Moment, deshalb haben wir verschiedene Ausf\u00fchrungen geschaffen, die Ihrem Stil entsprechen.<\/p>\n<p style=\"text-align: justify;\"><strong>Das Moderne in farbigem Aluminium<\/strong><br \/>\nWir haben uns f\u00fcr eloxiertes Aluminium entschieden, um Ihnen ein farbiges Produkt von h\u00f6chster Qualit\u00e4t und gesundheitlich unbedenklich zu garantieren. Ein wichtiges Merkmal, das die Atlas 150 zur einzigen vollst\u00e4ndig eloxierten Maschine macht, die in Kontakt mit Lebensmitteln verwendet werden kann.<\/p>\n<p style=\"text-align: justify;\"><strong>BEREITEN WIR NUDELN ZU<\/strong><\/p>\n<p style=\"text-align: justify;\">250 g Weichweizenmehl Typ &#8220;00<br \/>\n250 g Hartweizenmehl (Grie\u00df)<br \/>\n5 ganze Eier und Wasser bis zu einer Gesamtmenge von 250 g<\/p>\n<p style=\"text-align: justify;\">Geben Sie das Mehl in eine Sch\u00fcssel; f\u00fcgen Sie die Eier und das Wasser dazwischen. Verr\u00fchren Sie die Eier und das Wasser mit einer Gabel, um sie vollst\u00e4ndig mit dem Mehl zu vermischen. Kein Salz hinzuf\u00fcgen!<br \/>\nBearbeiten Sie den Teig mit den H\u00e4nden, bis er vollst\u00e4ndig homogen und konsistent ist. Wenn der Teig zu trocken ist, Wasser hinzuf\u00fcgen, wenn er zu weich ist, Mehl hinzuf\u00fcgen. Ein guter Teig sollte nie an den Fingern kleben. Nehmen Sie den Teig aus der Sch\u00fcssel und legen Sie ihn auf eine leicht bemehlte Arbeitsfl\u00e4che. Bearbeiten Sie den Teig bei Bedarf weiter mit den H\u00e4nden und schneiden Sie ihn in kleine St\u00fccke.<\/p>\n","protected":false},"excerpt":{"rendered":"<p>Die beliebteste Nudelmaschine im Haus. Ikone f\u00fcr Design Made in Italy. Mit dem Atlas 150 k\u00f6nnen Sie dank des umfangreichen<\/p>\n","protected":false},"featured_media":96604,"template":"","meta":{"_acf_changed":false,"inline_featured_image":false},"product_cat":[6742,12942],"product_tag":[14832,11718],"acf":[],"yoast_head":"<!-- This site is optimized with the Yoast SEO Premium plugin v18.6 (Yoast SEO v19.13) - https:\/\/yoast.com\/wordpress\/plugins\/seo\/ -->\n<title>MARCATO Nudelmaschine Atlas 150 Blau<\/title>\n<meta name=\"description\" content=\"Entdecken Sie MARCATO Nudelmaschine Atlas 150 Blau bei ErresseShop. Qualit\u00e4t, Stil und Funktionalit\u00e4t \u2013 jetzt online bestellen!\" \/>\n<meta name=\"robots\" content=\"index, follow, max-snippet:-1, max-image-preview:large, max-video-preview:-1\" \/>\n<link rel=\"canonical\" href=\"https:\/\/www.erresse-shop.it\/de\/shop\/kuche\/nudelmaschinen\/marcato-nudelmaschine-atlas-150-blau\/\" \/>\n<meta property=\"og:locale\" content=\"de_DE\" \/>\n<meta property=\"og:type\" content=\"article\" \/>\n<meta property=\"og:title\" content=\"MARCATO Nudelmaschine Atlas 150 Blau\" \/>\n<meta property=\"og:description\" content=\"Entdecken Sie MARCATO Nudelmaschine Atlas 150 Blau bei ErresseShop. Qualit\u00e4t, Stil und Funktionalit\u00e4t \u2013 jetzt online bestellen!\" \/>\n<meta property=\"og:url\" content=\"https:\/\/www.erresse-shop.it\/de\/shop\/kuche\/nudelmaschinen\/marcato-nudelmaschine-atlas-150-blau\/\" \/>\n<meta property=\"og:site_name\" content=\"Erresse Shop\" \/>\n<meta property=\"article:modified_time\" content=\"2025-01-17T11:09:08+00:00\" \/>\n<meta property=\"og:image\" content=\"https:\/\/www.erresse-shop.it\/wp-content\/uploads\/2020\/03\/MARCATO-Macchina-per-Pasta-Atlas-150-Blu.jpg\" \/>\n\t<meta property=\"og:image:width\" content=\"1000\" \/>\n\t<meta property=\"og:image:height\" content=\"1000\" \/>\n\t<meta property=\"og:image:type\" content=\"image\/jpeg\" \/>\n<meta name=\"twitter:card\" content=\"summary_large_image\" \/>\n<script type=\"application\/ld+json\" class=\"yoast-schema-graph\">{\"@context\":\"https:\/\/schema.org\",\"@graph\":[{\"@type\":\"WebPage\",\"@id\":\"https:\/\/www.erresse-shop.it\/de\/shop\/kuche\/nudelmaschinen\/marcato-nudelmaschine-atlas-150-blau\/\",\"url\":\"https:\/\/www.erresse-shop.it\/de\/shop\/kuche\/nudelmaschinen\/marcato-nudelmaschine-atlas-150-blau\/\",\"name\":\"MARCATO Nudelmaschine Atlas 150 Blau\",\"isPartOf\":{\"@id\":\"https:\/\/www.erresse-shop.it\/de\/#website\"},\"datePublished\":\"2020-03-11T07:55:59+00:00\",\"dateModified\":\"2025-01-17T11:09:08+00:00\",\"description\":\"Entdecken Sie MARCATO Nudelmaschine Atlas 150 Blau bei ErresseShop. Qualit\u00e4t, Stil und Funktionalit\u00e4t \u2013 jetzt online bestellen!\",\"breadcrumb\":{\"@id\":\"https:\/\/www.erresse-shop.it\/de\/shop\/kuche\/nudelmaschinen\/marcato-nudelmaschine-atlas-150-blau\/#breadcrumb\"},\"inLanguage\":\"de-DE\",\"potentialAction\":[{\"@type\":\"ReadAction\",\"target\":[\"https:\/\/www.erresse-shop.it\/de\/shop\/kuche\/nudelmaschinen\/marcato-nudelmaschine-atlas-150-blau\/\"]}]},{\"@type\":\"BreadcrumbList\",\"@id\":\"https:\/\/www.erresse-shop.it\/de\/shop\/kuche\/nudelmaschinen\/marcato-nudelmaschine-atlas-150-blau\/#breadcrumb\",\"itemListElement\":[{\"@type\":\"ListItem\",\"position\":1,\"name\":\"Home\",\"item\":\"https:\/\/www.erresse-shop.it\/de\/\"},{\"@type\":\"ListItem\",\"position\":2,\"name\":\"Shop\",\"item\":\"https:\/\/www.erresse-shop.it\/de\/shop\/\"},{\"@type\":\"ListItem\",\"position\":3,\"name\":\"MARCATO Nudelmaschine Atlas 150 Blau\"}]},{\"@type\":\"WebSite\",\"@id\":\"https:\/\/www.erresse-shop.it\/de\/#website\",\"url\":\"https:\/\/www.erresse-shop.it\/de\/\",\"name\":\"Erresse Shop\",\"description\":\"Articoli di qualit\u00e0 per la casa\",\"potentialAction\":[{\"@type\":\"SearchAction\",\"target\":{\"@type\":\"EntryPoint\",\"urlTemplate\":\"https:\/\/www.erresse-shop.it\/de\/?s={search_term_string}\"},\"query-input\":\"required name=search_term_string\"}],\"inLanguage\":\"de-DE\"}]}<\/script>\n<!-- \/ Yoast SEO Premium plugin. -->","yoast_head_json":{"title":"MARCATO Nudelmaschine Atlas 150 Blau","description":"Entdecken Sie MARCATO Nudelmaschine Atlas 150 Blau bei ErresseShop. Qualit\u00e4t, Stil und Funktionalit\u00e4t \u2013 jetzt online bestellen!","robots":{"index":"index","follow":"follow","max-snippet":"max-snippet:-1","max-image-preview":"max-image-preview:large","max-video-preview":"max-video-preview:-1"},"canonical":"https:\/\/www.erresse-shop.it\/de\/shop\/kuche\/nudelmaschinen\/marcato-nudelmaschine-atlas-150-blau\/","og_locale":"de_DE","og_type":"article","og_title":"MARCATO Nudelmaschine Atlas 150 Blau","og_description":"Entdecken Sie MARCATO Nudelmaschine Atlas 150 Blau bei ErresseShop. Qualit\u00e4t, Stil und Funktionalit\u00e4t \u2013 jetzt online bestellen!","og_url":"https:\/\/www.erresse-shop.it\/de\/shop\/kuche\/nudelmaschinen\/marcato-nudelmaschine-atlas-150-blau\/","og_site_name":"Erresse Shop","article_modified_time":"2025-01-17T11:09:08+00:00","og_image":[{"width":1000,"height":1000,"url":"https:\/\/www.erresse-shop.it\/wp-content\/uploads\/2020\/03\/MARCATO-Macchina-per-Pasta-Atlas-150-Blu.jpg","type":"image\/jpeg"}],"twitter_card":"summary_large_image","schema":{"@context":"https:\/\/schema.org","@graph":[{"@type":"WebPage","@id":"https:\/\/www.erresse-shop.it\/de\/shop\/kuche\/nudelmaschinen\/marcato-nudelmaschine-atlas-150-blau\/","url":"https:\/\/www.erresse-shop.it\/de\/shop\/kuche\/nudelmaschinen\/marcato-nudelmaschine-atlas-150-blau\/","name":"MARCATO Nudelmaschine Atlas 150 Blau","isPartOf":{"@id":"https:\/\/www.erresse-shop.it\/de\/#website"},"datePublished":"2020-03-11T07:55:59+00:00","dateModified":"2025-01-17T11:09:08+00:00","description":"Entdecken Sie MARCATO Nudelmaschine Atlas 150 Blau bei ErresseShop. Qualit\u00e4t, Stil und Funktionalit\u00e4t \u2013 jetzt online bestellen!","breadcrumb":{"@id":"https:\/\/www.erresse-shop.it\/de\/shop\/kuche\/nudelmaschinen\/marcato-nudelmaschine-atlas-150-blau\/#breadcrumb"},"inLanguage":"de-DE","potentialAction":[{"@type":"ReadAction","target":["https:\/\/www.erresse-shop.it\/de\/shop\/kuche\/nudelmaschinen\/marcato-nudelmaschine-atlas-150-blau\/"]}]},{"@type":"BreadcrumbList","@id":"https:\/\/www.erresse-shop.it\/de\/shop\/kuche\/nudelmaschinen\/marcato-nudelmaschine-atlas-150-blau\/#breadcrumb","itemListElement":[{"@type":"ListItem","position":1,"name":"Home","item":"https:\/\/www.erresse-shop.it\/de\/"},{"@type":"ListItem","position":2,"name":"Shop","item":"https:\/\/www.erresse-shop.it\/de\/shop\/"},{"@type":"ListItem","position":3,"name":"MARCATO Nudelmaschine Atlas 150 Blau"}]},{"@type":"WebSite","@id":"https:\/\/www.erresse-shop.it\/de\/#website","url":"https:\/\/www.erresse-shop.it\/de\/","name":"Erresse Shop","description":"Articoli di qualit\u00e0 per la casa","potentialAction":[{"@type":"SearchAction","target":{"@type":"EntryPoint","urlTemplate":"https:\/\/www.erresse-shop.it\/de\/?s={search_term_string}"},"query-input":"required name=search_term_string"}],"inLanguage":"de-DE"}]}},"df_price":65.25,"df_sale_price":65.25,"df_regular_price":130.5,"df_image_link":"https:\/\/www.erresse-shop.it\/wp-content\/uploads\/2020\/03\/MARCATO-Macchina-per-Pasta-Atlas-150-Blu-300x300.jpg","_links":{"self":[{"href":"https:\/\/www.erresse-shop.it\/de\/wp-json\/wp\/v2\/product\/59242"}],"collection":[{"href":"https:\/\/www.erresse-shop.it\/de\/wp-json\/wp\/v2\/product"}],"about":[{"href":"https:\/\/www.erresse-shop.it\/de\/wp-json\/wp\/v2\/types\/product"}],"wp:featuredmedia":[{"embeddable":true,"href":"https:\/\/www.erresse-shop.it\/de\/wp-json\/wp\/v2\/media\/96604"}],"wp:attachment":[{"href":"https:\/\/www.erresse-shop.it\/de\/wp-json\/wp\/v2\/media?parent=59242"}],"wp:term":[{"taxonomy":"product_cat","embeddable":true,"href":"https:\/\/www.erresse-shop.it\/de\/wp-json\/wp\/v2\/product_cat?post=59242"},{"taxonomy":"product_tag","embeddable":true,"href":"https:\/\/www.erresse-shop.it\/de\/wp-json\/wp\/v2\/product_tag?post=59242"}],"curies":[{"name":"wp","href":"https:\/\/api.w.org\/{rel}","templated":true}]}}