{"id":58213,"date":"2020-03-04T10:07:56","date_gmt":"2020-03-04T10:07:57","guid":{"rendered":"https:\/\/www.erresse-shop.it\/?post_type=product&#038;p=58213"},"modified":"2025-01-17T08:14:21","modified_gmt":"2025-01-17T08:14:21","slug":"le-creuset-la-marmite-kirschrot-26cm","status":"publish","type":"product","link":"https:\/\/www.erresse-shop.it\/de\/shop\/toepfe-pfannen\/schalldaempfer-und-kokotten\/le-creuset-la-marmite-kirschrot-26cm\/","title":{"rendered":"LE CREUSET La Marmite Kirschrot 26cm"},"content":{"rendered":"<p>La Marmite, der Familientopf, hat eine gew\u00f6lbte Innenseite ohne Ecken und Kanten. Dadurch ist einfaches R\u00fchren m\u00f6glich. Ideal f\u00fcr Eint\u00f6pfe und Fleischgerichte.<\/p>\n<p>Die Le Creuset Spezial-Br\u00e4ter bestechen durch ihre diversen Formen und die vielseitigen Einsatzm\u00f6glichkeiten. Die farbenfrohen Br\u00e4ter eignen sich dar\u00fcber hinaus perfekt zum Servieren am Tisch: Zum einen ist Gusseisen ein hervorragender W\u00e4rmespeicher, so dass der Nachschub im Br\u00e4ter lange warm bleibt und zum anderen lassen sich die bunten Farben sehr gut in eine festlich geschm\u00fcckte Tafel integrieren.<\/p>\n<p>W\u00c4RMESPEICHER<br \/>\nGusseisernes Kochgeschirr von Le Creuset ist besonders energiesparend, da sich die W\u00e4rme optimal vom Boden bis in die W\u00e4nde verteilt und lange gespeichert wird.<\/p>\n<p>HELLE EMAILLE<br \/>\nUnsere helle Emaille wird \u00fcberwiegend in Br\u00e4tern und T\u00f6pfen verwendet und kann auf Grund ihrer glatten und weichen Oberfl\u00e4che besonders leicht gereinigt werden.<\/p>\n<p>SCHWARZE EMAILLE<br \/>\nDie schwarze Emaille wird \u00fcberwiegend in Pfannen aus Gusseisen verwendet. Diese Emaille wurde speziell zum Anbraten bei h\u00f6heren Temperaturen entwickelt. R\u00f6st- und Brataromen k\u00f6nnen sich optimal entfalten und sorgen f\u00fcr ein au\u00dfergew\u00f6hnliches Geschmackserlebnis.<\/p>\n<p>EIGENSCHAFTEN<br \/>\n&#8211; Energieeffizientes Kochen durch exzellente W\u00e4rmespeicherf\u00e4higkeit<br \/>\n&#8211; Extrem hochwertige und strapazierf\u00e4hige Emaille<br \/>\n&#8211; Besonders einfach zu reinigen<br \/>\n&#8211; Gro\u00dfe Griffe f\u00fcr den einfachen und sicheren Transport<br \/>\n&#8211; Hitzebest\u00e4ndiger ergonomisch geformter Edelstahlknauf<br \/>\n&#8211; F\u00fcr alle Herdarten geeignet, inkl. Induktion<\/p>\n<p><a style=\"font-size: 13px;\" href=\"https:\/\/www.youtube.com\/watch?v=HDOljJrHsg0\" target=\"_blank\" rel=\"noopener\">See Movie 1<\/a><br style=\"font-size: 13px;\" \/><a style=\"font-size: 13px;\" href=\"https:\/\/www.youtube.com\/watch?v=ro9F2zRA4gE\" target=\"_blank\" rel=\"noopener\">See Movie 2<\/a><\/p>\n","protected":false},"excerpt":{"rendered":"<p>La Marmite, der Familientopf, hat eine gew\u00f6lbte Innenseite ohne Ecken und Kanten. Dadurch ist einfaches R\u00fchren m\u00f6glich. Ideal f\u00fcr Eint\u00f6pfe<\/p>\n","protected":false},"featured_media":460231,"template":"","meta":{"_acf_changed":false,"inline_featured_image":false},"product_cat":[6709,14793],"product_tag":[25088,11383,11385,12315,13712,25022,12205,21330],"acf":[],"yoast_head":"<!-- This site is optimized with the Yoast SEO Premium plugin v18.6 (Yoast SEO v19.13) - https:\/\/yoast.com\/wordpress\/plugins\/seo\/ -->\n<title>LE CREUSET La Marmite Kirschrot 26cm<\/title>\n<meta name=\"description\" content=\"Entdecken Sie LE CREUSET La Marmite Kirschrot 26cm bei ErresseShop. Qualit\u00e4t, Stil und Funktionalit\u00e4t \u2013 jetzt online bestellen!\" \/>\n<meta name=\"robots\" content=\"index, follow, max-snippet:-1, max-image-preview:large, max-video-preview:-1\" \/>\n<link rel=\"canonical\" href=\"https:\/\/www.erresse-shop.it\/de\/shop\/toepfe-pfannen\/schalldaempfer-und-kokotten\/le-creuset-la-marmite-kirschrot-26cm\/\" \/>\n<meta property=\"og:locale\" content=\"de_DE\" \/>\n<meta property=\"og:type\" content=\"article\" \/>\n<meta property=\"og:title\" content=\"LE CREUSET La Marmite Kirschrot 26cm\" \/>\n<meta property=\"og:description\" content=\"Entdecken Sie LE CREUSET La Marmite Kirschrot 26cm bei ErresseShop. Qualit\u00e4t, Stil und Funktionalit\u00e4t \u2013 jetzt online bestellen!\" \/>\n<meta property=\"og:url\" content=\"https:\/\/www.erresse-shop.it\/de\/shop\/toepfe-pfannen\/schalldaempfer-und-kokotten\/le-creuset-la-marmite-kirschrot-26cm\/\" \/>\n<meta property=\"og:site_name\" content=\"Erresse Shop\" \/>\n<meta property=\"article:modified_time\" content=\"2025-01-17T08:14:21+00:00\" \/>\n<meta property=\"og:image\" content=\"https:\/\/www.erresse-shop.it\/wp-content\/uploads\/2020\/03\/LE-CREUSET-Marmitta-26-cm-Ciliegia.jpg\" \/>\n\t<meta property=\"og:image:width\" content=\"1200\" \/>\n\t<meta property=\"og:image:height\" content=\"1200\" \/>\n\t<meta property=\"og:image:type\" content=\"image\/jpeg\" \/>\n<meta name=\"twitter:card\" content=\"summary_large_image\" \/>\n<script type=\"application\/ld+json\" class=\"yoast-schema-graph\">{\"@context\":\"https:\/\/schema.org\",\"@graph\":[{\"@type\":\"WebPage\",\"@id\":\"https:\/\/www.erresse-shop.it\/de\/shop\/toepfe-pfannen\/schalldaempfer-und-kokotten\/le-creuset-la-marmite-kirschrot-26cm\/\",\"url\":\"https:\/\/www.erresse-shop.it\/de\/shop\/toepfe-pfannen\/schalldaempfer-und-kokotten\/le-creuset-la-marmite-kirschrot-26cm\/\",\"name\":\"LE CREUSET La Marmite Kirschrot 26cm\",\"isPartOf\":{\"@id\":\"https:\/\/www.erresse-shop.it\/de\/#website\"},\"datePublished\":\"2020-03-04T10:07:57+00:00\",\"dateModified\":\"2025-01-17T08:14:21+00:00\",\"description\":\"Entdecken Sie LE CREUSET La Marmite Kirschrot 26cm bei ErresseShop. Qualit\u00e4t, Stil und Funktionalit\u00e4t \u2013 jetzt online bestellen!\",\"breadcrumb\":{\"@id\":\"https:\/\/www.erresse-shop.it\/de\/shop\/toepfe-pfannen\/schalldaempfer-und-kokotten\/le-creuset-la-marmite-kirschrot-26cm\/#breadcrumb\"},\"inLanguage\":\"de-DE\",\"potentialAction\":[{\"@type\":\"ReadAction\",\"target\":[\"https:\/\/www.erresse-shop.it\/de\/shop\/toepfe-pfannen\/schalldaempfer-und-kokotten\/le-creuset-la-marmite-kirschrot-26cm\/\"]}]},{\"@type\":\"BreadcrumbList\",\"@id\":\"https:\/\/www.erresse-shop.it\/de\/shop\/toepfe-pfannen\/schalldaempfer-und-kokotten\/le-creuset-la-marmite-kirschrot-26cm\/#breadcrumb\",\"itemListElement\":[{\"@type\":\"ListItem\",\"position\":1,\"name\":\"Home\",\"item\":\"https:\/\/www.erresse-shop.it\/de\/\"},{\"@type\":\"ListItem\",\"position\":2,\"name\":\"Shop\",\"item\":\"https:\/\/www.erresse-shop.it\/de\/shop\/\"},{\"@type\":\"ListItem\",\"position\":3,\"name\":\"LE CREUSET La Marmite Kirschrot 26cm\"}]},{\"@type\":\"WebSite\",\"@id\":\"https:\/\/www.erresse-shop.it\/de\/#website\",\"url\":\"https:\/\/www.erresse-shop.it\/de\/\",\"name\":\"Erresse Shop\",\"description\":\"Articoli di qualit\u00e0 per la casa\",\"potentialAction\":[{\"@type\":\"SearchAction\",\"target\":{\"@type\":\"EntryPoint\",\"urlTemplate\":\"https:\/\/www.erresse-shop.it\/de\/?s={search_term_string}\"},\"query-input\":\"required name=search_term_string\"}],\"inLanguage\":\"de-DE\"}]}<\/script>\n<!-- \/ Yoast SEO Premium plugin. -->","yoast_head_json":{"title":"LE CREUSET La Marmite Kirschrot 26cm","description":"Entdecken Sie LE CREUSET La Marmite Kirschrot 26cm bei ErresseShop. Qualit\u00e4t, Stil und Funktionalit\u00e4t \u2013 jetzt online bestellen!","robots":{"index":"index","follow":"follow","max-snippet":"max-snippet:-1","max-image-preview":"max-image-preview:large","max-video-preview":"max-video-preview:-1"},"canonical":"https:\/\/www.erresse-shop.it\/de\/shop\/toepfe-pfannen\/schalldaempfer-und-kokotten\/le-creuset-la-marmite-kirschrot-26cm\/","og_locale":"de_DE","og_type":"article","og_title":"LE CREUSET La Marmite Kirschrot 26cm","og_description":"Entdecken Sie LE CREUSET La Marmite Kirschrot 26cm bei ErresseShop. Qualit\u00e4t, Stil und Funktionalit\u00e4t \u2013 jetzt online bestellen!","og_url":"https:\/\/www.erresse-shop.it\/de\/shop\/toepfe-pfannen\/schalldaempfer-und-kokotten\/le-creuset-la-marmite-kirschrot-26cm\/","og_site_name":"Erresse Shop","article_modified_time":"2025-01-17T08:14:21+00:00","og_image":[{"width":1200,"height":1200,"url":"https:\/\/www.erresse-shop.it\/wp-content\/uploads\/2020\/03\/LE-CREUSET-Marmitta-26-cm-Ciliegia.jpg","type":"image\/jpeg"}],"twitter_card":"summary_large_image","schema":{"@context":"https:\/\/schema.org","@graph":[{"@type":"WebPage","@id":"https:\/\/www.erresse-shop.it\/de\/shop\/toepfe-pfannen\/schalldaempfer-und-kokotten\/le-creuset-la-marmite-kirschrot-26cm\/","url":"https:\/\/www.erresse-shop.it\/de\/shop\/toepfe-pfannen\/schalldaempfer-und-kokotten\/le-creuset-la-marmite-kirschrot-26cm\/","name":"LE CREUSET La Marmite Kirschrot 26cm","isPartOf":{"@id":"https:\/\/www.erresse-shop.it\/de\/#website"},"datePublished":"2020-03-04T10:07:57+00:00","dateModified":"2025-01-17T08:14:21+00:00","description":"Entdecken Sie LE CREUSET La Marmite Kirschrot 26cm bei ErresseShop. Qualit\u00e4t, Stil und Funktionalit\u00e4t \u2013 jetzt online bestellen!","breadcrumb":{"@id":"https:\/\/www.erresse-shop.it\/de\/shop\/toepfe-pfannen\/schalldaempfer-und-kokotten\/le-creuset-la-marmite-kirschrot-26cm\/#breadcrumb"},"inLanguage":"de-DE","potentialAction":[{"@type":"ReadAction","target":["https:\/\/www.erresse-shop.it\/de\/shop\/toepfe-pfannen\/schalldaempfer-und-kokotten\/le-creuset-la-marmite-kirschrot-26cm\/"]}]},{"@type":"BreadcrumbList","@id":"https:\/\/www.erresse-shop.it\/de\/shop\/toepfe-pfannen\/schalldaempfer-und-kokotten\/le-creuset-la-marmite-kirschrot-26cm\/#breadcrumb","itemListElement":[{"@type":"ListItem","position":1,"name":"Home","item":"https:\/\/www.erresse-shop.it\/de\/"},{"@type":"ListItem","position":2,"name":"Shop","item":"https:\/\/www.erresse-shop.it\/de\/shop\/"},{"@type":"ListItem","position":3,"name":"LE CREUSET La Marmite Kirschrot 26cm"}]},{"@type":"WebSite","@id":"https:\/\/www.erresse-shop.it\/de\/#website","url":"https:\/\/www.erresse-shop.it\/de\/","name":"Erresse Shop","description":"Articoli di qualit\u00e0 per la casa","potentialAction":[{"@type":"SearchAction","target":{"@type":"EntryPoint","urlTemplate":"https:\/\/www.erresse-shop.it\/de\/?s={search_term_string}"},"query-input":"required name=search_term_string"}],"inLanguage":"de-DE"}]}},"df_price":219.95,"df_sale_price":219.95,"df_regular_price":329,"df_image_link":"https:\/\/www.erresse-shop.it\/wp-content\/uploads\/2020\/03\/LE-CREUSET-Marmitta-26-cm-Ciliegia-300x300.jpg","_links":{"self":[{"href":"https:\/\/www.erresse-shop.it\/de\/wp-json\/wp\/v2\/product\/58213"}],"collection":[{"href":"https:\/\/www.erresse-shop.it\/de\/wp-json\/wp\/v2\/product"}],"about":[{"href":"https:\/\/www.erresse-shop.it\/de\/wp-json\/wp\/v2\/types\/product"}],"wp:featuredmedia":[{"embeddable":true,"href":"https:\/\/www.erresse-shop.it\/de\/wp-json\/wp\/v2\/media\/460231"}],"wp:attachment":[{"href":"https:\/\/www.erresse-shop.it\/de\/wp-json\/wp\/v2\/media?parent=58213"}],"wp:term":[{"taxonomy":"product_cat","embeddable":true,"href":"https:\/\/www.erresse-shop.it\/de\/wp-json\/wp\/v2\/product_cat?post=58213"},{"taxonomy":"product_tag","embeddable":true,"href":"https:\/\/www.erresse-shop.it\/de\/wp-json\/wp\/v2\/product_tag?post=58213"}],"curies":[{"name":"wp","href":"https:\/\/api.w.org\/{rel}","templated":true}]}}