{"id":57005,"date":"2020-02-20T10:54:54","date_gmt":"2020-02-20T10:54:56","guid":{"rendered":"https:\/\/www.erresse-shop.it\/?post_type=product&#038;p=57005"},"modified":"2025-01-22T07:10:12","modified_gmt":"2025-01-22T07:10:12","slug":"zafferano-poldina-pro-xxl-lampadaire-lampe-de-table-dunkelgrau","status":"publish","type":"product","link":"https:\/\/www.erresse-shop.it\/de\/shop\/einrichtung-haus\/lampen\/zafferano-poldina-pro-xxl-lampadaire-lampe-de-table-dunkelgrau\/","title":{"rendered":"ZAFFERANO Poldina PRO XXL Lampadaire\/Lampe de table Dunkelgrau"},"content":{"rendered":"<p>Die Poldina Pro XXL hat die gleiche Funktionalit\u00e4t wie die Poldina Pro in der Maxi-, Boden- und Tischversion. Das Aufladen ist immer \u00fcber Kontakt m\u00f6glich, aber die Dauer erh\u00f6ht sich auf 15 Stunden, wenn die Lampe mit maximaler Lichtintensit\u00e4t verwendet wird. Sie ist dimmbar, mit der M\u00f6glichkeit eines dynamischen Wei\u00df in zwei Stufen (2700 &#8211; 3000K). Die Schutzart ist immer IP54 (vollst\u00e4ndig montiert), so dass es f\u00fcr den Innen- und Au\u00dfenbereich geeignet ist.<\/p>\n<p><strong>FUNKTION ZUR AUSWAHL DER FARBTEMPERATUR<\/strong><br \/>\nSie k\u00f6nnen ein mehr oder weniger warmes Licht w\u00e4hlen, zwischen den Optionen 2700 und 3000K. Der unterschiedliche Farbton des Lichts wird als &#8220;Farbtemperatur&#8221; bezeichnet und in Kelvin-Graden (K) gemessen: 2700K bedeutet warmes Licht, 4000K entspricht komplett wei\u00dfem Licht und 6500K bedeutet kaltes, blau-wei\u00dfes Licht.<\/p>\n<ul>\n<li>Dr\u00fccken Sie bei ausgeschalteter Lampe 4 Sekunden lang leicht auf die Taste, bis eine blaue LED konstant leuchtet.<\/li>\n<li>Durch eine kurze Ber\u00fchrung des Touchpanels wird die Farbtemperatur der Lampe ge\u00e4ndert.<\/li>\n<li>Lichtdruck f\u00fcr 4 Sekunden, um die neue Farbtemperatur zu speichern und die Lampe auszuschalten.<\/li>\n<\/ul>\n<p><strong>Schutzart IP65<\/strong><br \/>\nDer IP-Schutzindex ist ein internationaler Parameter, der den Grad des Schutzes einer Leuchte gegen das Eindringen von festen und fl\u00fcssigen Partikeln klassifiziert. Die neue Poldina hat die neuen Labortests bestanden und ist daher jetzt in einer h\u00f6heren Schutzklasse: IP65.<\/p>\n<p><strong>Dimm-Speicherfunktion<\/strong><br \/>\nDiese Funktion speichert die Dimmstufen: Bei jedem Einschalten der Leuchte wird die Lichtintensit\u00e4t nicht maximal sein, sondern der zuvor eingestellten entsprechen.<\/p>\n<p><strong>ABMESSUNGEN<\/strong><br \/>\n<strong>H\u00f6he:<\/strong> Max 1500 mm &#8211; Min 690 mm<br \/>\n<strong>Durchmesser:<\/strong> 280 mm<\/p>\n","protected":false},"excerpt":{"rendered":"<p>Die Poldina Pro XXL hat die gleiche Funktionalit\u00e4t wie die Poldina Pro in der Maxi-, Boden- und Tischversion. Das Aufladen<\/p>\n","protected":false},"featured_media":56998,"template":"","meta":{"_acf_changed":false,"inline_featured_image":false},"product_cat":[6817,6862],"product_tag":[25027,11593,24604,12183,11949,12218,12196,25022,12221,12219,12181,12182],"acf":[],"yoast_head":"<!-- This site is optimized with the Yoast SEO Premium plugin v18.6 (Yoast SEO v19.13) - https:\/\/yoast.com\/wordpress\/plugins\/seo\/ -->\n<title>ZAFFERANO Poldina PRO XXL Lampadaire\/Lampe de table Dunkelgrau<\/title>\n<meta name=\"description\" content=\"Entdecken Sie ZAFFERANO Poldina PRO XXL Lampadaire\/Lampe de table Dunkelgrau bei ErresseShop. Qualit\u00e4t, Stil und Funktionalit\u00e4t \u2013 jetzt online bestellen!\" \/>\n<meta name=\"robots\" content=\"index, follow, max-snippet:-1, max-image-preview:large, max-video-preview:-1\" \/>\n<link rel=\"canonical\" href=\"https:\/\/www.erresse-shop.it\/de\/shop\/einrichtung-haus\/lampen\/zafferano-poldina-pro-xxl-lampadaire-lampe-de-table-dunkelgrau\/\" \/>\n<meta property=\"og:locale\" content=\"de_DE\" \/>\n<meta property=\"og:type\" content=\"article\" \/>\n<meta property=\"og:title\" content=\"ZAFFERANO Poldina PRO XXL Lampadaire\/Lampe de table Dunkelgrau\" \/>\n<meta property=\"og:description\" content=\"Entdecken Sie ZAFFERANO Poldina PRO XXL Lampadaire\/Lampe de table Dunkelgrau bei ErresseShop. Qualit\u00e4t, Stil und Funktionalit\u00e4t \u2013 jetzt online bestellen!\" \/>\n<meta property=\"og:url\" content=\"https:\/\/www.erresse-shop.it\/de\/shop\/einrichtung-haus\/lampen\/zafferano-poldina-pro-xxl-lampadaire-lampe-de-table-dunkelgrau\/\" \/>\n<meta property=\"og:site_name\" content=\"Erresse Shop\" \/>\n<meta property=\"article:modified_time\" content=\"2025-01-22T07:10:12+00:00\" \/>\n<meta property=\"og:image\" content=\"https:\/\/www.erresse-shop.it\/wp-content\/uploads\/2020\/02\/lampada-da-tavolo-poldina-grigio.jpg\" \/>\n\t<meta property=\"og:image:width\" content=\"500\" \/>\n\t<meta property=\"og:image:height\" content=\"583\" \/>\n\t<meta property=\"og:image:type\" content=\"image\/jpeg\" \/>\n<meta name=\"twitter:card\" content=\"summary_large_image\" \/>\n<script type=\"application\/ld+json\" class=\"yoast-schema-graph\">{\"@context\":\"https:\/\/schema.org\",\"@graph\":[{\"@type\":\"WebPage\",\"@id\":\"https:\/\/www.erresse-shop.it\/de\/shop\/einrichtung-haus\/lampen\/zafferano-poldina-pro-xxl-lampadaire-lampe-de-table-dunkelgrau\/\",\"url\":\"https:\/\/www.erresse-shop.it\/de\/shop\/einrichtung-haus\/lampen\/zafferano-poldina-pro-xxl-lampadaire-lampe-de-table-dunkelgrau\/\",\"name\":\"ZAFFERANO Poldina PRO XXL Lampadaire\/Lampe de table Dunkelgrau\",\"isPartOf\":{\"@id\":\"https:\/\/www.erresse-shop.it\/de\/#website\"},\"datePublished\":\"2020-02-20T10:54:56+00:00\",\"dateModified\":\"2025-01-22T07:10:12+00:00\",\"description\":\"Entdecken Sie ZAFFERANO Poldina PRO XXL Lampadaire\/Lampe de table Dunkelgrau bei ErresseShop. Qualit\u00e4t, Stil und Funktionalit\u00e4t \u2013 jetzt online bestellen!\",\"breadcrumb\":{\"@id\":\"https:\/\/www.erresse-shop.it\/de\/shop\/einrichtung-haus\/lampen\/zafferano-poldina-pro-xxl-lampadaire-lampe-de-table-dunkelgrau\/#breadcrumb\"},\"inLanguage\":\"de-DE\",\"potentialAction\":[{\"@type\":\"ReadAction\",\"target\":[\"https:\/\/www.erresse-shop.it\/de\/shop\/einrichtung-haus\/lampen\/zafferano-poldina-pro-xxl-lampadaire-lampe-de-table-dunkelgrau\/\"]}]},{\"@type\":\"BreadcrumbList\",\"@id\":\"https:\/\/www.erresse-shop.it\/de\/shop\/einrichtung-haus\/lampen\/zafferano-poldina-pro-xxl-lampadaire-lampe-de-table-dunkelgrau\/#breadcrumb\",\"itemListElement\":[{\"@type\":\"ListItem\",\"position\":1,\"name\":\"Home\",\"item\":\"https:\/\/www.erresse-shop.it\/de\/\"},{\"@type\":\"ListItem\",\"position\":2,\"name\":\"Shop\",\"item\":\"https:\/\/www.erresse-shop.it\/de\/shop\/\"},{\"@type\":\"ListItem\",\"position\":3,\"name\":\"ZAFFERANO Poldina PRO XXL Lampadaire\/Lampe de table Dunkelgrau\"}]},{\"@type\":\"WebSite\",\"@id\":\"https:\/\/www.erresse-shop.it\/de\/#website\",\"url\":\"https:\/\/www.erresse-shop.it\/de\/\",\"name\":\"Erresse Shop\",\"description\":\"Articoli di qualit\u00e0 per la casa\",\"potentialAction\":[{\"@type\":\"SearchAction\",\"target\":{\"@type\":\"EntryPoint\",\"urlTemplate\":\"https:\/\/www.erresse-shop.it\/de\/?s={search_term_string}\"},\"query-input\":\"required name=search_term_string\"}],\"inLanguage\":\"de-DE\"}]}<\/script>\n<!-- \/ Yoast SEO Premium plugin. -->","yoast_head_json":{"title":"ZAFFERANO Poldina PRO XXL Lampadaire\/Lampe de table Dunkelgrau","description":"Entdecken Sie ZAFFERANO Poldina PRO XXL Lampadaire\/Lampe de table Dunkelgrau bei ErresseShop. Qualit\u00e4t, Stil und Funktionalit\u00e4t \u2013 jetzt online bestellen!","robots":{"index":"index","follow":"follow","max-snippet":"max-snippet:-1","max-image-preview":"max-image-preview:large","max-video-preview":"max-video-preview:-1"},"canonical":"https:\/\/www.erresse-shop.it\/de\/shop\/einrichtung-haus\/lampen\/zafferano-poldina-pro-xxl-lampadaire-lampe-de-table-dunkelgrau\/","og_locale":"de_DE","og_type":"article","og_title":"ZAFFERANO Poldina PRO XXL Lampadaire\/Lampe de table Dunkelgrau","og_description":"Entdecken Sie ZAFFERANO Poldina PRO XXL Lampadaire\/Lampe de table Dunkelgrau bei ErresseShop. Qualit\u00e4t, Stil und Funktionalit\u00e4t \u2013 jetzt online bestellen!","og_url":"https:\/\/www.erresse-shop.it\/de\/shop\/einrichtung-haus\/lampen\/zafferano-poldina-pro-xxl-lampadaire-lampe-de-table-dunkelgrau\/","og_site_name":"Erresse Shop","article_modified_time":"2025-01-22T07:10:12+00:00","og_image":[{"width":500,"height":583,"url":"https:\/\/www.erresse-shop.it\/wp-content\/uploads\/2020\/02\/lampada-da-tavolo-poldina-grigio.jpg","type":"image\/jpeg"}],"twitter_card":"summary_large_image","schema":{"@context":"https:\/\/schema.org","@graph":[{"@type":"WebPage","@id":"https:\/\/www.erresse-shop.it\/de\/shop\/einrichtung-haus\/lampen\/zafferano-poldina-pro-xxl-lampadaire-lampe-de-table-dunkelgrau\/","url":"https:\/\/www.erresse-shop.it\/de\/shop\/einrichtung-haus\/lampen\/zafferano-poldina-pro-xxl-lampadaire-lampe-de-table-dunkelgrau\/","name":"ZAFFERANO Poldina PRO XXL Lampadaire\/Lampe de table Dunkelgrau","isPartOf":{"@id":"https:\/\/www.erresse-shop.it\/de\/#website"},"datePublished":"2020-02-20T10:54:56+00:00","dateModified":"2025-01-22T07:10:12+00:00","description":"Entdecken Sie ZAFFERANO Poldina PRO XXL Lampadaire\/Lampe de table Dunkelgrau bei ErresseShop. Qualit\u00e4t, Stil und Funktionalit\u00e4t \u2013 jetzt online bestellen!","breadcrumb":{"@id":"https:\/\/www.erresse-shop.it\/de\/shop\/einrichtung-haus\/lampen\/zafferano-poldina-pro-xxl-lampadaire-lampe-de-table-dunkelgrau\/#breadcrumb"},"inLanguage":"de-DE","potentialAction":[{"@type":"ReadAction","target":["https:\/\/www.erresse-shop.it\/de\/shop\/einrichtung-haus\/lampen\/zafferano-poldina-pro-xxl-lampadaire-lampe-de-table-dunkelgrau\/"]}]},{"@type":"BreadcrumbList","@id":"https:\/\/www.erresse-shop.it\/de\/shop\/einrichtung-haus\/lampen\/zafferano-poldina-pro-xxl-lampadaire-lampe-de-table-dunkelgrau\/#breadcrumb","itemListElement":[{"@type":"ListItem","position":1,"name":"Home","item":"https:\/\/www.erresse-shop.it\/de\/"},{"@type":"ListItem","position":2,"name":"Shop","item":"https:\/\/www.erresse-shop.it\/de\/shop\/"},{"@type":"ListItem","position":3,"name":"ZAFFERANO Poldina PRO XXL Lampadaire\/Lampe de table Dunkelgrau"}]},{"@type":"WebSite","@id":"https:\/\/www.erresse-shop.it\/de\/#website","url":"https:\/\/www.erresse-shop.it\/de\/","name":"Erresse Shop","description":"Articoli di qualit\u00e0 per la casa","potentialAction":[{"@type":"SearchAction","target":{"@type":"EntryPoint","urlTemplate":"https:\/\/www.erresse-shop.it\/de\/?s={search_term_string}"},"query-input":"required name=search_term_string"}],"inLanguage":"de-DE"}]}},"df_price":171,"df_sale_price":171,"df_regular_price":380,"df_image_link":"https:\/\/www.erresse-shop.it\/wp-content\/uploads\/2020\/02\/lampada-da-tavolo-poldina-grigio-257x300.jpg","_links":{"self":[{"href":"https:\/\/www.erresse-shop.it\/de\/wp-json\/wp\/v2\/product\/57005"}],"collection":[{"href":"https:\/\/www.erresse-shop.it\/de\/wp-json\/wp\/v2\/product"}],"about":[{"href":"https:\/\/www.erresse-shop.it\/de\/wp-json\/wp\/v2\/types\/product"}],"wp:featuredmedia":[{"embeddable":true,"href":"https:\/\/www.erresse-shop.it\/de\/wp-json\/wp\/v2\/media\/56998"}],"wp:attachment":[{"href":"https:\/\/www.erresse-shop.it\/de\/wp-json\/wp\/v2\/media?parent=57005"}],"wp:term":[{"taxonomy":"product_cat","embeddable":true,"href":"https:\/\/www.erresse-shop.it\/de\/wp-json\/wp\/v2\/product_cat?post=57005"},{"taxonomy":"product_tag","embeddable":true,"href":"https:\/\/www.erresse-shop.it\/de\/wp-json\/wp\/v2\/product_tag?post=57005"}],"curies":[{"name":"wp","href":"https:\/\/api.w.org\/{rel}","templated":true}]}}