{"id":533383,"date":"2026-04-02T09:42:19","date_gmt":"2026-04-02T09:42:25","guid":{"rendered":"https:\/\/www.erresse-shop.it\/?post_type=product&#038;p=533383"},"modified":"2026-04-02T11:36:52","modified_gmt":"2026-04-02T11:36:52","slug":"seletti-magna-graecia-terrakotta-buste-poppea-copia","status":"publish","type":"product","link":"https:\/\/www.erresse-shop.it\/de\/shop\/einrichtung-haus\/vasen\/seletti-magna-graecia-terrakotta-buste-poppea-copia\/","title":{"rendered":"SELETTI Magna Graecia Terrakotta-B\u00fcste Poppea Blu"},"content":{"rendered":"<p><em>Italien ist kein Land, es ist ein Meer von Geschichten.<\/em><br \/>\n<em>Seine Bildsprache ist wellenf\u00f6rmig mit endlosen magischen Geschichten von Norden bis S\u00fcden und von Westen bis Osten.<\/em><\/p>\n<p><strong>Entwurf:<\/strong> Antonio Aric\u00f2<br \/>\n<strong>Material:<\/strong> Terrakotta<br \/>\n<strong>Ma\u00dfe:<\/strong> 24 x 20 x H. 45 cm<\/p>\n","protected":false},"excerpt":{"rendered":"<p>Italien ist kein Land, es ist ein Meer von Geschichten. Seine Bildsprache ist wellenf\u00f6rmig mit endlosen magischen Geschichten von Norden<\/p>\n","protected":false},"featured_media":533416,"template":"","meta":{"_acf_changed":false,"inline_featured_image":false},"product_cat":[6817,14421],"product_tag":[22569,25022,22568,11847],"acf":[],"yoast_head":"<!-- This site is optimized with the Yoast SEO Premium plugin v18.6 (Yoast SEO v19.13) - https:\/\/yoast.com\/wordpress\/plugins\/seo\/ -->\n<title>SELETTI Magna Graecia Terrakotta-B\u00fcste Poppea Blu - Erresse Shop<\/title>\n<meta name=\"description\" content=\"Italien ist kein Land, es ist ein Meer von Geschichten. Seine Bildsprache ist wellenf\u00f6rmig mit endlosen magischen Geschichten von Norden bis S\u00fcden und von\" \/>\n<meta name=\"robots\" content=\"index, follow, max-snippet:-1, max-image-preview:large, max-video-preview:-1\" \/>\n<link rel=\"canonical\" href=\"https:\/\/www.erresse-shop.it\/de\/shop\/einrichtung-haus\/vasen\/seletti-magna-graecia-terrakotta-buste-poppea-copia\/\" \/>\n<meta property=\"og:locale\" content=\"de_DE\" \/>\n<meta property=\"og:type\" content=\"article\" \/>\n<meta property=\"og:title\" content=\"SELETTI Magna Graecia Terrakotta-B\u00fcste Poppea Blu\" \/>\n<meta property=\"og:description\" content=\"Italien ist kein Land, es ist ein Meer von Geschichten. Seine Bildsprache ist wellenf\u00f6rmig mit endlosen magischen Geschichten von Norden bis S\u00fcden und von\" \/>\n<meta property=\"og:url\" content=\"https:\/\/www.erresse-shop.it\/de\/shop\/einrichtung-haus\/vasen\/seletti-magna-graecia-terrakotta-buste-poppea-copia\/\" \/>\n<meta property=\"og:site_name\" content=\"Erresse Shop\" \/>\n<meta property=\"article:modified_time\" content=\"2026-04-02T11:36:52+00:00\" \/>\n<meta property=\"og:image\" content=\"https:\/\/www.erresse-shop.it\/wp-content\/uploads\/2026\/04\/Seletti-Busto-terracotta-Poppea-Magna-Graecia-BLU2.jpg\" \/>\n\t<meta property=\"og:image:width\" content=\"1200\" \/>\n\t<meta property=\"og:image:height\" content=\"1200\" \/>\n\t<meta property=\"og:image:type\" content=\"image\/jpeg\" \/>\n<meta name=\"twitter:card\" content=\"summary_large_image\" \/>\n<script type=\"application\/ld+json\" class=\"yoast-schema-graph\">{\"@context\":\"https:\/\/schema.org\",\"@graph\":[{\"@type\":\"WebPage\",\"@id\":\"https:\/\/www.erresse-shop.it\/de\/shop\/einrichtung-haus\/vasen\/seletti-magna-graecia-terrakotta-buste-poppea-copia\/\",\"url\":\"https:\/\/www.erresse-shop.it\/de\/shop\/einrichtung-haus\/vasen\/seletti-magna-graecia-terrakotta-buste-poppea-copia\/\",\"name\":\"SELETTI Magna Graecia Terrakotta-B\u00fcste Poppea Blu - Erresse Shop\",\"isPartOf\":{\"@id\":\"https:\/\/www.erresse-shop.it\/de\/#website\"},\"datePublished\":\"2026-04-02T09:42:25+00:00\",\"dateModified\":\"2026-04-02T11:36:52+00:00\",\"description\":\"Italien ist kein Land, es ist ein Meer von Geschichten. Seine Bildsprache ist wellenf\u00f6rmig mit endlosen magischen Geschichten von Norden bis S\u00fcden und von\",\"breadcrumb\":{\"@id\":\"https:\/\/www.erresse-shop.it\/de\/shop\/einrichtung-haus\/vasen\/seletti-magna-graecia-terrakotta-buste-poppea-copia\/#breadcrumb\"},\"inLanguage\":\"de-DE\",\"potentialAction\":[{\"@type\":\"ReadAction\",\"target\":[\"https:\/\/www.erresse-shop.it\/de\/shop\/einrichtung-haus\/vasen\/seletti-magna-graecia-terrakotta-buste-poppea-copia\/\"]}]},{\"@type\":\"BreadcrumbList\",\"@id\":\"https:\/\/www.erresse-shop.it\/de\/shop\/einrichtung-haus\/vasen\/seletti-magna-graecia-terrakotta-buste-poppea-copia\/#breadcrumb\",\"itemListElement\":[{\"@type\":\"ListItem\",\"position\":1,\"name\":\"Home\",\"item\":\"https:\/\/www.erresse-shop.it\/de\/\"},{\"@type\":\"ListItem\",\"position\":2,\"name\":\"Shop\",\"item\":\"https:\/\/www.erresse-shop.it\/de\/shop\/\"},{\"@type\":\"ListItem\",\"position\":3,\"name\":\"SELETTI Magna Graecia Terrakotta-B\u00fcste Poppea Blu\"}]},{\"@type\":\"WebSite\",\"@id\":\"https:\/\/www.erresse-shop.it\/de\/#website\",\"url\":\"https:\/\/www.erresse-shop.it\/de\/\",\"name\":\"Erresse Shop\",\"description\":\"Articoli di qualit\u00e0 per la casa\",\"potentialAction\":[{\"@type\":\"SearchAction\",\"target\":{\"@type\":\"EntryPoint\",\"urlTemplate\":\"https:\/\/www.erresse-shop.it\/de\/?s={search_term_string}\"},\"query-input\":\"required name=search_term_string\"}],\"inLanguage\":\"de-DE\"}]}<\/script>\n<!-- \/ Yoast SEO Premium plugin. -->","yoast_head_json":{"title":"SELETTI Magna Graecia Terrakotta-B\u00fcste Poppea Blu - Erresse Shop","description":"Italien ist kein Land, es ist ein Meer von Geschichten. Seine Bildsprache ist wellenf\u00f6rmig mit endlosen magischen Geschichten von Norden bis S\u00fcden und von","robots":{"index":"index","follow":"follow","max-snippet":"max-snippet:-1","max-image-preview":"max-image-preview:large","max-video-preview":"max-video-preview:-1"},"canonical":"https:\/\/www.erresse-shop.it\/de\/shop\/einrichtung-haus\/vasen\/seletti-magna-graecia-terrakotta-buste-poppea-copia\/","og_locale":"de_DE","og_type":"article","og_title":"SELETTI Magna Graecia Terrakotta-B\u00fcste Poppea Blu","og_description":"Italien ist kein Land, es ist ein Meer von Geschichten. Seine Bildsprache ist wellenf\u00f6rmig mit endlosen magischen Geschichten von Norden bis S\u00fcden und von","og_url":"https:\/\/www.erresse-shop.it\/de\/shop\/einrichtung-haus\/vasen\/seletti-magna-graecia-terrakotta-buste-poppea-copia\/","og_site_name":"Erresse Shop","article_modified_time":"2026-04-02T11:36:52+00:00","og_image":[{"width":1200,"height":1200,"url":"https:\/\/www.erresse-shop.it\/wp-content\/uploads\/2026\/04\/Seletti-Busto-terracotta-Poppea-Magna-Graecia-BLU2.jpg","type":"image\/jpeg"}],"twitter_card":"summary_large_image","schema":{"@context":"https:\/\/schema.org","@graph":[{"@type":"WebPage","@id":"https:\/\/www.erresse-shop.it\/de\/shop\/einrichtung-haus\/vasen\/seletti-magna-graecia-terrakotta-buste-poppea-copia\/","url":"https:\/\/www.erresse-shop.it\/de\/shop\/einrichtung-haus\/vasen\/seletti-magna-graecia-terrakotta-buste-poppea-copia\/","name":"SELETTI Magna Graecia Terrakotta-B\u00fcste Poppea Blu - Erresse Shop","isPartOf":{"@id":"https:\/\/www.erresse-shop.it\/de\/#website"},"datePublished":"2026-04-02T09:42:25+00:00","dateModified":"2026-04-02T11:36:52+00:00","description":"Italien ist kein Land, es ist ein Meer von Geschichten. Seine Bildsprache ist wellenf\u00f6rmig mit endlosen magischen Geschichten von Norden bis S\u00fcden und von","breadcrumb":{"@id":"https:\/\/www.erresse-shop.it\/de\/shop\/einrichtung-haus\/vasen\/seletti-magna-graecia-terrakotta-buste-poppea-copia\/#breadcrumb"},"inLanguage":"de-DE","potentialAction":[{"@type":"ReadAction","target":["https:\/\/www.erresse-shop.it\/de\/shop\/einrichtung-haus\/vasen\/seletti-magna-graecia-terrakotta-buste-poppea-copia\/"]}]},{"@type":"BreadcrumbList","@id":"https:\/\/www.erresse-shop.it\/de\/shop\/einrichtung-haus\/vasen\/seletti-magna-graecia-terrakotta-buste-poppea-copia\/#breadcrumb","itemListElement":[{"@type":"ListItem","position":1,"name":"Home","item":"https:\/\/www.erresse-shop.it\/de\/"},{"@type":"ListItem","position":2,"name":"Shop","item":"https:\/\/www.erresse-shop.it\/de\/shop\/"},{"@type":"ListItem","position":3,"name":"SELETTI Magna Graecia Terrakotta-B\u00fcste Poppea Blu"}]},{"@type":"WebSite","@id":"https:\/\/www.erresse-shop.it\/de\/#website","url":"https:\/\/www.erresse-shop.it\/de\/","name":"Erresse Shop","description":"Articoli di qualit\u00e0 per la casa","potentialAction":[{"@type":"SearchAction","target":{"@type":"EntryPoint","urlTemplate":"https:\/\/www.erresse-shop.it\/de\/?s={search_term_string}"},"query-input":"required name=search_term_string"}],"inLanguage":"de-DE"}]}},"df_price":79,"df_sale_price":79,"df_regular_price":130,"df_image_link":"https:\/\/www.erresse-shop.it\/wp-content\/uploads\/2026\/04\/Seletti-Busto-terracotta-Poppea-Magna-Graecia-BLU2-300x300.jpg","_links":{"self":[{"href":"https:\/\/www.erresse-shop.it\/de\/wp-json\/wp\/v2\/product\/533383"}],"collection":[{"href":"https:\/\/www.erresse-shop.it\/de\/wp-json\/wp\/v2\/product"}],"about":[{"href":"https:\/\/www.erresse-shop.it\/de\/wp-json\/wp\/v2\/types\/product"}],"wp:featuredmedia":[{"embeddable":true,"href":"https:\/\/www.erresse-shop.it\/de\/wp-json\/wp\/v2\/media\/533416"}],"wp:attachment":[{"href":"https:\/\/www.erresse-shop.it\/de\/wp-json\/wp\/v2\/media?parent=533383"}],"wp:term":[{"taxonomy":"product_cat","embeddable":true,"href":"https:\/\/www.erresse-shop.it\/de\/wp-json\/wp\/v2\/product_cat?post=533383"},{"taxonomy":"product_tag","embeddable":true,"href":"https:\/\/www.erresse-shop.it\/de\/wp-json\/wp\/v2\/product_tag?post=533383"}],"curies":[{"name":"wp","href":"https:\/\/api.w.org\/{rel}","templated":true}]}}