{"id":522586,"date":"2026-02-04T11:21:38","date_gmt":"2026-02-04T11:21:39","guid":{"rendered":"https:\/\/www.erresse-shop.it\/?post_type=product&#038;p=522586"},"modified":"2026-02-04T11:48:23","modified_gmt":"2026-02-04T11:48:23","slug":"victorinox-set-aus-schaelmesser-und-kartoffelschaeler","status":"publish","type":"product","link":"https:\/\/www.erresse-shop.it\/de\/shop\/kuche\/messer\/victorinox-set-aus-schaelmesser-und-kartoffelschaeler\/","title":{"rendered":"VICTORINOX Set aus Sch\u00e4lmesser und Kartoffelsch\u00e4ler"},"content":{"rendered":"<p>Praktisches und vielseitiges <strong>VICTORINOX<\/strong>-Set, ideal f\u00fcr die pr\u00e4zise und einfache Zubereitung von Obst und Gem\u00fcse.<\/p>\n<p>Dieses Set enth\u00e4lt:<\/p>\n<ul>\n<li>Einfacher Sch\u00e4ler<\/li>\n<li>Doppelter Sch\u00e4ler<\/li>\n<li>Wellensch\u00e4ler 10 cm<\/li>\n<li>Klassischer Sch\u00e4ler<\/li>\n<li>Universalsch\u00e4ler<\/li>\n<\/ul>\n<p>Griffe aus Polypropylen<\/p>\n","protected":false},"excerpt":{"rendered":"<p>Praktisches und vielseitiges VICTORINOX-Set, ideal f\u00fcr die pr\u00e4zise und einfache Zubereitung von Obst und Gem\u00fcse. Dieses Set enth\u00e4lt: Einfacher Sch\u00e4ler<\/p>\n","protected":false},"featured_media":522595,"template":"","meta":{"_acf_changed":false,"inline_featured_image":false},"product_cat":[6742,6706,14454],"product_tag":[25038,24604,25022,11473],"acf":[],"yoast_head":"<!-- This site is optimized with the Yoast SEO Premium plugin v18.6 (Yoast SEO v19.13) - https:\/\/yoast.com\/wordpress\/plugins\/seo\/ -->\n<title>VICTORINOX Set aus Sch\u00e4lmesser und Kartoffelsch\u00e4ler - Erresse Shop<\/title>\n<meta name=\"description\" content=\"Praktisches und vielseitiges VICTORINOX-Set, ideal f\u00fcr die pr\u00e4zise und einfache Zubereitung von Obst und Gem\u00fcse. Dieses Set enth\u00e4lt: Einfacher Sch\u00e4ler\" \/>\n<meta name=\"robots\" content=\"index, follow, max-snippet:-1, max-image-preview:large, max-video-preview:-1\" \/>\n<link rel=\"canonical\" href=\"https:\/\/www.erresse-shop.it\/de\/shop\/kuche\/messer\/victorinox-set-aus-schaelmesser-und-kartoffelschaeler\/\" \/>\n<meta property=\"og:locale\" content=\"de_DE\" \/>\n<meta property=\"og:type\" content=\"article\" \/>\n<meta property=\"og:title\" content=\"VICTORINOX Set aus Sch\u00e4lmesser und Kartoffelsch\u00e4ler\" \/>\n<meta property=\"og:description\" content=\"Praktisches und vielseitiges VICTORINOX-Set, ideal f\u00fcr die pr\u00e4zise und einfache Zubereitung von Obst und Gem\u00fcse. Dieses Set enth\u00e4lt: Einfacher Sch\u00e4ler\" \/>\n<meta property=\"og:url\" content=\"https:\/\/www.erresse-shop.it\/de\/shop\/kuche\/messer\/victorinox-set-aus-schaelmesser-und-kartoffelschaeler\/\" \/>\n<meta property=\"og:site_name\" content=\"Erresse Shop\" \/>\n<meta property=\"article:modified_time\" content=\"2026-02-04T11:48:23+00:00\" \/>\n<meta property=\"og:image\" content=\"https:\/\/www.erresse-shop.it\/wp-content\/uploads\/2026\/02\/VICTORINOX-Set-Spelucchini-e-Pelapatate.jpg\" \/>\n\t<meta property=\"og:image:width\" content=\"1200\" \/>\n\t<meta property=\"og:image:height\" content=\"1200\" \/>\n\t<meta property=\"og:image:type\" content=\"image\/jpeg\" \/>\n<meta name=\"twitter:card\" content=\"summary_large_image\" \/>\n<script type=\"application\/ld+json\" class=\"yoast-schema-graph\">{\"@context\":\"https:\/\/schema.org\",\"@graph\":[{\"@type\":\"WebPage\",\"@id\":\"https:\/\/www.erresse-shop.it\/de\/shop\/kuche\/messer\/victorinox-set-aus-schaelmesser-und-kartoffelschaeler\/\",\"url\":\"https:\/\/www.erresse-shop.it\/de\/shop\/kuche\/messer\/victorinox-set-aus-schaelmesser-und-kartoffelschaeler\/\",\"name\":\"VICTORINOX Set aus Sch\u00e4lmesser und Kartoffelsch\u00e4ler - Erresse Shop\",\"isPartOf\":{\"@id\":\"https:\/\/www.erresse-shop.it\/de\/#website\"},\"datePublished\":\"2026-02-04T11:21:39+00:00\",\"dateModified\":\"2026-02-04T11:48:23+00:00\",\"description\":\"Praktisches und vielseitiges VICTORINOX-Set, ideal f\u00fcr die pr\u00e4zise und einfache Zubereitung von Obst und Gem\u00fcse. Dieses Set enth\u00e4lt: Einfacher Sch\u00e4ler\",\"breadcrumb\":{\"@id\":\"https:\/\/www.erresse-shop.it\/de\/shop\/kuche\/messer\/victorinox-set-aus-schaelmesser-und-kartoffelschaeler\/#breadcrumb\"},\"inLanguage\":\"de-DE\",\"potentialAction\":[{\"@type\":\"ReadAction\",\"target\":[\"https:\/\/www.erresse-shop.it\/de\/shop\/kuche\/messer\/victorinox-set-aus-schaelmesser-und-kartoffelschaeler\/\"]}]},{\"@type\":\"BreadcrumbList\",\"@id\":\"https:\/\/www.erresse-shop.it\/de\/shop\/kuche\/messer\/victorinox-set-aus-schaelmesser-und-kartoffelschaeler\/#breadcrumb\",\"itemListElement\":[{\"@type\":\"ListItem\",\"position\":1,\"name\":\"Home\",\"item\":\"https:\/\/www.erresse-shop.it\/de\/\"},{\"@type\":\"ListItem\",\"position\":2,\"name\":\"Shop\",\"item\":\"https:\/\/www.erresse-shop.it\/de\/shop\/\"},{\"@type\":\"ListItem\",\"position\":3,\"name\":\"VICTORINOX Set aus Sch\u00e4lmesser und Kartoffelsch\u00e4ler\"}]},{\"@type\":\"WebSite\",\"@id\":\"https:\/\/www.erresse-shop.it\/de\/#website\",\"url\":\"https:\/\/www.erresse-shop.it\/de\/\",\"name\":\"Erresse Shop\",\"description\":\"Articoli di qualit\u00e0 per la casa\",\"potentialAction\":[{\"@type\":\"SearchAction\",\"target\":{\"@type\":\"EntryPoint\",\"urlTemplate\":\"https:\/\/www.erresse-shop.it\/de\/?s={search_term_string}\"},\"query-input\":\"required name=search_term_string\"}],\"inLanguage\":\"de-DE\"}]}<\/script>\n<!-- \/ Yoast SEO Premium plugin. -->","yoast_head_json":{"title":"VICTORINOX Set aus Sch\u00e4lmesser und Kartoffelsch\u00e4ler - Erresse Shop","description":"Praktisches und vielseitiges VICTORINOX-Set, ideal f\u00fcr die pr\u00e4zise und einfache Zubereitung von Obst und Gem\u00fcse. Dieses Set enth\u00e4lt: Einfacher Sch\u00e4ler","robots":{"index":"index","follow":"follow","max-snippet":"max-snippet:-1","max-image-preview":"max-image-preview:large","max-video-preview":"max-video-preview:-1"},"canonical":"https:\/\/www.erresse-shop.it\/de\/shop\/kuche\/messer\/victorinox-set-aus-schaelmesser-und-kartoffelschaeler\/","og_locale":"de_DE","og_type":"article","og_title":"VICTORINOX Set aus Sch\u00e4lmesser und Kartoffelsch\u00e4ler","og_description":"Praktisches und vielseitiges VICTORINOX-Set, ideal f\u00fcr die pr\u00e4zise und einfache Zubereitung von Obst und Gem\u00fcse. Dieses Set enth\u00e4lt: Einfacher Sch\u00e4ler","og_url":"https:\/\/www.erresse-shop.it\/de\/shop\/kuche\/messer\/victorinox-set-aus-schaelmesser-und-kartoffelschaeler\/","og_site_name":"Erresse Shop","article_modified_time":"2026-02-04T11:48:23+00:00","og_image":[{"width":1200,"height":1200,"url":"https:\/\/www.erresse-shop.it\/wp-content\/uploads\/2026\/02\/VICTORINOX-Set-Spelucchini-e-Pelapatate.jpg","type":"image\/jpeg"}],"twitter_card":"summary_large_image","schema":{"@context":"https:\/\/schema.org","@graph":[{"@type":"WebPage","@id":"https:\/\/www.erresse-shop.it\/de\/shop\/kuche\/messer\/victorinox-set-aus-schaelmesser-und-kartoffelschaeler\/","url":"https:\/\/www.erresse-shop.it\/de\/shop\/kuche\/messer\/victorinox-set-aus-schaelmesser-und-kartoffelschaeler\/","name":"VICTORINOX Set aus Sch\u00e4lmesser und Kartoffelsch\u00e4ler - Erresse Shop","isPartOf":{"@id":"https:\/\/www.erresse-shop.it\/de\/#website"},"datePublished":"2026-02-04T11:21:39+00:00","dateModified":"2026-02-04T11:48:23+00:00","description":"Praktisches und vielseitiges VICTORINOX-Set, ideal f\u00fcr die pr\u00e4zise und einfache Zubereitung von Obst und Gem\u00fcse. Dieses Set enth\u00e4lt: Einfacher Sch\u00e4ler","breadcrumb":{"@id":"https:\/\/www.erresse-shop.it\/de\/shop\/kuche\/messer\/victorinox-set-aus-schaelmesser-und-kartoffelschaeler\/#breadcrumb"},"inLanguage":"de-DE","potentialAction":[{"@type":"ReadAction","target":["https:\/\/www.erresse-shop.it\/de\/shop\/kuche\/messer\/victorinox-set-aus-schaelmesser-und-kartoffelschaeler\/"]}]},{"@type":"BreadcrumbList","@id":"https:\/\/www.erresse-shop.it\/de\/shop\/kuche\/messer\/victorinox-set-aus-schaelmesser-und-kartoffelschaeler\/#breadcrumb","itemListElement":[{"@type":"ListItem","position":1,"name":"Home","item":"https:\/\/www.erresse-shop.it\/de\/"},{"@type":"ListItem","position":2,"name":"Shop","item":"https:\/\/www.erresse-shop.it\/de\/shop\/"},{"@type":"ListItem","position":3,"name":"VICTORINOX Set aus Sch\u00e4lmesser und Kartoffelsch\u00e4ler"}]},{"@type":"WebSite","@id":"https:\/\/www.erresse-shop.it\/de\/#website","url":"https:\/\/www.erresse-shop.it\/de\/","name":"Erresse Shop","description":"Articoli di qualit\u00e0 per la casa","potentialAction":[{"@type":"SearchAction","target":{"@type":"EntryPoint","urlTemplate":"https:\/\/www.erresse-shop.it\/de\/?s={search_term_string}"},"query-input":"required name=search_term_string"}],"inLanguage":"de-DE"}]}},"df_price":18.95,"df_sale_price":18.95,"df_regular_price":36.8,"df_image_link":"https:\/\/www.erresse-shop.it\/wp-content\/uploads\/2026\/02\/VICTORINOX-Set-Spelucchini-e-Pelapatate-300x300.jpg","_links":{"self":[{"href":"https:\/\/www.erresse-shop.it\/de\/wp-json\/wp\/v2\/product\/522586"}],"collection":[{"href":"https:\/\/www.erresse-shop.it\/de\/wp-json\/wp\/v2\/product"}],"about":[{"href":"https:\/\/www.erresse-shop.it\/de\/wp-json\/wp\/v2\/types\/product"}],"wp:featuredmedia":[{"embeddable":true,"href":"https:\/\/www.erresse-shop.it\/de\/wp-json\/wp\/v2\/media\/522595"}],"wp:attachment":[{"href":"https:\/\/www.erresse-shop.it\/de\/wp-json\/wp\/v2\/media?parent=522586"}],"wp:term":[{"taxonomy":"product_cat","embeddable":true,"href":"https:\/\/www.erresse-shop.it\/de\/wp-json\/wp\/v2\/product_cat?post=522586"},{"taxonomy":"product_tag","embeddable":true,"href":"https:\/\/www.erresse-shop.it\/de\/wp-json\/wp\/v2\/product_tag?post=522586"}],"curies":[{"name":"wp","href":"https:\/\/api.w.org\/{rel}","templated":true}]}}