{"id":522015,"date":"2026-01-28T14:03:34","date_gmt":"2026-01-28T14:03:35","guid":{"rendered":"https:\/\/www.erresse-shop.it\/?post_type=product&#038;p=522015"},"modified":"2026-01-30T14:18:43","modified_gmt":"2026-01-30T14:18:43","slug":"jura-kaffeemaschine-e8-midnight-silver","status":"publish","type":"product","link":"https:\/\/www.erresse-shop.it\/de\/shop\/kleine-elektrogeraete\/kaffeemaschinen-espresso\/automatisch\/jura-kaffeemaschine-e8-midnight-silver\/","title":{"rendered":"JURA Kaffeemaschine E8 Midnight Silver"},"content":{"rendered":"<p>Die neueste Generation des erfolgreichsten Kaffeevollautomaten von JURA zeichnet sich durch das neu interpretierte Design und die bisher ausschlie\u00dflich dem Premium-Segment vorbehaltene Funktionalit\u00e4t aus.<\/p>\n<p>Der Professional Aroma Grinder sorgt f\u00fcr ein ideales Mahlergebnis, modernste Br\u00fchvorg\u00e4nge lassen die Aromen in ihrer ganzen Intensit\u00e4t entfalten und der weiche, zarte Milchschaum kr\u00f6nt die trendigen Spezialit\u00e4ten gekonnt. Die innovative E8 kann 17 verschiedene Spezialit\u00e4ten zubereiten &#8211; vom aromatischen Espresso bis zum trendigen Cortado. Auch die langen und leichten Spezialit\u00e4ten wie Barista und Lungo Barista stehen den Kreationen der besten Bars in nichts nach. Ein neues Fluidsystem erm\u00f6glicht die strikte Zubereitung nach Tradition. Wer es noch intensiver mag, kann mit der Zusatzfunktion Extra Shot Cappuccino, Flat White und Latte Macchiato zubereiten.<\/p>\n<p>Dank der Weiterentwicklung des Fluidsystems erfolgt auch die Reinigung des Milchsystems automatisch auf Knopfdruck, eine weitere Funktion der E8, die bisher den Top-Linien von JURA vorbehalten war. Die E8 zeichnet sich zudem durch ein noch intuitiveres Handling und h\u00f6chsten Bedienkomfort aus.<\/p>\n<p><strong>Qualit\u00e4t des erstklassigen Kaffees<\/strong><br \/>\nDer Professional Aroma Grinder sorgt f\u00fcr 12,2% mehr Aroma* und eine gleichbleibend hohe Mahlqualit\u00e4t, so dass sich die Aromen \u00fcber die gesamte Lebensdauer der Kaffeem\u00fchle in ihrer ganzen Intensit\u00e4t entfalten k\u00f6nnen. Der Pulsextraktionsprozess (P.E.P.\u00ae) erm\u00f6glicht die Zubereitung kurzer Spezialit\u00e4ten mit vollem Geschmack und sorgt f\u00fcr ein intelligentes Vorheizen f\u00fcr eine optimale Temperatur ab der ersten Tasse.<\/p>\n<p><strong>Maximaler Komfort bei der Verwendung<\/strong><br \/>\nEin 2,8&#8243; Farbdisplay, sechs Tasten und eine v\u00f6llig neue Bedienphilosophie sorgen f\u00fcr eine einfache Handhabung. Die Produkteinstellungen und deren individuelle Platzierung auf dem Display k\u00f6nnen individuell angepasst und Produktnamen angezeigt oder ausgeblendet werden. Alle relevanten Informationen zur automatischen Maschine und Wartungsanleitungen werden \u00fcbersichtlich im Cockpit \u00fcber das Display angezeigt.<\/p>\n<p><strong>Reinigung des One-Touch Milchsystems<\/strong><br \/>\nDie ausgekl\u00fcgelte Reinigungsfunktion des Milchsystems wird auf Knopfdruck automatisch aktiviert und l\u00e4uft sehr schnell ab. Die Auffangschale zeichnet sich durch maximale Ergonomie aus: Sie l\u00e4sst sich bequem mit einer Hand abnehmen und ihre Struktur verhindert ein \u00dcberlaufen des Wassers.<\/p>\n<p><strong>Harmonisches Design<\/strong><br \/>\nDas charakteristische Design der Kaffeevollautomaten von JURA zeichnet sich durch schlichte, harmonische Linien aus. Ausgew\u00e4hlte Materialien und sorgf\u00e4ltige Verarbeitung unterstreichen die Premium-Qualit\u00e4t der modernen E8. Bereits seine Form ist Ausdruck von Qualit\u00e4t, Funktionalit\u00e4t und Langlebigkeit, und sein Design wird meisterhaft durch Details wie den Wassertank mit Rillen und das hochwertige Regal mit verchromten Tassen perfektioniert.<\/p>\n<p><strong>Technischen Spezifikationen<\/strong><\/p>\n<p>Kaffeeauslauf h\u00f6henverstellbar\/breit 65 &#8211; 111 mm \/ &#8211;<br \/>\nCappuccino-Auslauf h\u00f6henverstellbar 107 &#8211; 153 mm<br \/>\nH\u00f6henverstellbarer Warmwasserspender 65 &#8211; 111 mm<br \/>\nKapazit\u00e4t des Wassertanks 1.9 l<br \/>\nKapazit\u00e4t des Kaffeebohnenbeh\u00e4lters 280 g<br \/>\nKaffeesatzbeh\u00e4lter (Portionen) 16<br \/>\nL\u00e4nge des Kabels 1.1 m<br \/>\nSpannung \/ Absorption 230 V ~ \/ 1450 W<br \/>\nStromst\u00e4rke 10 A<br \/>\nLeistungsaufnahme im Standby 0 W<br \/>\nGewicht 9.6 kg<br \/>\nMasse (B H T) 28 35.1 44.6 cm<\/p>\n<p>Land Hersteller Made in Portugal<br \/>\nJahr des Modells 2020<\/p>\n","protected":false},"excerpt":{"rendered":"<p>Die neueste Generation des erfolgreichsten Kaffeevollautomaten von JURA zeichnet sich durch das neu interpretierte Design und die bisher ausschlie\u00dflich dem<\/p>\n","protected":false},"featured_media":522072,"template":"","meta":{"_acf_changed":false,"inline_featured_image":false},"product_cat":[6733,6703,25361],"product_tag":[23569,23564,20766],"acf":[],"yoast_head":"<!-- This site is optimized with the Yoast SEO Premium plugin v18.6 (Yoast SEO v19.13) - https:\/\/yoast.com\/wordpress\/plugins\/seo\/ -->\n<title>JURA Kaffeemaschine D6 Piano Wei\u00dfe - einschlie\u00dflich 2 Kg Kaffee<\/title>\n<meta name=\"description\" content=\"Entdecken Sie JURA Kaffeemaschine D6 Piano Wei\u00dfe - einschlie\u00dflich 2 Kg Kaffee bei ErresseShop. Qualit\u00e4t, Stil und Funktionalit\u00e4t \u2013 jetzt online bestellen!\" \/>\n<meta name=\"robots\" content=\"index, follow, max-snippet:-1, max-image-preview:large, max-video-preview:-1\" \/>\n<link rel=\"canonical\" href=\"https:\/\/www.erresse-shop.it\/de\/shop\/kleine-elektrogeraete\/kaffeemaschinen-espresso\/automatisch\/jura-kaffeemaschine-e8-midnight-silver\/\" \/>\n<meta property=\"og:locale\" content=\"de_DE\" \/>\n<meta property=\"og:type\" content=\"article\" \/>\n<meta property=\"og:title\" content=\"JURA Kaffeemaschine E8 Midnight Silver\" \/>\n<meta property=\"og:description\" content=\"Entdecken Sie JURA Kaffeemaschine D6 Piano Wei\u00dfe - einschlie\u00dflich 2 Kg Kaffee bei ErresseShop. Qualit\u00e4t, Stil und Funktionalit\u00e4t \u2013 jetzt online bestellen!\" \/>\n<meta property=\"og:url\" content=\"https:\/\/www.erresse-shop.it\/de\/shop\/kleine-elektrogeraete\/kaffeemaschinen-espresso\/automatisch\/jura-kaffeemaschine-e8-midnight-silver\/\" \/>\n<meta property=\"og:site_name\" content=\"Erresse Shop\" \/>\n<meta property=\"article:modified_time\" content=\"2026-01-30T14:18:43+00:00\" \/>\n<meta property=\"og:image\" content=\"https:\/\/www.erresse-shop.it\/wp-content\/uploads\/2026\/01\/JURA-Macchina-Da-Caffe-E8-Midnight-Silver.jpg\" \/>\n\t<meta property=\"og:image:width\" content=\"1200\" \/>\n\t<meta property=\"og:image:height\" content=\"1200\" \/>\n\t<meta property=\"og:image:type\" content=\"image\/jpeg\" \/>\n<meta name=\"twitter:card\" content=\"summary_large_image\" \/>\n<script type=\"application\/ld+json\" class=\"yoast-schema-graph\">{\"@context\":\"https:\/\/schema.org\",\"@graph\":[{\"@type\":\"WebPage\",\"@id\":\"https:\/\/www.erresse-shop.it\/de\/shop\/kleine-elektrogeraete\/kaffeemaschinen-espresso\/automatisch\/jura-kaffeemaschine-e8-midnight-silver\/\",\"url\":\"https:\/\/www.erresse-shop.it\/de\/shop\/kleine-elektrogeraete\/kaffeemaschinen-espresso\/automatisch\/jura-kaffeemaschine-e8-midnight-silver\/\",\"name\":\"JURA Kaffeemaschine D6 Piano Wei\u00dfe - einschlie\u00dflich 2 Kg Kaffee\",\"isPartOf\":{\"@id\":\"https:\/\/www.erresse-shop.it\/de\/#website\"},\"datePublished\":\"2026-01-28T14:03:35+00:00\",\"dateModified\":\"2026-01-30T14:18:43+00:00\",\"description\":\"Entdecken Sie JURA Kaffeemaschine D6 Piano Wei\u00dfe - einschlie\u00dflich 2 Kg Kaffee bei ErresseShop. Qualit\u00e4t, Stil und Funktionalit\u00e4t \u2013 jetzt online bestellen!\",\"breadcrumb\":{\"@id\":\"https:\/\/www.erresse-shop.it\/de\/shop\/kleine-elektrogeraete\/kaffeemaschinen-espresso\/automatisch\/jura-kaffeemaschine-e8-midnight-silver\/#breadcrumb\"},\"inLanguage\":\"de-DE\",\"potentialAction\":[{\"@type\":\"ReadAction\",\"target\":[\"https:\/\/www.erresse-shop.it\/de\/shop\/kleine-elektrogeraete\/kaffeemaschinen-espresso\/automatisch\/jura-kaffeemaschine-e8-midnight-silver\/\"]}]},{\"@type\":\"BreadcrumbList\",\"@id\":\"https:\/\/www.erresse-shop.it\/de\/shop\/kleine-elektrogeraete\/kaffeemaschinen-espresso\/automatisch\/jura-kaffeemaschine-e8-midnight-silver\/#breadcrumb\",\"itemListElement\":[{\"@type\":\"ListItem\",\"position\":1,\"name\":\"Home\",\"item\":\"https:\/\/www.erresse-shop.it\/de\/\"},{\"@type\":\"ListItem\",\"position\":2,\"name\":\"Shop\",\"item\":\"https:\/\/www.erresse-shop.it\/de\/shop\/\"},{\"@type\":\"ListItem\",\"position\":3,\"name\":\"JURA Kaffeemaschine E8 Midnight Silver\"}]},{\"@type\":\"WebSite\",\"@id\":\"https:\/\/www.erresse-shop.it\/de\/#website\",\"url\":\"https:\/\/www.erresse-shop.it\/de\/\",\"name\":\"Erresse Shop\",\"description\":\"Articoli di qualit\u00e0 per la casa\",\"potentialAction\":[{\"@type\":\"SearchAction\",\"target\":{\"@type\":\"EntryPoint\",\"urlTemplate\":\"https:\/\/www.erresse-shop.it\/de\/?s={search_term_string}\"},\"query-input\":\"required name=search_term_string\"}],\"inLanguage\":\"de-DE\"}]}<\/script>\n<!-- \/ Yoast SEO Premium plugin. -->","yoast_head_json":{"title":"JURA Kaffeemaschine D6 Piano Wei\u00dfe - einschlie\u00dflich 2 Kg Kaffee","description":"Entdecken Sie JURA Kaffeemaschine D6 Piano Wei\u00dfe - einschlie\u00dflich 2 Kg Kaffee bei ErresseShop. Qualit\u00e4t, Stil und Funktionalit\u00e4t \u2013 jetzt online bestellen!","robots":{"index":"index","follow":"follow","max-snippet":"max-snippet:-1","max-image-preview":"max-image-preview:large","max-video-preview":"max-video-preview:-1"},"canonical":"https:\/\/www.erresse-shop.it\/de\/shop\/kleine-elektrogeraete\/kaffeemaschinen-espresso\/automatisch\/jura-kaffeemaschine-e8-midnight-silver\/","og_locale":"de_DE","og_type":"article","og_title":"JURA Kaffeemaschine E8 Midnight Silver","og_description":"Entdecken Sie JURA Kaffeemaschine D6 Piano Wei\u00dfe - einschlie\u00dflich 2 Kg Kaffee bei ErresseShop. Qualit\u00e4t, Stil und Funktionalit\u00e4t \u2013 jetzt online bestellen!","og_url":"https:\/\/www.erresse-shop.it\/de\/shop\/kleine-elektrogeraete\/kaffeemaschinen-espresso\/automatisch\/jura-kaffeemaschine-e8-midnight-silver\/","og_site_name":"Erresse Shop","article_modified_time":"2026-01-30T14:18:43+00:00","og_image":[{"width":1200,"height":1200,"url":"https:\/\/www.erresse-shop.it\/wp-content\/uploads\/2026\/01\/JURA-Macchina-Da-Caffe-E8-Midnight-Silver.jpg","type":"image\/jpeg"}],"twitter_card":"summary_large_image","schema":{"@context":"https:\/\/schema.org","@graph":[{"@type":"WebPage","@id":"https:\/\/www.erresse-shop.it\/de\/shop\/kleine-elektrogeraete\/kaffeemaschinen-espresso\/automatisch\/jura-kaffeemaschine-e8-midnight-silver\/","url":"https:\/\/www.erresse-shop.it\/de\/shop\/kleine-elektrogeraete\/kaffeemaschinen-espresso\/automatisch\/jura-kaffeemaschine-e8-midnight-silver\/","name":"JURA Kaffeemaschine D6 Piano Wei\u00dfe - einschlie\u00dflich 2 Kg Kaffee","isPartOf":{"@id":"https:\/\/www.erresse-shop.it\/de\/#website"},"datePublished":"2026-01-28T14:03:35+00:00","dateModified":"2026-01-30T14:18:43+00:00","description":"Entdecken Sie JURA Kaffeemaschine D6 Piano Wei\u00dfe - einschlie\u00dflich 2 Kg Kaffee bei ErresseShop. Qualit\u00e4t, Stil und Funktionalit\u00e4t \u2013 jetzt online bestellen!","breadcrumb":{"@id":"https:\/\/www.erresse-shop.it\/de\/shop\/kleine-elektrogeraete\/kaffeemaschinen-espresso\/automatisch\/jura-kaffeemaschine-e8-midnight-silver\/#breadcrumb"},"inLanguage":"de-DE","potentialAction":[{"@type":"ReadAction","target":["https:\/\/www.erresse-shop.it\/de\/shop\/kleine-elektrogeraete\/kaffeemaschinen-espresso\/automatisch\/jura-kaffeemaschine-e8-midnight-silver\/"]}]},{"@type":"BreadcrumbList","@id":"https:\/\/www.erresse-shop.it\/de\/shop\/kleine-elektrogeraete\/kaffeemaschinen-espresso\/automatisch\/jura-kaffeemaschine-e8-midnight-silver\/#breadcrumb","itemListElement":[{"@type":"ListItem","position":1,"name":"Home","item":"https:\/\/www.erresse-shop.it\/de\/"},{"@type":"ListItem","position":2,"name":"Shop","item":"https:\/\/www.erresse-shop.it\/de\/shop\/"},{"@type":"ListItem","position":3,"name":"JURA Kaffeemaschine E8 Midnight Silver"}]},{"@type":"WebSite","@id":"https:\/\/www.erresse-shop.it\/de\/#website","url":"https:\/\/www.erresse-shop.it\/de\/","name":"Erresse Shop","description":"Articoli di qualit\u00e0 per la casa","potentialAction":[{"@type":"SearchAction","target":{"@type":"EntryPoint","urlTemplate":"https:\/\/www.erresse-shop.it\/de\/?s={search_term_string}"},"query-input":"required name=search_term_string"}],"inLanguage":"de-DE"}]}},"df_price":1199.95,"df_sale_price":1199.95,"df_regular_price":1319,"df_image_link":"https:\/\/www.erresse-shop.it\/wp-content\/uploads\/2026\/01\/JURA-Macchina-Da-Caffe-E8-Midnight-Silver-300x300.jpg","_links":{"self":[{"href":"https:\/\/www.erresse-shop.it\/de\/wp-json\/wp\/v2\/product\/522015"}],"collection":[{"href":"https:\/\/www.erresse-shop.it\/de\/wp-json\/wp\/v2\/product"}],"about":[{"href":"https:\/\/www.erresse-shop.it\/de\/wp-json\/wp\/v2\/types\/product"}],"wp:featuredmedia":[{"embeddable":true,"href":"https:\/\/www.erresse-shop.it\/de\/wp-json\/wp\/v2\/media\/522072"}],"wp:attachment":[{"href":"https:\/\/www.erresse-shop.it\/de\/wp-json\/wp\/v2\/media?parent=522015"}],"wp:term":[{"taxonomy":"product_cat","embeddable":true,"href":"https:\/\/www.erresse-shop.it\/de\/wp-json\/wp\/v2\/product_cat?post=522015"},{"taxonomy":"product_tag","embeddable":true,"href":"https:\/\/www.erresse-shop.it\/de\/wp-json\/wp\/v2\/product_tag?post=522015"}],"curies":[{"name":"wp","href":"https:\/\/api.w.org\/{rel}","templated":true}]}}