{"id":521306,"date":"2026-01-12T12:05:22","date_gmt":"2026-01-12T12:05:24","guid":{"rendered":"https:\/\/www.erresse-shop.it\/?post_type=product&#038;p=521306"},"modified":"2026-02-02T09:59:21","modified_gmt":"2026-02-02T09:59:21","slug":"mepra-service-24-stueck-stiria-eisgold","status":"publish","type":"product","link":"https:\/\/www.erresse-shop.it\/de\/shop\/tisch\/besteck\/mepra-service-24-stueck-stiria-eisgold\/","title":{"rendered":"MEPRA Service 24 St\u00fcck Stiria Eisgold"},"content":{"rendered":"<p><strong>Edelstahlbesteck mit goldfarbener Oberfl\u00e4che<\/strong><\/p>\n<p>Das Besteck der Serie \u201eIce Oro\u201c wird aus 18\/10-Edelstahl gefertigt und mit <strong>PVD<\/strong>-Technologie (Physical Vapor Deposition) beschichtet, um eine langlebige und widerstandsf\u00e4hige, satinierte Goldoberfl\u00e4che zu erzielen. Diese moderne Weiterentwicklung vereint die \u00c4sthetik des Edelmetalls mit der Funktionalit\u00e4t zeitgem\u00e4\u00dfer Materialien und kn\u00fcpft an die lange Tradition der Besteckherstellung an, die sich von einfachen Gebrauchsgegenst\u00e4nden zu Designobjekten entwickelt hat.<\/p>\n<p><strong>Widerstandsf\u00e4higkeit:<\/strong> Extrem hart (\u00e4hnlich wie Saphir), best\u00e4ndig gegen Abrieb, UV-Strahlung, L\u00f6sungsmittel und S\u00e4uren.<br \/>\n<strong>Ungiftigkeit:<\/strong> Gibt keine Reizstoffe ab, gesundheitlich unbedenklich.<\/p>\n<p><strong>Das Set enth\u00e4lt:<\/strong><\/p>\n<ul>\n<li>6 Essl\u00f6ffel<\/li>\n<li>6 Tafelgabeln<\/li>\n<li>6 Tafelmesser<\/li>\n<li>6 Kaffeel\u00f6ffel<\/li>\n<\/ul>\n<p><strong>Edelstahl<br \/>\n<\/strong><strong>Sp\u00fclmaschinenfest<\/strong><\/p>\n","protected":false},"excerpt":{"rendered":"<p>Edelstahlbesteck mit goldfarbener Oberfl\u00e4che Das Besteck der Serie \u201eIce Oro\u201c wird aus 18\/10-Edelstahl gefertigt und mit PVD-Technologie (Physical Vapor Deposition)<\/p>\n","protected":false},"featured_media":521481,"template":"","meta":{"_acf_changed":false,"inline_featured_image":false},"product_cat":[6790,6787],"product_tag":[25001,24681,11718,22645],"acf":[],"yoast_head":"<!-- This site is optimized with the Yoast SEO Premium plugin v18.6 (Yoast SEO v19.13) - https:\/\/yoast.com\/wordpress\/plugins\/seo\/ -->\n<title>MEPRA Service 24 St\u00fcck Stiria Eisgold - Erresse Shop<\/title>\n<meta name=\"description\" content=\"Edelstahlbesteck mit goldfarbener Oberfl\u00e4che Das Besteck der Serie \u201eIce Oro\u201c wird aus 18\/10-Edelstahl gefertigt und mit PVD-Technologie (Physical Vapor\" \/>\n<meta name=\"robots\" content=\"index, follow, max-snippet:-1, max-image-preview:large, max-video-preview:-1\" \/>\n<link rel=\"canonical\" href=\"https:\/\/www.erresse-shop.it\/de\/shop\/tisch\/besteck\/mepra-service-24-stueck-stiria-eisgold\/\" \/>\n<meta property=\"og:locale\" content=\"de_DE\" \/>\n<meta property=\"og:type\" content=\"article\" \/>\n<meta property=\"og:title\" content=\"MEPRA Service 24 St\u00fcck Stiria Eisgold\" \/>\n<meta property=\"og:description\" content=\"Edelstahlbesteck mit goldfarbener Oberfl\u00e4che Das Besteck der Serie \u201eIce Oro\u201c wird aus 18\/10-Edelstahl gefertigt und mit PVD-Technologie (Physical Vapor\" \/>\n<meta property=\"og:url\" content=\"https:\/\/www.erresse-shop.it\/de\/shop\/tisch\/besteck\/mepra-service-24-stueck-stiria-eisgold\/\" \/>\n<meta property=\"og:site_name\" content=\"Erresse Shop\" \/>\n<meta property=\"article:modified_time\" content=\"2026-02-02T09:59:21+00:00\" \/>\n<meta property=\"og:image\" content=\"https:\/\/www.erresse-shop.it\/wp-content\/uploads\/2026\/01\/MEPRA-Servizio-posate-24-Pezzi-Stiria-Ice-Oro-4.jpg\" \/>\n\t<meta property=\"og:image:width\" content=\"1200\" \/>\n\t<meta property=\"og:image:height\" content=\"1200\" \/>\n\t<meta property=\"og:image:type\" content=\"image\/jpeg\" \/>\n<meta name=\"twitter:card\" content=\"summary_large_image\" \/>\n<script type=\"application\/ld+json\" class=\"yoast-schema-graph\">{\"@context\":\"https:\/\/schema.org\",\"@graph\":[{\"@type\":\"WebPage\",\"@id\":\"https:\/\/www.erresse-shop.it\/de\/shop\/tisch\/besteck\/mepra-service-24-stueck-stiria-eisgold\/\",\"url\":\"https:\/\/www.erresse-shop.it\/de\/shop\/tisch\/besteck\/mepra-service-24-stueck-stiria-eisgold\/\",\"name\":\"MEPRA Service 24 St\u00fcck Stiria Eisgold - Erresse Shop\",\"isPartOf\":{\"@id\":\"https:\/\/www.erresse-shop.it\/de\/#website\"},\"datePublished\":\"2026-01-12T12:05:24+00:00\",\"dateModified\":\"2026-02-02T09:59:21+00:00\",\"description\":\"Edelstahlbesteck mit goldfarbener Oberfl\u00e4che Das Besteck der Serie \u201eIce Oro\u201c wird aus 18\/10-Edelstahl gefertigt und mit PVD-Technologie (Physical Vapor\",\"breadcrumb\":{\"@id\":\"https:\/\/www.erresse-shop.it\/de\/shop\/tisch\/besteck\/mepra-service-24-stueck-stiria-eisgold\/#breadcrumb\"},\"inLanguage\":\"de-DE\",\"potentialAction\":[{\"@type\":\"ReadAction\",\"target\":[\"https:\/\/www.erresse-shop.it\/de\/shop\/tisch\/besteck\/mepra-service-24-stueck-stiria-eisgold\/\"]}]},{\"@type\":\"BreadcrumbList\",\"@id\":\"https:\/\/www.erresse-shop.it\/de\/shop\/tisch\/besteck\/mepra-service-24-stueck-stiria-eisgold\/#breadcrumb\",\"itemListElement\":[{\"@type\":\"ListItem\",\"position\":1,\"name\":\"Home\",\"item\":\"https:\/\/www.erresse-shop.it\/de\/\"},{\"@type\":\"ListItem\",\"position\":2,\"name\":\"Shop\",\"item\":\"https:\/\/www.erresse-shop.it\/de\/shop\/\"},{\"@type\":\"ListItem\",\"position\":3,\"name\":\"MEPRA Service 24 St\u00fcck Stiria Eisgold\"}]},{\"@type\":\"WebSite\",\"@id\":\"https:\/\/www.erresse-shop.it\/de\/#website\",\"url\":\"https:\/\/www.erresse-shop.it\/de\/\",\"name\":\"Erresse Shop\",\"description\":\"Articoli di qualit\u00e0 per la casa\",\"potentialAction\":[{\"@type\":\"SearchAction\",\"target\":{\"@type\":\"EntryPoint\",\"urlTemplate\":\"https:\/\/www.erresse-shop.it\/de\/?s={search_term_string}\"},\"query-input\":\"required name=search_term_string\"}],\"inLanguage\":\"de-DE\"}]}<\/script>\n<!-- \/ Yoast SEO Premium plugin. -->","yoast_head_json":{"title":"MEPRA Service 24 St\u00fcck Stiria Eisgold - Erresse Shop","description":"Edelstahlbesteck mit goldfarbener Oberfl\u00e4che Das Besteck der Serie \u201eIce Oro\u201c wird aus 18\/10-Edelstahl gefertigt und mit PVD-Technologie (Physical Vapor","robots":{"index":"index","follow":"follow","max-snippet":"max-snippet:-1","max-image-preview":"max-image-preview:large","max-video-preview":"max-video-preview:-1"},"canonical":"https:\/\/www.erresse-shop.it\/de\/shop\/tisch\/besteck\/mepra-service-24-stueck-stiria-eisgold\/","og_locale":"de_DE","og_type":"article","og_title":"MEPRA Service 24 St\u00fcck Stiria Eisgold","og_description":"Edelstahlbesteck mit goldfarbener Oberfl\u00e4che Das Besteck der Serie \u201eIce Oro\u201c wird aus 18\/10-Edelstahl gefertigt und mit PVD-Technologie (Physical Vapor","og_url":"https:\/\/www.erresse-shop.it\/de\/shop\/tisch\/besteck\/mepra-service-24-stueck-stiria-eisgold\/","og_site_name":"Erresse Shop","article_modified_time":"2026-02-02T09:59:21+00:00","og_image":[{"width":1200,"height":1200,"url":"https:\/\/www.erresse-shop.it\/wp-content\/uploads\/2026\/01\/MEPRA-Servizio-posate-24-Pezzi-Stiria-Ice-Oro-4.jpg","type":"image\/jpeg"}],"twitter_card":"summary_large_image","schema":{"@context":"https:\/\/schema.org","@graph":[{"@type":"WebPage","@id":"https:\/\/www.erresse-shop.it\/de\/shop\/tisch\/besteck\/mepra-service-24-stueck-stiria-eisgold\/","url":"https:\/\/www.erresse-shop.it\/de\/shop\/tisch\/besteck\/mepra-service-24-stueck-stiria-eisgold\/","name":"MEPRA Service 24 St\u00fcck Stiria Eisgold - Erresse Shop","isPartOf":{"@id":"https:\/\/www.erresse-shop.it\/de\/#website"},"datePublished":"2026-01-12T12:05:24+00:00","dateModified":"2026-02-02T09:59:21+00:00","description":"Edelstahlbesteck mit goldfarbener Oberfl\u00e4che Das Besteck der Serie \u201eIce Oro\u201c wird aus 18\/10-Edelstahl gefertigt und mit PVD-Technologie (Physical Vapor","breadcrumb":{"@id":"https:\/\/www.erresse-shop.it\/de\/shop\/tisch\/besteck\/mepra-service-24-stueck-stiria-eisgold\/#breadcrumb"},"inLanguage":"de-DE","potentialAction":[{"@type":"ReadAction","target":["https:\/\/www.erresse-shop.it\/de\/shop\/tisch\/besteck\/mepra-service-24-stueck-stiria-eisgold\/"]}]},{"@type":"BreadcrumbList","@id":"https:\/\/www.erresse-shop.it\/de\/shop\/tisch\/besteck\/mepra-service-24-stueck-stiria-eisgold\/#breadcrumb","itemListElement":[{"@type":"ListItem","position":1,"name":"Home","item":"https:\/\/www.erresse-shop.it\/de\/"},{"@type":"ListItem","position":2,"name":"Shop","item":"https:\/\/www.erresse-shop.it\/de\/shop\/"},{"@type":"ListItem","position":3,"name":"MEPRA Service 24 St\u00fcck Stiria Eisgold"}]},{"@type":"WebSite","@id":"https:\/\/www.erresse-shop.it\/de\/#website","url":"https:\/\/www.erresse-shop.it\/de\/","name":"Erresse Shop","description":"Articoli di qualit\u00e0 per la casa","potentialAction":[{"@type":"SearchAction","target":{"@type":"EntryPoint","urlTemplate":"https:\/\/www.erresse-shop.it\/de\/?s={search_term_string}"},"query-input":"required name=search_term_string"}],"inLanguage":"de-DE"}]}},"df_price":159,"df_sale_price":159,"df_regular_price":299,"df_image_link":"https:\/\/www.erresse-shop.it\/wp-content\/uploads\/2026\/01\/MEPRA-Servizio-posate-24-Pezzi-Stiria-Ice-Oro-4-300x300.jpg","_links":{"self":[{"href":"https:\/\/www.erresse-shop.it\/de\/wp-json\/wp\/v2\/product\/521306"}],"collection":[{"href":"https:\/\/www.erresse-shop.it\/de\/wp-json\/wp\/v2\/product"}],"about":[{"href":"https:\/\/www.erresse-shop.it\/de\/wp-json\/wp\/v2\/types\/product"}],"wp:featuredmedia":[{"embeddable":true,"href":"https:\/\/www.erresse-shop.it\/de\/wp-json\/wp\/v2\/media\/521481"}],"wp:attachment":[{"href":"https:\/\/www.erresse-shop.it\/de\/wp-json\/wp\/v2\/media?parent=521306"}],"wp:term":[{"taxonomy":"product_cat","embeddable":true,"href":"https:\/\/www.erresse-shop.it\/de\/wp-json\/wp\/v2\/product_cat?post=521306"},{"taxonomy":"product_tag","embeddable":true,"href":"https:\/\/www.erresse-shop.it\/de\/wp-json\/wp\/v2\/product_tag?post=521306"}],"curies":[{"name":"wp","href":"https:\/\/api.w.org\/{rel}","templated":true}]}}