{"id":521137,"date":"2026-01-08T14:51:43","date_gmt":"2026-01-08T14:51:45","guid":{"rendered":"https:\/\/www.erresse-shop.it\/?post_type=product&#038;p=521137"},"modified":"2026-02-02T09:37:08","modified_gmt":"2026-02-02T09:37:08","slug":"mario-luca-giusti-krug-plutone-rubin-gruen","status":"publish","type":"product","link":"https:\/\/www.erresse-shop.it\/de\/shop\/tisch\/karaffen-flaschen-kruege\/mario-luca-giusti-krug-plutone-rubin-gruen\/","title":{"rendered":"MARIO LUCA GIUSTI Krug Plutone Rubin\/Gr\u00fcn"},"content":{"rendered":"<p><strong>H\u00f6he:<\/strong> 16 cm<br \/>\n<strong>Durchmesser:<\/strong> 14,5 cm<br \/>\n<strong>Fassungsverm\u00f6gen:<\/strong> 1400 ml<br \/>\n<strong>Gewicht:<\/strong> 311 g<br \/>\n<strong>Material:<\/strong> Acryl<\/p>\n<p><strong>Hinweise zur Verwendung von Acrylprodukten<\/strong><\/p>\n<p>Lebensmittelecht und gepr\u00fcft von T\u00dcV, SGS und Intertek<\/p>\n<ul>\n<li>Absolut geschmacks- und geruchsneutral<\/li>\n<li>BPA-frei<\/li>\n<li>Bruchfest<\/li>\n<li>Temperaturbest\u00e4ndig von -10 \u00b0C bis 50 \u00b0C<\/li>\n<li>Gefriergeeignet<\/li>\n<li>Handw\u00e4sche wird empfohlen, um die Lebensdauer des Produkts zu verl\u00e4ngern.<\/li>\n<li>Nicht maschinenwaschbar.<\/li>\n<li>Nicht mikrowellengeeignet.<\/li>\n<li>Verwenden Sie zur Reinigung ausschlie\u00dflich neutrale Reinigungsmittel und keine Scheuermittel.<\/li>\n<\/ul>\n<p>Folgende Faktoren k\u00f6nnen mit der Zeit zu Verf\u00e4rbungen oder Tr\u00fcbungen f\u00fchren:<\/p>\n<ul>\n<li>L\u00e4ngere Lagerung bei hohen Temperaturen und hoher Luftfeuchtigkeit.<\/li>\n<li>Falsche Dosierung von Reinigungsmitteln.<\/li>\n<li>Verwendung von aluminium- oder metallhaltigen Reinigungsmitteln.<\/li>\n<li>Milchprodukte, Kaffee, Kakao, Tee und alkoholische Getr\u00e4nke k\u00f6nnen bei Kontakt \u00fcber Nacht Spuren auf dem Glas hinterlassen. Reinigen Sie das Glas unmittelbar nach Gebrauch mit warmem Seifenwasser, entweder von Hand oder mit unserem regul\u00e4ren Renovate Pulverreiniger.<\/li>\n<\/ul>\n","protected":false},"excerpt":{"rendered":"<p>H\u00f6he: 16 cm Durchmesser: 14,5 cm Fassungsverm\u00f6gen: 1400 ml Gewicht: 311 g Material: Acryl Hinweise zur Verwendung von Acrylprodukten Lebensmittelecht<\/p>\n","protected":false},"featured_media":521151,"template":"","meta":{"_acf_changed":false,"inline_featured_image":false},"product_cat":[6859,6787],"product_tag":[25027,11843,11849,24398,24604,25022],"acf":[],"yoast_head":"<!-- This site is optimized with the Yoast SEO Premium plugin v18.6 (Yoast SEO v19.13) - https:\/\/yoast.com\/wordpress\/plugins\/seo\/ -->\n<title>MARIO LUCA GIUSTI Krug Plutone Rubin\/Gr\u00fcn - Erresse Shop<\/title>\n<meta name=\"description\" content=\"H\u00f6he: 16 cm Durchmesser: 14,5 cm Fassungsverm\u00f6gen: 1400 ml Gewicht: 311 g Material: Acryl Hinweise zur Verwendung von Acrylprodukten Lebensmittelecht und\" \/>\n<meta name=\"robots\" content=\"index, follow, max-snippet:-1, max-image-preview:large, max-video-preview:-1\" \/>\n<link rel=\"canonical\" href=\"https:\/\/www.erresse-shop.it\/de\/shop\/tisch\/karaffen-flaschen-kruege\/mario-luca-giusti-krug-plutone-rubin-gruen\/\" \/>\n<meta property=\"og:locale\" content=\"de_DE\" \/>\n<meta property=\"og:type\" content=\"article\" \/>\n<meta property=\"og:title\" content=\"MARIO LUCA GIUSTI Krug Plutone Rubin\/Gr\u00fcn\" \/>\n<meta property=\"og:description\" content=\"H\u00f6he: 16 cm Durchmesser: 14,5 cm Fassungsverm\u00f6gen: 1400 ml Gewicht: 311 g Material: Acryl Hinweise zur Verwendung von Acrylprodukten Lebensmittelecht und\" \/>\n<meta property=\"og:url\" content=\"https:\/\/www.erresse-shop.it\/de\/shop\/tisch\/karaffen-flaschen-kruege\/mario-luca-giusti-krug-plutone-rubin-gruen\/\" \/>\n<meta property=\"og:site_name\" content=\"Erresse Shop\" \/>\n<meta property=\"article:modified_time\" content=\"2026-02-02T09:37:08+00:00\" \/>\n<meta property=\"og:image\" content=\"https:\/\/www.erresse-shop.it\/wp-content\/uploads\/2026\/01\/MARIO-LUCA-GIUSTI-Brocca-Plutone-Rubino_Verde.jpg\" \/>\n\t<meta property=\"og:image:width\" content=\"1200\" \/>\n\t<meta property=\"og:image:height\" content=\"1200\" \/>\n\t<meta property=\"og:image:type\" content=\"image\/jpeg\" \/>\n<meta name=\"twitter:card\" content=\"summary_large_image\" \/>\n<script type=\"application\/ld+json\" class=\"yoast-schema-graph\">{\"@context\":\"https:\/\/schema.org\",\"@graph\":[{\"@type\":\"WebPage\",\"@id\":\"https:\/\/www.erresse-shop.it\/de\/shop\/tisch\/karaffen-flaschen-kruege\/mario-luca-giusti-krug-plutone-rubin-gruen\/\",\"url\":\"https:\/\/www.erresse-shop.it\/de\/shop\/tisch\/karaffen-flaschen-kruege\/mario-luca-giusti-krug-plutone-rubin-gruen\/\",\"name\":\"MARIO LUCA GIUSTI Krug Plutone Rubin\/Gr\u00fcn - Erresse Shop\",\"isPartOf\":{\"@id\":\"https:\/\/www.erresse-shop.it\/de\/#website\"},\"datePublished\":\"2026-01-08T14:51:45+00:00\",\"dateModified\":\"2026-02-02T09:37:08+00:00\",\"description\":\"H\u00f6he: 16 cm Durchmesser: 14,5 cm Fassungsverm\u00f6gen: 1400 ml Gewicht: 311 g Material: Acryl Hinweise zur Verwendung von Acrylprodukten Lebensmittelecht und\",\"breadcrumb\":{\"@id\":\"https:\/\/www.erresse-shop.it\/de\/shop\/tisch\/karaffen-flaschen-kruege\/mario-luca-giusti-krug-plutone-rubin-gruen\/#breadcrumb\"},\"inLanguage\":\"de-DE\",\"potentialAction\":[{\"@type\":\"ReadAction\",\"target\":[\"https:\/\/www.erresse-shop.it\/de\/shop\/tisch\/karaffen-flaschen-kruege\/mario-luca-giusti-krug-plutone-rubin-gruen\/\"]}]},{\"@type\":\"BreadcrumbList\",\"@id\":\"https:\/\/www.erresse-shop.it\/de\/shop\/tisch\/karaffen-flaschen-kruege\/mario-luca-giusti-krug-plutone-rubin-gruen\/#breadcrumb\",\"itemListElement\":[{\"@type\":\"ListItem\",\"position\":1,\"name\":\"Home\",\"item\":\"https:\/\/www.erresse-shop.it\/de\/\"},{\"@type\":\"ListItem\",\"position\":2,\"name\":\"Shop\",\"item\":\"https:\/\/www.erresse-shop.it\/de\/shop\/\"},{\"@type\":\"ListItem\",\"position\":3,\"name\":\"MARIO LUCA GIUSTI Krug Plutone Rubin\/Gr\u00fcn\"}]},{\"@type\":\"WebSite\",\"@id\":\"https:\/\/www.erresse-shop.it\/de\/#website\",\"url\":\"https:\/\/www.erresse-shop.it\/de\/\",\"name\":\"Erresse Shop\",\"description\":\"Articoli di qualit\u00e0 per la casa\",\"potentialAction\":[{\"@type\":\"SearchAction\",\"target\":{\"@type\":\"EntryPoint\",\"urlTemplate\":\"https:\/\/www.erresse-shop.it\/de\/?s={search_term_string}\"},\"query-input\":\"required name=search_term_string\"}],\"inLanguage\":\"de-DE\"}]}<\/script>\n<!-- \/ Yoast SEO Premium plugin. -->","yoast_head_json":{"title":"MARIO LUCA GIUSTI Krug Plutone Rubin\/Gr\u00fcn - Erresse Shop","description":"H\u00f6he: 16 cm Durchmesser: 14,5 cm Fassungsverm\u00f6gen: 1400 ml Gewicht: 311 g Material: Acryl Hinweise zur Verwendung von Acrylprodukten Lebensmittelecht und","robots":{"index":"index","follow":"follow","max-snippet":"max-snippet:-1","max-image-preview":"max-image-preview:large","max-video-preview":"max-video-preview:-1"},"canonical":"https:\/\/www.erresse-shop.it\/de\/shop\/tisch\/karaffen-flaschen-kruege\/mario-luca-giusti-krug-plutone-rubin-gruen\/","og_locale":"de_DE","og_type":"article","og_title":"MARIO LUCA GIUSTI Krug Plutone Rubin\/Gr\u00fcn","og_description":"H\u00f6he: 16 cm Durchmesser: 14,5 cm Fassungsverm\u00f6gen: 1400 ml Gewicht: 311 g Material: Acryl Hinweise zur Verwendung von Acrylprodukten Lebensmittelecht und","og_url":"https:\/\/www.erresse-shop.it\/de\/shop\/tisch\/karaffen-flaschen-kruege\/mario-luca-giusti-krug-plutone-rubin-gruen\/","og_site_name":"Erresse Shop","article_modified_time":"2026-02-02T09:37:08+00:00","og_image":[{"width":1200,"height":1200,"url":"https:\/\/www.erresse-shop.it\/wp-content\/uploads\/2026\/01\/MARIO-LUCA-GIUSTI-Brocca-Plutone-Rubino_Verde.jpg","type":"image\/jpeg"}],"twitter_card":"summary_large_image","schema":{"@context":"https:\/\/schema.org","@graph":[{"@type":"WebPage","@id":"https:\/\/www.erresse-shop.it\/de\/shop\/tisch\/karaffen-flaschen-kruege\/mario-luca-giusti-krug-plutone-rubin-gruen\/","url":"https:\/\/www.erresse-shop.it\/de\/shop\/tisch\/karaffen-flaschen-kruege\/mario-luca-giusti-krug-plutone-rubin-gruen\/","name":"MARIO LUCA GIUSTI Krug Plutone Rubin\/Gr\u00fcn - Erresse Shop","isPartOf":{"@id":"https:\/\/www.erresse-shop.it\/de\/#website"},"datePublished":"2026-01-08T14:51:45+00:00","dateModified":"2026-02-02T09:37:08+00:00","description":"H\u00f6he: 16 cm Durchmesser: 14,5 cm Fassungsverm\u00f6gen: 1400 ml Gewicht: 311 g Material: Acryl Hinweise zur Verwendung von Acrylprodukten Lebensmittelecht und","breadcrumb":{"@id":"https:\/\/www.erresse-shop.it\/de\/shop\/tisch\/karaffen-flaschen-kruege\/mario-luca-giusti-krug-plutone-rubin-gruen\/#breadcrumb"},"inLanguage":"de-DE","potentialAction":[{"@type":"ReadAction","target":["https:\/\/www.erresse-shop.it\/de\/shop\/tisch\/karaffen-flaschen-kruege\/mario-luca-giusti-krug-plutone-rubin-gruen\/"]}]},{"@type":"BreadcrumbList","@id":"https:\/\/www.erresse-shop.it\/de\/shop\/tisch\/karaffen-flaschen-kruege\/mario-luca-giusti-krug-plutone-rubin-gruen\/#breadcrumb","itemListElement":[{"@type":"ListItem","position":1,"name":"Home","item":"https:\/\/www.erresse-shop.it\/de\/"},{"@type":"ListItem","position":2,"name":"Shop","item":"https:\/\/www.erresse-shop.it\/de\/shop\/"},{"@type":"ListItem","position":3,"name":"MARIO LUCA GIUSTI Krug Plutone Rubin\/Gr\u00fcn"}]},{"@type":"WebSite","@id":"https:\/\/www.erresse-shop.it\/de\/#website","url":"https:\/\/www.erresse-shop.it\/de\/","name":"Erresse Shop","description":"Articoli di qualit\u00e0 per la casa","potentialAction":[{"@type":"SearchAction","target":{"@type":"EntryPoint","urlTemplate":"https:\/\/www.erresse-shop.it\/de\/?s={search_term_string}"},"query-input":"required name=search_term_string"}],"inLanguage":"de-DE"}]}},"df_price":51.91,"df_sale_price":51.91,"df_regular_price":72,"df_image_link":"https:\/\/www.erresse-shop.it\/wp-content\/uploads\/2026\/01\/MARIO-LUCA-GIUSTI-Brocca-Plutone-Rubino_Verde-300x300.jpg","_links":{"self":[{"href":"https:\/\/www.erresse-shop.it\/de\/wp-json\/wp\/v2\/product\/521137"}],"collection":[{"href":"https:\/\/www.erresse-shop.it\/de\/wp-json\/wp\/v2\/product"}],"about":[{"href":"https:\/\/www.erresse-shop.it\/de\/wp-json\/wp\/v2\/types\/product"}],"wp:featuredmedia":[{"embeddable":true,"href":"https:\/\/www.erresse-shop.it\/de\/wp-json\/wp\/v2\/media\/521151"}],"wp:attachment":[{"href":"https:\/\/www.erresse-shop.it\/de\/wp-json\/wp\/v2\/media?parent=521137"}],"wp:term":[{"taxonomy":"product_cat","embeddable":true,"href":"https:\/\/www.erresse-shop.it\/de\/wp-json\/wp\/v2\/product_cat?post=521137"},{"taxonomy":"product_tag","embeddable":true,"href":"https:\/\/www.erresse-shop.it\/de\/wp-json\/wp\/v2\/product_tag?post=521137"}],"curies":[{"name":"wp","href":"https:\/\/api.w.org\/{rel}","templated":true}]}}