{"id":520927,"date":"2026-01-08T09:27:00","date_gmt":"2026-01-08T09:27:01","guid":{"rendered":"https:\/\/www.erresse-shop.it\/?post_type=product&#038;p=520927"},"modified":"2026-02-02T08:06:09","modified_gmt":"2026-02-02T08:06:09","slug":"le-creuset-mini-cocotte-10-cm-deep-teal","status":"publish","type":"product","link":"https:\/\/www.erresse-shop.it\/de\/shop\/toepfe-pfannen\/schalldaempfer-und-kokotten\/le-creuset-mini-cocotte-10-cm-deep-teal\/","title":{"rendered":"LE CREUSET Mini Cocotte 10 cm Deep Teal"},"content":{"rendered":"<p>Diese charmante Mini-Cocotte eignet sich perfekt zum Kochen und Servieren von Einzelportionen oder Beilagen. Ihre G\u00e4ste werden von ihren harmonischen Linien und ihrem fr\u00f6hlichen Aussehen begeistert sein. Sie ist auch ideal f\u00fcr Dressings, Saucen und Vorspeisen. Dank des Deckels k\u00f6nnen Sie darin Saucen in der Mikrowelle erw\u00e4rmen oder Snacks k\u00fchl halten. Klein, aber oho!<\/p>\n<p style=\"text-align: justify;\"><strong>Produktinformationen:<\/strong><\/p>\n<ul>\n<li>\n<p class=\"mb-3\">Immer auf h\u00f6chstem Niveau: Unser Steinzeug ist kratzfest und leicht zu reinigen.<\/p>\n<\/li>\n<li>\n<p class=\"mb-3\">Eine moderne Ikone: Mit dem charakteristischen Drei-Ring-Design passt dieses Produkt perfekt zu unserem legend\u00e4ren Gusseisen-Kochgeschirr und ist somit die ideale Erg\u00e4nzung f\u00fcr Ihre Le Creuset-Kollektion.<\/p>\n<\/li>\n<li>\n<p class=\"mb-3\">F\u00fcr hei\u00dfe und kalte Speisen geeignet: Unser Steinzeug ist hitzebest\u00e4ndig von -18 \u00b0C bis +260 \u00b0C.<\/p>\n<\/li>\n<li>\n<p class=\"mb-3\">Erstklassige Qualit\u00e4t: Unsere Produkte werden aus den besten Materialien in Manufakturen weltweit gefertigt, um die von Le Creuset gewohnte Qualit\u00e4t zu gew\u00e4hrleisten.<\/p>\n<\/li>\n<\/ul>\n<p>Material: Steinzeug<br \/>\nHergestellt in: China<br \/>\nGarantie: 10 Jahre Jahre<\/p>\n<p><strong>W\u00e4rmequelle:<\/strong><\/p>\n<ul>\n<li>Backofen<\/li>\n<li>Grillfunktion<\/li>\n<li>Mikrowelle<\/li>\n<\/ul>\n<p><strong>Reinigung und Pflege:<\/strong><\/p>\n<ul>\n<li class=\"mb-3\">Warten Sie, bis das Produkt vollst\u00e4ndig abgek\u00fchlt ist, bevor Sie es reinigen.<\/li>\n<li class=\"mb-3\">Entfernen Sie alle R\u00fcckst\u00e4nde vom Boden und den Seiten des Produkts. Bei hartn\u00e4ckigen Speiseresten f\u00fcllen Sie das Produkt mit warmem Seifenwasser und lassen es 15\u201320 Minuten einweichen, bevor Sie es wie gewohnt abwaschen.<\/li>\n<li class=\"mb-3\">Von Hand waschen und trocknen. Alternativ k\u00f6nnen Sie Ihr Steingutprodukt in die Sp\u00fclmaschine geben und einen kompletten Sp\u00fclgang durchf\u00fchren.<\/li>\n<\/ul>\n","protected":false},"excerpt":{"rendered":"<p>Diese charmante Mini-Cocotte eignet sich perfekt zum Kochen und Servieren von Einzelportionen oder Beilagen. Ihre G\u00e4ste werden von ihren harmonischen<\/p>\n","protected":false},"featured_media":520936,"template":"","meta":{"_acf_changed":false,"inline_featured_image":false},"product_cat":[6709,14793],"product_tag":[11387,11381,14827,11383,11385,12201,12315,24392,12992,12205],"acf":[],"yoast_head":"<!-- This site is optimized with the Yoast SEO Premium plugin v18.6 (Yoast SEO v19.13) - https:\/\/yoast.com\/wordpress\/plugins\/seo\/ -->\n<title>LE CREUSET Mini Cocotte 10 cm Deep Teal - Erresse Shop<\/title>\n<meta name=\"description\" content=\"Diese charmante Mini-Cocotte eignet sich perfekt zum Kochen und Servieren von Einzelportionen oder Beilagen. Ihre G\u00e4ste werden von ihren harmonischen\" \/>\n<meta name=\"robots\" content=\"index, follow, max-snippet:-1, max-image-preview:large, max-video-preview:-1\" \/>\n<link rel=\"canonical\" href=\"https:\/\/www.erresse-shop.it\/de\/shop\/toepfe-pfannen\/schalldaempfer-und-kokotten\/le-creuset-mini-cocotte-10-cm-deep-teal\/\" \/>\n<meta property=\"og:locale\" content=\"de_DE\" \/>\n<meta property=\"og:type\" content=\"article\" \/>\n<meta property=\"og:title\" content=\"LE CREUSET Mini Cocotte 10 cm Deep Teal\" \/>\n<meta property=\"og:description\" content=\"Diese charmante Mini-Cocotte eignet sich perfekt zum Kochen und Servieren von Einzelportionen oder Beilagen. Ihre G\u00e4ste werden von ihren harmonischen\" \/>\n<meta property=\"og:url\" content=\"https:\/\/www.erresse-shop.it\/de\/shop\/toepfe-pfannen\/schalldaempfer-und-kokotten\/le-creuset-mini-cocotte-10-cm-deep-teal\/\" \/>\n<meta property=\"og:site_name\" content=\"Erresse Shop\" \/>\n<meta property=\"article:modified_time\" content=\"2026-02-02T08:06:09+00:00\" \/>\n<meta property=\"og:image\" content=\"https:\/\/www.erresse-shop.it\/wp-content\/uploads\/2026\/01\/LE-CREUSET-Mini-Cocotte-10-cm-Deep-Teal.jpg\" \/>\n\t<meta property=\"og:image:width\" content=\"1200\" \/>\n\t<meta property=\"og:image:height\" content=\"1200\" \/>\n\t<meta property=\"og:image:type\" content=\"image\/jpeg\" \/>\n<meta name=\"twitter:card\" content=\"summary_large_image\" \/>\n<script type=\"application\/ld+json\" class=\"yoast-schema-graph\">{\"@context\":\"https:\/\/schema.org\",\"@graph\":[{\"@type\":\"WebPage\",\"@id\":\"https:\/\/www.erresse-shop.it\/de\/shop\/toepfe-pfannen\/schalldaempfer-und-kokotten\/le-creuset-mini-cocotte-10-cm-deep-teal\/\",\"url\":\"https:\/\/www.erresse-shop.it\/de\/shop\/toepfe-pfannen\/schalldaempfer-und-kokotten\/le-creuset-mini-cocotte-10-cm-deep-teal\/\",\"name\":\"LE CREUSET Mini Cocotte 10 cm Deep Teal - Erresse Shop\",\"isPartOf\":{\"@id\":\"https:\/\/www.erresse-shop.it\/de\/#website\"},\"datePublished\":\"2026-01-08T09:27:01+00:00\",\"dateModified\":\"2026-02-02T08:06:09+00:00\",\"description\":\"Diese charmante Mini-Cocotte eignet sich perfekt zum Kochen und Servieren von Einzelportionen oder Beilagen. Ihre G\u00e4ste werden von ihren harmonischen\",\"breadcrumb\":{\"@id\":\"https:\/\/www.erresse-shop.it\/de\/shop\/toepfe-pfannen\/schalldaempfer-und-kokotten\/le-creuset-mini-cocotte-10-cm-deep-teal\/#breadcrumb\"},\"inLanguage\":\"de-DE\",\"potentialAction\":[{\"@type\":\"ReadAction\",\"target\":[\"https:\/\/www.erresse-shop.it\/de\/shop\/toepfe-pfannen\/schalldaempfer-und-kokotten\/le-creuset-mini-cocotte-10-cm-deep-teal\/\"]}]},{\"@type\":\"BreadcrumbList\",\"@id\":\"https:\/\/www.erresse-shop.it\/de\/shop\/toepfe-pfannen\/schalldaempfer-und-kokotten\/le-creuset-mini-cocotte-10-cm-deep-teal\/#breadcrumb\",\"itemListElement\":[{\"@type\":\"ListItem\",\"position\":1,\"name\":\"Home\",\"item\":\"https:\/\/www.erresse-shop.it\/de\/\"},{\"@type\":\"ListItem\",\"position\":2,\"name\":\"Shop\",\"item\":\"https:\/\/www.erresse-shop.it\/de\/shop\/\"},{\"@type\":\"ListItem\",\"position\":3,\"name\":\"LE CREUSET Mini Cocotte 10 cm Deep Teal\"}]},{\"@type\":\"WebSite\",\"@id\":\"https:\/\/www.erresse-shop.it\/de\/#website\",\"url\":\"https:\/\/www.erresse-shop.it\/de\/\",\"name\":\"Erresse Shop\",\"description\":\"Articoli di qualit\u00e0 per la casa\",\"potentialAction\":[{\"@type\":\"SearchAction\",\"target\":{\"@type\":\"EntryPoint\",\"urlTemplate\":\"https:\/\/www.erresse-shop.it\/de\/?s={search_term_string}\"},\"query-input\":\"required name=search_term_string\"}],\"inLanguage\":\"de-DE\"}]}<\/script>\n<!-- \/ Yoast SEO Premium plugin. -->","yoast_head_json":{"title":"LE CREUSET Mini Cocotte 10 cm Deep Teal - Erresse Shop","description":"Diese charmante Mini-Cocotte eignet sich perfekt zum Kochen und Servieren von Einzelportionen oder Beilagen. Ihre G\u00e4ste werden von ihren harmonischen","robots":{"index":"index","follow":"follow","max-snippet":"max-snippet:-1","max-image-preview":"max-image-preview:large","max-video-preview":"max-video-preview:-1"},"canonical":"https:\/\/www.erresse-shop.it\/de\/shop\/toepfe-pfannen\/schalldaempfer-und-kokotten\/le-creuset-mini-cocotte-10-cm-deep-teal\/","og_locale":"de_DE","og_type":"article","og_title":"LE CREUSET Mini Cocotte 10 cm Deep Teal","og_description":"Diese charmante Mini-Cocotte eignet sich perfekt zum Kochen und Servieren von Einzelportionen oder Beilagen. Ihre G\u00e4ste werden von ihren harmonischen","og_url":"https:\/\/www.erresse-shop.it\/de\/shop\/toepfe-pfannen\/schalldaempfer-und-kokotten\/le-creuset-mini-cocotte-10-cm-deep-teal\/","og_site_name":"Erresse Shop","article_modified_time":"2026-02-02T08:06:09+00:00","og_image":[{"width":1200,"height":1200,"url":"https:\/\/www.erresse-shop.it\/wp-content\/uploads\/2026\/01\/LE-CREUSET-Mini-Cocotte-10-cm-Deep-Teal.jpg","type":"image\/jpeg"}],"twitter_card":"summary_large_image","schema":{"@context":"https:\/\/schema.org","@graph":[{"@type":"WebPage","@id":"https:\/\/www.erresse-shop.it\/de\/shop\/toepfe-pfannen\/schalldaempfer-und-kokotten\/le-creuset-mini-cocotte-10-cm-deep-teal\/","url":"https:\/\/www.erresse-shop.it\/de\/shop\/toepfe-pfannen\/schalldaempfer-und-kokotten\/le-creuset-mini-cocotte-10-cm-deep-teal\/","name":"LE CREUSET Mini Cocotte 10 cm Deep Teal - Erresse Shop","isPartOf":{"@id":"https:\/\/www.erresse-shop.it\/de\/#website"},"datePublished":"2026-01-08T09:27:01+00:00","dateModified":"2026-02-02T08:06:09+00:00","description":"Diese charmante Mini-Cocotte eignet sich perfekt zum Kochen und Servieren von Einzelportionen oder Beilagen. Ihre G\u00e4ste werden von ihren harmonischen","breadcrumb":{"@id":"https:\/\/www.erresse-shop.it\/de\/shop\/toepfe-pfannen\/schalldaempfer-und-kokotten\/le-creuset-mini-cocotte-10-cm-deep-teal\/#breadcrumb"},"inLanguage":"de-DE","potentialAction":[{"@type":"ReadAction","target":["https:\/\/www.erresse-shop.it\/de\/shop\/toepfe-pfannen\/schalldaempfer-und-kokotten\/le-creuset-mini-cocotte-10-cm-deep-teal\/"]}]},{"@type":"BreadcrumbList","@id":"https:\/\/www.erresse-shop.it\/de\/shop\/toepfe-pfannen\/schalldaempfer-und-kokotten\/le-creuset-mini-cocotte-10-cm-deep-teal\/#breadcrumb","itemListElement":[{"@type":"ListItem","position":1,"name":"Home","item":"https:\/\/www.erresse-shop.it\/de\/"},{"@type":"ListItem","position":2,"name":"Shop","item":"https:\/\/www.erresse-shop.it\/de\/shop\/"},{"@type":"ListItem","position":3,"name":"LE CREUSET Mini Cocotte 10 cm Deep Teal"}]},{"@type":"WebSite","@id":"https:\/\/www.erresse-shop.it\/de\/#website","url":"https:\/\/www.erresse-shop.it\/de\/","name":"Erresse Shop","description":"Articoli di qualit\u00e0 per la casa","potentialAction":[{"@type":"SearchAction","target":{"@type":"EntryPoint","urlTemplate":"https:\/\/www.erresse-shop.it\/de\/?s={search_term_string}"},"query-input":"required name=search_term_string"}],"inLanguage":"de-DE"}]}},"df_price":11.25,"df_sale_price":11.25,"df_regular_price":25,"df_image_link":"https:\/\/www.erresse-shop.it\/wp-content\/uploads\/2026\/01\/LE-CREUSET-Mini-Cocotte-10-cm-Deep-Teal-300x300.jpg","_links":{"self":[{"href":"https:\/\/www.erresse-shop.it\/de\/wp-json\/wp\/v2\/product\/520927"}],"collection":[{"href":"https:\/\/www.erresse-shop.it\/de\/wp-json\/wp\/v2\/product"}],"about":[{"href":"https:\/\/www.erresse-shop.it\/de\/wp-json\/wp\/v2\/types\/product"}],"wp:featuredmedia":[{"embeddable":true,"href":"https:\/\/www.erresse-shop.it\/de\/wp-json\/wp\/v2\/media\/520936"}],"wp:attachment":[{"href":"https:\/\/www.erresse-shop.it\/de\/wp-json\/wp\/v2\/media?parent=520927"}],"wp:term":[{"taxonomy":"product_cat","embeddable":true,"href":"https:\/\/www.erresse-shop.it\/de\/wp-json\/wp\/v2\/product_cat?post=520927"},{"taxonomy":"product_tag","embeddable":true,"href":"https:\/\/www.erresse-shop.it\/de\/wp-json\/wp\/v2\/product_tag?post=520927"}],"curies":[{"name":"wp","href":"https:\/\/api.w.org\/{rel}","templated":true}]}}