{"id":520914,"date":"2026-01-08T09:04:29","date_gmt":"2026-01-08T09:04:30","guid":{"rendered":"https:\/\/www.erresse-shop.it\/?post_type=product&#038;p=520914"},"modified":"2026-02-02T07:58:27","modified_gmt":"2026-02-02T07:58:27","slug":"le-creuset-korkenzieher-classic-tm-100-schwarz","status":"publish","type":"product","link":"https:\/\/www.erresse-shop.it\/de\/shop\/tisch\/weinbar-korkenzieher-dekanter-eiskubel\/korkenzieher\/le-creuset-korkenzieher-classic-tm-100-schwarz\/","title":{"rendered":"LE CREUSET Korkenzieher Classic TM-100 Schwarz"},"content":{"rendered":"<p>Un\u00fcbertroffene Leistung. Dieses begehrte technologische Meisterwerk wurde strengen Tests unterzogen und hebt das \u00d6ffnen von Weinflaschen auf ein neues Niveau.<br \/>\nAls moderne Weiterentwicklung des originalen Hebelkorkenziehers von Herbert Allen verf\u00fcgt dieses Accessoire \u00fcber eine patentierte Schraubentechnologie, mit der Sie jeden Korken m\u00fchelos entfernen k\u00f6nnen. Komfortabel und einfach in der Anwendung: F\u00fchren Sie den Korkenzieher einfach in den Korken ein und drehen Sie ihn in dieselbe Richtung, um ihn herauszuziehen. Zum L\u00f6sen drehen Sie den Korkenzieher anschlie\u00dfend einfach gegen den Uhrzeigersinn.<\/p>\n<ul>\n<li><strong>Details:<\/strong> Innovation in Aktion: Die integrierte Rotationstechnologie sorgt f\u00fcr hervorragende Leistung bei minimalem Kraftaufwand.<\/li>\n<li><strong>Erstklassige Qualit\u00e4t:<\/strong> Unsere Produkte werden aus den besten Materialien in Fabriken weltweit gefertigt, um die von Le Creuset gewohnte Qualit\u00e4t zu gew\u00e4hrleisten.<\/li>\n<li><strong>Material:<\/strong> Polycarbonat<\/li>\n<li><strong>Hergestellt in:<\/strong> China<\/li>\n<li><strong>Garantie:<\/strong> 5 Jahre<\/li>\n<\/ul>\n<p><strong>Reinigung<\/strong><\/p>\n<ul>\n<li>Vorsicht beim Reinigen des Korkenziehers: Die Spitze ist scharf!<\/li>\n<li>Reinigen Sie den Korkenzieher gelegentlich mit einem feuchten Tuch oder warmem Seifenwasser.<\/li>\n<li>Trocknen Sie das Produkt nach dem Reinigen gr\u00fcndlich ab und bewahren Sie es an einem trockenen Ort auf.<\/li>\n<\/ul>\n","protected":false},"excerpt":{"rendered":"<p>Un\u00fcbertroffene Leistung. Dieses begehrte technologische Meisterwerk wurde strengen Tests unterzogen und hebt das \u00d6ffnen von Weinflaschen auf ein neues Niveau.<\/p>\n","protected":false},"featured_media":520923,"template":"","meta":{"_acf_changed":false,"inline_featured_image":false},"product_cat":[6787,6850,14462],"product_tag":[25088,11499,11501,21201,13068,13069,13070,25022,16885,11969,21330,23683],"acf":[],"yoast_head":"<!-- This site is optimized with the Yoast SEO Premium plugin v18.6 (Yoast SEO v19.13) - https:\/\/yoast.com\/wordpress\/plugins\/seo\/ -->\n<title>LE CREUSET Korkenzieher Classic TM-100 Schwarz - Erresse Shop<\/title>\n<meta name=\"description\" content=\"Un\u00fcbertroffene Leistung. Dieses begehrte technologische Meisterwerk wurde strengen Tests unterzogen und hebt das \u00d6ffnen von Weinflaschen auf ein neues\" \/>\n<meta name=\"robots\" content=\"index, follow, max-snippet:-1, max-image-preview:large, max-video-preview:-1\" \/>\n<link rel=\"canonical\" href=\"https:\/\/www.erresse-shop.it\/de\/shop\/tisch\/weinbar-korkenzieher-dekanter-eiskubel\/korkenzieher\/le-creuset-korkenzieher-classic-tm-100-schwarz\/\" \/>\n<meta property=\"og:locale\" content=\"de_DE\" \/>\n<meta property=\"og:type\" content=\"article\" \/>\n<meta property=\"og:title\" content=\"LE CREUSET Korkenzieher Classic TM-100 Schwarz\" \/>\n<meta property=\"og:description\" content=\"Un\u00fcbertroffene Leistung. Dieses begehrte technologische Meisterwerk wurde strengen Tests unterzogen und hebt das \u00d6ffnen von Weinflaschen auf ein neues\" \/>\n<meta property=\"og:url\" content=\"https:\/\/www.erresse-shop.it\/de\/shop\/tisch\/weinbar-korkenzieher-dekanter-eiskubel\/korkenzieher\/le-creuset-korkenzieher-classic-tm-100-schwarz\/\" \/>\n<meta property=\"og:site_name\" content=\"Erresse Shop\" \/>\n<meta property=\"article:modified_time\" content=\"2026-02-02T07:58:27+00:00\" \/>\n<meta property=\"og:image\" content=\"https:\/\/www.erresse-shop.it\/wp-content\/uploads\/2026\/01\/LE-CREUSET-Cavatappi-da-Tavola-Classic-TM-100-Nero.jpg\" \/>\n\t<meta property=\"og:image:width\" content=\"1200\" \/>\n\t<meta property=\"og:image:height\" content=\"1200\" \/>\n\t<meta property=\"og:image:type\" content=\"image\/jpeg\" \/>\n<meta name=\"twitter:card\" content=\"summary_large_image\" \/>\n<script type=\"application\/ld+json\" class=\"yoast-schema-graph\">{\"@context\":\"https:\/\/schema.org\",\"@graph\":[{\"@type\":\"WebPage\",\"@id\":\"https:\/\/www.erresse-shop.it\/de\/shop\/tisch\/weinbar-korkenzieher-dekanter-eiskubel\/korkenzieher\/le-creuset-korkenzieher-classic-tm-100-schwarz\/\",\"url\":\"https:\/\/www.erresse-shop.it\/de\/shop\/tisch\/weinbar-korkenzieher-dekanter-eiskubel\/korkenzieher\/le-creuset-korkenzieher-classic-tm-100-schwarz\/\",\"name\":\"LE CREUSET Korkenzieher Classic TM-100 Schwarz - Erresse Shop\",\"isPartOf\":{\"@id\":\"https:\/\/www.erresse-shop.it\/de\/#website\"},\"datePublished\":\"2026-01-08T09:04:30+00:00\",\"dateModified\":\"2026-02-02T07:58:27+00:00\",\"description\":\"Un\u00fcbertroffene Leistung. Dieses begehrte technologische Meisterwerk wurde strengen Tests unterzogen und hebt das \u00d6ffnen von Weinflaschen auf ein neues\",\"breadcrumb\":{\"@id\":\"https:\/\/www.erresse-shop.it\/de\/shop\/tisch\/weinbar-korkenzieher-dekanter-eiskubel\/korkenzieher\/le-creuset-korkenzieher-classic-tm-100-schwarz\/#breadcrumb\"},\"inLanguage\":\"de-DE\",\"potentialAction\":[{\"@type\":\"ReadAction\",\"target\":[\"https:\/\/www.erresse-shop.it\/de\/shop\/tisch\/weinbar-korkenzieher-dekanter-eiskubel\/korkenzieher\/le-creuset-korkenzieher-classic-tm-100-schwarz\/\"]}]},{\"@type\":\"BreadcrumbList\",\"@id\":\"https:\/\/www.erresse-shop.it\/de\/shop\/tisch\/weinbar-korkenzieher-dekanter-eiskubel\/korkenzieher\/le-creuset-korkenzieher-classic-tm-100-schwarz\/#breadcrumb\",\"itemListElement\":[{\"@type\":\"ListItem\",\"position\":1,\"name\":\"Home\",\"item\":\"https:\/\/www.erresse-shop.it\/de\/\"},{\"@type\":\"ListItem\",\"position\":2,\"name\":\"Shop\",\"item\":\"https:\/\/www.erresse-shop.it\/de\/shop\/\"},{\"@type\":\"ListItem\",\"position\":3,\"name\":\"LE CREUSET Korkenzieher Classic TM-100 Schwarz\"}]},{\"@type\":\"WebSite\",\"@id\":\"https:\/\/www.erresse-shop.it\/de\/#website\",\"url\":\"https:\/\/www.erresse-shop.it\/de\/\",\"name\":\"Erresse Shop\",\"description\":\"Articoli di qualit\u00e0 per la casa\",\"potentialAction\":[{\"@type\":\"SearchAction\",\"target\":{\"@type\":\"EntryPoint\",\"urlTemplate\":\"https:\/\/www.erresse-shop.it\/de\/?s={search_term_string}\"},\"query-input\":\"required name=search_term_string\"}],\"inLanguage\":\"de-DE\"}]}<\/script>\n<!-- \/ Yoast SEO Premium plugin. -->","yoast_head_json":{"title":"LE CREUSET Korkenzieher Classic TM-100 Schwarz - Erresse Shop","description":"Un\u00fcbertroffene Leistung. Dieses begehrte technologische Meisterwerk wurde strengen Tests unterzogen und hebt das \u00d6ffnen von Weinflaschen auf ein neues","robots":{"index":"index","follow":"follow","max-snippet":"max-snippet:-1","max-image-preview":"max-image-preview:large","max-video-preview":"max-video-preview:-1"},"canonical":"https:\/\/www.erresse-shop.it\/de\/shop\/tisch\/weinbar-korkenzieher-dekanter-eiskubel\/korkenzieher\/le-creuset-korkenzieher-classic-tm-100-schwarz\/","og_locale":"de_DE","og_type":"article","og_title":"LE CREUSET Korkenzieher Classic TM-100 Schwarz","og_description":"Un\u00fcbertroffene Leistung. Dieses begehrte technologische Meisterwerk wurde strengen Tests unterzogen und hebt das \u00d6ffnen von Weinflaschen auf ein neues","og_url":"https:\/\/www.erresse-shop.it\/de\/shop\/tisch\/weinbar-korkenzieher-dekanter-eiskubel\/korkenzieher\/le-creuset-korkenzieher-classic-tm-100-schwarz\/","og_site_name":"Erresse Shop","article_modified_time":"2026-02-02T07:58:27+00:00","og_image":[{"width":1200,"height":1200,"url":"https:\/\/www.erresse-shop.it\/wp-content\/uploads\/2026\/01\/LE-CREUSET-Cavatappi-da-Tavola-Classic-TM-100-Nero.jpg","type":"image\/jpeg"}],"twitter_card":"summary_large_image","schema":{"@context":"https:\/\/schema.org","@graph":[{"@type":"WebPage","@id":"https:\/\/www.erresse-shop.it\/de\/shop\/tisch\/weinbar-korkenzieher-dekanter-eiskubel\/korkenzieher\/le-creuset-korkenzieher-classic-tm-100-schwarz\/","url":"https:\/\/www.erresse-shop.it\/de\/shop\/tisch\/weinbar-korkenzieher-dekanter-eiskubel\/korkenzieher\/le-creuset-korkenzieher-classic-tm-100-schwarz\/","name":"LE CREUSET Korkenzieher Classic TM-100 Schwarz - Erresse Shop","isPartOf":{"@id":"https:\/\/www.erresse-shop.it\/de\/#website"},"datePublished":"2026-01-08T09:04:30+00:00","dateModified":"2026-02-02T07:58:27+00:00","description":"Un\u00fcbertroffene Leistung. Dieses begehrte technologische Meisterwerk wurde strengen Tests unterzogen und hebt das \u00d6ffnen von Weinflaschen auf ein neues","breadcrumb":{"@id":"https:\/\/www.erresse-shop.it\/de\/shop\/tisch\/weinbar-korkenzieher-dekanter-eiskubel\/korkenzieher\/le-creuset-korkenzieher-classic-tm-100-schwarz\/#breadcrumb"},"inLanguage":"de-DE","potentialAction":[{"@type":"ReadAction","target":["https:\/\/www.erresse-shop.it\/de\/shop\/tisch\/weinbar-korkenzieher-dekanter-eiskubel\/korkenzieher\/le-creuset-korkenzieher-classic-tm-100-schwarz\/"]}]},{"@type":"BreadcrumbList","@id":"https:\/\/www.erresse-shop.it\/de\/shop\/tisch\/weinbar-korkenzieher-dekanter-eiskubel\/korkenzieher\/le-creuset-korkenzieher-classic-tm-100-schwarz\/#breadcrumb","itemListElement":[{"@type":"ListItem","position":1,"name":"Home","item":"https:\/\/www.erresse-shop.it\/de\/"},{"@type":"ListItem","position":2,"name":"Shop","item":"https:\/\/www.erresse-shop.it\/de\/shop\/"},{"@type":"ListItem","position":3,"name":"LE CREUSET Korkenzieher Classic TM-100 Schwarz"}]},{"@type":"WebSite","@id":"https:\/\/www.erresse-shop.it\/de\/#website","url":"https:\/\/www.erresse-shop.it\/de\/","name":"Erresse Shop","description":"Articoli di qualit\u00e0 per la casa","potentialAction":[{"@type":"SearchAction","target":{"@type":"EntryPoint","urlTemplate":"https:\/\/www.erresse-shop.it\/de\/?s={search_term_string}"},"query-input":"required name=search_term_string"}],"inLanguage":"de-DE"}]}},"df_price":14.4,"df_sale_price":14.4,"df_regular_price":32,"df_image_link":"https:\/\/www.erresse-shop.it\/wp-content\/uploads\/2026\/01\/LE-CREUSET-Cavatappi-da-Tavola-Classic-TM-100-Nero-300x300.jpg","_links":{"self":[{"href":"https:\/\/www.erresse-shop.it\/de\/wp-json\/wp\/v2\/product\/520914"}],"collection":[{"href":"https:\/\/www.erresse-shop.it\/de\/wp-json\/wp\/v2\/product"}],"about":[{"href":"https:\/\/www.erresse-shop.it\/de\/wp-json\/wp\/v2\/types\/product"}],"wp:featuredmedia":[{"embeddable":true,"href":"https:\/\/www.erresse-shop.it\/de\/wp-json\/wp\/v2\/media\/520923"}],"wp:attachment":[{"href":"https:\/\/www.erresse-shop.it\/de\/wp-json\/wp\/v2\/media?parent=520914"}],"wp:term":[{"taxonomy":"product_cat","embeddable":true,"href":"https:\/\/www.erresse-shop.it\/de\/wp-json\/wp\/v2\/product_cat?post=520914"},{"taxonomy":"product_tag","embeddable":true,"href":"https:\/\/www.erresse-shop.it\/de\/wp-json\/wp\/v2\/product_tag?post=520914"}],"curies":[{"name":"wp","href":"https:\/\/api.w.org\/{rel}","templated":true}]}}