{"id":519718,"date":"2025-12-15T08:24:45","date_gmt":"2025-12-15T08:24:48","guid":{"rendered":"https:\/\/www.erresse-shop.it\/?post_type=product&#038;p=519718"},"modified":"2026-02-08T12:38:29","modified_gmt":"2026-02-08T12:38:29","slug":"zwilling-profile-set-mit-3-kuechenmessern","status":"publish","type":"product","link":"https:\/\/www.erresse-shop.it\/de\/shop\/kuche\/messer\/zwilling-profile-set-mit-3-kuechenmessern\/","title":{"rendered":"ZWILLING Profile Set mit 3 K\u00fcchenmessern"},"content":{"rendered":"<p>Das perfekte Messerset f\u00fcr K\u00f6che, die Wert auf ein ansprechendes Design legen \u2013 minimalistisches Design trifft auf h\u00f6chste Leistung. Die komplett aus Metall gefertigten Messer bestechen durch ihre ausdrucksstarken Linien, die moderne \u00c4sthetik und die kaltgeh\u00e4rteten FRIODUR-Klingen, die f\u00fcr langanhaltende Sch\u00e4rfe, Korrosionsbest\u00e4ndigkeit und \u00fcberragende Qualit\u00e4t sorgen.<\/p>\n<p><strong>Das Set beinhaltet:<\/strong><\/p>\n<ul>\n<li>Kochmesser, ein wahrhaft universelles K\u00fcchenmesser, ideal zum Hacken von Kr\u00e4utern, Schneiden von Gem\u00fcse und Fleisch, geeignet f\u00fcr Anf\u00e4nger und Profis.<\/li>\n<li>Brotmesser, perfekt zum pr\u00e4zisen Schneiden von Brot und Br\u00f6tchen, aber auch zum Schneiden von Melonen und hartschaligen Lebensmitteln.<\/li>\n<li>Gem\u00fcsemesser, entwickelt f\u00fcr maximale Vielseitigkeit und Pr\u00e4zision bei der t\u00e4glichen Zubereitung, ideal zum Sch\u00e4len, Putzen und Schneiden von Obst und Gem\u00fcse.<\/li>\n<\/ul>\n<p>Dieses hochwertige Messerset wurde f\u00fcr alle entwickelt, die h\u00f6chste Anspr\u00fcche an ihre K\u00fcchenutensilien stellen. Es macht jede Schneidearbeit zum Vergn\u00fcgen und bietet hervorragende Leistung, ergonomisches Design und zeitlos modernes Aussehen.<\/p>\n<div class=\"dimensions-content\">\n<div class=\"product-main-attributes\">\n<div id=\"js-pdp-accordion\" class=\"pdp-accordion mt-4 ui-accordion ui-widget ui-helper-reset\" role=\"tablist\">\n<div id=\"ui-id-4\" class=\"ui-accordion-content ui-corner-bottom ui-helper-reset ui-widget-content ui-accordion-content-active\" role=\"tabpanel\" aria-labelledby=\"ui-id-3\" aria-hidden=\"false\">\n<div class=\"dimensions-content\">\n<p><strong>Eigenschaften:<\/strong><\/p>\n<ul>\n<li>Material: Deutscher Edelstahl<\/li>\n<li>Herstellungsverfahren: Geschwei\u00dft<\/li>\n<li>Klingenh\u00e4rte: 50\u201354 HRC<\/li>\n<\/ul>\n<\/div>\n<div class=\"dimensions-content\">\n<p><strong>Abmessungen:<\/strong><\/p>\n<div class=\"product-main-attributes\">\n<ul>\n<li><strong>Kochmesser<\/strong>\n<ul>\n<li class=\"attribute\"><span class=\"label\"><strong>Gewicht<\/strong>: <\/span><span class=\"value\">0,18 kg<\/span><\/li>\n<li class=\"attribute\"><span class=\"label\"><strong>Klingenl\u00e4nge<\/strong>: 20<\/span><span class=\"value\">\u00a0cm<\/span><\/li>\n<\/ul>\n<\/li>\n<li><strong>Brotmesser:<\/strong>\n<ul>\n<li class=\"attribute\"><span class=\"label\"><strong>Gewicht<\/strong>: <\/span><span class=\"value\">0,16 kg<\/span><\/li>\n<li class=\"attribute\"><span class=\"label\"><span class=\"label\"><strong>Klinge L\u00e4nge:<\/strong> 20 cm<\/span><\/span><\/li>\n<\/ul>\n<\/li>\n<li><strong>Gem\u00fcsemesser:<\/strong>\n<ul>\n<li><strong>Gewicht<\/strong>: 0,08 kg<\/li>\n<li><strong>Klingenl\u00e4nge<\/strong>: 8 cm<\/li>\n<\/ul>\n<\/li>\n<\/ul>\n<\/div>\n<\/div>\n<\/div>\n<\/div>\n<\/div>\n<\/div>\n","protected":false},"excerpt":{"rendered":"<p>Als Pionier auf dem Gebiet der Premium-Bestecke stellt ZWILLING J.A. Henckels seit 1731 Messer von herausragender Qualit\u00e4t her.<\/p>\n","protected":false},"featured_media":519727,"template":"","meta":{"_acf_changed":false,"inline_featured_image":false},"product_cat":[6742,6706,14454],"product_tag":[11395,20062,11397,11529,11405,11427,21264,15405,11473],"acf":[],"yoast_head":"<!-- This site is optimized with the Yoast SEO Premium plugin v18.6 (Yoast SEO v19.13) - https:\/\/yoast.com\/wordpress\/plugins\/seo\/ -->\n<title>ZWILLING Profile Set mit 3 K\u00fcchenmessern - Erresse Shop<\/title>\n<meta name=\"description\" content=\"Als Pionier auf dem Gebiet der Premium-Bestecke stellt ZWILLING J.A. Henckels seit 1731 Messer von herausragender Qualit\u00e4t her.\" \/>\n<meta name=\"robots\" content=\"index, follow, max-snippet:-1, max-image-preview:large, max-video-preview:-1\" \/>\n<link rel=\"canonical\" href=\"https:\/\/www.erresse-shop.it\/de\/shop\/kuche\/messer\/zwilling-profile-set-mit-3-kuechenmessern\/\" \/>\n<meta property=\"og:locale\" content=\"de_DE\" \/>\n<meta property=\"og:type\" content=\"article\" \/>\n<meta property=\"og:title\" content=\"ZWILLING Profile Set mit 3 K\u00fcchenmessern\" \/>\n<meta property=\"og:description\" content=\"Als Pionier auf dem Gebiet der Premium-Bestecke stellt ZWILLING J.A. Henckels seit 1731 Messer von herausragender Qualit\u00e4t her.\" \/>\n<meta property=\"og:url\" content=\"https:\/\/www.erresse-shop.it\/de\/shop\/kuche\/messer\/zwilling-profile-set-mit-3-kuechenmessern\/\" \/>\n<meta property=\"og:site_name\" content=\"Erresse Shop\" \/>\n<meta property=\"article:modified_time\" content=\"2026-02-08T12:38:29+00:00\" \/>\n<meta property=\"og:image\" content=\"https:\/\/www.erresse-shop.it\/wp-content\/uploads\/2025\/12\/ZWILLING-Profile-Set-3-Coltelli-da-Cucina.jpg\" \/>\n\t<meta property=\"og:image:width\" content=\"1200\" \/>\n\t<meta property=\"og:image:height\" content=\"1200\" \/>\n\t<meta property=\"og:image:type\" content=\"image\/jpeg\" \/>\n<meta name=\"twitter:card\" content=\"summary_large_image\" \/>\n<script type=\"application\/ld+json\" class=\"yoast-schema-graph\">{\"@context\":\"https:\/\/schema.org\",\"@graph\":[{\"@type\":\"WebPage\",\"@id\":\"https:\/\/www.erresse-shop.it\/de\/shop\/kuche\/messer\/zwilling-profile-set-mit-3-kuechenmessern\/\",\"url\":\"https:\/\/www.erresse-shop.it\/de\/shop\/kuche\/messer\/zwilling-profile-set-mit-3-kuechenmessern\/\",\"name\":\"ZWILLING Profile Set mit 3 K\u00fcchenmessern - Erresse Shop\",\"isPartOf\":{\"@id\":\"https:\/\/www.erresse-shop.it\/de\/#website\"},\"datePublished\":\"2025-12-15T08:24:48+00:00\",\"dateModified\":\"2026-02-08T12:38:29+00:00\",\"description\":\"Als Pionier auf dem Gebiet der Premium-Bestecke stellt ZWILLING J.A. Henckels seit 1731 Messer von herausragender Qualit\u00e4t her.\",\"breadcrumb\":{\"@id\":\"https:\/\/www.erresse-shop.it\/de\/shop\/kuche\/messer\/zwilling-profile-set-mit-3-kuechenmessern\/#breadcrumb\"},\"inLanguage\":\"de-DE\",\"potentialAction\":[{\"@type\":\"ReadAction\",\"target\":[\"https:\/\/www.erresse-shop.it\/de\/shop\/kuche\/messer\/zwilling-profile-set-mit-3-kuechenmessern\/\"]}]},{\"@type\":\"BreadcrumbList\",\"@id\":\"https:\/\/www.erresse-shop.it\/de\/shop\/kuche\/messer\/zwilling-profile-set-mit-3-kuechenmessern\/#breadcrumb\",\"itemListElement\":[{\"@type\":\"ListItem\",\"position\":1,\"name\":\"Home\",\"item\":\"https:\/\/www.erresse-shop.it\/de\/\"},{\"@type\":\"ListItem\",\"position\":2,\"name\":\"Shop\",\"item\":\"https:\/\/www.erresse-shop.it\/de\/shop\/\"},{\"@type\":\"ListItem\",\"position\":3,\"name\":\"ZWILLING Profile Set mit 3 K\u00fcchenmessern\"}]},{\"@type\":\"WebSite\",\"@id\":\"https:\/\/www.erresse-shop.it\/de\/#website\",\"url\":\"https:\/\/www.erresse-shop.it\/de\/\",\"name\":\"Erresse Shop\",\"description\":\"Articoli di qualit\u00e0 per la casa\",\"potentialAction\":[{\"@type\":\"SearchAction\",\"target\":{\"@type\":\"EntryPoint\",\"urlTemplate\":\"https:\/\/www.erresse-shop.it\/de\/?s={search_term_string}\"},\"query-input\":\"required name=search_term_string\"}],\"inLanguage\":\"de-DE\"}]}<\/script>\n<!-- \/ Yoast SEO Premium plugin. -->","yoast_head_json":{"title":"ZWILLING Profile Set mit 3 K\u00fcchenmessern - Erresse Shop","description":"Als Pionier auf dem Gebiet der Premium-Bestecke stellt ZWILLING J.A. Henckels seit 1731 Messer von herausragender Qualit\u00e4t her.","robots":{"index":"index","follow":"follow","max-snippet":"max-snippet:-1","max-image-preview":"max-image-preview:large","max-video-preview":"max-video-preview:-1"},"canonical":"https:\/\/www.erresse-shop.it\/de\/shop\/kuche\/messer\/zwilling-profile-set-mit-3-kuechenmessern\/","og_locale":"de_DE","og_type":"article","og_title":"ZWILLING Profile Set mit 3 K\u00fcchenmessern","og_description":"Als Pionier auf dem Gebiet der Premium-Bestecke stellt ZWILLING J.A. Henckels seit 1731 Messer von herausragender Qualit\u00e4t her.","og_url":"https:\/\/www.erresse-shop.it\/de\/shop\/kuche\/messer\/zwilling-profile-set-mit-3-kuechenmessern\/","og_site_name":"Erresse Shop","article_modified_time":"2026-02-08T12:38:29+00:00","og_image":[{"width":1200,"height":1200,"url":"https:\/\/www.erresse-shop.it\/wp-content\/uploads\/2025\/12\/ZWILLING-Profile-Set-3-Coltelli-da-Cucina.jpg","type":"image\/jpeg"}],"twitter_card":"summary_large_image","schema":{"@context":"https:\/\/schema.org","@graph":[{"@type":"WebPage","@id":"https:\/\/www.erresse-shop.it\/de\/shop\/kuche\/messer\/zwilling-profile-set-mit-3-kuechenmessern\/","url":"https:\/\/www.erresse-shop.it\/de\/shop\/kuche\/messer\/zwilling-profile-set-mit-3-kuechenmessern\/","name":"ZWILLING Profile Set mit 3 K\u00fcchenmessern - Erresse Shop","isPartOf":{"@id":"https:\/\/www.erresse-shop.it\/de\/#website"},"datePublished":"2025-12-15T08:24:48+00:00","dateModified":"2026-02-08T12:38:29+00:00","description":"Als Pionier auf dem Gebiet der Premium-Bestecke stellt ZWILLING J.A. Henckels seit 1731 Messer von herausragender Qualit\u00e4t her.","breadcrumb":{"@id":"https:\/\/www.erresse-shop.it\/de\/shop\/kuche\/messer\/zwilling-profile-set-mit-3-kuechenmessern\/#breadcrumb"},"inLanguage":"de-DE","potentialAction":[{"@type":"ReadAction","target":["https:\/\/www.erresse-shop.it\/de\/shop\/kuche\/messer\/zwilling-profile-set-mit-3-kuechenmessern\/"]}]},{"@type":"BreadcrumbList","@id":"https:\/\/www.erresse-shop.it\/de\/shop\/kuche\/messer\/zwilling-profile-set-mit-3-kuechenmessern\/#breadcrumb","itemListElement":[{"@type":"ListItem","position":1,"name":"Home","item":"https:\/\/www.erresse-shop.it\/de\/"},{"@type":"ListItem","position":2,"name":"Shop","item":"https:\/\/www.erresse-shop.it\/de\/shop\/"},{"@type":"ListItem","position":3,"name":"ZWILLING Profile Set mit 3 K\u00fcchenmessern"}]},{"@type":"WebSite","@id":"https:\/\/www.erresse-shop.it\/de\/#website","url":"https:\/\/www.erresse-shop.it\/de\/","name":"Erresse Shop","description":"Articoli di qualit\u00e0 per la casa","potentialAction":[{"@type":"SearchAction","target":{"@type":"EntryPoint","urlTemplate":"https:\/\/www.erresse-shop.it\/de\/?s={search_term_string}"},"query-input":"required name=search_term_string"}],"inLanguage":"de-DE"}]}},"df_price":109,"df_sale_price":109,"df_regular_price":204.4,"df_image_link":"https:\/\/www.erresse-shop.it\/wp-content\/uploads\/2025\/12\/ZWILLING-Profile-Set-3-Coltelli-da-Cucina-300x300.jpg","_links":{"self":[{"href":"https:\/\/www.erresse-shop.it\/de\/wp-json\/wp\/v2\/product\/519718"}],"collection":[{"href":"https:\/\/www.erresse-shop.it\/de\/wp-json\/wp\/v2\/product"}],"about":[{"href":"https:\/\/www.erresse-shop.it\/de\/wp-json\/wp\/v2\/types\/product"}],"wp:featuredmedia":[{"embeddable":true,"href":"https:\/\/www.erresse-shop.it\/de\/wp-json\/wp\/v2\/media\/519727"}],"wp:attachment":[{"href":"https:\/\/www.erresse-shop.it\/de\/wp-json\/wp\/v2\/media?parent=519718"}],"wp:term":[{"taxonomy":"product_cat","embeddable":true,"href":"https:\/\/www.erresse-shop.it\/de\/wp-json\/wp\/v2\/product_cat?post=519718"},{"taxonomy":"product_tag","embeddable":true,"href":"https:\/\/www.erresse-shop.it\/de\/wp-json\/wp\/v2\/product_tag?post=519718"}],"curies":[{"name":"wp","href":"https:\/\/api.w.org\/{rel}","templated":true}]}}