{"id":518993,"date":"2025-12-04T13:04:32","date_gmt":"2025-12-04T13:04:34","guid":{"rendered":"https:\/\/www.erresse-shop.it\/?post_type=product&#038;p=518993"},"modified":"2025-12-04T13:11:24","modified_gmt":"2025-12-04T13:11:24","slug":"bordallo-pinheiro-teekanne-zitrone","status":"publish","type":"product","link":"https:\/\/www.erresse-shop.it\/de\/shop\/tisch\/tassen\/teekannen-zuckerdosen-milchkannen\/bordallo-pinheiro-teekanne-zitrone\/","title":{"rendered":"BORDALLO PINHEIRO Teekanne Zitrone"},"content":{"rendered":"<p>Die Limone-Kollektion von Bordallo Pinheiro bringt Farbe und Frische in K\u00fcche und Tisch \u2013 inspiriert von der nat\u00fcrlichen Form und Textur der Zitrone. Jedes St\u00fcck der Kollektion ist aus hochwertiger Keramik gefertigt, mit viel Liebe zum Detail handbemalt und ein lebendiger Ausdruck portugiesischer Kreativit\u00e4t.<\/p>\n<p>Die Schalen, Teller und Servieraccessoires der Limone-Kollektion bilden die saftigen Segmente der Zitrone detailgetreu nach \u2013 mit leuchtenden Gelbt\u00f6nen und Texturen, die die nat\u00fcrliche Frucht perfekt imitieren. Das Relief im Inneren ist dekorativ und funktional zugleich und macht jedes St\u00fcck zu einer kleinen Keramikskulptur.<\/p>\n<p>Die St\u00fccke sind nicht nur fr\u00f6hlich und ausdrucksstark, sondern auch praktisch: Sie sind robust, alltagstauglich und sp\u00fclmaschinenfest. Ideal zum Servieren von Desserts, Salaten oder frischen Snacks \u2013 die Limone-Kollektion schafft zu jeder Jahreszeit sommerliches Flair.<\/p>\n<p>Die Limone-Kollektion ist perfekt f\u00fcr alle, die ihrem Tisch einen Hauch von Originalit\u00e4t und Lebendigkeit verleihen m\u00f6chten. Sie eignet sich auch hervorragend als fr\u00f6hliches, stilvolles und unvergessliches Geschenk.<\/p>\n<p><strong>Abmessungen<\/strong>: 24 x 14,5 cm, H. 20 cm<br \/>\n<strong>Gewicht<\/strong>: 892\u00a0g<br \/>\n<strong>Material<\/strong>: Keramik<\/p>\n","protected":false},"excerpt":{"rendered":"<p>Die Limone-Kollektion von Bordallo Pinheiro bringt Farbe und Frische in K\u00fcche und Tisch \u2013 inspiriert von der nat\u00fcrlichen Form und<\/p>\n","protected":false},"featured_media":519002,"template":"","meta":{"_acf_changed":false,"inline_featured_image":false},"product_cat":[6844,6787],"product_tag":[25038,23911,13557,21822],"acf":[],"yoast_head":"<!-- This site is optimized with the Yoast SEO Premium plugin v18.6 (Yoast SEO v19.13) - https:\/\/yoast.com\/wordpress\/plugins\/seo\/ -->\n<title>BORDALLO PINHEIRO GUDRUN Kannenbuntspecht<\/title>\n<meta name=\"description\" content=\"Entdecken Sie BORDALLO PINHEIRO GUDRUN Kannenbuntspecht bei ErresseShop. Qualit\u00e4t, Stil und Funktionalit\u00e4t \u2013 jetzt online bestellen!\" \/>\n<meta name=\"robots\" content=\"index, follow, max-snippet:-1, max-image-preview:large, max-video-preview:-1\" \/>\n<link rel=\"canonical\" href=\"https:\/\/www.erresse-shop.it\/de\/shop\/tisch\/tassen\/teekannen-zuckerdosen-milchkannen\/bordallo-pinheiro-teekanne-zitrone\/\" \/>\n<meta property=\"og:locale\" content=\"de_DE\" \/>\n<meta property=\"og:type\" content=\"article\" \/>\n<meta property=\"og:title\" content=\"BORDALLO PINHEIRO Teekanne Zitrone\" \/>\n<meta property=\"og:description\" content=\"Entdecken Sie BORDALLO PINHEIRO GUDRUN Kannenbuntspecht bei ErresseShop. Qualit\u00e4t, Stil und Funktionalit\u00e4t \u2013 jetzt online bestellen!\" \/>\n<meta property=\"og:url\" content=\"https:\/\/www.erresse-shop.it\/de\/shop\/tisch\/tassen\/teekannen-zuckerdosen-milchkannen\/bordallo-pinheiro-teekanne-zitrone\/\" \/>\n<meta property=\"og:site_name\" content=\"Erresse Shop\" \/>\n<meta property=\"article:modified_time\" content=\"2025-12-04T13:11:24+00:00\" \/>\n<meta property=\"og:image\" content=\"https:\/\/www.erresse-shop.it\/wp-content\/uploads\/2025\/12\/BORDALLO-PINHEIRO-Teierea-Limone.jpg\" \/>\n\t<meta property=\"og:image:width\" content=\"1200\" \/>\n\t<meta property=\"og:image:height\" content=\"1200\" \/>\n\t<meta property=\"og:image:type\" content=\"image\/jpeg\" \/>\n<meta name=\"twitter:card\" content=\"summary_large_image\" \/>\n<script type=\"application\/ld+json\" class=\"yoast-schema-graph\">{\"@context\":\"https:\/\/schema.org\",\"@graph\":[{\"@type\":\"WebPage\",\"@id\":\"https:\/\/www.erresse-shop.it\/de\/shop\/tisch\/tassen\/teekannen-zuckerdosen-milchkannen\/bordallo-pinheiro-teekanne-zitrone\/\",\"url\":\"https:\/\/www.erresse-shop.it\/de\/shop\/tisch\/tassen\/teekannen-zuckerdosen-milchkannen\/bordallo-pinheiro-teekanne-zitrone\/\",\"name\":\"BORDALLO PINHEIRO GUDRUN Kannenbuntspecht\",\"isPartOf\":{\"@id\":\"https:\/\/www.erresse-shop.it\/de\/#website\"},\"datePublished\":\"2025-12-04T13:04:34+00:00\",\"dateModified\":\"2025-12-04T13:11:24+00:00\",\"description\":\"Entdecken Sie BORDALLO PINHEIRO GUDRUN Kannenbuntspecht bei ErresseShop. Qualit\u00e4t, Stil und Funktionalit\u00e4t \u2013 jetzt online bestellen!\",\"breadcrumb\":{\"@id\":\"https:\/\/www.erresse-shop.it\/de\/shop\/tisch\/tassen\/teekannen-zuckerdosen-milchkannen\/bordallo-pinheiro-teekanne-zitrone\/#breadcrumb\"},\"inLanguage\":\"de-DE\",\"potentialAction\":[{\"@type\":\"ReadAction\",\"target\":[\"https:\/\/www.erresse-shop.it\/de\/shop\/tisch\/tassen\/teekannen-zuckerdosen-milchkannen\/bordallo-pinheiro-teekanne-zitrone\/\"]}]},{\"@type\":\"BreadcrumbList\",\"@id\":\"https:\/\/www.erresse-shop.it\/de\/shop\/tisch\/tassen\/teekannen-zuckerdosen-milchkannen\/bordallo-pinheiro-teekanne-zitrone\/#breadcrumb\",\"itemListElement\":[{\"@type\":\"ListItem\",\"position\":1,\"name\":\"Home\",\"item\":\"https:\/\/www.erresse-shop.it\/de\/\"},{\"@type\":\"ListItem\",\"position\":2,\"name\":\"Shop\",\"item\":\"https:\/\/www.erresse-shop.it\/de\/shop\/\"},{\"@type\":\"ListItem\",\"position\":3,\"name\":\"BORDALLO PINHEIRO Teekanne Zitrone\"}]},{\"@type\":\"WebSite\",\"@id\":\"https:\/\/www.erresse-shop.it\/de\/#website\",\"url\":\"https:\/\/www.erresse-shop.it\/de\/\",\"name\":\"Erresse Shop\",\"description\":\"Articoli di qualit\u00e0 per la casa\",\"potentialAction\":[{\"@type\":\"SearchAction\",\"target\":{\"@type\":\"EntryPoint\",\"urlTemplate\":\"https:\/\/www.erresse-shop.it\/de\/?s={search_term_string}\"},\"query-input\":\"required name=search_term_string\"}],\"inLanguage\":\"de-DE\"}]}<\/script>\n<!-- \/ Yoast SEO Premium plugin. -->","yoast_head_json":{"title":"BORDALLO PINHEIRO GUDRUN Kannenbuntspecht","description":"Entdecken Sie BORDALLO PINHEIRO GUDRUN Kannenbuntspecht bei ErresseShop. Qualit\u00e4t, Stil und Funktionalit\u00e4t \u2013 jetzt online bestellen!","robots":{"index":"index","follow":"follow","max-snippet":"max-snippet:-1","max-image-preview":"max-image-preview:large","max-video-preview":"max-video-preview:-1"},"canonical":"https:\/\/www.erresse-shop.it\/de\/shop\/tisch\/tassen\/teekannen-zuckerdosen-milchkannen\/bordallo-pinheiro-teekanne-zitrone\/","og_locale":"de_DE","og_type":"article","og_title":"BORDALLO PINHEIRO Teekanne Zitrone","og_description":"Entdecken Sie BORDALLO PINHEIRO GUDRUN Kannenbuntspecht bei ErresseShop. Qualit\u00e4t, Stil und Funktionalit\u00e4t \u2013 jetzt online bestellen!","og_url":"https:\/\/www.erresse-shop.it\/de\/shop\/tisch\/tassen\/teekannen-zuckerdosen-milchkannen\/bordallo-pinheiro-teekanne-zitrone\/","og_site_name":"Erresse Shop","article_modified_time":"2025-12-04T13:11:24+00:00","og_image":[{"width":1200,"height":1200,"url":"https:\/\/www.erresse-shop.it\/wp-content\/uploads\/2025\/12\/BORDALLO-PINHEIRO-Teierea-Limone.jpg","type":"image\/jpeg"}],"twitter_card":"summary_large_image","schema":{"@context":"https:\/\/schema.org","@graph":[{"@type":"WebPage","@id":"https:\/\/www.erresse-shop.it\/de\/shop\/tisch\/tassen\/teekannen-zuckerdosen-milchkannen\/bordallo-pinheiro-teekanne-zitrone\/","url":"https:\/\/www.erresse-shop.it\/de\/shop\/tisch\/tassen\/teekannen-zuckerdosen-milchkannen\/bordallo-pinheiro-teekanne-zitrone\/","name":"BORDALLO PINHEIRO GUDRUN Kannenbuntspecht","isPartOf":{"@id":"https:\/\/www.erresse-shop.it\/de\/#website"},"datePublished":"2025-12-04T13:04:34+00:00","dateModified":"2025-12-04T13:11:24+00:00","description":"Entdecken Sie BORDALLO PINHEIRO GUDRUN Kannenbuntspecht bei ErresseShop. Qualit\u00e4t, Stil und Funktionalit\u00e4t \u2013 jetzt online bestellen!","breadcrumb":{"@id":"https:\/\/www.erresse-shop.it\/de\/shop\/tisch\/tassen\/teekannen-zuckerdosen-milchkannen\/bordallo-pinheiro-teekanne-zitrone\/#breadcrumb"},"inLanguage":"de-DE","potentialAction":[{"@type":"ReadAction","target":["https:\/\/www.erresse-shop.it\/de\/shop\/tisch\/tassen\/teekannen-zuckerdosen-milchkannen\/bordallo-pinheiro-teekanne-zitrone\/"]}]},{"@type":"BreadcrumbList","@id":"https:\/\/www.erresse-shop.it\/de\/shop\/tisch\/tassen\/teekannen-zuckerdosen-milchkannen\/bordallo-pinheiro-teekanne-zitrone\/#breadcrumb","itemListElement":[{"@type":"ListItem","position":1,"name":"Home","item":"https:\/\/www.erresse-shop.it\/de\/"},{"@type":"ListItem","position":2,"name":"Shop","item":"https:\/\/www.erresse-shop.it\/de\/shop\/"},{"@type":"ListItem","position":3,"name":"BORDALLO PINHEIRO Teekanne Zitrone"}]},{"@type":"WebSite","@id":"https:\/\/www.erresse-shop.it\/de\/#website","url":"https:\/\/www.erresse-shop.it\/de\/","name":"Erresse Shop","description":"Articoli di qualit\u00e0 per la casa","potentialAction":[{"@type":"SearchAction","target":{"@type":"EntryPoint","urlTemplate":"https:\/\/www.erresse-shop.it\/de\/?s={search_term_string}"},"query-input":"required name=search_term_string"}],"inLanguage":"de-DE"}]}},"df_price":99,"df_sale_price":99,"df_regular_price":141,"df_image_link":"https:\/\/www.erresse-shop.it\/wp-content\/uploads\/2025\/12\/BORDALLO-PINHEIRO-Teierea-Limone-300x300.jpg","_links":{"self":[{"href":"https:\/\/www.erresse-shop.it\/de\/wp-json\/wp\/v2\/product\/518993"}],"collection":[{"href":"https:\/\/www.erresse-shop.it\/de\/wp-json\/wp\/v2\/product"}],"about":[{"href":"https:\/\/www.erresse-shop.it\/de\/wp-json\/wp\/v2\/types\/product"}],"wp:featuredmedia":[{"embeddable":true,"href":"https:\/\/www.erresse-shop.it\/de\/wp-json\/wp\/v2\/media\/519002"}],"wp:attachment":[{"href":"https:\/\/www.erresse-shop.it\/de\/wp-json\/wp\/v2\/media?parent=518993"}],"wp:term":[{"taxonomy":"product_cat","embeddable":true,"href":"https:\/\/www.erresse-shop.it\/de\/wp-json\/wp\/v2\/product_cat?post=518993"},{"taxonomy":"product_tag","embeddable":true,"href":"https:\/\/www.erresse-shop.it\/de\/wp-json\/wp\/v2\/product_tag?post=518993"}],"curies":[{"name":"wp","href":"https:\/\/api.w.org\/{rel}","templated":true}]}}