{"id":518888,"date":"2025-12-04T10:32:42","date_gmt":"2025-12-04T10:32:44","guid":{"rendered":"https:\/\/www.erresse-shop.it\/?post_type=product&#038;p=518888"},"modified":"2025-12-04T10:44:28","modified_gmt":"2025-12-04T10:44:28","slug":"bordallo-pinheiro-set-mit-2-tiefen-tellern-trauben-22-cm-gelb","status":"publish","type":"product","link":"https:\/\/www.erresse-shop.it\/de\/shop\/tisch\/teller-geschirr\/bordallo-pinheiro-set-mit-2-tiefen-tellern-trauben-22-cm-gelb\/","title":{"rendered":"BORDALLO PINHEIRO Set mit 2 tiefen Tellern Trauben 22 cm Gelb"},"content":{"rendered":"<p>Die Kollektion \u201eTrauben\u201c zelebriert die F\u00fclle der Natur und den geselligen Charme gemeinsamer Momente. Inspiriert von der Gro\u00dfz\u00fcgigkeit des Weinstocks und der portugiesischen Weintradition, ist jedes St\u00fcck handgefertigt und bemalt und gibt die Textur und den Glanz von Trauben sowie die Zartheit gr\u00fcner Bl\u00e4tter detailgetreu wieder.<\/p>\n<p>Die aus hochwertigster glasierter Keramik gefertigten St\u00fccke der Kollektion \u201eTrauben\u201c verleihen dem Tisch eine rustikal-elegante Note, reich an Farben und Lebendigkeit. Die intensiven Gelb- und Gr\u00fcnt\u00f6ne schaffen eine perfekte visuelle Harmonie und erinnern an die warme Atmosph\u00e4re des Herbstes und die F\u00fclle der Ernte.<\/p>\n<p>Die Kollektion \u201eTrauben\u201c ist die ideale Wahl f\u00fcr alle, die k\u00fcnstlerisches und authentisches Design lieben und jeden Gang zu einem Fest der Natur und der Freude an gemeinsamen, sch\u00f6nen Momenten machen m\u00f6chten.<\/p>\n<p>Die Suppensch\u00fcssel der Kollektion \u201eTrauben\u201c eignet sich hervorragend zum Servieren verschiedenster Suppen mit unverwechselbarem Stil. Handbemalt und mit einem feinen Relief versehen, wird sie zum Blickfang, zieht alle Blicke auf sich und rundet eine unvergessliche Tischdekoration ab.<\/p>\n<p><strong>Abmessungen<\/strong>: 22,5 x 22 cm, H\u00f6he 5,8 cm<br \/>\n<strong>Gewicht<\/strong>: 449 g<br \/>\n<strong>Material<\/strong>: Keramik<\/p>\n","protected":false},"excerpt":{"rendered":"<p>Die Kollektion \u201eTrauben\u201c zelebriert die F\u00fclle der Natur und den geselligen Charme gemeinsamer Momente. Inspiriert von der Gro\u00dfz\u00fcgigkeit des Weinstocks<\/p>\n","protected":false},"featured_media":518903,"template":"","meta":{"_acf_changed":false,"inline_featured_image":false},"product_cat":[6793,6787],"product_tag":[25038,23911,11971,22042,21970,21822],"acf":[],"yoast_head":"<!-- This site is optimized with the Yoast SEO Premium plugin v18.6 (Yoast SEO v19.13) - https:\/\/yoast.com\/wordpress\/plugins\/seo\/ -->\n<title>BORDALLO PINHEIRO GUDRUN Kannenbuntspecht<\/title>\n<meta name=\"description\" content=\"Entdecken Sie BORDALLO PINHEIRO GUDRUN Kannenbuntspecht bei ErresseShop. Qualit\u00e4t, Stil und Funktionalit\u00e4t \u2013 jetzt online bestellen!\" \/>\n<meta name=\"robots\" content=\"index, follow, max-snippet:-1, max-image-preview:large, max-video-preview:-1\" \/>\n<link rel=\"canonical\" href=\"https:\/\/www.erresse-shop.it\/de\/shop\/tisch\/teller-geschirr\/bordallo-pinheiro-set-mit-2-tiefen-tellern-trauben-22-cm-gelb\/\" \/>\n<meta property=\"og:locale\" content=\"de_DE\" \/>\n<meta property=\"og:type\" content=\"article\" \/>\n<meta property=\"og:title\" content=\"BORDALLO PINHEIRO Set mit 2 tiefen Tellern Trauben 22 cm Gelb\" \/>\n<meta property=\"og:description\" content=\"Entdecken Sie BORDALLO PINHEIRO GUDRUN Kannenbuntspecht bei ErresseShop. Qualit\u00e4t, Stil und Funktionalit\u00e4t \u2013 jetzt online bestellen!\" \/>\n<meta property=\"og:url\" content=\"https:\/\/www.erresse-shop.it\/de\/shop\/tisch\/teller-geschirr\/bordallo-pinheiro-set-mit-2-tiefen-tellern-trauben-22-cm-gelb\/\" \/>\n<meta property=\"og:site_name\" content=\"Erresse Shop\" \/>\n<meta property=\"article:modified_time\" content=\"2025-12-04T10:44:28+00:00\" \/>\n<meta property=\"og:image\" content=\"https:\/\/www.erresse-shop.it\/wp-content\/uploads\/2025\/12\/BORDALLO-PINHEIRO-Set-2-Piatti-Fondi-Uva-22-cm-Giallo.jpg\" \/>\n\t<meta property=\"og:image:width\" content=\"1200\" \/>\n\t<meta property=\"og:image:height\" content=\"1200\" \/>\n\t<meta property=\"og:image:type\" content=\"image\/jpeg\" \/>\n<meta name=\"twitter:card\" content=\"summary_large_image\" \/>\n<script type=\"application\/ld+json\" class=\"yoast-schema-graph\">{\"@context\":\"https:\/\/schema.org\",\"@graph\":[{\"@type\":\"WebPage\",\"@id\":\"https:\/\/www.erresse-shop.it\/de\/shop\/tisch\/teller-geschirr\/bordallo-pinheiro-set-mit-2-tiefen-tellern-trauben-22-cm-gelb\/\",\"url\":\"https:\/\/www.erresse-shop.it\/de\/shop\/tisch\/teller-geschirr\/bordallo-pinheiro-set-mit-2-tiefen-tellern-trauben-22-cm-gelb\/\",\"name\":\"BORDALLO PINHEIRO GUDRUN Kannenbuntspecht\",\"isPartOf\":{\"@id\":\"https:\/\/www.erresse-shop.it\/de\/#website\"},\"datePublished\":\"2025-12-04T10:32:44+00:00\",\"dateModified\":\"2025-12-04T10:44:28+00:00\",\"description\":\"Entdecken Sie BORDALLO PINHEIRO GUDRUN Kannenbuntspecht bei ErresseShop. Qualit\u00e4t, Stil und Funktionalit\u00e4t \u2013 jetzt online bestellen!\",\"breadcrumb\":{\"@id\":\"https:\/\/www.erresse-shop.it\/de\/shop\/tisch\/teller-geschirr\/bordallo-pinheiro-set-mit-2-tiefen-tellern-trauben-22-cm-gelb\/#breadcrumb\"},\"inLanguage\":\"de-DE\",\"potentialAction\":[{\"@type\":\"ReadAction\",\"target\":[\"https:\/\/www.erresse-shop.it\/de\/shop\/tisch\/teller-geschirr\/bordallo-pinheiro-set-mit-2-tiefen-tellern-trauben-22-cm-gelb\/\"]}]},{\"@type\":\"BreadcrumbList\",\"@id\":\"https:\/\/www.erresse-shop.it\/de\/shop\/tisch\/teller-geschirr\/bordallo-pinheiro-set-mit-2-tiefen-tellern-trauben-22-cm-gelb\/#breadcrumb\",\"itemListElement\":[{\"@type\":\"ListItem\",\"position\":1,\"name\":\"Home\",\"item\":\"https:\/\/www.erresse-shop.it\/de\/\"},{\"@type\":\"ListItem\",\"position\":2,\"name\":\"Shop\",\"item\":\"https:\/\/www.erresse-shop.it\/de\/shop\/\"},{\"@type\":\"ListItem\",\"position\":3,\"name\":\"BORDALLO PINHEIRO Set mit 2 tiefen Tellern Trauben 22 cm Gelb\"}]},{\"@type\":\"WebSite\",\"@id\":\"https:\/\/www.erresse-shop.it\/de\/#website\",\"url\":\"https:\/\/www.erresse-shop.it\/de\/\",\"name\":\"Erresse Shop\",\"description\":\"Articoli di qualit\u00e0 per la casa\",\"potentialAction\":[{\"@type\":\"SearchAction\",\"target\":{\"@type\":\"EntryPoint\",\"urlTemplate\":\"https:\/\/www.erresse-shop.it\/de\/?s={search_term_string}\"},\"query-input\":\"required name=search_term_string\"}],\"inLanguage\":\"de-DE\"}]}<\/script>\n<!-- \/ Yoast SEO Premium plugin. -->","yoast_head_json":{"title":"BORDALLO PINHEIRO GUDRUN Kannenbuntspecht","description":"Entdecken Sie BORDALLO PINHEIRO GUDRUN Kannenbuntspecht bei ErresseShop. Qualit\u00e4t, Stil und Funktionalit\u00e4t \u2013 jetzt online bestellen!","robots":{"index":"index","follow":"follow","max-snippet":"max-snippet:-1","max-image-preview":"max-image-preview:large","max-video-preview":"max-video-preview:-1"},"canonical":"https:\/\/www.erresse-shop.it\/de\/shop\/tisch\/teller-geschirr\/bordallo-pinheiro-set-mit-2-tiefen-tellern-trauben-22-cm-gelb\/","og_locale":"de_DE","og_type":"article","og_title":"BORDALLO PINHEIRO Set mit 2 tiefen Tellern Trauben 22 cm Gelb","og_description":"Entdecken Sie BORDALLO PINHEIRO GUDRUN Kannenbuntspecht bei ErresseShop. Qualit\u00e4t, Stil und Funktionalit\u00e4t \u2013 jetzt online bestellen!","og_url":"https:\/\/www.erresse-shop.it\/de\/shop\/tisch\/teller-geschirr\/bordallo-pinheiro-set-mit-2-tiefen-tellern-trauben-22-cm-gelb\/","og_site_name":"Erresse Shop","article_modified_time":"2025-12-04T10:44:28+00:00","og_image":[{"width":1200,"height":1200,"url":"https:\/\/www.erresse-shop.it\/wp-content\/uploads\/2025\/12\/BORDALLO-PINHEIRO-Set-2-Piatti-Fondi-Uva-22-cm-Giallo.jpg","type":"image\/jpeg"}],"twitter_card":"summary_large_image","schema":{"@context":"https:\/\/schema.org","@graph":[{"@type":"WebPage","@id":"https:\/\/www.erresse-shop.it\/de\/shop\/tisch\/teller-geschirr\/bordallo-pinheiro-set-mit-2-tiefen-tellern-trauben-22-cm-gelb\/","url":"https:\/\/www.erresse-shop.it\/de\/shop\/tisch\/teller-geschirr\/bordallo-pinheiro-set-mit-2-tiefen-tellern-trauben-22-cm-gelb\/","name":"BORDALLO PINHEIRO GUDRUN Kannenbuntspecht","isPartOf":{"@id":"https:\/\/www.erresse-shop.it\/de\/#website"},"datePublished":"2025-12-04T10:32:44+00:00","dateModified":"2025-12-04T10:44:28+00:00","description":"Entdecken Sie BORDALLO PINHEIRO GUDRUN Kannenbuntspecht bei ErresseShop. Qualit\u00e4t, Stil und Funktionalit\u00e4t \u2013 jetzt online bestellen!","breadcrumb":{"@id":"https:\/\/www.erresse-shop.it\/de\/shop\/tisch\/teller-geschirr\/bordallo-pinheiro-set-mit-2-tiefen-tellern-trauben-22-cm-gelb\/#breadcrumb"},"inLanguage":"de-DE","potentialAction":[{"@type":"ReadAction","target":["https:\/\/www.erresse-shop.it\/de\/shop\/tisch\/teller-geschirr\/bordallo-pinheiro-set-mit-2-tiefen-tellern-trauben-22-cm-gelb\/"]}]},{"@type":"BreadcrumbList","@id":"https:\/\/www.erresse-shop.it\/de\/shop\/tisch\/teller-geschirr\/bordallo-pinheiro-set-mit-2-tiefen-tellern-trauben-22-cm-gelb\/#breadcrumb","itemListElement":[{"@type":"ListItem","position":1,"name":"Home","item":"https:\/\/www.erresse-shop.it\/de\/"},{"@type":"ListItem","position":2,"name":"Shop","item":"https:\/\/www.erresse-shop.it\/de\/shop\/"},{"@type":"ListItem","position":3,"name":"BORDALLO PINHEIRO Set mit 2 tiefen Tellern Trauben 22 cm Gelb"}]},{"@type":"WebSite","@id":"https:\/\/www.erresse-shop.it\/de\/#website","url":"https:\/\/www.erresse-shop.it\/de\/","name":"Erresse Shop","description":"Articoli di qualit\u00e0 per la casa","potentialAction":[{"@type":"SearchAction","target":{"@type":"EntryPoint","urlTemplate":"https:\/\/www.erresse-shop.it\/de\/?s={search_term_string}"},"query-input":"required name=search_term_string"}],"inLanguage":"de-DE"}]}},"df_price":66,"df_sale_price":66,"df_regular_price":86,"df_image_link":"https:\/\/www.erresse-shop.it\/wp-content\/uploads\/2025\/12\/BORDALLO-PINHEIRO-Set-2-Piatti-Fondi-Uva-22-cm-Giallo-300x300.jpg","_links":{"self":[{"href":"https:\/\/www.erresse-shop.it\/de\/wp-json\/wp\/v2\/product\/518888"}],"collection":[{"href":"https:\/\/www.erresse-shop.it\/de\/wp-json\/wp\/v2\/product"}],"about":[{"href":"https:\/\/www.erresse-shop.it\/de\/wp-json\/wp\/v2\/types\/product"}],"wp:featuredmedia":[{"embeddable":true,"href":"https:\/\/www.erresse-shop.it\/de\/wp-json\/wp\/v2\/media\/518903"}],"wp:attachment":[{"href":"https:\/\/www.erresse-shop.it\/de\/wp-json\/wp\/v2\/media?parent=518888"}],"wp:term":[{"taxonomy":"product_cat","embeddable":true,"href":"https:\/\/www.erresse-shop.it\/de\/wp-json\/wp\/v2\/product_cat?post=518888"},{"taxonomy":"product_tag","embeddable":true,"href":"https:\/\/www.erresse-shop.it\/de\/wp-json\/wp\/v2\/product_tag?post=518888"}],"curies":[{"name":"wp","href":"https:\/\/api.w.org\/{rel}","templated":true}]}}