{"id":518675,"date":"2025-12-04T07:10:49","date_gmt":"2025-12-04T07:10:51","guid":{"rendered":"https:\/\/www.erresse-shop.it\/?post_type=product&#038;p=518675"},"modified":"2025-12-04T08:16:46","modified_gmt":"2025-12-04T08:16:46","slug":"bordallo-pinheiro-krug-trauben","status":"publish","type":"product","link":"https:\/\/www.erresse-shop.it\/de\/shop\/tisch\/karaffen-flaschen-kruege\/bordallo-pinheiro-krug-trauben\/","title":{"rendered":"BORDALLO PINHEIRO Krug Trauben"},"content":{"rendered":"<p>Die Kollektion \u201eTrauben\u201c zelebriert die F\u00fclle der Natur und den geselligen Charme gemeinsamer Momente. Inspiriert von der Gro\u00dfz\u00fcgigkeit des Weinstocks und der portugiesischen Weintradition, ist jedes St\u00fcck handgefertigt und bemalt und gibt die Textur und den Glanz von Trauben sowie die zarten gr\u00fcnen Bl\u00e4tter detailgetreu wieder.<\/p>\n<p>Die aus hochwertigster glasierter Keramik gefertigten St\u00fccke der Kollektion \u201eTrauben\u201c verleihen dem Tisch eine rustikal-elegante Note, reich an Farben und Lebendigkeit. Die intensiven Violett- und Gr\u00fcnt\u00f6ne schaffen eine perfekte visuelle Harmonie und erinnern an die warme Atmosph\u00e4re des Herbstes und die F\u00fclle der Ernte.<\/p>\n<p>Die Kollektion \u201eTrauben\u201c ist die ideale Wahl f\u00fcr alle, die k\u00fcnstlerisches und authentisches Design sch\u00e4tzen und jeden Gang zu einem Fest der Natur und der Freude an gemeinsamen, sch\u00f6nen Momenten machen m\u00f6chten.<\/p>\n<p>Die Karaffe der Kollektion \u201eTrauben\u201c eignet sich ideal zum Servieren verschiedenster Getr\u00e4nke, von erfrischenden Limonaden bis hin zu aromatischen Weinen. Handbemalt und mit einem feinen Relief versehen, wird sie zum Mittelpunkt des Tisches, zieht alle Blicke auf sich und rundet eine unvergessliche Dekoration ab.<\/p>\n<p>Eine Karaffe ist mehr als nur ein einfaches Gef\u00e4\u00df f\u00fcr Getr\u00e4nke; sie ist Ausdruck von pers\u00f6nlichem Stil und Kreativit\u00e4t. Das von der Natur inspirierte Design verleiht jeder Mahlzeit einen Hauch von Charme, sei es ein entspannter Brunch im Garten oder ein festliches Abendessen mit den Liebsten.<\/p>\n<p>Mit ihrem raffinierten und charmanten Design ist die Kollektion \u201eTrauben\u201c das ideale Geschenk f\u00fcr Naturliebhaber und alle, die Wert auf handwerkliche Details legen. Ob als Hochzeits-, Jubil\u00e4ums- oder Einzugsgeschenk \u2013 diese Kollektion wird mit Sicherheit viele Jahre lang gesch\u00e4tzt und in Ehren gehalten werden.<\/p>\n<p><strong>Ma\u00dfe<\/strong>: 24,5 x 16,6 cm, H\u00f6he 28 cm<br \/>\n<strong>Gewicht<\/strong>: 1,2 kg<br \/>\n<strong>Material<\/strong>: Keramik<\/p>\n","protected":false},"excerpt":{"rendered":"<p>Die Kollektion \u201eTrauben\u201c zelebriert die F\u00fclle der Natur und den geselligen Charme gemeinsamer Momente. Inspiriert von der Gro\u00dfz\u00fcgigkeit des Weinstocks<\/p>\n","protected":false},"featured_media":518696,"template":"","meta":{"_acf_changed":false,"inline_featured_image":false},"product_cat":[6859,6787],"product_tag":[25038,23911,11849,24604,25022,21822],"acf":[],"yoast_head":"<!-- This site is optimized with the Yoast SEO Premium plugin v18.6 (Yoast SEO v19.13) - https:\/\/yoast.com\/wordpress\/plugins\/seo\/ -->\n<title>BORDALLO PINHEIRO GUDRUN Kannenbuntspecht<\/title>\n<meta name=\"description\" content=\"Entdecken Sie BORDALLO PINHEIRO GUDRUN Kannenbuntspecht bei ErresseShop. Qualit\u00e4t, Stil und Funktionalit\u00e4t \u2013 jetzt online bestellen!\" \/>\n<meta name=\"robots\" content=\"index, follow, max-snippet:-1, max-image-preview:large, max-video-preview:-1\" \/>\n<link rel=\"canonical\" href=\"https:\/\/www.erresse-shop.it\/de\/shop\/tisch\/karaffen-flaschen-kruege\/bordallo-pinheiro-krug-trauben\/\" \/>\n<meta property=\"og:locale\" content=\"de_DE\" \/>\n<meta property=\"og:type\" content=\"article\" \/>\n<meta property=\"og:title\" content=\"BORDALLO PINHEIRO Krug Trauben\" \/>\n<meta property=\"og:description\" content=\"Entdecken Sie BORDALLO PINHEIRO GUDRUN Kannenbuntspecht bei ErresseShop. Qualit\u00e4t, Stil und Funktionalit\u00e4t \u2013 jetzt online bestellen!\" \/>\n<meta property=\"og:url\" content=\"https:\/\/www.erresse-shop.it\/de\/shop\/tisch\/karaffen-flaschen-kruege\/bordallo-pinheiro-krug-trauben\/\" \/>\n<meta property=\"og:site_name\" content=\"Erresse Shop\" \/>\n<meta property=\"article:modified_time\" content=\"2025-12-04T08:16:46+00:00\" \/>\n<meta property=\"og:image\" content=\"https:\/\/www.erresse-shop.it\/wp-content\/uploads\/2025\/12\/BORDALLO-PINHEIRO-Brocca-Uva.jpg\" \/>\n\t<meta property=\"og:image:width\" content=\"1200\" \/>\n\t<meta property=\"og:image:height\" content=\"1200\" \/>\n\t<meta property=\"og:image:type\" content=\"image\/jpeg\" \/>\n<meta name=\"twitter:card\" content=\"summary_large_image\" \/>\n<script type=\"application\/ld+json\" class=\"yoast-schema-graph\">{\"@context\":\"https:\/\/schema.org\",\"@graph\":[{\"@type\":\"WebPage\",\"@id\":\"https:\/\/www.erresse-shop.it\/de\/shop\/tisch\/karaffen-flaschen-kruege\/bordallo-pinheiro-krug-trauben\/\",\"url\":\"https:\/\/www.erresse-shop.it\/de\/shop\/tisch\/karaffen-flaschen-kruege\/bordallo-pinheiro-krug-trauben\/\",\"name\":\"BORDALLO PINHEIRO GUDRUN Kannenbuntspecht\",\"isPartOf\":{\"@id\":\"https:\/\/www.erresse-shop.it\/de\/#website\"},\"datePublished\":\"2025-12-04T07:10:51+00:00\",\"dateModified\":\"2025-12-04T08:16:46+00:00\",\"description\":\"Entdecken Sie BORDALLO PINHEIRO GUDRUN Kannenbuntspecht bei ErresseShop. Qualit\u00e4t, Stil und Funktionalit\u00e4t \u2013 jetzt online bestellen!\",\"breadcrumb\":{\"@id\":\"https:\/\/www.erresse-shop.it\/de\/shop\/tisch\/karaffen-flaschen-kruege\/bordallo-pinheiro-krug-trauben\/#breadcrumb\"},\"inLanguage\":\"de-DE\",\"potentialAction\":[{\"@type\":\"ReadAction\",\"target\":[\"https:\/\/www.erresse-shop.it\/de\/shop\/tisch\/karaffen-flaschen-kruege\/bordallo-pinheiro-krug-trauben\/\"]}]},{\"@type\":\"BreadcrumbList\",\"@id\":\"https:\/\/www.erresse-shop.it\/de\/shop\/tisch\/karaffen-flaschen-kruege\/bordallo-pinheiro-krug-trauben\/#breadcrumb\",\"itemListElement\":[{\"@type\":\"ListItem\",\"position\":1,\"name\":\"Home\",\"item\":\"https:\/\/www.erresse-shop.it\/de\/\"},{\"@type\":\"ListItem\",\"position\":2,\"name\":\"Shop\",\"item\":\"https:\/\/www.erresse-shop.it\/de\/shop\/\"},{\"@type\":\"ListItem\",\"position\":3,\"name\":\"BORDALLO PINHEIRO Krug Trauben\"}]},{\"@type\":\"WebSite\",\"@id\":\"https:\/\/www.erresse-shop.it\/de\/#website\",\"url\":\"https:\/\/www.erresse-shop.it\/de\/\",\"name\":\"Erresse Shop\",\"description\":\"Articoli di qualit\u00e0 per la casa\",\"potentialAction\":[{\"@type\":\"SearchAction\",\"target\":{\"@type\":\"EntryPoint\",\"urlTemplate\":\"https:\/\/www.erresse-shop.it\/de\/?s={search_term_string}\"},\"query-input\":\"required name=search_term_string\"}],\"inLanguage\":\"de-DE\"}]}<\/script>\n<!-- \/ Yoast SEO Premium plugin. -->","yoast_head_json":{"title":"BORDALLO PINHEIRO GUDRUN Kannenbuntspecht","description":"Entdecken Sie BORDALLO PINHEIRO GUDRUN Kannenbuntspecht bei ErresseShop. Qualit\u00e4t, Stil und Funktionalit\u00e4t \u2013 jetzt online bestellen!","robots":{"index":"index","follow":"follow","max-snippet":"max-snippet:-1","max-image-preview":"max-image-preview:large","max-video-preview":"max-video-preview:-1"},"canonical":"https:\/\/www.erresse-shop.it\/de\/shop\/tisch\/karaffen-flaschen-kruege\/bordallo-pinheiro-krug-trauben\/","og_locale":"de_DE","og_type":"article","og_title":"BORDALLO PINHEIRO Krug Trauben","og_description":"Entdecken Sie BORDALLO PINHEIRO GUDRUN Kannenbuntspecht bei ErresseShop. Qualit\u00e4t, Stil und Funktionalit\u00e4t \u2013 jetzt online bestellen!","og_url":"https:\/\/www.erresse-shop.it\/de\/shop\/tisch\/karaffen-flaschen-kruege\/bordallo-pinheiro-krug-trauben\/","og_site_name":"Erresse Shop","article_modified_time":"2025-12-04T08:16:46+00:00","og_image":[{"width":1200,"height":1200,"url":"https:\/\/www.erresse-shop.it\/wp-content\/uploads\/2025\/12\/BORDALLO-PINHEIRO-Brocca-Uva.jpg","type":"image\/jpeg"}],"twitter_card":"summary_large_image","schema":{"@context":"https:\/\/schema.org","@graph":[{"@type":"WebPage","@id":"https:\/\/www.erresse-shop.it\/de\/shop\/tisch\/karaffen-flaschen-kruege\/bordallo-pinheiro-krug-trauben\/","url":"https:\/\/www.erresse-shop.it\/de\/shop\/tisch\/karaffen-flaschen-kruege\/bordallo-pinheiro-krug-trauben\/","name":"BORDALLO PINHEIRO GUDRUN Kannenbuntspecht","isPartOf":{"@id":"https:\/\/www.erresse-shop.it\/de\/#website"},"datePublished":"2025-12-04T07:10:51+00:00","dateModified":"2025-12-04T08:16:46+00:00","description":"Entdecken Sie BORDALLO PINHEIRO GUDRUN Kannenbuntspecht bei ErresseShop. Qualit\u00e4t, Stil und Funktionalit\u00e4t \u2013 jetzt online bestellen!","breadcrumb":{"@id":"https:\/\/www.erresse-shop.it\/de\/shop\/tisch\/karaffen-flaschen-kruege\/bordallo-pinheiro-krug-trauben\/#breadcrumb"},"inLanguage":"de-DE","potentialAction":[{"@type":"ReadAction","target":["https:\/\/www.erresse-shop.it\/de\/shop\/tisch\/karaffen-flaschen-kruege\/bordallo-pinheiro-krug-trauben\/"]}]},{"@type":"BreadcrumbList","@id":"https:\/\/www.erresse-shop.it\/de\/shop\/tisch\/karaffen-flaschen-kruege\/bordallo-pinheiro-krug-trauben\/#breadcrumb","itemListElement":[{"@type":"ListItem","position":1,"name":"Home","item":"https:\/\/www.erresse-shop.it\/de\/"},{"@type":"ListItem","position":2,"name":"Shop","item":"https:\/\/www.erresse-shop.it\/de\/shop\/"},{"@type":"ListItem","position":3,"name":"BORDALLO PINHEIRO Krug Trauben"}]},{"@type":"WebSite","@id":"https:\/\/www.erresse-shop.it\/de\/#website","url":"https:\/\/www.erresse-shop.it\/de\/","name":"Erresse Shop","description":"Articoli di qualit\u00e0 per la casa","potentialAction":[{"@type":"SearchAction","target":{"@type":"EntryPoint","urlTemplate":"https:\/\/www.erresse-shop.it\/de\/?s={search_term_string}"},"query-input":"required name=search_term_string"}],"inLanguage":"de-DE"}]}},"df_price":129.95,"df_sale_price":129.95,"df_regular_price":180,"df_image_link":"https:\/\/www.erresse-shop.it\/wp-content\/uploads\/2025\/12\/BORDALLO-PINHEIRO-Brocca-Uva-300x300.jpg","_links":{"self":[{"href":"https:\/\/www.erresse-shop.it\/de\/wp-json\/wp\/v2\/product\/518675"}],"collection":[{"href":"https:\/\/www.erresse-shop.it\/de\/wp-json\/wp\/v2\/product"}],"about":[{"href":"https:\/\/www.erresse-shop.it\/de\/wp-json\/wp\/v2\/types\/product"}],"wp:featuredmedia":[{"embeddable":true,"href":"https:\/\/www.erresse-shop.it\/de\/wp-json\/wp\/v2\/media\/518696"}],"wp:attachment":[{"href":"https:\/\/www.erresse-shop.it\/de\/wp-json\/wp\/v2\/media?parent=518675"}],"wp:term":[{"taxonomy":"product_cat","embeddable":true,"href":"https:\/\/www.erresse-shop.it\/de\/wp-json\/wp\/v2\/product_cat?post=518675"},{"taxonomy":"product_tag","embeddable":true,"href":"https:\/\/www.erresse-shop.it\/de\/wp-json\/wp\/v2\/product_tag?post=518675"}],"curies":[{"name":"wp","href":"https:\/\/api.w.org\/{rel}","templated":true}]}}