{"id":518631,"date":"2025-12-03T13:19:40","date_gmt":"2025-12-03T13:19:42","guid":{"rendered":"https:\/\/www.erresse-shop.it\/?post_type=product&#038;p=518631"},"modified":"2026-03-08T19:11:55","modified_gmt":"2026-03-08T19:11:55","slug":"zwilling-profile-gemuesemesser-8-cm","status":"publish","type":"product","link":"https:\/\/www.erresse-shop.it\/de\/shop\/kuche\/messer\/zwilling-profile-gemuesemesser-8-cm\/","title":{"rendered":"ZWILLING Profile Gem\u00fcsemesser 8 cm"},"content":{"rendered":"<p>Das perfekte Messer f\u00fcr K\u00f6che, die Wert auf ein professionelles Erscheinungsbild legen: minimalistisches Ganzmetall-Design, ausdrucksstarke Linien und eine kaltgeh\u00e4rtete FRIODUR-Klinge.<br \/>\nWenn Sie h\u00f6chste Anspr\u00fcche an Ihre Messer stellen, ist dieses hochwertige Messer genau das Richtige f\u00fcr Sie. Es bietet \u00fcberragende Qualit\u00e4t, Sch\u00e4rfe und ein ergonomisches Design.<br \/>\nDer ergonomische Edelstahlgriff sorgt f\u00fcr komfortables und erm\u00fcdungsfreies Arbeiten.<\/p>\n<div class=\"dimensions-content\">\n<div class=\"product-main-attributes\">\n<div id=\"js-pdp-accordion\" class=\"pdp-accordion mt-4 ui-accordion ui-widget ui-helper-reset\" role=\"tablist\">\n<div id=\"ui-id-4\" class=\"ui-accordion-content ui-corner-bottom ui-helper-reset ui-widget-content ui-accordion-content-active\" role=\"tabpanel\" aria-labelledby=\"ui-id-3\" aria-hidden=\"false\">\n<div class=\"dimensions-content\">\n<p><strong>Eigenschaften:<\/strong><\/p>\n<ul>\n<li>Material: Deutscher Edelstahl<\/li>\n<li>Herstellungsverfahren: Geschwei\u00dft<\/li>\n<li>Klingenh\u00e4rte: 50\u201354 HRC<\/li>\n<\/ul>\n<\/div>\n<div class=\"dimensions-content\">\n<p><strong>Abmessungen:<\/strong><\/p>\n<div class=\"product-main-attributes\">\n<ul>\n<li class=\"attribute\"><span class=\"label\"><strong>Nettogewicht<\/strong>: <\/span><span class=\"value\">0,08 kg<\/span><\/li>\n<li class=\"attribute\"><span class=\"label\"><strong>Klingenl\u00e4nge<\/strong>: 8 cm<\/span><\/li>\n<\/ul>\n<\/div>\n<\/div>\n<\/div>\n<\/div>\n<\/div>\n","protected":false},"excerpt":{"rendered":"<p>Als Pionier auf dem Gebiet der Premium-Bestecke stellt ZWILLING J.A. Henckels seit 1731 Messer von herausragender Qualit\u00e4t her.<\/p>\n","protected":false},"featured_media":518639,"template":"","meta":{"_acf_changed":false,"inline_featured_image":false},"product_cat":[6742,6706,14454],"product_tag":[11395,11397,11529,11405,11427,15405],"acf":[],"yoast_head":"<!-- This site is optimized with the Yoast SEO Premium plugin v18.6 (Yoast SEO v19.13) - https:\/\/yoast.com\/wordpress\/plugins\/seo\/ -->\n<title>ZWILLING Profile Gem\u00fcsemesser 8 cm - Erresse Shop<\/title>\n<meta name=\"description\" content=\"Als Pionier auf dem Gebiet der Premium-Bestecke stellt ZWILLING J.A. Henckels seit 1731 Messer von herausragender Qualit\u00e4t her.\" \/>\n<meta name=\"robots\" content=\"index, follow, max-snippet:-1, max-image-preview:large, max-video-preview:-1\" \/>\n<link rel=\"canonical\" href=\"https:\/\/www.erresse-shop.it\/de\/shop\/kuche\/messer\/zwilling-profile-gemuesemesser-8-cm\/\" \/>\n<meta property=\"og:locale\" content=\"de_DE\" \/>\n<meta property=\"og:type\" content=\"article\" \/>\n<meta property=\"og:title\" content=\"ZWILLING Profile Gem\u00fcsemesser 8 cm\" \/>\n<meta property=\"og:description\" content=\"Als Pionier auf dem Gebiet der Premium-Bestecke stellt ZWILLING J.A. Henckels seit 1731 Messer von herausragender Qualit\u00e4t her.\" \/>\n<meta property=\"og:url\" content=\"https:\/\/www.erresse-shop.it\/de\/shop\/kuche\/messer\/zwilling-profile-gemuesemesser-8-cm\/\" \/>\n<meta property=\"og:site_name\" content=\"Erresse Shop\" \/>\n<meta property=\"article:modified_time\" content=\"2026-03-08T19:11:55+00:00\" \/>\n<meta property=\"og:image\" content=\"https:\/\/www.erresse-shop.it\/wp-content\/uploads\/2025\/12\/ZWILLING-Profile-Coltello-da-Verdura-8-cm.jpg\" \/>\n\t<meta property=\"og:image:width\" content=\"1200\" \/>\n\t<meta property=\"og:image:height\" content=\"1200\" \/>\n\t<meta property=\"og:image:type\" content=\"image\/jpeg\" \/>\n<meta name=\"twitter:card\" content=\"summary_large_image\" \/>\n<script type=\"application\/ld+json\" class=\"yoast-schema-graph\">{\"@context\":\"https:\/\/schema.org\",\"@graph\":[{\"@type\":\"WebPage\",\"@id\":\"https:\/\/www.erresse-shop.it\/de\/shop\/kuche\/messer\/zwilling-profile-gemuesemesser-8-cm\/\",\"url\":\"https:\/\/www.erresse-shop.it\/de\/shop\/kuche\/messer\/zwilling-profile-gemuesemesser-8-cm\/\",\"name\":\"ZWILLING Profile Gem\u00fcsemesser 8 cm - Erresse Shop\",\"isPartOf\":{\"@id\":\"https:\/\/www.erresse-shop.it\/de\/#website\"},\"datePublished\":\"2025-12-03T13:19:42+00:00\",\"dateModified\":\"2026-03-08T19:11:55+00:00\",\"description\":\"Als Pionier auf dem Gebiet der Premium-Bestecke stellt ZWILLING J.A. Henckels seit 1731 Messer von herausragender Qualit\u00e4t her.\",\"breadcrumb\":{\"@id\":\"https:\/\/www.erresse-shop.it\/de\/shop\/kuche\/messer\/zwilling-profile-gemuesemesser-8-cm\/#breadcrumb\"},\"inLanguage\":\"de-DE\",\"potentialAction\":[{\"@type\":\"ReadAction\",\"target\":[\"https:\/\/www.erresse-shop.it\/de\/shop\/kuche\/messer\/zwilling-profile-gemuesemesser-8-cm\/\"]}]},{\"@type\":\"BreadcrumbList\",\"@id\":\"https:\/\/www.erresse-shop.it\/de\/shop\/kuche\/messer\/zwilling-profile-gemuesemesser-8-cm\/#breadcrumb\",\"itemListElement\":[{\"@type\":\"ListItem\",\"position\":1,\"name\":\"Home\",\"item\":\"https:\/\/www.erresse-shop.it\/de\/\"},{\"@type\":\"ListItem\",\"position\":2,\"name\":\"Shop\",\"item\":\"https:\/\/www.erresse-shop.it\/de\/shop\/\"},{\"@type\":\"ListItem\",\"position\":3,\"name\":\"ZWILLING Profile Gem\u00fcsemesser 8 cm\"}]},{\"@type\":\"WebSite\",\"@id\":\"https:\/\/www.erresse-shop.it\/de\/#website\",\"url\":\"https:\/\/www.erresse-shop.it\/de\/\",\"name\":\"Erresse Shop\",\"description\":\"Articoli di qualit\u00e0 per la casa\",\"potentialAction\":[{\"@type\":\"SearchAction\",\"target\":{\"@type\":\"EntryPoint\",\"urlTemplate\":\"https:\/\/www.erresse-shop.it\/de\/?s={search_term_string}\"},\"query-input\":\"required name=search_term_string\"}],\"inLanguage\":\"de-DE\"}]}<\/script>\n<!-- \/ Yoast SEO Premium plugin. -->","yoast_head_json":{"title":"ZWILLING Profile Gem\u00fcsemesser 8 cm - Erresse Shop","description":"Als Pionier auf dem Gebiet der Premium-Bestecke stellt ZWILLING J.A. Henckels seit 1731 Messer von herausragender Qualit\u00e4t her.","robots":{"index":"index","follow":"follow","max-snippet":"max-snippet:-1","max-image-preview":"max-image-preview:large","max-video-preview":"max-video-preview:-1"},"canonical":"https:\/\/www.erresse-shop.it\/de\/shop\/kuche\/messer\/zwilling-profile-gemuesemesser-8-cm\/","og_locale":"de_DE","og_type":"article","og_title":"ZWILLING Profile Gem\u00fcsemesser 8 cm","og_description":"Als Pionier auf dem Gebiet der Premium-Bestecke stellt ZWILLING J.A. Henckels seit 1731 Messer von herausragender Qualit\u00e4t her.","og_url":"https:\/\/www.erresse-shop.it\/de\/shop\/kuche\/messer\/zwilling-profile-gemuesemesser-8-cm\/","og_site_name":"Erresse Shop","article_modified_time":"2026-03-08T19:11:55+00:00","og_image":[{"width":1200,"height":1200,"url":"https:\/\/www.erresse-shop.it\/wp-content\/uploads\/2025\/12\/ZWILLING-Profile-Coltello-da-Verdura-8-cm.jpg","type":"image\/jpeg"}],"twitter_card":"summary_large_image","schema":{"@context":"https:\/\/schema.org","@graph":[{"@type":"WebPage","@id":"https:\/\/www.erresse-shop.it\/de\/shop\/kuche\/messer\/zwilling-profile-gemuesemesser-8-cm\/","url":"https:\/\/www.erresse-shop.it\/de\/shop\/kuche\/messer\/zwilling-profile-gemuesemesser-8-cm\/","name":"ZWILLING Profile Gem\u00fcsemesser 8 cm - Erresse Shop","isPartOf":{"@id":"https:\/\/www.erresse-shop.it\/de\/#website"},"datePublished":"2025-12-03T13:19:42+00:00","dateModified":"2026-03-08T19:11:55+00:00","description":"Als Pionier auf dem Gebiet der Premium-Bestecke stellt ZWILLING J.A. Henckels seit 1731 Messer von herausragender Qualit\u00e4t her.","breadcrumb":{"@id":"https:\/\/www.erresse-shop.it\/de\/shop\/kuche\/messer\/zwilling-profile-gemuesemesser-8-cm\/#breadcrumb"},"inLanguage":"de-DE","potentialAction":[{"@type":"ReadAction","target":["https:\/\/www.erresse-shop.it\/de\/shop\/kuche\/messer\/zwilling-profile-gemuesemesser-8-cm\/"]}]},{"@type":"BreadcrumbList","@id":"https:\/\/www.erresse-shop.it\/de\/shop\/kuche\/messer\/zwilling-profile-gemuesemesser-8-cm\/#breadcrumb","itemListElement":[{"@type":"ListItem","position":1,"name":"Home","item":"https:\/\/www.erresse-shop.it\/de\/"},{"@type":"ListItem","position":2,"name":"Shop","item":"https:\/\/www.erresse-shop.it\/de\/shop\/"},{"@type":"ListItem","position":3,"name":"ZWILLING Profile Gem\u00fcsemesser 8 cm"}]},{"@type":"WebSite","@id":"https:\/\/www.erresse-shop.it\/de\/#website","url":"https:\/\/www.erresse-shop.it\/de\/","name":"Erresse Shop","description":"Articoli di qualit\u00e0 per la casa","potentialAction":[{"@type":"SearchAction","target":{"@type":"EntryPoint","urlTemplate":"https:\/\/www.erresse-shop.it\/de\/?s={search_term_string}"},"query-input":"required name=search_term_string"}],"inLanguage":"de-DE"}]}},"df_price":32.5,"df_sale_price":32.5,"df_regular_price":44.95,"df_image_link":"https:\/\/www.erresse-shop.it\/wp-content\/uploads\/2025\/12\/ZWILLING-Profile-Coltello-da-Verdura-8-cm-300x300.jpg","_links":{"self":[{"href":"https:\/\/www.erresse-shop.it\/de\/wp-json\/wp\/v2\/product\/518631"}],"collection":[{"href":"https:\/\/www.erresse-shop.it\/de\/wp-json\/wp\/v2\/product"}],"about":[{"href":"https:\/\/www.erresse-shop.it\/de\/wp-json\/wp\/v2\/types\/product"}],"wp:featuredmedia":[{"embeddable":true,"href":"https:\/\/www.erresse-shop.it\/de\/wp-json\/wp\/v2\/media\/518639"}],"wp:attachment":[{"href":"https:\/\/www.erresse-shop.it\/de\/wp-json\/wp\/v2\/media?parent=518631"}],"wp:term":[{"taxonomy":"product_cat","embeddable":true,"href":"https:\/\/www.erresse-shop.it\/de\/wp-json\/wp\/v2\/product_cat?post=518631"},{"taxonomy":"product_tag","embeddable":true,"href":"https:\/\/www.erresse-shop.it\/de\/wp-json\/wp\/v2\/product_tag?post=518631"}],"curies":[{"name":"wp","href":"https:\/\/api.w.org\/{rel}","templated":true}]}}