{"id":518576,"date":"2025-12-03T11:12:11","date_gmt":"2025-12-03T11:12:12","guid":{"rendered":"https:\/\/www.erresse-shop.it\/?post_type=product&#038;p=518576"},"modified":"2025-12-03T14:09:52","modified_gmt":"2025-12-03T14:09:52","slug":"opposit-set-mit-6-glaesern","status":"publish","type":"product","link":"https:\/\/www.erresse-shop.it\/de\/shop\/tisch\/trinkglaeser\/opposit-set-mit-6-glaesern\/","title":{"rendered":"OPPOSIT Set mit 6 Weihnachtsgl\u00e4ser"},"content":{"rendered":"<p>Verleihen Sie Ihren Getr\u00e4nken mit unseren bezaubernden Gl\u00e4sern einen festlichen Touch! Dieses entz\u00fcckende Gl\u00e4serset ist mit kleinen Weihnachtsfiguren verziert. Ideal, um Ihre Getr\u00e4nke auf der perfekten Temperatur zu halten und jedem Drink einen Hauch von Weihnachtsstimmung zu verleihen.<\/p>\n<p>Material: Glas<\/p>\n","protected":false},"excerpt":{"rendered":"<p>Verleihen Sie Ihren Getr\u00e4nken mit unseren bezaubernden Gl\u00e4sern einen festlichen Touch! Dieses entz\u00fcckende Gl\u00e4serset ist mit kleinen Weihnachtsfiguren verziert. Ideal,<\/p>\n","protected":false},"featured_media":518586,"template":"","meta":{"_acf_changed":false,"inline_featured_image":false},"product_cat":[6787,6811],"product_tag":[11479,23911,11895,11489,21330],"acf":[],"yoast_head":"<!-- This site is optimized with the Yoast SEO Premium plugin v18.6 (Yoast SEO v19.13) - https:\/\/yoast.com\/wordpress\/plugins\/seo\/ -->\n<title>OPPOSIT Set mit 6 Weihnachtsgl\u00e4ser - Erresse Shop<\/title>\n<meta name=\"description\" content=\"Verleihen Sie Ihren Getr\u00e4nken mit unseren bezaubernden Gl\u00e4sern einen festlichen Touch! Dieses entz\u00fcckende Gl\u00e4serset ist mit kleinen Weihnachtsfiguren\" \/>\n<meta name=\"robots\" content=\"index, follow, max-snippet:-1, max-image-preview:large, max-video-preview:-1\" \/>\n<link rel=\"canonical\" href=\"https:\/\/www.erresse-shop.it\/de\/shop\/tisch\/trinkglaeser\/opposit-set-mit-6-glaesern\/\" \/>\n<meta property=\"og:locale\" content=\"de_DE\" \/>\n<meta property=\"og:type\" content=\"article\" \/>\n<meta property=\"og:title\" content=\"OPPOSIT Set mit 6 Weihnachtsgl\u00e4ser\" \/>\n<meta property=\"og:description\" content=\"Verleihen Sie Ihren Getr\u00e4nken mit unseren bezaubernden Gl\u00e4sern einen festlichen Touch! Dieses entz\u00fcckende Gl\u00e4serset ist mit kleinen Weihnachtsfiguren\" \/>\n<meta property=\"og:url\" content=\"https:\/\/www.erresse-shop.it\/de\/shop\/tisch\/trinkglaeser\/opposit-set-mit-6-glaesern\/\" \/>\n<meta property=\"og:site_name\" content=\"Erresse Shop\" \/>\n<meta property=\"article:modified_time\" content=\"2025-12-03T14:09:52+00:00\" \/>\n<meta property=\"og:image\" content=\"https:\/\/www.erresse-shop.it\/wp-content\/uploads\/2025\/12\/OPPOSIT-Set-6-Bicchieri.jpg\" \/>\n\t<meta property=\"og:image:width\" content=\"1200\" \/>\n\t<meta property=\"og:image:height\" content=\"1200\" \/>\n\t<meta property=\"og:image:type\" content=\"image\/jpeg\" \/>\n<meta name=\"twitter:card\" content=\"summary_large_image\" \/>\n<script type=\"application\/ld+json\" class=\"yoast-schema-graph\">{\"@context\":\"https:\/\/schema.org\",\"@graph\":[{\"@type\":\"WebPage\",\"@id\":\"https:\/\/www.erresse-shop.it\/de\/shop\/tisch\/trinkglaeser\/opposit-set-mit-6-glaesern\/\",\"url\":\"https:\/\/www.erresse-shop.it\/de\/shop\/tisch\/trinkglaeser\/opposit-set-mit-6-glaesern\/\",\"name\":\"OPPOSIT Set mit 6 Weihnachtsgl\u00e4ser - Erresse Shop\",\"isPartOf\":{\"@id\":\"https:\/\/www.erresse-shop.it\/de\/#website\"},\"datePublished\":\"2025-12-03T11:12:12+00:00\",\"dateModified\":\"2025-12-03T14:09:52+00:00\",\"description\":\"Verleihen Sie Ihren Getr\u00e4nken mit unseren bezaubernden Gl\u00e4sern einen festlichen Touch! Dieses entz\u00fcckende Gl\u00e4serset ist mit kleinen Weihnachtsfiguren\",\"breadcrumb\":{\"@id\":\"https:\/\/www.erresse-shop.it\/de\/shop\/tisch\/trinkglaeser\/opposit-set-mit-6-glaesern\/#breadcrumb\"},\"inLanguage\":\"de-DE\",\"potentialAction\":[{\"@type\":\"ReadAction\",\"target\":[\"https:\/\/www.erresse-shop.it\/de\/shop\/tisch\/trinkglaeser\/opposit-set-mit-6-glaesern\/\"]}]},{\"@type\":\"BreadcrumbList\",\"@id\":\"https:\/\/www.erresse-shop.it\/de\/shop\/tisch\/trinkglaeser\/opposit-set-mit-6-glaesern\/#breadcrumb\",\"itemListElement\":[{\"@type\":\"ListItem\",\"position\":1,\"name\":\"Home\",\"item\":\"https:\/\/www.erresse-shop.it\/de\/\"},{\"@type\":\"ListItem\",\"position\":2,\"name\":\"Shop\",\"item\":\"https:\/\/www.erresse-shop.it\/de\/shop\/\"},{\"@type\":\"ListItem\",\"position\":3,\"name\":\"OPPOSIT Set mit 6 Weihnachtsgl\u00e4ser\"}]},{\"@type\":\"WebSite\",\"@id\":\"https:\/\/www.erresse-shop.it\/de\/#website\",\"url\":\"https:\/\/www.erresse-shop.it\/de\/\",\"name\":\"Erresse Shop\",\"description\":\"Articoli di qualit\u00e0 per la casa\",\"potentialAction\":[{\"@type\":\"SearchAction\",\"target\":{\"@type\":\"EntryPoint\",\"urlTemplate\":\"https:\/\/www.erresse-shop.it\/de\/?s={search_term_string}\"},\"query-input\":\"required name=search_term_string\"}],\"inLanguage\":\"de-DE\"}]}<\/script>\n<!-- \/ Yoast SEO Premium plugin. -->","yoast_head_json":{"title":"OPPOSIT Set mit 6 Weihnachtsgl\u00e4ser - Erresse Shop","description":"Verleihen Sie Ihren Getr\u00e4nken mit unseren bezaubernden Gl\u00e4sern einen festlichen Touch! Dieses entz\u00fcckende Gl\u00e4serset ist mit kleinen Weihnachtsfiguren","robots":{"index":"index","follow":"follow","max-snippet":"max-snippet:-1","max-image-preview":"max-image-preview:large","max-video-preview":"max-video-preview:-1"},"canonical":"https:\/\/www.erresse-shop.it\/de\/shop\/tisch\/trinkglaeser\/opposit-set-mit-6-glaesern\/","og_locale":"de_DE","og_type":"article","og_title":"OPPOSIT Set mit 6 Weihnachtsgl\u00e4ser","og_description":"Verleihen Sie Ihren Getr\u00e4nken mit unseren bezaubernden Gl\u00e4sern einen festlichen Touch! Dieses entz\u00fcckende Gl\u00e4serset ist mit kleinen Weihnachtsfiguren","og_url":"https:\/\/www.erresse-shop.it\/de\/shop\/tisch\/trinkglaeser\/opposit-set-mit-6-glaesern\/","og_site_name":"Erresse Shop","article_modified_time":"2025-12-03T14:09:52+00:00","og_image":[{"width":1200,"height":1200,"url":"https:\/\/www.erresse-shop.it\/wp-content\/uploads\/2025\/12\/OPPOSIT-Set-6-Bicchieri.jpg","type":"image\/jpeg"}],"twitter_card":"summary_large_image","schema":{"@context":"https:\/\/schema.org","@graph":[{"@type":"WebPage","@id":"https:\/\/www.erresse-shop.it\/de\/shop\/tisch\/trinkglaeser\/opposit-set-mit-6-glaesern\/","url":"https:\/\/www.erresse-shop.it\/de\/shop\/tisch\/trinkglaeser\/opposit-set-mit-6-glaesern\/","name":"OPPOSIT Set mit 6 Weihnachtsgl\u00e4ser - Erresse Shop","isPartOf":{"@id":"https:\/\/www.erresse-shop.it\/de\/#website"},"datePublished":"2025-12-03T11:12:12+00:00","dateModified":"2025-12-03T14:09:52+00:00","description":"Verleihen Sie Ihren Getr\u00e4nken mit unseren bezaubernden Gl\u00e4sern einen festlichen Touch! Dieses entz\u00fcckende Gl\u00e4serset ist mit kleinen Weihnachtsfiguren","breadcrumb":{"@id":"https:\/\/www.erresse-shop.it\/de\/shop\/tisch\/trinkglaeser\/opposit-set-mit-6-glaesern\/#breadcrumb"},"inLanguage":"de-DE","potentialAction":[{"@type":"ReadAction","target":["https:\/\/www.erresse-shop.it\/de\/shop\/tisch\/trinkglaeser\/opposit-set-mit-6-glaesern\/"]}]},{"@type":"BreadcrumbList","@id":"https:\/\/www.erresse-shop.it\/de\/shop\/tisch\/trinkglaeser\/opposit-set-mit-6-glaesern\/#breadcrumb","itemListElement":[{"@type":"ListItem","position":1,"name":"Home","item":"https:\/\/www.erresse-shop.it\/de\/"},{"@type":"ListItem","position":2,"name":"Shop","item":"https:\/\/www.erresse-shop.it\/de\/shop\/"},{"@type":"ListItem","position":3,"name":"OPPOSIT Set mit 6 Weihnachtsgl\u00e4ser"}]},{"@type":"WebSite","@id":"https:\/\/www.erresse-shop.it\/de\/#website","url":"https:\/\/www.erresse-shop.it\/de\/","name":"Erresse Shop","description":"Articoli di qualit\u00e0 per la casa","potentialAction":[{"@type":"SearchAction","target":{"@type":"EntryPoint","urlTemplate":"https:\/\/www.erresse-shop.it\/de\/?s={search_term_string}"},"query-input":"required name=search_term_string"}],"inLanguage":"de-DE"}]}},"df_price":51.45,"df_sale_price":51.45,"df_regular_price":73.5,"df_image_link":"https:\/\/www.erresse-shop.it\/wp-content\/uploads\/2025\/12\/OPPOSIT-Set-6-Bicchieri-300x300.jpg","_links":{"self":[{"href":"https:\/\/www.erresse-shop.it\/de\/wp-json\/wp\/v2\/product\/518576"}],"collection":[{"href":"https:\/\/www.erresse-shop.it\/de\/wp-json\/wp\/v2\/product"}],"about":[{"href":"https:\/\/www.erresse-shop.it\/de\/wp-json\/wp\/v2\/types\/product"}],"wp:featuredmedia":[{"embeddable":true,"href":"https:\/\/www.erresse-shop.it\/de\/wp-json\/wp\/v2\/media\/518586"}],"wp:attachment":[{"href":"https:\/\/www.erresse-shop.it\/de\/wp-json\/wp\/v2\/media?parent=518576"}],"wp:term":[{"taxonomy":"product_cat","embeddable":true,"href":"https:\/\/www.erresse-shop.it\/de\/wp-json\/wp\/v2\/product_cat?post=518576"},{"taxonomy":"product_tag","embeddable":true,"href":"https:\/\/www.erresse-shop.it\/de\/wp-json\/wp\/v2\/product_tag?post=518576"}],"curies":[{"name":"wp","href":"https:\/\/api.w.org\/{rel}","templated":true}]}}