{"id":518521,"date":"2025-12-03T10:31:45","date_gmt":"2025-12-03T10:31:47","guid":{"rendered":"https:\/\/www.erresse-shop.it\/?post_type=product&#038;p=518521"},"modified":"2025-12-03T11:55:05","modified_gmt":"2025-12-03T11:55:05","slug":"opposit-set-mit-2-glaesern-gnom","status":"publish","type":"product","link":"https:\/\/www.erresse-shop.it\/de\/shop\/tisch\/trinkglaeser\/opposit-set-mit-2-glaesern-gnom\/","title":{"rendered":"OPPOSIT Set mit 2 Gl\u00e4sern Weihnachtswichtel"},"content":{"rendered":"<p>Verleihen Sie Ihren Getr\u00e4nken mit unseren bezaubernden Gl\u00e4sern eine festliche Note! Dieses entz\u00fcckende 2er-Set ist mit einem kleinen Weihnachtswichtel verziert.<br \/>\nPerfekt, um Ihre Getr\u00e4nke auf der idealen Temperatur zu halten und jedem Drink einen Hauch von Weihnachtsstimmung zu verleihen.<\/p>\n<p>Material: Glas<\/p>\n","protected":false},"excerpt":{"rendered":"<p>Verleihen Sie Ihren Getr\u00e4nken mit unseren bezaubernden Gl\u00e4sern eine festliche Note! Dieses entz\u00fcckende 2er-Set ist mit einem kleinen Weihnachtswichtel verziert.<\/p>\n","protected":false},"featured_media":518536,"template":"","meta":{"_acf_changed":false,"inline_featured_image":false},"product_cat":[6787,6811],"product_tag":[11479,23911,11895,11489,21330],"acf":[],"yoast_head":"<!-- This site is optimized with the Yoast SEO Premium plugin v18.6 (Yoast SEO v19.13) - https:\/\/yoast.com\/wordpress\/plugins\/seo\/ -->\n<title>OPPOSIT Set mit 2 Gl\u00e4sern Weihnachtswichtel - Erresse Shop<\/title>\n<meta name=\"description\" content=\"Verleihen Sie Ihren Getr\u00e4nken mit unseren bezaubernden Gl\u00e4sern eine festliche Note! Dieses entz\u00fcckende 2er-Set ist mit einem kleinen Weihnachtswichtel\" \/>\n<meta name=\"robots\" content=\"index, follow, max-snippet:-1, max-image-preview:large, max-video-preview:-1\" \/>\n<link rel=\"canonical\" href=\"https:\/\/www.erresse-shop.it\/de\/shop\/tisch\/trinkglaeser\/opposit-set-mit-2-glaesern-gnom\/\" \/>\n<meta property=\"og:locale\" content=\"de_DE\" \/>\n<meta property=\"og:type\" content=\"article\" \/>\n<meta property=\"og:title\" content=\"OPPOSIT Set mit 2 Gl\u00e4sern Weihnachtswichtel\" \/>\n<meta property=\"og:description\" content=\"Verleihen Sie Ihren Getr\u00e4nken mit unseren bezaubernden Gl\u00e4sern eine festliche Note! Dieses entz\u00fcckende 2er-Set ist mit einem kleinen Weihnachtswichtel\" \/>\n<meta property=\"og:url\" content=\"https:\/\/www.erresse-shop.it\/de\/shop\/tisch\/trinkglaeser\/opposit-set-mit-2-glaesern-gnom\/\" \/>\n<meta property=\"og:site_name\" content=\"Erresse Shop\" \/>\n<meta property=\"article:modified_time\" content=\"2025-12-03T11:55:05+00:00\" \/>\n<meta property=\"og:image\" content=\"https:\/\/www.erresse-shop.it\/wp-content\/uploads\/2025\/12\/OPPOSIT-Set-2-Bicchieri-Gnomo.jpg\" \/>\n\t<meta property=\"og:image:width\" content=\"1200\" \/>\n\t<meta property=\"og:image:height\" content=\"1200\" \/>\n\t<meta property=\"og:image:type\" content=\"image\/jpeg\" \/>\n<meta name=\"twitter:card\" content=\"summary_large_image\" \/>\n<script type=\"application\/ld+json\" class=\"yoast-schema-graph\">{\"@context\":\"https:\/\/schema.org\",\"@graph\":[{\"@type\":\"WebPage\",\"@id\":\"https:\/\/www.erresse-shop.it\/de\/shop\/tisch\/trinkglaeser\/opposit-set-mit-2-glaesern-gnom\/\",\"url\":\"https:\/\/www.erresse-shop.it\/de\/shop\/tisch\/trinkglaeser\/opposit-set-mit-2-glaesern-gnom\/\",\"name\":\"OPPOSIT Set mit 2 Gl\u00e4sern Weihnachtswichtel - Erresse Shop\",\"isPartOf\":{\"@id\":\"https:\/\/www.erresse-shop.it\/de\/#website\"},\"datePublished\":\"2025-12-03T10:31:47+00:00\",\"dateModified\":\"2025-12-03T11:55:05+00:00\",\"description\":\"Verleihen Sie Ihren Getr\u00e4nken mit unseren bezaubernden Gl\u00e4sern eine festliche Note! Dieses entz\u00fcckende 2er-Set ist mit einem kleinen Weihnachtswichtel\",\"breadcrumb\":{\"@id\":\"https:\/\/www.erresse-shop.it\/de\/shop\/tisch\/trinkglaeser\/opposit-set-mit-2-glaesern-gnom\/#breadcrumb\"},\"inLanguage\":\"de-DE\",\"potentialAction\":[{\"@type\":\"ReadAction\",\"target\":[\"https:\/\/www.erresse-shop.it\/de\/shop\/tisch\/trinkglaeser\/opposit-set-mit-2-glaesern-gnom\/\"]}]},{\"@type\":\"BreadcrumbList\",\"@id\":\"https:\/\/www.erresse-shop.it\/de\/shop\/tisch\/trinkglaeser\/opposit-set-mit-2-glaesern-gnom\/#breadcrumb\",\"itemListElement\":[{\"@type\":\"ListItem\",\"position\":1,\"name\":\"Home\",\"item\":\"https:\/\/www.erresse-shop.it\/de\/\"},{\"@type\":\"ListItem\",\"position\":2,\"name\":\"Shop\",\"item\":\"https:\/\/www.erresse-shop.it\/de\/shop\/\"},{\"@type\":\"ListItem\",\"position\":3,\"name\":\"OPPOSIT Set mit 2 Gl\u00e4sern Weihnachtswichtel\"}]},{\"@type\":\"WebSite\",\"@id\":\"https:\/\/www.erresse-shop.it\/de\/#website\",\"url\":\"https:\/\/www.erresse-shop.it\/de\/\",\"name\":\"Erresse Shop\",\"description\":\"Articoli di qualit\u00e0 per la casa\",\"potentialAction\":[{\"@type\":\"SearchAction\",\"target\":{\"@type\":\"EntryPoint\",\"urlTemplate\":\"https:\/\/www.erresse-shop.it\/de\/?s={search_term_string}\"},\"query-input\":\"required name=search_term_string\"}],\"inLanguage\":\"de-DE\"}]}<\/script>\n<!-- \/ Yoast SEO Premium plugin. -->","yoast_head_json":{"title":"OPPOSIT Set mit 2 Gl\u00e4sern Weihnachtswichtel - Erresse Shop","description":"Verleihen Sie Ihren Getr\u00e4nken mit unseren bezaubernden Gl\u00e4sern eine festliche Note! Dieses entz\u00fcckende 2er-Set ist mit einem kleinen Weihnachtswichtel","robots":{"index":"index","follow":"follow","max-snippet":"max-snippet:-1","max-image-preview":"max-image-preview:large","max-video-preview":"max-video-preview:-1"},"canonical":"https:\/\/www.erresse-shop.it\/de\/shop\/tisch\/trinkglaeser\/opposit-set-mit-2-glaesern-gnom\/","og_locale":"de_DE","og_type":"article","og_title":"OPPOSIT Set mit 2 Gl\u00e4sern Weihnachtswichtel","og_description":"Verleihen Sie Ihren Getr\u00e4nken mit unseren bezaubernden Gl\u00e4sern eine festliche Note! Dieses entz\u00fcckende 2er-Set ist mit einem kleinen Weihnachtswichtel","og_url":"https:\/\/www.erresse-shop.it\/de\/shop\/tisch\/trinkglaeser\/opposit-set-mit-2-glaesern-gnom\/","og_site_name":"Erresse Shop","article_modified_time":"2025-12-03T11:55:05+00:00","og_image":[{"width":1200,"height":1200,"url":"https:\/\/www.erresse-shop.it\/wp-content\/uploads\/2025\/12\/OPPOSIT-Set-2-Bicchieri-Gnomo.jpg","type":"image\/jpeg"}],"twitter_card":"summary_large_image","schema":{"@context":"https:\/\/schema.org","@graph":[{"@type":"WebPage","@id":"https:\/\/www.erresse-shop.it\/de\/shop\/tisch\/trinkglaeser\/opposit-set-mit-2-glaesern-gnom\/","url":"https:\/\/www.erresse-shop.it\/de\/shop\/tisch\/trinkglaeser\/opposit-set-mit-2-glaesern-gnom\/","name":"OPPOSIT Set mit 2 Gl\u00e4sern Weihnachtswichtel - Erresse Shop","isPartOf":{"@id":"https:\/\/www.erresse-shop.it\/de\/#website"},"datePublished":"2025-12-03T10:31:47+00:00","dateModified":"2025-12-03T11:55:05+00:00","description":"Verleihen Sie Ihren Getr\u00e4nken mit unseren bezaubernden Gl\u00e4sern eine festliche Note! Dieses entz\u00fcckende 2er-Set ist mit einem kleinen Weihnachtswichtel","breadcrumb":{"@id":"https:\/\/www.erresse-shop.it\/de\/shop\/tisch\/trinkglaeser\/opposit-set-mit-2-glaesern-gnom\/#breadcrumb"},"inLanguage":"de-DE","potentialAction":[{"@type":"ReadAction","target":["https:\/\/www.erresse-shop.it\/de\/shop\/tisch\/trinkglaeser\/opposit-set-mit-2-glaesern-gnom\/"]}]},{"@type":"BreadcrumbList","@id":"https:\/\/www.erresse-shop.it\/de\/shop\/tisch\/trinkglaeser\/opposit-set-mit-2-glaesern-gnom\/#breadcrumb","itemListElement":[{"@type":"ListItem","position":1,"name":"Home","item":"https:\/\/www.erresse-shop.it\/de\/"},{"@type":"ListItem","position":2,"name":"Shop","item":"https:\/\/www.erresse-shop.it\/de\/shop\/"},{"@type":"ListItem","position":3,"name":"OPPOSIT Set mit 2 Gl\u00e4sern Weihnachtswichtel"}]},{"@type":"WebSite","@id":"https:\/\/www.erresse-shop.it\/de\/#website","url":"https:\/\/www.erresse-shop.it\/de\/","name":"Erresse Shop","description":"Articoli di qualit\u00e0 per la casa","potentialAction":[{"@type":"SearchAction","target":{"@type":"EntryPoint","urlTemplate":"https:\/\/www.erresse-shop.it\/de\/?s={search_term_string}"},"query-input":"required name=search_term_string"}],"inLanguage":"de-DE"}]}},"df_price":19.95,"df_sale_price":19.95,"df_regular_price":24.5,"df_image_link":"https:\/\/www.erresse-shop.it\/wp-content\/uploads\/2025\/12\/OPPOSIT-Set-2-Bicchieri-Gnomo-300x300.jpg","_links":{"self":[{"href":"https:\/\/www.erresse-shop.it\/de\/wp-json\/wp\/v2\/product\/518521"}],"collection":[{"href":"https:\/\/www.erresse-shop.it\/de\/wp-json\/wp\/v2\/product"}],"about":[{"href":"https:\/\/www.erresse-shop.it\/de\/wp-json\/wp\/v2\/types\/product"}],"wp:featuredmedia":[{"embeddable":true,"href":"https:\/\/www.erresse-shop.it\/de\/wp-json\/wp\/v2\/media\/518536"}],"wp:attachment":[{"href":"https:\/\/www.erresse-shop.it\/de\/wp-json\/wp\/v2\/media?parent=518521"}],"wp:term":[{"taxonomy":"product_cat","embeddable":true,"href":"https:\/\/www.erresse-shop.it\/de\/wp-json\/wp\/v2\/product_cat?post=518521"},{"taxonomy":"product_tag","embeddable":true,"href":"https:\/\/www.erresse-shop.it\/de\/wp-json\/wp\/v2\/product_tag?post=518521"}],"curies":[{"name":"wp","href":"https:\/\/api.w.org\/{rel}","templated":true}]}}