{"id":518463,"date":"2025-12-02T14:49:32","date_gmt":"2025-12-02T14:49:34","guid":{"rendered":"https:\/\/www.erresse-shop.it\/?post_type=product&#038;p=518463"},"modified":"2026-02-03T07:47:19","modified_gmt":"2026-02-03T07:47:19","slug":"toms-drag-energiespirale","status":"publish","type":"product","link":"https:\/\/www.erresse-shop.it\/de\/shop\/einrichtung-haus\/dekoartikel\/toms-drag-energiespirale\/","title":{"rendered":"TOM&#8217;S DRAG Energiespirale"},"content":{"rendered":"<p><strong>Abmessungen<\/strong>: \u00d8 30 cm x 10 cm x H 43 cm<br \/>\n<strong>Material<\/strong>: Mitteldichte Faserplatte (MDF)<\/p>\n<p>Energiespirale aus der Kollektion \u201eGood Vibrations\u201c. Der Name ist Programm. Tom&#8217;s Drags wurden entwickelt, um positive Schwingungen zu verbreiten. Inspiriert von der Gelassenheit des Buddhismus und der Kunst des Loslassens zur Revitalisierung von K\u00f6rper und Geist, entstanden diese au\u00dfergew\u00f6hnlichen Objekte.<\/p>\n","protected":false},"excerpt":{"rendered":"<p>Abmessungen: \u00d8 30 cm x 10 cm x H 43 cm Material: Mitteldichte Faserplatte (MDF) Energiespirale aus der Kollektion \u201eGood<\/p>\n","protected":false},"featured_media":518478,"template":"","meta":{"_acf_changed":false,"inline_featured_image":false},"product_cat":[6817,14442],"product_tag":[25038,16997,25022],"acf":[],"yoast_head":"<!-- This site is optimized with the Yoast SEO Premium plugin v18.6 (Yoast SEO v19.13) - https:\/\/yoast.com\/wordpress\/plugins\/seo\/ -->\n<title>TOM&#039;S DRAG Energiespirale - Erresse Shop<\/title>\n<meta name=\"description\" content=\"Abmessungen: \u00d8 30 cm x 10 cm x H 43 cm Material: Mitteldichte Faserplatte (MDF) Energiespirale aus der Kollektion \u201eGood Vibrations\u201c. Der Name ist\" \/>\n<meta name=\"robots\" content=\"index, follow, max-snippet:-1, max-image-preview:large, max-video-preview:-1\" \/>\n<link rel=\"canonical\" href=\"https:\/\/www.erresse-shop.it\/de\/shop\/einrichtung-haus\/dekoartikel\/toms-drag-energiespirale\/\" \/>\n<meta property=\"og:locale\" content=\"de_DE\" \/>\n<meta property=\"og:type\" content=\"article\" \/>\n<meta property=\"og:title\" content=\"TOM&#039;S DRAG Energiespirale\" \/>\n<meta property=\"og:description\" content=\"Abmessungen: \u00d8 30 cm x 10 cm x H 43 cm Material: Mitteldichte Faserplatte (MDF) Energiespirale aus der Kollektion \u201eGood Vibrations\u201c. Der Name ist\" \/>\n<meta property=\"og:url\" content=\"https:\/\/www.erresse-shop.it\/de\/shop\/einrichtung-haus\/dekoartikel\/toms-drag-energiespirale\/\" \/>\n<meta property=\"og:site_name\" content=\"Erresse Shop\" \/>\n<meta property=\"article:modified_time\" content=\"2026-02-03T07:47:19+00:00\" \/>\n<meta property=\"og:image\" content=\"https:\/\/www.erresse-shop.it\/wp-content\/uploads\/2025\/12\/TOMS-DRAG-Spirale-di-energia.jpg\" \/>\n\t<meta property=\"og:image:width\" content=\"1200\" \/>\n\t<meta property=\"og:image:height\" content=\"1200\" \/>\n\t<meta property=\"og:image:type\" content=\"image\/jpeg\" \/>\n<meta name=\"twitter:card\" content=\"summary_large_image\" \/>\n<script type=\"application\/ld+json\" class=\"yoast-schema-graph\">{\"@context\":\"https:\/\/schema.org\",\"@graph\":[{\"@type\":\"WebPage\",\"@id\":\"https:\/\/www.erresse-shop.it\/de\/shop\/einrichtung-haus\/dekoartikel\/toms-drag-energiespirale\/\",\"url\":\"https:\/\/www.erresse-shop.it\/de\/shop\/einrichtung-haus\/dekoartikel\/toms-drag-energiespirale\/\",\"name\":\"TOM'S DRAG Energiespirale - Erresse Shop\",\"isPartOf\":{\"@id\":\"https:\/\/www.erresse-shop.it\/de\/#website\"},\"datePublished\":\"2025-12-02T14:49:34+00:00\",\"dateModified\":\"2026-02-03T07:47:19+00:00\",\"description\":\"Abmessungen: \u00d8 30 cm x 10 cm x H 43 cm Material: Mitteldichte Faserplatte (MDF) Energiespirale aus der Kollektion \u201eGood Vibrations\u201c. Der Name ist\",\"breadcrumb\":{\"@id\":\"https:\/\/www.erresse-shop.it\/de\/shop\/einrichtung-haus\/dekoartikel\/toms-drag-energiespirale\/#breadcrumb\"},\"inLanguage\":\"de-DE\",\"potentialAction\":[{\"@type\":\"ReadAction\",\"target\":[\"https:\/\/www.erresse-shop.it\/de\/shop\/einrichtung-haus\/dekoartikel\/toms-drag-energiespirale\/\"]}]},{\"@type\":\"BreadcrumbList\",\"@id\":\"https:\/\/www.erresse-shop.it\/de\/shop\/einrichtung-haus\/dekoartikel\/toms-drag-energiespirale\/#breadcrumb\",\"itemListElement\":[{\"@type\":\"ListItem\",\"position\":1,\"name\":\"Home\",\"item\":\"https:\/\/www.erresse-shop.it\/de\/\"},{\"@type\":\"ListItem\",\"position\":2,\"name\":\"Shop\",\"item\":\"https:\/\/www.erresse-shop.it\/de\/shop\/\"},{\"@type\":\"ListItem\",\"position\":3,\"name\":\"TOM&#8217;S DRAG Energiespirale\"}]},{\"@type\":\"WebSite\",\"@id\":\"https:\/\/www.erresse-shop.it\/de\/#website\",\"url\":\"https:\/\/www.erresse-shop.it\/de\/\",\"name\":\"Erresse Shop\",\"description\":\"Articoli di qualit\u00e0 per la casa\",\"potentialAction\":[{\"@type\":\"SearchAction\",\"target\":{\"@type\":\"EntryPoint\",\"urlTemplate\":\"https:\/\/www.erresse-shop.it\/de\/?s={search_term_string}\"},\"query-input\":\"required name=search_term_string\"}],\"inLanguage\":\"de-DE\"}]}<\/script>\n<!-- \/ Yoast SEO Premium plugin. -->","yoast_head_json":{"title":"TOM'S DRAG Energiespirale - Erresse Shop","description":"Abmessungen: \u00d8 30 cm x 10 cm x H 43 cm Material: Mitteldichte Faserplatte (MDF) Energiespirale aus der Kollektion \u201eGood Vibrations\u201c. Der Name ist","robots":{"index":"index","follow":"follow","max-snippet":"max-snippet:-1","max-image-preview":"max-image-preview:large","max-video-preview":"max-video-preview:-1"},"canonical":"https:\/\/www.erresse-shop.it\/de\/shop\/einrichtung-haus\/dekoartikel\/toms-drag-energiespirale\/","og_locale":"de_DE","og_type":"article","og_title":"TOM'S DRAG Energiespirale","og_description":"Abmessungen: \u00d8 30 cm x 10 cm x H 43 cm Material: Mitteldichte Faserplatte (MDF) Energiespirale aus der Kollektion \u201eGood Vibrations\u201c. Der Name ist","og_url":"https:\/\/www.erresse-shop.it\/de\/shop\/einrichtung-haus\/dekoartikel\/toms-drag-energiespirale\/","og_site_name":"Erresse Shop","article_modified_time":"2026-02-03T07:47:19+00:00","og_image":[{"width":1200,"height":1200,"url":"https:\/\/www.erresse-shop.it\/wp-content\/uploads\/2025\/12\/TOMS-DRAG-Spirale-di-energia.jpg","type":"image\/jpeg"}],"twitter_card":"summary_large_image","schema":{"@context":"https:\/\/schema.org","@graph":[{"@type":"WebPage","@id":"https:\/\/www.erresse-shop.it\/de\/shop\/einrichtung-haus\/dekoartikel\/toms-drag-energiespirale\/","url":"https:\/\/www.erresse-shop.it\/de\/shop\/einrichtung-haus\/dekoartikel\/toms-drag-energiespirale\/","name":"TOM'S DRAG Energiespirale - Erresse Shop","isPartOf":{"@id":"https:\/\/www.erresse-shop.it\/de\/#website"},"datePublished":"2025-12-02T14:49:34+00:00","dateModified":"2026-02-03T07:47:19+00:00","description":"Abmessungen: \u00d8 30 cm x 10 cm x H 43 cm Material: Mitteldichte Faserplatte (MDF) Energiespirale aus der Kollektion \u201eGood Vibrations\u201c. Der Name ist","breadcrumb":{"@id":"https:\/\/www.erresse-shop.it\/de\/shop\/einrichtung-haus\/dekoartikel\/toms-drag-energiespirale\/#breadcrumb"},"inLanguage":"de-DE","potentialAction":[{"@type":"ReadAction","target":["https:\/\/www.erresse-shop.it\/de\/shop\/einrichtung-haus\/dekoartikel\/toms-drag-energiespirale\/"]}]},{"@type":"BreadcrumbList","@id":"https:\/\/www.erresse-shop.it\/de\/shop\/einrichtung-haus\/dekoartikel\/toms-drag-energiespirale\/#breadcrumb","itemListElement":[{"@type":"ListItem","position":1,"name":"Home","item":"https:\/\/www.erresse-shop.it\/de\/"},{"@type":"ListItem","position":2,"name":"Shop","item":"https:\/\/www.erresse-shop.it\/de\/shop\/"},{"@type":"ListItem","position":3,"name":"TOM&#8217;S DRAG Energiespirale"}]},{"@type":"WebSite","@id":"https:\/\/www.erresse-shop.it\/de\/#website","url":"https:\/\/www.erresse-shop.it\/de\/","name":"Erresse Shop","description":"Articoli di qualit\u00e0 per la casa","potentialAction":[{"@type":"SearchAction","target":{"@type":"EntryPoint","urlTemplate":"https:\/\/www.erresse-shop.it\/de\/?s={search_term_string}"},"query-input":"required name=search_term_string"}],"inLanguage":"de-DE"}]}},"df_price":199.95,"df_sale_price":199.95,"df_regular_price":299,"df_image_link":"https:\/\/www.erresse-shop.it\/wp-content\/uploads\/2025\/12\/TOMS-DRAG-Spirale-di-energia-300x300.jpg","_links":{"self":[{"href":"https:\/\/www.erresse-shop.it\/de\/wp-json\/wp\/v2\/product\/518463"}],"collection":[{"href":"https:\/\/www.erresse-shop.it\/de\/wp-json\/wp\/v2\/product"}],"about":[{"href":"https:\/\/www.erresse-shop.it\/de\/wp-json\/wp\/v2\/types\/product"}],"wp:featuredmedia":[{"embeddable":true,"href":"https:\/\/www.erresse-shop.it\/de\/wp-json\/wp\/v2\/media\/518478"}],"wp:attachment":[{"href":"https:\/\/www.erresse-shop.it\/de\/wp-json\/wp\/v2\/media?parent=518463"}],"wp:term":[{"taxonomy":"product_cat","embeddable":true,"href":"https:\/\/www.erresse-shop.it\/de\/wp-json\/wp\/v2\/product_cat?post=518463"},{"taxonomy":"product_tag","embeddable":true,"href":"https:\/\/www.erresse-shop.it\/de\/wp-json\/wp\/v2\/product_tag?post=518463"}],"curies":[{"name":"wp","href":"https:\/\/api.w.org\/{rel}","templated":true}]}}