{"id":518212,"date":"2025-12-01T07:10:38","date_gmt":"2025-12-01T07:10:40","guid":{"rendered":"https:\/\/www.erresse-shop.it\/?post_type=product&#038;p=518212"},"modified":"2025-12-01T07:41:42","modified_gmt":"2025-12-01T07:41:42","slug":"jura-kaffeemaschine-e8-cosmic-black","status":"publish","type":"product","link":"https:\/\/www.erresse-shop.it\/de\/shop\/kleine-elektrogeraete\/kaffeemaschinen-espresso\/automatisch\/jura-kaffeemaschine-e8-cosmic-black\/","title":{"rendered":"JURA Kaffeemaschine E8 Cosmic Black"},"content":{"rendered":"<h2>Geliebt, begehrt, bewundert<\/h2>\n<p>Die erfolgreichste Kaffeevollautomat von JURA ist jetzt in der f\u00fcnften Generation erh\u00e4ltlich \u2013 mit innovativen Funktionen und drei au\u00dfergew\u00f6hnlichen Genussmodi. Klassischer Hei\u00dfkaffee, leichter Kaffee und s\u00fc\u00dfer Schaum sorgen mit der E8 f\u00fcr unvergleichliche Genussmomente.<\/p>\n<h3>Innovative Technologie f\u00fcr maximalen Bedienkomfort<\/h3>\n<p>Die E8 bietet beispiellosen Komfort. Dank des Kaffeetimers und des J.O.E.\u00ae Systems ist Ihr Morgenkaffee fertig, sobald Sie aufstehen: der perfekte Start in den Tag.<\/p>\n<p>Der Qualit\u00e4tsassistent gew\u00e4hrleistet eine effizientere Wartung der E8 und maximale Hygiene f\u00fcr ungetr\u00fcbten Genuss. Kaffeeliebhaber navigieren intuitiv durch die verschiedenen, farblich gekennzeichneten Genussmodi auf dem 3,5-Zoll-Farbdisplay mit seitlichen Tasten.<\/p>\n<h3>Moderne Eleganz<\/h3>\n<p>Ihr Design ist ikonisch und die Liebe zum Detail ist un\u00fcbersehbar. Die E8 beweist ihre Pr\u00e4zision durch die Verwendung hochwertiger Materialien, w\u00e4hrend ihre klaren Linien und die Breite von 27 cm Eleganz ausstrahlen.<\/p>\n<p>Ihre Farbe unterstreicht ihr modernes und zeitloses Profil und betont ihren eleganten und raffinierten Charakter.<\/p>\n<p>Klassisch hei\u00df, trendig leicht und s\u00fc\u00df \u2013 f\u00fcr alle, die es lieben.<\/p>\n<p>In ihrer neuesten Generation vereint die E8 drei Genusswelten. Neben traditionellem, hei\u00dfem Kaffee serviert sie leichte Kaffeespezialit\u00e4ten in der perfekten Temperatur und l\u00e4dt dazu ein, einen zart-s\u00fc\u00dfen Abgang zu genie\u00dfen.<\/p>\n<p>Ihr Sortiment umfasst 27 Spezialit\u00e4ten, die jedem Kaffeemoment die passende Note und ein harmonisches Aroma verleihen: von hei\u00df \u00fcber leicht bis s\u00fc\u00df.<\/p>\n<p>Pr\u00e4ziser Mahlgrad f\u00fcr jede Kaffeespezialit\u00e4t.<\/p>\n<p>Premium-Kaffee ist das Ergebnis feinster Zutaten und perfekter Zubereitung. Damit jede Spezialit\u00e4t von der ersten Tasse an perfekt zubereitet ist, ist die E8 mit einem P.A.G.2-Mahlwerk ausgestattet.<\/p>\n<p>Die P.A.G.2 kehrt nach jedem Mahlvorgang in ihre Ausgangsposition zur\u00fcck, wodurch das Kaffeearoma optimal freigesetzt wird. Die M\u00fchle zeichnet sich zudem durch gleichbleibende Leistung und eine lange Lebensdauer aus.<\/p>\n<p><strong>Verf\u00fcgbare Spezialit\u00e4ten:<\/strong><\/p>\n<ul>\n<li><strong>27 Kaffeespezialit\u00e4ten, darunter:<\/strong> Espresso, Filterkaffee, Americano, Lungo, Cortado (auch s\u00fc\u00df\/leicht gebr\u00fcht), Cappuccino (auch s\u00fc\u00df\/leicht gebr\u00fcht), Flat White (auch s\u00fc\u00df\/leicht gebr\u00fcht), Latte Macchiato (auch s\u00fc\u00df\/leicht gebr\u00fcht), Milchschaumportion, Hei\u00dfwasser.<\/li>\n<\/ul>\n<p><strong>Technische Daten:<\/strong><\/p>\n<ul>\n<li>Wassertank: 1,9 l<\/li>\n<li>Kaffeebohnenbeh\u00e4lter: 280 g<\/li>\n<li>Kaffeepulverbeh\u00e4lter: 16 Portionen<\/li>\n<li>Gewicht: 10 kg<\/li>\n<li>Abmessungen: 27 \u00d7 34,8 \u00d7 44,6 cm cm<\/li>\n<li>Leistung: 1450 W<\/li>\n<\/ul>\n<p>&nbsp;<\/p>\n<p><strong>Weitere Details:<\/strong><\/p>\n<ul>\n<li>Herstellungsland: Portugal<\/li>\n<li>Modelljahr: 2025<\/li>\n<\/ul>\n<p>&nbsp;<\/p>\n","protected":false},"excerpt":{"rendered":"<p>Geliebt, begehrt, bewundert Die erfolgreichste Kaffeevollautomat von JURA ist jetzt in der f\u00fcnften Generation erh\u00e4ltlich \u2013 mit innovativen Funktionen und<\/p>\n","protected":false},"featured_media":518247,"template":"","meta":{"_acf_changed":false,"inline_featured_image":false},"product_cat":[6733,6703,25361],"product_tag":[23569,23564,20766,13966],"acf":[],"yoast_head":"<!-- This site is optimized with the Yoast SEO Premium plugin v18.6 (Yoast SEO v19.13) - https:\/\/yoast.com\/wordpress\/plugins\/seo\/ -->\n<title>JURA Kaffeemaschine C8 Piano Black<\/title>\n<meta name=\"description\" content=\"Entdecken Sie JURA Kaffeemaschine C8 Piano Black bei ErresseShop. Qualit\u00e4t, Stil und Funktionalit\u00e4t \u2013 jetzt online bestellen!\" \/>\n<meta name=\"robots\" content=\"index, follow, max-snippet:-1, max-image-preview:large, max-video-preview:-1\" \/>\n<link rel=\"canonical\" href=\"https:\/\/www.erresse-shop.it\/de\/shop\/kleine-elektrogeraete\/kaffeemaschinen-espresso\/automatisch\/jura-kaffeemaschine-e8-cosmic-black\/\" \/>\n<meta property=\"og:locale\" content=\"de_DE\" \/>\n<meta property=\"og:type\" content=\"article\" \/>\n<meta property=\"og:title\" content=\"JURA Kaffeemaschine E8 Cosmic Black\" \/>\n<meta property=\"og:description\" content=\"Entdecken Sie JURA Kaffeemaschine C8 Piano Black bei ErresseShop. Qualit\u00e4t, Stil und Funktionalit\u00e4t \u2013 jetzt online bestellen!\" \/>\n<meta property=\"og:url\" content=\"https:\/\/www.erresse-shop.it\/de\/shop\/kleine-elektrogeraete\/kaffeemaschinen-espresso\/automatisch\/jura-kaffeemaschine-e8-cosmic-black\/\" \/>\n<meta property=\"og:site_name\" content=\"Erresse Shop\" \/>\n<meta property=\"article:modified_time\" content=\"2025-12-01T07:41:42+00:00\" \/>\n<meta property=\"og:image\" content=\"https:\/\/www.erresse-shop.it\/wp-content\/uploads\/2025\/12\/JURA-Macchina-Da-Caffe-E8-Cosmic-Black.jpg\" \/>\n\t<meta property=\"og:image:width\" content=\"1200\" \/>\n\t<meta property=\"og:image:height\" content=\"1200\" \/>\n\t<meta property=\"og:image:type\" content=\"image\/jpeg\" \/>\n<meta name=\"twitter:card\" content=\"summary_large_image\" \/>\n<script type=\"application\/ld+json\" class=\"yoast-schema-graph\">{\"@context\":\"https:\/\/schema.org\",\"@graph\":[{\"@type\":\"WebPage\",\"@id\":\"https:\/\/www.erresse-shop.it\/de\/shop\/kleine-elektrogeraete\/kaffeemaschinen-espresso\/automatisch\/jura-kaffeemaschine-e8-cosmic-black\/\",\"url\":\"https:\/\/www.erresse-shop.it\/de\/shop\/kleine-elektrogeraete\/kaffeemaschinen-espresso\/automatisch\/jura-kaffeemaschine-e8-cosmic-black\/\",\"name\":\"JURA Kaffeemaschine C8 Piano Black\",\"isPartOf\":{\"@id\":\"https:\/\/www.erresse-shop.it\/de\/#website\"},\"datePublished\":\"2025-12-01T07:10:40+00:00\",\"dateModified\":\"2025-12-01T07:41:42+00:00\",\"description\":\"Entdecken Sie JURA Kaffeemaschine C8 Piano Black bei ErresseShop. Qualit\u00e4t, Stil und Funktionalit\u00e4t \u2013 jetzt online bestellen!\",\"breadcrumb\":{\"@id\":\"https:\/\/www.erresse-shop.it\/de\/shop\/kleine-elektrogeraete\/kaffeemaschinen-espresso\/automatisch\/jura-kaffeemaschine-e8-cosmic-black\/#breadcrumb\"},\"inLanguage\":\"de-DE\",\"potentialAction\":[{\"@type\":\"ReadAction\",\"target\":[\"https:\/\/www.erresse-shop.it\/de\/shop\/kleine-elektrogeraete\/kaffeemaschinen-espresso\/automatisch\/jura-kaffeemaschine-e8-cosmic-black\/\"]}]},{\"@type\":\"BreadcrumbList\",\"@id\":\"https:\/\/www.erresse-shop.it\/de\/shop\/kleine-elektrogeraete\/kaffeemaschinen-espresso\/automatisch\/jura-kaffeemaschine-e8-cosmic-black\/#breadcrumb\",\"itemListElement\":[{\"@type\":\"ListItem\",\"position\":1,\"name\":\"Home\",\"item\":\"https:\/\/www.erresse-shop.it\/de\/\"},{\"@type\":\"ListItem\",\"position\":2,\"name\":\"Shop\",\"item\":\"https:\/\/www.erresse-shop.it\/de\/shop\/\"},{\"@type\":\"ListItem\",\"position\":3,\"name\":\"JURA Kaffeemaschine E8 Cosmic Black\"}]},{\"@type\":\"WebSite\",\"@id\":\"https:\/\/www.erresse-shop.it\/de\/#website\",\"url\":\"https:\/\/www.erresse-shop.it\/de\/\",\"name\":\"Erresse Shop\",\"description\":\"Articoli di qualit\u00e0 per la casa\",\"potentialAction\":[{\"@type\":\"SearchAction\",\"target\":{\"@type\":\"EntryPoint\",\"urlTemplate\":\"https:\/\/www.erresse-shop.it\/de\/?s={search_term_string}\"},\"query-input\":\"required name=search_term_string\"}],\"inLanguage\":\"de-DE\"}]}<\/script>\n<!-- \/ Yoast SEO Premium plugin. -->","yoast_head_json":{"title":"JURA Kaffeemaschine C8 Piano Black","description":"Entdecken Sie JURA Kaffeemaschine C8 Piano Black bei ErresseShop. Qualit\u00e4t, Stil und Funktionalit\u00e4t \u2013 jetzt online bestellen!","robots":{"index":"index","follow":"follow","max-snippet":"max-snippet:-1","max-image-preview":"max-image-preview:large","max-video-preview":"max-video-preview:-1"},"canonical":"https:\/\/www.erresse-shop.it\/de\/shop\/kleine-elektrogeraete\/kaffeemaschinen-espresso\/automatisch\/jura-kaffeemaschine-e8-cosmic-black\/","og_locale":"de_DE","og_type":"article","og_title":"JURA Kaffeemaschine E8 Cosmic Black","og_description":"Entdecken Sie JURA Kaffeemaschine C8 Piano Black bei ErresseShop. Qualit\u00e4t, Stil und Funktionalit\u00e4t \u2013 jetzt online bestellen!","og_url":"https:\/\/www.erresse-shop.it\/de\/shop\/kleine-elektrogeraete\/kaffeemaschinen-espresso\/automatisch\/jura-kaffeemaschine-e8-cosmic-black\/","og_site_name":"Erresse Shop","article_modified_time":"2025-12-01T07:41:42+00:00","og_image":[{"width":1200,"height":1200,"url":"https:\/\/www.erresse-shop.it\/wp-content\/uploads\/2025\/12\/JURA-Macchina-Da-Caffe-E8-Cosmic-Black.jpg","type":"image\/jpeg"}],"twitter_card":"summary_large_image","schema":{"@context":"https:\/\/schema.org","@graph":[{"@type":"WebPage","@id":"https:\/\/www.erresse-shop.it\/de\/shop\/kleine-elektrogeraete\/kaffeemaschinen-espresso\/automatisch\/jura-kaffeemaschine-e8-cosmic-black\/","url":"https:\/\/www.erresse-shop.it\/de\/shop\/kleine-elektrogeraete\/kaffeemaschinen-espresso\/automatisch\/jura-kaffeemaschine-e8-cosmic-black\/","name":"JURA Kaffeemaschine C8 Piano Black","isPartOf":{"@id":"https:\/\/www.erresse-shop.it\/de\/#website"},"datePublished":"2025-12-01T07:10:40+00:00","dateModified":"2025-12-01T07:41:42+00:00","description":"Entdecken Sie JURA Kaffeemaschine C8 Piano Black bei ErresseShop. Qualit\u00e4t, Stil und Funktionalit\u00e4t \u2013 jetzt online bestellen!","breadcrumb":{"@id":"https:\/\/www.erresse-shop.it\/de\/shop\/kleine-elektrogeraete\/kaffeemaschinen-espresso\/automatisch\/jura-kaffeemaschine-e8-cosmic-black\/#breadcrumb"},"inLanguage":"de-DE","potentialAction":[{"@type":"ReadAction","target":["https:\/\/www.erresse-shop.it\/de\/shop\/kleine-elektrogeraete\/kaffeemaschinen-espresso\/automatisch\/jura-kaffeemaschine-e8-cosmic-black\/"]}]},{"@type":"BreadcrumbList","@id":"https:\/\/www.erresse-shop.it\/de\/shop\/kleine-elektrogeraete\/kaffeemaschinen-espresso\/automatisch\/jura-kaffeemaschine-e8-cosmic-black\/#breadcrumb","itemListElement":[{"@type":"ListItem","position":1,"name":"Home","item":"https:\/\/www.erresse-shop.it\/de\/"},{"@type":"ListItem","position":2,"name":"Shop","item":"https:\/\/www.erresse-shop.it\/de\/shop\/"},{"@type":"ListItem","position":3,"name":"JURA Kaffeemaschine E8 Cosmic Black"}]},{"@type":"WebSite","@id":"https:\/\/www.erresse-shop.it\/de\/#website","url":"https:\/\/www.erresse-shop.it\/de\/","name":"Erresse Shop","description":"Articoli di qualit\u00e0 per la casa","potentialAction":[{"@type":"SearchAction","target":{"@type":"EntryPoint","urlTemplate":"https:\/\/www.erresse-shop.it\/de\/?s={search_term_string}"},"query-input":"required name=search_term_string"}],"inLanguage":"de-DE"}]}},"df_price":1187.1000000000001,"df_sale_price":1187.1000000000001,"df_regular_price":1319,"df_image_link":"https:\/\/www.erresse-shop.it\/wp-content\/uploads\/2025\/12\/JURA-Macchina-Da-Caffe-E8-Cosmic-Black-300x300.jpg","_links":{"self":[{"href":"https:\/\/www.erresse-shop.it\/de\/wp-json\/wp\/v2\/product\/518212"}],"collection":[{"href":"https:\/\/www.erresse-shop.it\/de\/wp-json\/wp\/v2\/product"}],"about":[{"href":"https:\/\/www.erresse-shop.it\/de\/wp-json\/wp\/v2\/types\/product"}],"wp:featuredmedia":[{"embeddable":true,"href":"https:\/\/www.erresse-shop.it\/de\/wp-json\/wp\/v2\/media\/518247"}],"wp:attachment":[{"href":"https:\/\/www.erresse-shop.it\/de\/wp-json\/wp\/v2\/media?parent=518212"}],"wp:term":[{"taxonomy":"product_cat","embeddable":true,"href":"https:\/\/www.erresse-shop.it\/de\/wp-json\/wp\/v2\/product_cat?post=518212"},{"taxonomy":"product_tag","embeddable":true,"href":"https:\/\/www.erresse-shop.it\/de\/wp-json\/wp\/v2\/product_tag?post=518212"}],"curies":[{"name":"wp","href":"https:\/\/api.w.org\/{rel}","templated":true}]}}