{"id":517871,"date":"2025-11-24T13:49:48","date_gmt":"2025-11-24T13:49:49","guid":{"rendered":"https:\/\/www.erresse-shop.it\/?post_type=product&#038;p=517871"},"modified":"2026-02-03T08:15:02","modified_gmt":"2026-02-03T08:15:02","slug":"toms-drag-stehender-akrobat-l","status":"publish","type":"product","link":"https:\/\/www.erresse-shop.it\/de\/shop\/einrichtung-haus\/dekoartikel\/toms-drag-stehender-akrobat-l\/","title":{"rendered":"TOM&#8217;S DRAG Stehender Akrobat L"},"content":{"rendered":"<p><strong>Ma\u00dfe: <\/strong>H 58 cm<strong><br \/>\nMaterial:<\/strong> Harz<\/p>\n<p><strong>AKROBAT<\/strong><\/p>\n<p>Was w\u00e4re ein Zirkus ohne atemberaubende Akrobatik? Inspiriert von der traumhaften und magischen Welt der Manege schuf Tom elegante Figuren mit stolzen und anmutigen Formen, alle im typischen Tom&#8217;s Drag-Stil gestaltet. Diese edle und exklusive Kollektion ist der Welt des Zirkus entlehnt. Dank ihrer unglaublichen Bewegungen scheinen die Akrobaten in der Luft zu schweben.<\/p>\n<p>Dieser Artikel ist handgefertigt und handbemalt. Daher sind Abweichungen in Farbe, Design und Ton, kleine Unregelm\u00e4\u00dfigkeiten im Kleber oder in der Farbe sowie weitere Unregelm\u00e4\u00dfigkeiten charakteristisch f\u00fcr dieses Produkt und zeugen von seiner handwerklichen Qualit\u00e4t.<\/p>\n<p>Jeder Artikel von Tom&#8217;s Drag beginnt mit einigen Skizzen, die der K\u00fcnstler anfertigt und schnell zu einem detaillierten Bild ausarbeitet. Anschlie\u00dfend wird eine grobe Figur aus Holz geschnitzt, deren Gr\u00f6\u00dfe und Proportionen denen des fertigen St\u00fccks entsprechen. Diese wird vom K\u00fcnstler handbemalt und dient als Prototyp f\u00fcr die Herstellung der Gummiform. Diese Gummiform ist f\u00fcr alle Arbeiten von Tom Drag von zentraler Bedeutung. Fl\u00fcssiges Marmorino, eine Mischung aus gemahlenem Marmor und Kunstharz, wird hineingegossen und h\u00e4rtet dort aus. Das zun\u00e4chst undurchsichtig wei\u00dfe Objekt wird anschlie\u00dfend wei\u00df bemalt und geschliffen. Nun werden die R\u00e4nder der Farbfl\u00e4chen mit Bleistift vorgezeichnet, was dem K\u00fcnstler als Vorlage beim Bemalen des Objekts dient. Abschlie\u00dfend wird eine Harzschicht aufgetragen, die die Farben best\u00e4ndig macht.<\/p>\n","protected":false},"excerpt":{"rendered":"<p>Ma\u00dfe: H 58 cm Material: Harz AKROBAT Was w\u00e4re ein Zirkus ohne atemberaubende Akrobatik? Inspiriert von der traumhaften und magischen<\/p>\n","protected":false},"featured_media":517880,"template":"","meta":{"_acf_changed":false,"inline_featured_image":false},"product_cat":[6817,14442],"product_tag":[25038,17146,16997,25022],"acf":[],"yoast_head":"<!-- This site is optimized with the Yoast SEO Premium plugin v18.6 (Yoast SEO v19.13) - https:\/\/yoast.com\/wordpress\/plugins\/seo\/ -->\n<title>TOM&#039;S DRAG Stehender Akrobat L - Erresse Shop<\/title>\n<meta name=\"description\" content=\"Ma\u00dfe: H 58 cm Material: Harz AKROBAT Was w\u00e4re ein Zirkus ohne atemberaubende Akrobatik? Inspiriert von der traumhaften und magischen Welt der Manege schuf\" \/>\n<meta name=\"robots\" content=\"index, follow, max-snippet:-1, max-image-preview:large, max-video-preview:-1\" \/>\n<link rel=\"canonical\" href=\"https:\/\/www.erresse-shop.it\/de\/shop\/einrichtung-haus\/dekoartikel\/toms-drag-stehender-akrobat-l\/\" \/>\n<meta property=\"og:locale\" content=\"de_DE\" \/>\n<meta property=\"og:type\" content=\"article\" \/>\n<meta property=\"og:title\" content=\"TOM&#039;S DRAG Stehender Akrobat L\" \/>\n<meta property=\"og:description\" content=\"Ma\u00dfe: H 58 cm Material: Harz AKROBAT Was w\u00e4re ein Zirkus ohne atemberaubende Akrobatik? Inspiriert von der traumhaften und magischen Welt der Manege schuf\" \/>\n<meta property=\"og:url\" content=\"https:\/\/www.erresse-shop.it\/de\/shop\/einrichtung-haus\/dekoartikel\/toms-drag-stehender-akrobat-l\/\" \/>\n<meta property=\"og:site_name\" content=\"Erresse Shop\" \/>\n<meta property=\"article:modified_time\" content=\"2026-02-03T08:15:02+00:00\" \/>\n<meta property=\"og:image\" content=\"https:\/\/www.erresse-shop.it\/wp-content\/uploads\/2025\/11\/TOMS-DRAG-Acrobata-in-Piedi-L.jpg\" \/>\n\t<meta property=\"og:image:width\" content=\"1200\" \/>\n\t<meta property=\"og:image:height\" content=\"1200\" \/>\n\t<meta property=\"og:image:type\" content=\"image\/jpeg\" \/>\n<meta name=\"twitter:card\" content=\"summary_large_image\" \/>\n<script type=\"application\/ld+json\" class=\"yoast-schema-graph\">{\"@context\":\"https:\/\/schema.org\",\"@graph\":[{\"@type\":\"WebPage\",\"@id\":\"https:\/\/www.erresse-shop.it\/de\/shop\/einrichtung-haus\/dekoartikel\/toms-drag-stehender-akrobat-l\/\",\"url\":\"https:\/\/www.erresse-shop.it\/de\/shop\/einrichtung-haus\/dekoartikel\/toms-drag-stehender-akrobat-l\/\",\"name\":\"TOM'S DRAG Stehender Akrobat L - Erresse Shop\",\"isPartOf\":{\"@id\":\"https:\/\/www.erresse-shop.it\/de\/#website\"},\"datePublished\":\"2025-11-24T13:49:49+00:00\",\"dateModified\":\"2026-02-03T08:15:02+00:00\",\"description\":\"Ma\u00dfe: H 58 cm Material: Harz AKROBAT Was w\u00e4re ein Zirkus ohne atemberaubende Akrobatik? Inspiriert von der traumhaften und magischen Welt der Manege schuf\",\"breadcrumb\":{\"@id\":\"https:\/\/www.erresse-shop.it\/de\/shop\/einrichtung-haus\/dekoartikel\/toms-drag-stehender-akrobat-l\/#breadcrumb\"},\"inLanguage\":\"de-DE\",\"potentialAction\":[{\"@type\":\"ReadAction\",\"target\":[\"https:\/\/www.erresse-shop.it\/de\/shop\/einrichtung-haus\/dekoartikel\/toms-drag-stehender-akrobat-l\/\"]}]},{\"@type\":\"BreadcrumbList\",\"@id\":\"https:\/\/www.erresse-shop.it\/de\/shop\/einrichtung-haus\/dekoartikel\/toms-drag-stehender-akrobat-l\/#breadcrumb\",\"itemListElement\":[{\"@type\":\"ListItem\",\"position\":1,\"name\":\"Home\",\"item\":\"https:\/\/www.erresse-shop.it\/de\/\"},{\"@type\":\"ListItem\",\"position\":2,\"name\":\"Shop\",\"item\":\"https:\/\/www.erresse-shop.it\/de\/shop\/\"},{\"@type\":\"ListItem\",\"position\":3,\"name\":\"TOM&#8217;S DRAG Stehender Akrobat L\"}]},{\"@type\":\"WebSite\",\"@id\":\"https:\/\/www.erresse-shop.it\/de\/#website\",\"url\":\"https:\/\/www.erresse-shop.it\/de\/\",\"name\":\"Erresse Shop\",\"description\":\"Articoli di qualit\u00e0 per la casa\",\"potentialAction\":[{\"@type\":\"SearchAction\",\"target\":{\"@type\":\"EntryPoint\",\"urlTemplate\":\"https:\/\/www.erresse-shop.it\/de\/?s={search_term_string}\"},\"query-input\":\"required name=search_term_string\"}],\"inLanguage\":\"de-DE\"}]}<\/script>\n<!-- \/ Yoast SEO Premium plugin. -->","yoast_head_json":{"title":"TOM'S DRAG Stehender Akrobat L - Erresse Shop","description":"Ma\u00dfe: H 58 cm Material: Harz AKROBAT Was w\u00e4re ein Zirkus ohne atemberaubende Akrobatik? Inspiriert von der traumhaften und magischen Welt der Manege schuf","robots":{"index":"index","follow":"follow","max-snippet":"max-snippet:-1","max-image-preview":"max-image-preview:large","max-video-preview":"max-video-preview:-1"},"canonical":"https:\/\/www.erresse-shop.it\/de\/shop\/einrichtung-haus\/dekoartikel\/toms-drag-stehender-akrobat-l\/","og_locale":"de_DE","og_type":"article","og_title":"TOM'S DRAG Stehender Akrobat L","og_description":"Ma\u00dfe: H 58 cm Material: Harz AKROBAT Was w\u00e4re ein Zirkus ohne atemberaubende Akrobatik? Inspiriert von der traumhaften und magischen Welt der Manege schuf","og_url":"https:\/\/www.erresse-shop.it\/de\/shop\/einrichtung-haus\/dekoartikel\/toms-drag-stehender-akrobat-l\/","og_site_name":"Erresse Shop","article_modified_time":"2026-02-03T08:15:02+00:00","og_image":[{"width":1200,"height":1200,"url":"https:\/\/www.erresse-shop.it\/wp-content\/uploads\/2025\/11\/TOMS-DRAG-Acrobata-in-Piedi-L.jpg","type":"image\/jpeg"}],"twitter_card":"summary_large_image","schema":{"@context":"https:\/\/schema.org","@graph":[{"@type":"WebPage","@id":"https:\/\/www.erresse-shop.it\/de\/shop\/einrichtung-haus\/dekoartikel\/toms-drag-stehender-akrobat-l\/","url":"https:\/\/www.erresse-shop.it\/de\/shop\/einrichtung-haus\/dekoartikel\/toms-drag-stehender-akrobat-l\/","name":"TOM'S DRAG Stehender Akrobat L - Erresse Shop","isPartOf":{"@id":"https:\/\/www.erresse-shop.it\/de\/#website"},"datePublished":"2025-11-24T13:49:49+00:00","dateModified":"2026-02-03T08:15:02+00:00","description":"Ma\u00dfe: H 58 cm Material: Harz AKROBAT Was w\u00e4re ein Zirkus ohne atemberaubende Akrobatik? Inspiriert von der traumhaften und magischen Welt der Manege schuf","breadcrumb":{"@id":"https:\/\/www.erresse-shop.it\/de\/shop\/einrichtung-haus\/dekoartikel\/toms-drag-stehender-akrobat-l\/#breadcrumb"},"inLanguage":"de-DE","potentialAction":[{"@type":"ReadAction","target":["https:\/\/www.erresse-shop.it\/de\/shop\/einrichtung-haus\/dekoartikel\/toms-drag-stehender-akrobat-l\/"]}]},{"@type":"BreadcrumbList","@id":"https:\/\/www.erresse-shop.it\/de\/shop\/einrichtung-haus\/dekoartikel\/toms-drag-stehender-akrobat-l\/#breadcrumb","itemListElement":[{"@type":"ListItem","position":1,"name":"Home","item":"https:\/\/www.erresse-shop.it\/de\/"},{"@type":"ListItem","position":2,"name":"Shop","item":"https:\/\/www.erresse-shop.it\/de\/shop\/"},{"@type":"ListItem","position":3,"name":"TOM&#8217;S DRAG Stehender Akrobat L"}]},{"@type":"WebSite","@id":"https:\/\/www.erresse-shop.it\/de\/#website","url":"https:\/\/www.erresse-shop.it\/de\/","name":"Erresse Shop","description":"Articoli di qualit\u00e0 per la casa","potentialAction":[{"@type":"SearchAction","target":{"@type":"EntryPoint","urlTemplate":"https:\/\/www.erresse-shop.it\/de\/?s={search_term_string}"},"query-input":"required name=search_term_string"}],"inLanguage":"de-DE"}]}},"df_price":145.08,"df_sale_price":145.08,"df_regular_price":279,"df_image_link":"https:\/\/www.erresse-shop.it\/wp-content\/uploads\/2025\/11\/TOMS-DRAG-Acrobata-in-Piedi-L-300x300.jpg","_links":{"self":[{"href":"https:\/\/www.erresse-shop.it\/de\/wp-json\/wp\/v2\/product\/517871"}],"collection":[{"href":"https:\/\/www.erresse-shop.it\/de\/wp-json\/wp\/v2\/product"}],"about":[{"href":"https:\/\/www.erresse-shop.it\/de\/wp-json\/wp\/v2\/types\/product"}],"wp:featuredmedia":[{"embeddable":true,"href":"https:\/\/www.erresse-shop.it\/de\/wp-json\/wp\/v2\/media\/517880"}],"wp:attachment":[{"href":"https:\/\/www.erresse-shop.it\/de\/wp-json\/wp\/v2\/media?parent=517871"}],"wp:term":[{"taxonomy":"product_cat","embeddable":true,"href":"https:\/\/www.erresse-shop.it\/de\/wp-json\/wp\/v2\/product_cat?post=517871"},{"taxonomy":"product_tag","embeddable":true,"href":"https:\/\/www.erresse-shop.it\/de\/wp-json\/wp\/v2\/product_tag?post=517871"}],"curies":[{"name":"wp","href":"https:\/\/api.w.org\/{rel}","templated":true}]}}