{"id":517574,"date":"2025-11-21T09:11:13","date_gmt":"2025-11-21T09:11:14","guid":{"rendered":"https:\/\/www.erresse-shop.it\/?post_type=product&#038;p=517574"},"modified":"2025-11-21T09:23:03","modified_gmt":"2025-11-21T09:23:03","slug":"portmeirion-christmas-tree-set-mit-4-grossen-tassen","status":"publish","type":"product","link":"https:\/\/www.erresse-shop.it\/de\/shop\/tisch\/tassen\/portmeirion-christmas-tree-set-mit-4-grossen-tassen\/","title":{"rendered":"PORTMEIRION Christmas Tree Set mit 4 gro\u00dfen Tassen"},"content":{"rendered":"<p>Dieser Becher aus Steingut besticht durch seine au\u00dfergew\u00f6hnliche Langlebigkeit und seinen rustikalen Charme. Ein h\u00fcbsches Weihnachtsbaummotiv auf hellem Hintergrund entf\u00fchrt uns augenblicklich in die magische Welt von Weihnachten. Er ist mehr als nur ein Trinkgef\u00e4\u00df \u2013 er ist ein St\u00fcck Weihnachtstradition und -magie zum Anfassen.<\/p>\n<p>Der komfortable, rot-wei\u00df gestreifte Henkel verleiht dem Becher nicht nur eine festliche Note, sondern sorgt auch f\u00fcr einen sicheren Halt. Dieser Becher ist der perfekte Begleiter f\u00fcr gem\u00fctliche Abende auf dem Sofa, eingekuschelt in eine weiche Decke. F\u00fcllen Sie ihn mit hei\u00dfer Schokolade und beobachten Sie, wie die s\u00fc\u00dfen Marshmallows an die Oberfl\u00e4che steigen: Dann wird die Magie von Weihnachten Wirklichkeit.<\/p>\n<p><strong>Produktdetails:<\/strong><\/p>\n<p><strong>H\u00f6he<\/strong>: 10 cm<br \/>\n<strong>Breite<\/strong>: 8 cm<br \/>\n<b>L\u00e4nge<\/b>: 12 cm<\/p>\n","protected":false},"excerpt":{"rendered":"<p>Dieser Becher aus Steingut besticht durch seine au\u00dfergew\u00f6hnliche Langlebigkeit und seinen rustikalen Charme. Ein h\u00fcbsches Weihnachtsbaummotiv auf hellem Hintergrund entf\u00fchrt<\/p>\n","protected":false},"featured_media":517588,"template":"","meta":{"_acf_changed":false,"inline_featured_image":false},"product_cat":[6847,6787],"product_tag":[19359,23911,21937,16573,21938,14277,21645],"acf":[],"yoast_head":"<!-- This site is optimized with the Yoast SEO Premium plugin v18.6 (Yoast SEO v19.13) - https:\/\/yoast.com\/wordpress\/plugins\/seo\/ -->\n<title>PORTMEIRION Christmas Tree Set mit 4 gro\u00dfen Tassen - Erresse Shop<\/title>\n<meta name=\"description\" content=\"Dieser Becher aus Steingut besticht durch seine au\u00dfergew\u00f6hnliche Langlebigkeit und seinen rustikalen Charme. Ein h\u00fcbsches Weihnachtsbaummotiv auf hellem\" \/>\n<meta name=\"robots\" content=\"index, follow, max-snippet:-1, max-image-preview:large, max-video-preview:-1\" \/>\n<link rel=\"canonical\" href=\"https:\/\/www.erresse-shop.it\/de\/shop\/tisch\/tassen\/portmeirion-christmas-tree-set-mit-4-grossen-tassen\/\" \/>\n<meta property=\"og:locale\" content=\"de_DE\" \/>\n<meta property=\"og:type\" content=\"article\" \/>\n<meta property=\"og:title\" content=\"PORTMEIRION Christmas Tree Set mit 4 gro\u00dfen Tassen\" \/>\n<meta property=\"og:description\" content=\"Dieser Becher aus Steingut besticht durch seine au\u00dfergew\u00f6hnliche Langlebigkeit und seinen rustikalen Charme. Ein h\u00fcbsches Weihnachtsbaummotiv auf hellem\" \/>\n<meta property=\"og:url\" content=\"https:\/\/www.erresse-shop.it\/de\/shop\/tisch\/tassen\/portmeirion-christmas-tree-set-mit-4-grossen-tassen\/\" \/>\n<meta property=\"og:site_name\" content=\"Erresse Shop\" \/>\n<meta property=\"article:modified_time\" content=\"2025-11-21T09:23:03+00:00\" \/>\n<meta property=\"og:image\" content=\"https:\/\/www.erresse-shop.it\/wp-content\/uploads\/2025\/11\/PORTMEIRION-Christmas-Tree-Set-4-Tazze-Grandi.jpg\" \/>\n\t<meta property=\"og:image:width\" content=\"1200\" \/>\n\t<meta property=\"og:image:height\" content=\"1200\" \/>\n\t<meta property=\"og:image:type\" content=\"image\/jpeg\" \/>\n<meta name=\"twitter:card\" content=\"summary_large_image\" \/>\n<script type=\"application\/ld+json\" class=\"yoast-schema-graph\">{\"@context\":\"https:\/\/schema.org\",\"@graph\":[{\"@type\":\"WebPage\",\"@id\":\"https:\/\/www.erresse-shop.it\/de\/shop\/tisch\/tassen\/portmeirion-christmas-tree-set-mit-4-grossen-tassen\/\",\"url\":\"https:\/\/www.erresse-shop.it\/de\/shop\/tisch\/tassen\/portmeirion-christmas-tree-set-mit-4-grossen-tassen\/\",\"name\":\"PORTMEIRION Christmas Tree Set mit 4 gro\u00dfen Tassen - Erresse Shop\",\"isPartOf\":{\"@id\":\"https:\/\/www.erresse-shop.it\/de\/#website\"},\"datePublished\":\"2025-11-21T09:11:14+00:00\",\"dateModified\":\"2025-11-21T09:23:03+00:00\",\"description\":\"Dieser Becher aus Steingut besticht durch seine au\u00dfergew\u00f6hnliche Langlebigkeit und seinen rustikalen Charme. Ein h\u00fcbsches Weihnachtsbaummotiv auf hellem\",\"breadcrumb\":{\"@id\":\"https:\/\/www.erresse-shop.it\/de\/shop\/tisch\/tassen\/portmeirion-christmas-tree-set-mit-4-grossen-tassen\/#breadcrumb\"},\"inLanguage\":\"de-DE\",\"potentialAction\":[{\"@type\":\"ReadAction\",\"target\":[\"https:\/\/www.erresse-shop.it\/de\/shop\/tisch\/tassen\/portmeirion-christmas-tree-set-mit-4-grossen-tassen\/\"]}]},{\"@type\":\"BreadcrumbList\",\"@id\":\"https:\/\/www.erresse-shop.it\/de\/shop\/tisch\/tassen\/portmeirion-christmas-tree-set-mit-4-grossen-tassen\/#breadcrumb\",\"itemListElement\":[{\"@type\":\"ListItem\",\"position\":1,\"name\":\"Home\",\"item\":\"https:\/\/www.erresse-shop.it\/de\/\"},{\"@type\":\"ListItem\",\"position\":2,\"name\":\"Shop\",\"item\":\"https:\/\/www.erresse-shop.it\/de\/shop\/\"},{\"@type\":\"ListItem\",\"position\":3,\"name\":\"PORTMEIRION Christmas Tree Set mit 4 gro\u00dfen Tassen\"}]},{\"@type\":\"WebSite\",\"@id\":\"https:\/\/www.erresse-shop.it\/de\/#website\",\"url\":\"https:\/\/www.erresse-shop.it\/de\/\",\"name\":\"Erresse Shop\",\"description\":\"Articoli di qualit\u00e0 per la casa\",\"potentialAction\":[{\"@type\":\"SearchAction\",\"target\":{\"@type\":\"EntryPoint\",\"urlTemplate\":\"https:\/\/www.erresse-shop.it\/de\/?s={search_term_string}\"},\"query-input\":\"required name=search_term_string\"}],\"inLanguage\":\"de-DE\"}]}<\/script>\n<!-- \/ Yoast SEO Premium plugin. -->","yoast_head_json":{"title":"PORTMEIRION Christmas Tree Set mit 4 gro\u00dfen Tassen - Erresse Shop","description":"Dieser Becher aus Steingut besticht durch seine au\u00dfergew\u00f6hnliche Langlebigkeit und seinen rustikalen Charme. Ein h\u00fcbsches Weihnachtsbaummotiv auf hellem","robots":{"index":"index","follow":"follow","max-snippet":"max-snippet:-1","max-image-preview":"max-image-preview:large","max-video-preview":"max-video-preview:-1"},"canonical":"https:\/\/www.erresse-shop.it\/de\/shop\/tisch\/tassen\/portmeirion-christmas-tree-set-mit-4-grossen-tassen\/","og_locale":"de_DE","og_type":"article","og_title":"PORTMEIRION Christmas Tree Set mit 4 gro\u00dfen Tassen","og_description":"Dieser Becher aus Steingut besticht durch seine au\u00dfergew\u00f6hnliche Langlebigkeit und seinen rustikalen Charme. Ein h\u00fcbsches Weihnachtsbaummotiv auf hellem","og_url":"https:\/\/www.erresse-shop.it\/de\/shop\/tisch\/tassen\/portmeirion-christmas-tree-set-mit-4-grossen-tassen\/","og_site_name":"Erresse Shop","article_modified_time":"2025-11-21T09:23:03+00:00","og_image":[{"width":1200,"height":1200,"url":"https:\/\/www.erresse-shop.it\/wp-content\/uploads\/2025\/11\/PORTMEIRION-Christmas-Tree-Set-4-Tazze-Grandi.jpg","type":"image\/jpeg"}],"twitter_card":"summary_large_image","schema":{"@context":"https:\/\/schema.org","@graph":[{"@type":"WebPage","@id":"https:\/\/www.erresse-shop.it\/de\/shop\/tisch\/tassen\/portmeirion-christmas-tree-set-mit-4-grossen-tassen\/","url":"https:\/\/www.erresse-shop.it\/de\/shop\/tisch\/tassen\/portmeirion-christmas-tree-set-mit-4-grossen-tassen\/","name":"PORTMEIRION Christmas Tree Set mit 4 gro\u00dfen Tassen - Erresse Shop","isPartOf":{"@id":"https:\/\/www.erresse-shop.it\/de\/#website"},"datePublished":"2025-11-21T09:11:14+00:00","dateModified":"2025-11-21T09:23:03+00:00","description":"Dieser Becher aus Steingut besticht durch seine au\u00dfergew\u00f6hnliche Langlebigkeit und seinen rustikalen Charme. Ein h\u00fcbsches Weihnachtsbaummotiv auf hellem","breadcrumb":{"@id":"https:\/\/www.erresse-shop.it\/de\/shop\/tisch\/tassen\/portmeirion-christmas-tree-set-mit-4-grossen-tassen\/#breadcrumb"},"inLanguage":"de-DE","potentialAction":[{"@type":"ReadAction","target":["https:\/\/www.erresse-shop.it\/de\/shop\/tisch\/tassen\/portmeirion-christmas-tree-set-mit-4-grossen-tassen\/"]}]},{"@type":"BreadcrumbList","@id":"https:\/\/www.erresse-shop.it\/de\/shop\/tisch\/tassen\/portmeirion-christmas-tree-set-mit-4-grossen-tassen\/#breadcrumb","itemListElement":[{"@type":"ListItem","position":1,"name":"Home","item":"https:\/\/www.erresse-shop.it\/de\/"},{"@type":"ListItem","position":2,"name":"Shop","item":"https:\/\/www.erresse-shop.it\/de\/shop\/"},{"@type":"ListItem","position":3,"name":"PORTMEIRION Christmas Tree Set mit 4 gro\u00dfen Tassen"}]},{"@type":"WebSite","@id":"https:\/\/www.erresse-shop.it\/de\/#website","url":"https:\/\/www.erresse-shop.it\/de\/","name":"Erresse Shop","description":"Articoli di qualit\u00e0 per la casa","potentialAction":[{"@type":"SearchAction","target":{"@type":"EntryPoint","urlTemplate":"https:\/\/www.erresse-shop.it\/de\/?s={search_term_string}"},"query-input":"required name=search_term_string"}],"inLanguage":"de-DE"}]}},"df_price":78.95,"df_sale_price":78.95,"df_regular_price":116.96,"df_image_link":"https:\/\/www.erresse-shop.it\/wp-content\/uploads\/2025\/11\/PORTMEIRION-Christmas-Tree-Set-4-Tazze-Grandi-300x300.jpg","_links":{"self":[{"href":"https:\/\/www.erresse-shop.it\/de\/wp-json\/wp\/v2\/product\/517574"}],"collection":[{"href":"https:\/\/www.erresse-shop.it\/de\/wp-json\/wp\/v2\/product"}],"about":[{"href":"https:\/\/www.erresse-shop.it\/de\/wp-json\/wp\/v2\/types\/product"}],"wp:featuredmedia":[{"embeddable":true,"href":"https:\/\/www.erresse-shop.it\/de\/wp-json\/wp\/v2\/media\/517588"}],"wp:attachment":[{"href":"https:\/\/www.erresse-shop.it\/de\/wp-json\/wp\/v2\/media?parent=517574"}],"wp:term":[{"taxonomy":"product_cat","embeddable":true,"href":"https:\/\/www.erresse-shop.it\/de\/wp-json\/wp\/v2\/product_cat?post=517574"},{"taxonomy":"product_tag","embeddable":true,"href":"https:\/\/www.erresse-shop.it\/de\/wp-json\/wp\/v2\/product_tag?post=517574"}],"curies":[{"name":"wp","href":"https:\/\/api.w.org\/{rel}","templated":true}]}}