{"id":517521,"date":"2025-11-21T08:45:36","date_gmt":"2025-11-21T08:45:37","guid":{"rendered":"https:\/\/www.erresse-shop.it\/?post_type=product&#038;p=517521"},"modified":"2025-11-21T08:55:40","modified_gmt":"2025-11-21T08:55:40","slug":"portmeirion-christmas-tree-herzplatte","status":"publish","type":"product","link":"https:\/\/www.erresse-shop.it\/de\/shop\/tisch\/teller-geschirr\/portmeirion-christmas-tree-herzplatte\/","title":{"rendered":"PORTMEIRION Christmas Tree Herzplatte"},"content":{"rendered":"<p>Wir wissen, wie viel Liebe in die Vorbereitung Ihres festlichen Weihnachtsessens flie\u00dft, und diese herzf\u00f6rmige Platte ist eine wunderbare M\u00f6glichkeit, dies zum Ausdruck zu bringen. Sie geh\u00f6rt zur Weihnachtskollektion von Spode und besticht durch ein herzerw\u00e4rmendes, traditionelles Design in der Mitte, verziert mit tannengr\u00fcnem Rand und Stechpalmenzweig-f\u00f6rmigen Ausschnitten an den Seiten. Dank ihrer kompakten Gr\u00f6\u00dfe passt sie perfekt zu anderen Platten auf Ihrem Tisch und ist gleichzeitig ein h\u00fcbsches Dekorationselement.<\/p>\n<p><strong>Produktdetails:<\/strong><\/p>\n<p><strong>Herstellungsland<\/strong>: China<br \/>\n<strong>Material<\/strong>: Steinzeug<br \/>\n<strong>H\u00f6he<\/strong>: 3,5 cm<br \/>\n<strong>Breite<\/strong>: 18 cm<br \/>\n<strong>L\u00e4nge<\/strong>: 18 cm<\/p>\n","protected":false},"excerpt":{"rendered":"<p>Wir wissen, wie viel Liebe in die Vorbereitung Ihres festlichen Weihnachtsessens flie\u00dft, und diese herzf\u00f6rmige Platte ist eine wunderbare M\u00f6glichkeit,<\/p>\n","protected":false},"featured_media":517548,"template":"","meta":{"_acf_changed":false,"inline_featured_image":false},"product_cat":[6793,6787],"product_tag":[19359,23911,21971,11971,12350,11827],"acf":[],"yoast_head":"<!-- This site is optimized with the Yoast SEO Premium plugin v18.6 (Yoast SEO v19.13) - https:\/\/yoast.com\/wordpress\/plugins\/seo\/ -->\n<title>PORTMEIRION Christmas Tree Herzplatte - Erresse Shop<\/title>\n<meta name=\"description\" content=\"Wir wissen, wie viel Liebe in die Vorbereitung Ihres festlichen Weihnachtsessens flie\u00dft, und diese herzf\u00f6rmige Platte ist eine wunderbare M\u00f6glichkeit,\" \/>\n<meta name=\"robots\" content=\"index, follow, max-snippet:-1, max-image-preview:large, max-video-preview:-1\" \/>\n<link rel=\"canonical\" href=\"https:\/\/www.erresse-shop.it\/de\/shop\/tisch\/teller-geschirr\/portmeirion-christmas-tree-herzplatte\/\" \/>\n<meta property=\"og:locale\" content=\"de_DE\" \/>\n<meta property=\"og:type\" content=\"article\" \/>\n<meta property=\"og:title\" content=\"PORTMEIRION Christmas Tree Herzplatte\" \/>\n<meta property=\"og:description\" content=\"Wir wissen, wie viel Liebe in die Vorbereitung Ihres festlichen Weihnachtsessens flie\u00dft, und diese herzf\u00f6rmige Platte ist eine wunderbare M\u00f6glichkeit,\" \/>\n<meta property=\"og:url\" content=\"https:\/\/www.erresse-shop.it\/de\/shop\/tisch\/teller-geschirr\/portmeirion-christmas-tree-herzplatte\/\" \/>\n<meta property=\"og:site_name\" content=\"Erresse Shop\" \/>\n<meta property=\"article:modified_time\" content=\"2025-11-21T08:55:40+00:00\" \/>\n<meta property=\"og:image\" content=\"https:\/\/www.erresse-shop.it\/wp-content\/uploads\/2025\/11\/PORTMEIRION-Christmas-Tree-Piatto-Cuore.jpg\" \/>\n\t<meta property=\"og:image:width\" content=\"1200\" \/>\n\t<meta property=\"og:image:height\" content=\"1200\" \/>\n\t<meta property=\"og:image:type\" content=\"image\/jpeg\" \/>\n<meta name=\"twitter:card\" content=\"summary_large_image\" \/>\n<script type=\"application\/ld+json\" class=\"yoast-schema-graph\">{\"@context\":\"https:\/\/schema.org\",\"@graph\":[{\"@type\":\"WebPage\",\"@id\":\"https:\/\/www.erresse-shop.it\/de\/shop\/tisch\/teller-geschirr\/portmeirion-christmas-tree-herzplatte\/\",\"url\":\"https:\/\/www.erresse-shop.it\/de\/shop\/tisch\/teller-geschirr\/portmeirion-christmas-tree-herzplatte\/\",\"name\":\"PORTMEIRION Christmas Tree Herzplatte - Erresse Shop\",\"isPartOf\":{\"@id\":\"https:\/\/www.erresse-shop.it\/de\/#website\"},\"datePublished\":\"2025-11-21T08:45:37+00:00\",\"dateModified\":\"2025-11-21T08:55:40+00:00\",\"description\":\"Wir wissen, wie viel Liebe in die Vorbereitung Ihres festlichen Weihnachtsessens flie\u00dft, und diese herzf\u00f6rmige Platte ist eine wunderbare M\u00f6glichkeit,\",\"breadcrumb\":{\"@id\":\"https:\/\/www.erresse-shop.it\/de\/shop\/tisch\/teller-geschirr\/portmeirion-christmas-tree-herzplatte\/#breadcrumb\"},\"inLanguage\":\"de-DE\",\"potentialAction\":[{\"@type\":\"ReadAction\",\"target\":[\"https:\/\/www.erresse-shop.it\/de\/shop\/tisch\/teller-geschirr\/portmeirion-christmas-tree-herzplatte\/\"]}]},{\"@type\":\"BreadcrumbList\",\"@id\":\"https:\/\/www.erresse-shop.it\/de\/shop\/tisch\/teller-geschirr\/portmeirion-christmas-tree-herzplatte\/#breadcrumb\",\"itemListElement\":[{\"@type\":\"ListItem\",\"position\":1,\"name\":\"Home\",\"item\":\"https:\/\/www.erresse-shop.it\/de\/\"},{\"@type\":\"ListItem\",\"position\":2,\"name\":\"Shop\",\"item\":\"https:\/\/www.erresse-shop.it\/de\/shop\/\"},{\"@type\":\"ListItem\",\"position\":3,\"name\":\"PORTMEIRION Christmas Tree Herzplatte\"}]},{\"@type\":\"WebSite\",\"@id\":\"https:\/\/www.erresse-shop.it\/de\/#website\",\"url\":\"https:\/\/www.erresse-shop.it\/de\/\",\"name\":\"Erresse Shop\",\"description\":\"Articoli di qualit\u00e0 per la casa\",\"potentialAction\":[{\"@type\":\"SearchAction\",\"target\":{\"@type\":\"EntryPoint\",\"urlTemplate\":\"https:\/\/www.erresse-shop.it\/de\/?s={search_term_string}\"},\"query-input\":\"required name=search_term_string\"}],\"inLanguage\":\"de-DE\"}]}<\/script>\n<!-- \/ Yoast SEO Premium plugin. -->","yoast_head_json":{"title":"PORTMEIRION Christmas Tree Herzplatte - Erresse Shop","description":"Wir wissen, wie viel Liebe in die Vorbereitung Ihres festlichen Weihnachtsessens flie\u00dft, und diese herzf\u00f6rmige Platte ist eine wunderbare M\u00f6glichkeit,","robots":{"index":"index","follow":"follow","max-snippet":"max-snippet:-1","max-image-preview":"max-image-preview:large","max-video-preview":"max-video-preview:-1"},"canonical":"https:\/\/www.erresse-shop.it\/de\/shop\/tisch\/teller-geschirr\/portmeirion-christmas-tree-herzplatte\/","og_locale":"de_DE","og_type":"article","og_title":"PORTMEIRION Christmas Tree Herzplatte","og_description":"Wir wissen, wie viel Liebe in die Vorbereitung Ihres festlichen Weihnachtsessens flie\u00dft, und diese herzf\u00f6rmige Platte ist eine wunderbare M\u00f6glichkeit,","og_url":"https:\/\/www.erresse-shop.it\/de\/shop\/tisch\/teller-geschirr\/portmeirion-christmas-tree-herzplatte\/","og_site_name":"Erresse Shop","article_modified_time":"2025-11-21T08:55:40+00:00","og_image":[{"width":1200,"height":1200,"url":"https:\/\/www.erresse-shop.it\/wp-content\/uploads\/2025\/11\/PORTMEIRION-Christmas-Tree-Piatto-Cuore.jpg","type":"image\/jpeg"}],"twitter_card":"summary_large_image","schema":{"@context":"https:\/\/schema.org","@graph":[{"@type":"WebPage","@id":"https:\/\/www.erresse-shop.it\/de\/shop\/tisch\/teller-geschirr\/portmeirion-christmas-tree-herzplatte\/","url":"https:\/\/www.erresse-shop.it\/de\/shop\/tisch\/teller-geschirr\/portmeirion-christmas-tree-herzplatte\/","name":"PORTMEIRION Christmas Tree Herzplatte - Erresse Shop","isPartOf":{"@id":"https:\/\/www.erresse-shop.it\/de\/#website"},"datePublished":"2025-11-21T08:45:37+00:00","dateModified":"2025-11-21T08:55:40+00:00","description":"Wir wissen, wie viel Liebe in die Vorbereitung Ihres festlichen Weihnachtsessens flie\u00dft, und diese herzf\u00f6rmige Platte ist eine wunderbare M\u00f6glichkeit,","breadcrumb":{"@id":"https:\/\/www.erresse-shop.it\/de\/shop\/tisch\/teller-geschirr\/portmeirion-christmas-tree-herzplatte\/#breadcrumb"},"inLanguage":"de-DE","potentialAction":[{"@type":"ReadAction","target":["https:\/\/www.erresse-shop.it\/de\/shop\/tisch\/teller-geschirr\/portmeirion-christmas-tree-herzplatte\/"]}]},{"@type":"BreadcrumbList","@id":"https:\/\/www.erresse-shop.it\/de\/shop\/tisch\/teller-geschirr\/portmeirion-christmas-tree-herzplatte\/#breadcrumb","itemListElement":[{"@type":"ListItem","position":1,"name":"Home","item":"https:\/\/www.erresse-shop.it\/de\/"},{"@type":"ListItem","position":2,"name":"Shop","item":"https:\/\/www.erresse-shop.it\/de\/shop\/"},{"@type":"ListItem","position":3,"name":"PORTMEIRION Christmas Tree Herzplatte"}]},{"@type":"WebSite","@id":"https:\/\/www.erresse-shop.it\/de\/#website","url":"https:\/\/www.erresse-shop.it\/de\/","name":"Erresse Shop","description":"Articoli di qualit\u00e0 per la casa","potentialAction":[{"@type":"SearchAction","target":{"@type":"EntryPoint","urlTemplate":"https:\/\/www.erresse-shop.it\/de\/?s={search_term_string}"},"query-input":"required name=search_term_string"}],"inLanguage":"de-DE"}]}},"df_price":38.95,"df_sale_price":38.95,"df_regular_price":40.37,"df_image_link":"https:\/\/www.erresse-shop.it\/wp-content\/uploads\/2025\/11\/PORTMEIRION-Christmas-Tree-Piatto-Cuore-300x300.jpg","_links":{"self":[{"href":"https:\/\/www.erresse-shop.it\/de\/wp-json\/wp\/v2\/product\/517521"}],"collection":[{"href":"https:\/\/www.erresse-shop.it\/de\/wp-json\/wp\/v2\/product"}],"about":[{"href":"https:\/\/www.erresse-shop.it\/de\/wp-json\/wp\/v2\/types\/product"}],"wp:featuredmedia":[{"embeddable":true,"href":"https:\/\/www.erresse-shop.it\/de\/wp-json\/wp\/v2\/media\/517548"}],"wp:attachment":[{"href":"https:\/\/www.erresse-shop.it\/de\/wp-json\/wp\/v2\/media?parent=517521"}],"wp:term":[{"taxonomy":"product_cat","embeddable":true,"href":"https:\/\/www.erresse-shop.it\/de\/wp-json\/wp\/v2\/product_cat?post=517521"},{"taxonomy":"product_tag","embeddable":true,"href":"https:\/\/www.erresse-shop.it\/de\/wp-json\/wp\/v2\/product_tag?post=517521"}],"curies":[{"name":"wp","href":"https:\/\/api.w.org\/{rel}","templated":true}]}}