{"id":517504,"date":"2025-11-21T08:34:49","date_gmt":"2025-11-21T08:34:51","guid":{"rendered":"https:\/\/www.erresse-shop.it\/?post_type=product&#038;p=517504"},"modified":"2025-11-21T08:41:11","modified_gmt":"2025-11-21T08:41:11","slug":"portmeirion-christmas-tree-ovales-tablett","status":"publish","type":"product","link":"https:\/\/www.erresse-shop.it\/de\/shop\/tisch\/serviertablette\/portmeirion-christmas-tree-ovales-tablett\/","title":{"rendered":"PORTMEIRION Christmas Tree Ovales Tablett"},"content":{"rendered":"<p>Da wir k\u00f6stliche Cioccolatini mit tiefgefrorenem Tacchino zubereiten, ist unser ovales Gef\u00e4\u00df von 35 cm in der Form des Geburtshauses perfekt, um die Delikatessen w\u00e4hrend der Weihnachtszeit und die Feiertage zu genie\u00dfen. Wir sind von unserem Team aus Stoke-on-Trent geplant und pr\u00e4sentieren im Zentrum das Vintage-Bild des Albero von Natale Spode. Passen Sie auf, dass Sie den ganzen Tag lang kochen und direkt im Voraus essen, dieses kleine St\u00fcck erleichtert auch die Vorbereitung des Bieres im Voraus, so dass Sie sich mit Ihrem Freund auf Ihren Abschied konzentrieren k\u00f6nnen.<\/p>\n<p><strong>Produktdetails:<\/strong><\/p>\n<p><strong>Material<\/strong>: Gres<br \/>\n<strong>Altezza<\/strong>: 3 cm<br \/>\n<strong>Gr\u00f6\u00dfe<\/strong>: 35 cm<br \/>\n<strong>Tiefe<\/strong>: 22 cm<\/p>\n","protected":false},"excerpt":{"rendered":"<p>Da wir k\u00f6stliche Cioccolatini mit tiefgefrorenem Tacchino zubereiten, ist unser ovales Gef\u00e4\u00df von 35 cm in der Form des Geburtshauses<\/p>\n","protected":false},"featured_media":517518,"template":"","meta":{"_acf_changed":false,"inline_featured_image":false},"product_cat":[6853,6787],"product_tag":[19359,23911,11587],"acf":[],"yoast_head":"<!-- This site is optimized with the Yoast SEO Premium plugin v18.6 (Yoast SEO v19.13) - https:\/\/yoast.com\/wordpress\/plugins\/seo\/ -->\n<title>PORTMEIRION Christmas Tree Ovales Tablett - Erresse Shop<\/title>\n<meta name=\"description\" content=\"Da wir k\u00f6stliche Cioccolatini mit tiefgefrorenem Tacchino zubereiten, ist unser ovales Gef\u00e4\u00df von 35 cm in der Form des Geburtshauses perfekt, um die\" \/>\n<meta name=\"robots\" content=\"index, follow, max-snippet:-1, max-image-preview:large, max-video-preview:-1\" \/>\n<link rel=\"canonical\" href=\"https:\/\/www.erresse-shop.it\/de\/shop\/tisch\/serviertablette\/portmeirion-christmas-tree-ovales-tablett\/\" \/>\n<meta property=\"og:locale\" content=\"de_DE\" \/>\n<meta property=\"og:type\" content=\"article\" \/>\n<meta property=\"og:title\" content=\"PORTMEIRION Christmas Tree Ovales Tablett\" \/>\n<meta property=\"og:description\" content=\"Da wir k\u00f6stliche Cioccolatini mit tiefgefrorenem Tacchino zubereiten, ist unser ovales Gef\u00e4\u00df von 35 cm in der Form des Geburtshauses perfekt, um die\" \/>\n<meta property=\"og:url\" content=\"https:\/\/www.erresse-shop.it\/de\/shop\/tisch\/serviertablette\/portmeirion-christmas-tree-ovales-tablett\/\" \/>\n<meta property=\"og:site_name\" content=\"Erresse Shop\" \/>\n<meta property=\"article:modified_time\" content=\"2025-11-21T08:41:11+00:00\" \/>\n<meta property=\"og:image\" content=\"https:\/\/www.erresse-shop.it\/wp-content\/uploads\/2025\/11\/PORTMEIRION-Christmas-Cestino-del-pane.jpg\" \/>\n\t<meta property=\"og:image:width\" content=\"1200\" \/>\n\t<meta property=\"og:image:height\" content=\"1200\" \/>\n\t<meta property=\"og:image:type\" content=\"image\/jpeg\" \/>\n<meta name=\"twitter:card\" content=\"summary_large_image\" \/>\n<script type=\"application\/ld+json\" class=\"yoast-schema-graph\">{\"@context\":\"https:\/\/schema.org\",\"@graph\":[{\"@type\":\"WebPage\",\"@id\":\"https:\/\/www.erresse-shop.it\/de\/shop\/tisch\/serviertablette\/portmeirion-christmas-tree-ovales-tablett\/\",\"url\":\"https:\/\/www.erresse-shop.it\/de\/shop\/tisch\/serviertablette\/portmeirion-christmas-tree-ovales-tablett\/\",\"name\":\"PORTMEIRION Christmas Tree Ovales Tablett - Erresse Shop\",\"isPartOf\":{\"@id\":\"https:\/\/www.erresse-shop.it\/de\/#website\"},\"datePublished\":\"2025-11-21T08:34:51+00:00\",\"dateModified\":\"2025-11-21T08:41:11+00:00\",\"description\":\"Da wir k\u00f6stliche Cioccolatini mit tiefgefrorenem Tacchino zubereiten, ist unser ovales Gef\u00e4\u00df von 35 cm in der Form des Geburtshauses perfekt, um die\",\"breadcrumb\":{\"@id\":\"https:\/\/www.erresse-shop.it\/de\/shop\/tisch\/serviertablette\/portmeirion-christmas-tree-ovales-tablett\/#breadcrumb\"},\"inLanguage\":\"de-DE\",\"potentialAction\":[{\"@type\":\"ReadAction\",\"target\":[\"https:\/\/www.erresse-shop.it\/de\/shop\/tisch\/serviertablette\/portmeirion-christmas-tree-ovales-tablett\/\"]}]},{\"@type\":\"BreadcrumbList\",\"@id\":\"https:\/\/www.erresse-shop.it\/de\/shop\/tisch\/serviertablette\/portmeirion-christmas-tree-ovales-tablett\/#breadcrumb\",\"itemListElement\":[{\"@type\":\"ListItem\",\"position\":1,\"name\":\"Home\",\"item\":\"https:\/\/www.erresse-shop.it\/de\/\"},{\"@type\":\"ListItem\",\"position\":2,\"name\":\"Shop\",\"item\":\"https:\/\/www.erresse-shop.it\/de\/shop\/\"},{\"@type\":\"ListItem\",\"position\":3,\"name\":\"PORTMEIRION Christmas Tree Ovales Tablett\"}]},{\"@type\":\"WebSite\",\"@id\":\"https:\/\/www.erresse-shop.it\/de\/#website\",\"url\":\"https:\/\/www.erresse-shop.it\/de\/\",\"name\":\"Erresse Shop\",\"description\":\"Articoli di qualit\u00e0 per la casa\",\"potentialAction\":[{\"@type\":\"SearchAction\",\"target\":{\"@type\":\"EntryPoint\",\"urlTemplate\":\"https:\/\/www.erresse-shop.it\/de\/?s={search_term_string}\"},\"query-input\":\"required name=search_term_string\"}],\"inLanguage\":\"de-DE\"}]}<\/script>\n<!-- \/ Yoast SEO Premium plugin. -->","yoast_head_json":{"title":"PORTMEIRION Christmas Tree Ovales Tablett - Erresse Shop","description":"Da wir k\u00f6stliche Cioccolatini mit tiefgefrorenem Tacchino zubereiten, ist unser ovales Gef\u00e4\u00df von 35 cm in der Form des Geburtshauses perfekt, um die","robots":{"index":"index","follow":"follow","max-snippet":"max-snippet:-1","max-image-preview":"max-image-preview:large","max-video-preview":"max-video-preview:-1"},"canonical":"https:\/\/www.erresse-shop.it\/de\/shop\/tisch\/serviertablette\/portmeirion-christmas-tree-ovales-tablett\/","og_locale":"de_DE","og_type":"article","og_title":"PORTMEIRION Christmas Tree Ovales Tablett","og_description":"Da wir k\u00f6stliche Cioccolatini mit tiefgefrorenem Tacchino zubereiten, ist unser ovales Gef\u00e4\u00df von 35 cm in der Form des Geburtshauses perfekt, um die","og_url":"https:\/\/www.erresse-shop.it\/de\/shop\/tisch\/serviertablette\/portmeirion-christmas-tree-ovales-tablett\/","og_site_name":"Erresse Shop","article_modified_time":"2025-11-21T08:41:11+00:00","og_image":[{"width":1200,"height":1200,"url":"https:\/\/www.erresse-shop.it\/wp-content\/uploads\/2025\/11\/PORTMEIRION-Christmas-Cestino-del-pane.jpg","type":"image\/jpeg"}],"twitter_card":"summary_large_image","schema":{"@context":"https:\/\/schema.org","@graph":[{"@type":"WebPage","@id":"https:\/\/www.erresse-shop.it\/de\/shop\/tisch\/serviertablette\/portmeirion-christmas-tree-ovales-tablett\/","url":"https:\/\/www.erresse-shop.it\/de\/shop\/tisch\/serviertablette\/portmeirion-christmas-tree-ovales-tablett\/","name":"PORTMEIRION Christmas Tree Ovales Tablett - Erresse Shop","isPartOf":{"@id":"https:\/\/www.erresse-shop.it\/de\/#website"},"datePublished":"2025-11-21T08:34:51+00:00","dateModified":"2025-11-21T08:41:11+00:00","description":"Da wir k\u00f6stliche Cioccolatini mit tiefgefrorenem Tacchino zubereiten, ist unser ovales Gef\u00e4\u00df von 35 cm in der Form des Geburtshauses perfekt, um die","breadcrumb":{"@id":"https:\/\/www.erresse-shop.it\/de\/shop\/tisch\/serviertablette\/portmeirion-christmas-tree-ovales-tablett\/#breadcrumb"},"inLanguage":"de-DE","potentialAction":[{"@type":"ReadAction","target":["https:\/\/www.erresse-shop.it\/de\/shop\/tisch\/serviertablette\/portmeirion-christmas-tree-ovales-tablett\/"]}]},{"@type":"BreadcrumbList","@id":"https:\/\/www.erresse-shop.it\/de\/shop\/tisch\/serviertablette\/portmeirion-christmas-tree-ovales-tablett\/#breadcrumb","itemListElement":[{"@type":"ListItem","position":1,"name":"Home","item":"https:\/\/www.erresse-shop.it\/de\/"},{"@type":"ListItem","position":2,"name":"Shop","item":"https:\/\/www.erresse-shop.it\/de\/shop\/"},{"@type":"ListItem","position":3,"name":"PORTMEIRION Christmas Tree Ovales Tablett"}]},{"@type":"WebSite","@id":"https:\/\/www.erresse-shop.it\/de\/#website","url":"https:\/\/www.erresse-shop.it\/de\/","name":"Erresse Shop","description":"Articoli di qualit\u00e0 per la casa","potentialAction":[{"@type":"SearchAction","target":{"@type":"EntryPoint","urlTemplate":"https:\/\/www.erresse-shop.it\/de\/?s={search_term_string}"},"query-input":"required name=search_term_string"}],"inLanguage":"de-DE"}]}},"df_price":64.95,"df_sale_price":64.95,"df_regular_price":91.08,"df_image_link":"https:\/\/www.erresse-shop.it\/wp-content\/uploads\/2025\/11\/PORTMEIRION-Christmas-Tree-Vassoio-Ovale-300x300.jpg","_links":{"self":[{"href":"https:\/\/www.erresse-shop.it\/de\/wp-json\/wp\/v2\/product\/517504"}],"collection":[{"href":"https:\/\/www.erresse-shop.it\/de\/wp-json\/wp\/v2\/product"}],"about":[{"href":"https:\/\/www.erresse-shop.it\/de\/wp-json\/wp\/v2\/types\/product"}],"wp:featuredmedia":[{"embeddable":true,"href":"https:\/\/www.erresse-shop.it\/de\/wp-json\/wp\/v2\/media\/517518"}],"wp:attachment":[{"href":"https:\/\/www.erresse-shop.it\/de\/wp-json\/wp\/v2\/media?parent=517504"}],"wp:term":[{"taxonomy":"product_cat","embeddable":true,"href":"https:\/\/www.erresse-shop.it\/de\/wp-json\/wp\/v2\/product_cat?post=517504"},{"taxonomy":"product_tag","embeddable":true,"href":"https:\/\/www.erresse-shop.it\/de\/wp-json\/wp\/v2\/product_tag?post=517504"}],"curies":[{"name":"wp","href":"https:\/\/api.w.org\/{rel}","templated":true}]}}