{"id":517487,"date":"2025-11-21T08:23:45","date_gmt":"2025-11-21T08:23:46","guid":{"rendered":"https:\/\/www.erresse-shop.it\/?post_type=product&#038;p=517487"},"modified":"2025-11-21T08:32:47","modified_gmt":"2025-11-21T08:32:47","slug":"portmeirion-christmas-tree-brotkorb","status":"publish","type":"product","link":"https:\/\/www.erresse-shop.it\/de\/shop\/tisch\/koerbe-und-schalen\/portmeirion-christmas-tree-brotkorb\/","title":{"rendered":"PORTMEIRION Christmas Tree Brotkorb"},"content":{"rendered":"<p>F\u00fcr alle, die ihr Zuhause gerne dekorieren: Bringen Sie dieses Weihnachten etwas festliche Stimmung in Ihre K\u00fcche! Dieser Brotkorb aus Steingut mit nostalgischem Weihnachtsbaum-Motiv sorgt f\u00fcr festliche Stimmung in Ihrer K\u00fcche \u2013 ob zum Fr\u00fchst\u00fcck oder gef\u00fcllt mit Brot oder Yorkshire Pudding. Erw\u00e4rmen Sie den robusten Korb nach Belieben im Backofen oder in der Mikrowelle. Dank der gro\u00dfen Griffe l\u00e4sst er sich m\u00fchelos vom Ofen auf den Tisch oder von Raum zu Raum transportieren.<\/p>\n<p><strong>Produktdetails<\/strong>:<\/p>\n<p><strong>Material<\/strong>: Steingut<br \/>\n<strong>H\u00f6he<\/strong>: 6,6 cm<br \/>\n<strong>reite<\/strong>: 18,7 cm<br \/>\n<strong>L\u00e4nge<\/strong>: 35,5 cm<\/p>\n","protected":false},"excerpt":{"rendered":"<p>F\u00fcr alle, die ihr Zuhause gerne dekorieren: Bringen Sie dieses Weihnachten etwas festliche Stimmung in Ihre K\u00fcche! Dieser Brotkorb aus<\/p>\n","protected":false},"featured_media":517501,"template":"","meta":{"_acf_changed":false,"inline_featured_image":false},"product_cat":[6787,14243],"product_tag":[19359,23911],"acf":[],"yoast_head":"<!-- This site is optimized with the Yoast SEO Premium plugin v18.6 (Yoast SEO v19.13) - https:\/\/yoast.com\/wordpress\/plugins\/seo\/ -->\n<title>PORTMEIRION Christmas Tree Brotkorb - Erresse Shop<\/title>\n<meta name=\"description\" content=\"F\u00fcr alle, die ihr Zuhause gerne dekorieren: Bringen Sie dieses Weihnachten etwas festliche Stimmung in Ihre K\u00fcche! Dieser Brotkorb aus Steingut mit\" \/>\n<meta name=\"robots\" content=\"index, follow, max-snippet:-1, max-image-preview:large, max-video-preview:-1\" \/>\n<link rel=\"canonical\" href=\"https:\/\/www.erresse-shop.it\/de\/shop\/tisch\/koerbe-und-schalen\/portmeirion-christmas-tree-brotkorb\/\" \/>\n<meta property=\"og:locale\" content=\"de_DE\" \/>\n<meta property=\"og:type\" content=\"article\" \/>\n<meta property=\"og:title\" content=\"PORTMEIRION Christmas Tree Brotkorb\" \/>\n<meta property=\"og:description\" content=\"F\u00fcr alle, die ihr Zuhause gerne dekorieren: Bringen Sie dieses Weihnachten etwas festliche Stimmung in Ihre K\u00fcche! Dieser Brotkorb aus Steingut mit\" \/>\n<meta property=\"og:url\" content=\"https:\/\/www.erresse-shop.it\/de\/shop\/tisch\/koerbe-und-schalen\/portmeirion-christmas-tree-brotkorb\/\" \/>\n<meta property=\"og:site_name\" content=\"Erresse Shop\" \/>\n<meta property=\"article:modified_time\" content=\"2025-11-21T08:32:47+00:00\" \/>\n<meta property=\"og:image\" content=\"https:\/\/www.erresse-shop.it\/wp-content\/uploads\/2025\/11\/PORTMEIRION-Christmas-Cestino-del-pane.jpg\" \/>\n\t<meta property=\"og:image:width\" content=\"1200\" \/>\n\t<meta property=\"og:image:height\" content=\"1200\" \/>\n\t<meta property=\"og:image:type\" content=\"image\/jpeg\" \/>\n<meta name=\"twitter:card\" content=\"summary_large_image\" \/>\n<script type=\"application\/ld+json\" class=\"yoast-schema-graph\">{\"@context\":\"https:\/\/schema.org\",\"@graph\":[{\"@type\":\"WebPage\",\"@id\":\"https:\/\/www.erresse-shop.it\/de\/shop\/tisch\/koerbe-und-schalen\/portmeirion-christmas-tree-brotkorb\/\",\"url\":\"https:\/\/www.erresse-shop.it\/de\/shop\/tisch\/koerbe-und-schalen\/portmeirion-christmas-tree-brotkorb\/\",\"name\":\"PORTMEIRION Christmas Tree Brotkorb - Erresse Shop\",\"isPartOf\":{\"@id\":\"https:\/\/www.erresse-shop.it\/de\/#website\"},\"datePublished\":\"2025-11-21T08:23:46+00:00\",\"dateModified\":\"2025-11-21T08:32:47+00:00\",\"description\":\"F\u00fcr alle, die ihr Zuhause gerne dekorieren: Bringen Sie dieses Weihnachten etwas festliche Stimmung in Ihre K\u00fcche! Dieser Brotkorb aus Steingut mit\",\"breadcrumb\":{\"@id\":\"https:\/\/www.erresse-shop.it\/de\/shop\/tisch\/koerbe-und-schalen\/portmeirion-christmas-tree-brotkorb\/#breadcrumb\"},\"inLanguage\":\"de-DE\",\"potentialAction\":[{\"@type\":\"ReadAction\",\"target\":[\"https:\/\/www.erresse-shop.it\/de\/shop\/tisch\/koerbe-und-schalen\/portmeirion-christmas-tree-brotkorb\/\"]}]},{\"@type\":\"BreadcrumbList\",\"@id\":\"https:\/\/www.erresse-shop.it\/de\/shop\/tisch\/koerbe-und-schalen\/portmeirion-christmas-tree-brotkorb\/#breadcrumb\",\"itemListElement\":[{\"@type\":\"ListItem\",\"position\":1,\"name\":\"Home\",\"item\":\"https:\/\/www.erresse-shop.it\/de\/\"},{\"@type\":\"ListItem\",\"position\":2,\"name\":\"Shop\",\"item\":\"https:\/\/www.erresse-shop.it\/de\/shop\/\"},{\"@type\":\"ListItem\",\"position\":3,\"name\":\"PORTMEIRION Christmas Tree Brotkorb\"}]},{\"@type\":\"WebSite\",\"@id\":\"https:\/\/www.erresse-shop.it\/de\/#website\",\"url\":\"https:\/\/www.erresse-shop.it\/de\/\",\"name\":\"Erresse Shop\",\"description\":\"Articoli di qualit\u00e0 per la casa\",\"potentialAction\":[{\"@type\":\"SearchAction\",\"target\":{\"@type\":\"EntryPoint\",\"urlTemplate\":\"https:\/\/www.erresse-shop.it\/de\/?s={search_term_string}\"},\"query-input\":\"required name=search_term_string\"}],\"inLanguage\":\"de-DE\"}]}<\/script>\n<!-- \/ Yoast SEO Premium plugin. -->","yoast_head_json":{"title":"PORTMEIRION Christmas Tree Brotkorb - Erresse Shop","description":"F\u00fcr alle, die ihr Zuhause gerne dekorieren: Bringen Sie dieses Weihnachten etwas festliche Stimmung in Ihre K\u00fcche! Dieser Brotkorb aus Steingut mit","robots":{"index":"index","follow":"follow","max-snippet":"max-snippet:-1","max-image-preview":"max-image-preview:large","max-video-preview":"max-video-preview:-1"},"canonical":"https:\/\/www.erresse-shop.it\/de\/shop\/tisch\/koerbe-und-schalen\/portmeirion-christmas-tree-brotkorb\/","og_locale":"de_DE","og_type":"article","og_title":"PORTMEIRION Christmas Tree Brotkorb","og_description":"F\u00fcr alle, die ihr Zuhause gerne dekorieren: Bringen Sie dieses Weihnachten etwas festliche Stimmung in Ihre K\u00fcche! Dieser Brotkorb aus Steingut mit","og_url":"https:\/\/www.erresse-shop.it\/de\/shop\/tisch\/koerbe-und-schalen\/portmeirion-christmas-tree-brotkorb\/","og_site_name":"Erresse Shop","article_modified_time":"2025-11-21T08:32:47+00:00","og_image":[{"width":1200,"height":1200,"url":"https:\/\/www.erresse-shop.it\/wp-content\/uploads\/2025\/11\/PORTMEIRION-Christmas-Cestino-del-pane.jpg","type":"image\/jpeg"}],"twitter_card":"summary_large_image","schema":{"@context":"https:\/\/schema.org","@graph":[{"@type":"WebPage","@id":"https:\/\/www.erresse-shop.it\/de\/shop\/tisch\/koerbe-und-schalen\/portmeirion-christmas-tree-brotkorb\/","url":"https:\/\/www.erresse-shop.it\/de\/shop\/tisch\/koerbe-und-schalen\/portmeirion-christmas-tree-brotkorb\/","name":"PORTMEIRION Christmas Tree Brotkorb - Erresse Shop","isPartOf":{"@id":"https:\/\/www.erresse-shop.it\/de\/#website"},"datePublished":"2025-11-21T08:23:46+00:00","dateModified":"2025-11-21T08:32:47+00:00","description":"F\u00fcr alle, die ihr Zuhause gerne dekorieren: Bringen Sie dieses Weihnachten etwas festliche Stimmung in Ihre K\u00fcche! Dieser Brotkorb aus Steingut mit","breadcrumb":{"@id":"https:\/\/www.erresse-shop.it\/de\/shop\/tisch\/koerbe-und-schalen\/portmeirion-christmas-tree-brotkorb\/#breadcrumb"},"inLanguage":"de-DE","potentialAction":[{"@type":"ReadAction","target":["https:\/\/www.erresse-shop.it\/de\/shop\/tisch\/koerbe-und-schalen\/portmeirion-christmas-tree-brotkorb\/"]}]},{"@type":"BreadcrumbList","@id":"https:\/\/www.erresse-shop.it\/de\/shop\/tisch\/koerbe-und-schalen\/portmeirion-christmas-tree-brotkorb\/#breadcrumb","itemListElement":[{"@type":"ListItem","position":1,"name":"Home","item":"https:\/\/www.erresse-shop.it\/de\/"},{"@type":"ListItem","position":2,"name":"Shop","item":"https:\/\/www.erresse-shop.it\/de\/shop\/"},{"@type":"ListItem","position":3,"name":"PORTMEIRION Christmas Tree Brotkorb"}]},{"@type":"WebSite","@id":"https:\/\/www.erresse-shop.it\/de\/#website","url":"https:\/\/www.erresse-shop.it\/de\/","name":"Erresse Shop","description":"Articoli di qualit\u00e0 per la casa","potentialAction":[{"@type":"SearchAction","target":{"@type":"EntryPoint","urlTemplate":"https:\/\/www.erresse-shop.it\/de\/?s={search_term_string}"},"query-input":"required name=search_term_string"}],"inLanguage":"de-DE"}]}},"df_price":59.95,"df_sale_price":59.95,"df_regular_price":77.9,"df_image_link":"https:\/\/www.erresse-shop.it\/wp-content\/uploads\/2025\/11\/PORTMEIRION-Christmas-Cestino-del-pane-300x300.jpg","_links":{"self":[{"href":"https:\/\/www.erresse-shop.it\/de\/wp-json\/wp\/v2\/product\/517487"}],"collection":[{"href":"https:\/\/www.erresse-shop.it\/de\/wp-json\/wp\/v2\/product"}],"about":[{"href":"https:\/\/www.erresse-shop.it\/de\/wp-json\/wp\/v2\/types\/product"}],"wp:featuredmedia":[{"embeddable":true,"href":"https:\/\/www.erresse-shop.it\/de\/wp-json\/wp\/v2\/media\/517501"}],"wp:attachment":[{"href":"https:\/\/www.erresse-shop.it\/de\/wp-json\/wp\/v2\/media?parent=517487"}],"wp:term":[{"taxonomy":"product_cat","embeddable":true,"href":"https:\/\/www.erresse-shop.it\/de\/wp-json\/wp\/v2\/product_cat?post=517487"},{"taxonomy":"product_tag","embeddable":true,"href":"https:\/\/www.erresse-shop.it\/de\/wp-json\/wp\/v2\/product_tag?post=517487"}],"curies":[{"name":"wp","href":"https:\/\/api.w.org\/{rel}","templated":true}]}}