{"id":517393,"date":"2025-11-21T07:43:40","date_gmt":"2025-11-21T07:43:41","guid":{"rendered":"https:\/\/www.erresse-shop.it\/?post_type=product&#038;p=517393"},"modified":"2025-11-21T07:53:57","modified_gmt":"2025-11-21T07:53:57","slug":"portmeirion-christmas-tree-set-12-stueck","status":"publish","type":"product","link":"https:\/\/www.erresse-shop.it\/de\/shop\/tisch\/teller-geschirr\/portmeirion-christmas-tree-set-12-stueck\/","title":{"rendered":"PORTMEIRION Christmas Tree Set 12 St\u00fcck"},"content":{"rendered":"<p>Weihnachten ist eine Zeit voller K\u00f6stlichkeiten, von Mince Pies und Weihnachtskuchen bis hin zum festlichen Weihnachtsessen selbst. Dieses 12-teilige, in Gro\u00dfbritannien hergestellte Set ist ideal, um all diese Leckereien zu servieren. Jedes Teil ziert Spodes klassisches \u201eWeihnachtsbaum\u201c-Design mit einem geschm\u00fcckten Baum auf einem Berg von Geschenken. Die Speiseteller bieten Platz f\u00fcr gro\u00dfz\u00fcgige Portionen Braten mit allen Beilagen, w\u00e4hrend die kleineren Teller und Sch\u00fcsseln perfekt f\u00fcr klassische Snacks und die Reste vom Weihnachtsessen sind.<\/p>\n<p><strong>Produktdetails:<\/strong><\/p>\n<p><strong>Herstellungsland<\/strong>: Vereinigtes K\u00f6nigreich<br \/>\n<strong>Material<\/strong>: Steingut<\/p>\n<p><strong>Abmessungen:<\/strong><\/p>\n<ul>\n<li><strong>Speiseteller<\/strong>: 27,5 x 27,5 cm, H\u00f6he 2,6 cm<\/li>\n<li><strong>Dessertteller<\/strong>: 16,5 x 16,5 cm, H\u00f6he 2 cm<\/li>\n<li><strong>Sch\u00fcssel<\/strong>: 16 x 16 cm, H\u00f6he 3,6 cm<\/li>\n<\/ul>\n<p><strong>Gewicht:<\/strong><\/p>\n<ul>\n<li><strong>Speiseteller<\/strong>: 627 g<\/li>\n<li><strong>Dessertteller:<\/strong> 181 g<\/li>\n<li><strong>Sch\u00fcssel<\/strong>: 263 g<\/li>\n<\/ul>\n","protected":false},"excerpt":{"rendered":"<p>Weihnachten ist eine Zeit voller K\u00f6stlichkeiten, von Mince Pies und Weihnachtskuchen bis hin zum festlichen Weihnachtsessen selbst. Dieses 12-teilige, in<\/p>\n","protected":false},"featured_media":517413,"template":"","meta":{"_acf_changed":false,"inline_featured_image":false},"product_cat":[6793,6787],"product_tag":[19359,23911,14552,20877,21971,11971,11565,11563,12350,11827],"acf":[],"yoast_head":"<!-- This site is optimized with the Yoast SEO Premium plugin v18.6 (Yoast SEO v19.13) - https:\/\/yoast.com\/wordpress\/plugins\/seo\/ -->\n<title>PORTMEIRION Christmas Tree Set 12 St\u00fcck - Erresse Shop<\/title>\n<meta name=\"description\" content=\"Weihnachten ist eine Zeit voller K\u00f6stlichkeiten, von Mince Pies und Weihnachtskuchen bis hin zum festlichen Weihnachtsessen selbst. Dieses 12-teilige, in\" \/>\n<meta name=\"robots\" content=\"index, follow, max-snippet:-1, max-image-preview:large, max-video-preview:-1\" \/>\n<link rel=\"canonical\" href=\"https:\/\/www.erresse-shop.it\/de\/shop\/tisch\/teller-geschirr\/portmeirion-christmas-tree-set-12-stueck\/\" \/>\n<meta property=\"og:locale\" content=\"de_DE\" \/>\n<meta property=\"og:type\" content=\"article\" \/>\n<meta property=\"og:title\" content=\"PORTMEIRION Christmas Tree Set 12 St\u00fcck\" \/>\n<meta property=\"og:description\" content=\"Weihnachten ist eine Zeit voller K\u00f6stlichkeiten, von Mince Pies und Weihnachtskuchen bis hin zum festlichen Weihnachtsessen selbst. Dieses 12-teilige, in\" \/>\n<meta property=\"og:url\" content=\"https:\/\/www.erresse-shop.it\/de\/shop\/tisch\/teller-geschirr\/portmeirion-christmas-tree-set-12-stueck\/\" \/>\n<meta property=\"og:site_name\" content=\"Erresse Shop\" \/>\n<meta property=\"article:modified_time\" content=\"2025-11-21T07:53:57+00:00\" \/>\n<meta property=\"og:image\" content=\"https:\/\/www.erresse-shop.it\/wp-content\/uploads\/2025\/11\/PORTMEIRION-Christmas-Tree-Set-12-pz.jpg\" \/>\n\t<meta property=\"og:image:width\" content=\"1200\" \/>\n\t<meta property=\"og:image:height\" content=\"1200\" \/>\n\t<meta property=\"og:image:type\" content=\"image\/jpeg\" \/>\n<meta name=\"twitter:card\" content=\"summary_large_image\" \/>\n<script type=\"application\/ld+json\" class=\"yoast-schema-graph\">{\"@context\":\"https:\/\/schema.org\",\"@graph\":[{\"@type\":\"WebPage\",\"@id\":\"https:\/\/www.erresse-shop.it\/de\/shop\/tisch\/teller-geschirr\/portmeirion-christmas-tree-set-12-stueck\/\",\"url\":\"https:\/\/www.erresse-shop.it\/de\/shop\/tisch\/teller-geschirr\/portmeirion-christmas-tree-set-12-stueck\/\",\"name\":\"PORTMEIRION Christmas Tree Set 12 St\u00fcck - Erresse Shop\",\"isPartOf\":{\"@id\":\"https:\/\/www.erresse-shop.it\/de\/#website\"},\"datePublished\":\"2025-11-21T07:43:41+00:00\",\"dateModified\":\"2025-11-21T07:53:57+00:00\",\"description\":\"Weihnachten ist eine Zeit voller K\u00f6stlichkeiten, von Mince Pies und Weihnachtskuchen bis hin zum festlichen Weihnachtsessen selbst. Dieses 12-teilige, in\",\"breadcrumb\":{\"@id\":\"https:\/\/www.erresse-shop.it\/de\/shop\/tisch\/teller-geschirr\/portmeirion-christmas-tree-set-12-stueck\/#breadcrumb\"},\"inLanguage\":\"de-DE\",\"potentialAction\":[{\"@type\":\"ReadAction\",\"target\":[\"https:\/\/www.erresse-shop.it\/de\/shop\/tisch\/teller-geschirr\/portmeirion-christmas-tree-set-12-stueck\/\"]}]},{\"@type\":\"BreadcrumbList\",\"@id\":\"https:\/\/www.erresse-shop.it\/de\/shop\/tisch\/teller-geschirr\/portmeirion-christmas-tree-set-12-stueck\/#breadcrumb\",\"itemListElement\":[{\"@type\":\"ListItem\",\"position\":1,\"name\":\"Home\",\"item\":\"https:\/\/www.erresse-shop.it\/de\/\"},{\"@type\":\"ListItem\",\"position\":2,\"name\":\"Shop\",\"item\":\"https:\/\/www.erresse-shop.it\/de\/shop\/\"},{\"@type\":\"ListItem\",\"position\":3,\"name\":\"PORTMEIRION Christmas Tree Set 12 St\u00fcck\"}]},{\"@type\":\"WebSite\",\"@id\":\"https:\/\/www.erresse-shop.it\/de\/#website\",\"url\":\"https:\/\/www.erresse-shop.it\/de\/\",\"name\":\"Erresse Shop\",\"description\":\"Articoli di qualit\u00e0 per la casa\",\"potentialAction\":[{\"@type\":\"SearchAction\",\"target\":{\"@type\":\"EntryPoint\",\"urlTemplate\":\"https:\/\/www.erresse-shop.it\/de\/?s={search_term_string}\"},\"query-input\":\"required name=search_term_string\"}],\"inLanguage\":\"de-DE\"}]}<\/script>\n<!-- \/ Yoast SEO Premium plugin. -->","yoast_head_json":{"title":"PORTMEIRION Christmas Tree Set 12 St\u00fcck - Erresse Shop","description":"Weihnachten ist eine Zeit voller K\u00f6stlichkeiten, von Mince Pies und Weihnachtskuchen bis hin zum festlichen Weihnachtsessen selbst. Dieses 12-teilige, in","robots":{"index":"index","follow":"follow","max-snippet":"max-snippet:-1","max-image-preview":"max-image-preview:large","max-video-preview":"max-video-preview:-1"},"canonical":"https:\/\/www.erresse-shop.it\/de\/shop\/tisch\/teller-geschirr\/portmeirion-christmas-tree-set-12-stueck\/","og_locale":"de_DE","og_type":"article","og_title":"PORTMEIRION Christmas Tree Set 12 St\u00fcck","og_description":"Weihnachten ist eine Zeit voller K\u00f6stlichkeiten, von Mince Pies und Weihnachtskuchen bis hin zum festlichen Weihnachtsessen selbst. Dieses 12-teilige, in","og_url":"https:\/\/www.erresse-shop.it\/de\/shop\/tisch\/teller-geschirr\/portmeirion-christmas-tree-set-12-stueck\/","og_site_name":"Erresse Shop","article_modified_time":"2025-11-21T07:53:57+00:00","og_image":[{"width":1200,"height":1200,"url":"https:\/\/www.erresse-shop.it\/wp-content\/uploads\/2025\/11\/PORTMEIRION-Christmas-Tree-Set-12-pz.jpg","type":"image\/jpeg"}],"twitter_card":"summary_large_image","schema":{"@context":"https:\/\/schema.org","@graph":[{"@type":"WebPage","@id":"https:\/\/www.erresse-shop.it\/de\/shop\/tisch\/teller-geschirr\/portmeirion-christmas-tree-set-12-stueck\/","url":"https:\/\/www.erresse-shop.it\/de\/shop\/tisch\/teller-geschirr\/portmeirion-christmas-tree-set-12-stueck\/","name":"PORTMEIRION Christmas Tree Set 12 St\u00fcck - Erresse Shop","isPartOf":{"@id":"https:\/\/www.erresse-shop.it\/de\/#website"},"datePublished":"2025-11-21T07:43:41+00:00","dateModified":"2025-11-21T07:53:57+00:00","description":"Weihnachten ist eine Zeit voller K\u00f6stlichkeiten, von Mince Pies und Weihnachtskuchen bis hin zum festlichen Weihnachtsessen selbst. Dieses 12-teilige, in","breadcrumb":{"@id":"https:\/\/www.erresse-shop.it\/de\/shop\/tisch\/teller-geschirr\/portmeirion-christmas-tree-set-12-stueck\/#breadcrumb"},"inLanguage":"de-DE","potentialAction":[{"@type":"ReadAction","target":["https:\/\/www.erresse-shop.it\/de\/shop\/tisch\/teller-geschirr\/portmeirion-christmas-tree-set-12-stueck\/"]}]},{"@type":"BreadcrumbList","@id":"https:\/\/www.erresse-shop.it\/de\/shop\/tisch\/teller-geschirr\/portmeirion-christmas-tree-set-12-stueck\/#breadcrumb","itemListElement":[{"@type":"ListItem","position":1,"name":"Home","item":"https:\/\/www.erresse-shop.it\/de\/"},{"@type":"ListItem","position":2,"name":"Shop","item":"https:\/\/www.erresse-shop.it\/de\/shop\/"},{"@type":"ListItem","position":3,"name":"PORTMEIRION Christmas Tree Set 12 St\u00fcck"}]},{"@type":"WebSite","@id":"https:\/\/www.erresse-shop.it\/de\/#website","url":"https:\/\/www.erresse-shop.it\/de\/","name":"Erresse Shop","description":"Articoli di qualit\u00e0 per la casa","potentialAction":[{"@type":"SearchAction","target":{"@type":"EntryPoint","urlTemplate":"https:\/\/www.erresse-shop.it\/de\/?s={search_term_string}"},"query-input":"required name=search_term_string"}],"inLanguage":"de-DE"}]}},"df_price":159.95,"df_sale_price":159.95,"df_regular_price":269.7,"df_image_link":"https:\/\/www.erresse-shop.it\/wp-content\/uploads\/2025\/11\/PORTMEIRION-Christmas-Tree-Set-12-pz-300x300.jpg","_links":{"self":[{"href":"https:\/\/www.erresse-shop.it\/de\/wp-json\/wp\/v2\/product\/517393"}],"collection":[{"href":"https:\/\/www.erresse-shop.it\/de\/wp-json\/wp\/v2\/product"}],"about":[{"href":"https:\/\/www.erresse-shop.it\/de\/wp-json\/wp\/v2\/types\/product"}],"wp:featuredmedia":[{"embeddable":true,"href":"https:\/\/www.erresse-shop.it\/de\/wp-json\/wp\/v2\/media\/517413"}],"wp:attachment":[{"href":"https:\/\/www.erresse-shop.it\/de\/wp-json\/wp\/v2\/media?parent=517393"}],"wp:term":[{"taxonomy":"product_cat","embeddable":true,"href":"https:\/\/www.erresse-shop.it\/de\/wp-json\/wp\/v2\/product_cat?post=517393"},{"taxonomy":"product_tag","embeddable":true,"href":"https:\/\/www.erresse-shop.it\/de\/wp-json\/wp\/v2\/product_tag?post=517393"}],"curies":[{"name":"wp","href":"https:\/\/api.w.org\/{rel}","templated":true}]}}