{"id":517329,"date":"2025-11-21T07:18:30","date_gmt":"2025-11-21T07:18:31","guid":{"rendered":"https:\/\/www.erresse-shop.it\/?post_type=product&#038;p=517329"},"modified":"2025-11-21T07:26:11","modified_gmt":"2025-11-21T07:26:11","slug":"portmeirion-christmas-tree-grosses-unterteiltes-tablett","status":"publish","type":"product","link":"https:\/\/www.erresse-shop.it\/de\/shop\/tisch\/serviertablette\/portmeirion-christmas-tree-grosses-unterteiltes-tablett\/","title":{"rendered":"PORTMEIRION Christmas Tree Gro\u00dfes unterteiltes Tablett"},"content":{"rendered":"<p>Ob Sie ein festliches Buffet oder das Hauptfest am Weihnachtstag ausrichten \u2013 diese gro\u00dfe, mehrteilige Servierplatte ist ein unverzichtbares Accessoire f\u00fcr Ihre K\u00fcche. Ideal zum Servieren von Beilagen und Vorspeisen, gef\u00fcllt mit Buttergem\u00fcse, perfekt gebratenen Kartoffeln oder den Lieblingsdesserts Ihrer G\u00e4ste. Jedes Fach ist mit einem kleinen Spode-Weihnachtsbaum verziert, der am Boden eine k\u00f6stliche \u00dcberraschung bereith\u00e4lt. Diese Porzellanplatte ist nicht nur praktisch, sondern auch wundersch\u00f6n.<\/p>\n<p><strong>Produktdetails:<\/strong><\/p>\n<p><strong>Herstellungsland:<\/strong> China<br \/>\n<strong>Material: <\/strong>Porzellan<strong><br \/>\n<strong>H\u00f6he:<\/strong><\/strong> 7,5 cm<strong><strong><br \/>\n<strong>Breite: <\/strong><\/strong><\/strong>18 cm<strong><strong><strong><br \/>\n<strong>Tiefe: <\/strong><\/strong><\/strong><\/strong>34,2 cm<strong><strong><strong><strong><br \/>\n<strong>Volumen:<\/strong><\/strong><\/strong><\/strong><\/strong> 1500 ml<\/p>\n","protected":false},"excerpt":{"rendered":"<p>Ob Sie ein festliches Buffet oder das Hauptfest am Weihnachtstag ausrichten \u2013 diese gro\u00dfe, mehrteilige Servierplatte ist ein unverzichtbares Accessoire<\/p>\n","protected":false},"featured_media":517355,"template":"","meta":{"_acf_changed":false,"inline_featured_image":false},"product_cat":[6853,6787],"product_tag":[19359,23911,11587],"acf":[],"yoast_head":"<!-- This site is optimized with the Yoast SEO Premium plugin v18.6 (Yoast SEO v19.13) - https:\/\/yoast.com\/wordpress\/plugins\/seo\/ -->\n<title>PORTMEIRION Christmas Tree Gro\u00dfes unterteiltes Tablett - Erresse Shop<\/title>\n<meta name=\"description\" content=\"Ob Sie ein festliches Buffet oder das Hauptfest am Weihnachtstag ausrichten \u2013 diese gro\u00dfe, mehrteilige Servierplatte ist ein unverzichtbares Accessoire\" \/>\n<meta name=\"robots\" content=\"index, follow, max-snippet:-1, max-image-preview:large, max-video-preview:-1\" \/>\n<link rel=\"canonical\" href=\"https:\/\/www.erresse-shop.it\/de\/shop\/tisch\/serviertablette\/portmeirion-christmas-tree-grosses-unterteiltes-tablett\/\" \/>\n<meta property=\"og:locale\" content=\"de_DE\" \/>\n<meta property=\"og:type\" content=\"article\" \/>\n<meta property=\"og:title\" content=\"PORTMEIRION Christmas Tree Gro\u00dfes unterteiltes Tablett\" \/>\n<meta property=\"og:description\" content=\"Ob Sie ein festliches Buffet oder das Hauptfest am Weihnachtstag ausrichten \u2013 diese gro\u00dfe, mehrteilige Servierplatte ist ein unverzichtbares Accessoire\" \/>\n<meta property=\"og:url\" content=\"https:\/\/www.erresse-shop.it\/de\/shop\/tisch\/serviertablette\/portmeirion-christmas-tree-grosses-unterteiltes-tablett\/\" \/>\n<meta property=\"og:site_name\" content=\"Erresse Shop\" \/>\n<meta property=\"article:modified_time\" content=\"2025-11-21T07:26:11+00:00\" \/>\n<meta property=\"og:image\" content=\"https:\/\/www.erresse-shop.it\/wp-content\/uploads\/2025\/11\/PORTMEIRION-Christmas-Tree-Vassoio-Diviso-Grande.jpg\" \/>\n\t<meta property=\"og:image:width\" content=\"1200\" \/>\n\t<meta property=\"og:image:height\" content=\"1200\" \/>\n\t<meta property=\"og:image:type\" content=\"image\/jpeg\" \/>\n<meta name=\"twitter:card\" content=\"summary_large_image\" \/>\n<script type=\"application\/ld+json\" class=\"yoast-schema-graph\">{\"@context\":\"https:\/\/schema.org\",\"@graph\":[{\"@type\":\"WebPage\",\"@id\":\"https:\/\/www.erresse-shop.it\/de\/shop\/tisch\/serviertablette\/portmeirion-christmas-tree-grosses-unterteiltes-tablett\/\",\"url\":\"https:\/\/www.erresse-shop.it\/de\/shop\/tisch\/serviertablette\/portmeirion-christmas-tree-grosses-unterteiltes-tablett\/\",\"name\":\"PORTMEIRION Christmas Tree Gro\u00dfes unterteiltes Tablett - Erresse Shop\",\"isPartOf\":{\"@id\":\"https:\/\/www.erresse-shop.it\/de\/#website\"},\"datePublished\":\"2025-11-21T07:18:31+00:00\",\"dateModified\":\"2025-11-21T07:26:11+00:00\",\"description\":\"Ob Sie ein festliches Buffet oder das Hauptfest am Weihnachtstag ausrichten \u2013 diese gro\u00dfe, mehrteilige Servierplatte ist ein unverzichtbares Accessoire\",\"breadcrumb\":{\"@id\":\"https:\/\/www.erresse-shop.it\/de\/shop\/tisch\/serviertablette\/portmeirion-christmas-tree-grosses-unterteiltes-tablett\/#breadcrumb\"},\"inLanguage\":\"de-DE\",\"potentialAction\":[{\"@type\":\"ReadAction\",\"target\":[\"https:\/\/www.erresse-shop.it\/de\/shop\/tisch\/serviertablette\/portmeirion-christmas-tree-grosses-unterteiltes-tablett\/\"]}]},{\"@type\":\"BreadcrumbList\",\"@id\":\"https:\/\/www.erresse-shop.it\/de\/shop\/tisch\/serviertablette\/portmeirion-christmas-tree-grosses-unterteiltes-tablett\/#breadcrumb\",\"itemListElement\":[{\"@type\":\"ListItem\",\"position\":1,\"name\":\"Home\",\"item\":\"https:\/\/www.erresse-shop.it\/de\/\"},{\"@type\":\"ListItem\",\"position\":2,\"name\":\"Shop\",\"item\":\"https:\/\/www.erresse-shop.it\/de\/shop\/\"},{\"@type\":\"ListItem\",\"position\":3,\"name\":\"PORTMEIRION Christmas Tree Gro\u00dfes unterteiltes Tablett\"}]},{\"@type\":\"WebSite\",\"@id\":\"https:\/\/www.erresse-shop.it\/de\/#website\",\"url\":\"https:\/\/www.erresse-shop.it\/de\/\",\"name\":\"Erresse Shop\",\"description\":\"Articoli di qualit\u00e0 per la casa\",\"potentialAction\":[{\"@type\":\"SearchAction\",\"target\":{\"@type\":\"EntryPoint\",\"urlTemplate\":\"https:\/\/www.erresse-shop.it\/de\/?s={search_term_string}\"},\"query-input\":\"required name=search_term_string\"}],\"inLanguage\":\"de-DE\"}]}<\/script>\n<!-- \/ Yoast SEO Premium plugin. -->","yoast_head_json":{"title":"PORTMEIRION Christmas Tree Gro\u00dfes unterteiltes Tablett - Erresse Shop","description":"Ob Sie ein festliches Buffet oder das Hauptfest am Weihnachtstag ausrichten \u2013 diese gro\u00dfe, mehrteilige Servierplatte ist ein unverzichtbares Accessoire","robots":{"index":"index","follow":"follow","max-snippet":"max-snippet:-1","max-image-preview":"max-image-preview:large","max-video-preview":"max-video-preview:-1"},"canonical":"https:\/\/www.erresse-shop.it\/de\/shop\/tisch\/serviertablette\/portmeirion-christmas-tree-grosses-unterteiltes-tablett\/","og_locale":"de_DE","og_type":"article","og_title":"PORTMEIRION Christmas Tree Gro\u00dfes unterteiltes Tablett","og_description":"Ob Sie ein festliches Buffet oder das Hauptfest am Weihnachtstag ausrichten \u2013 diese gro\u00dfe, mehrteilige Servierplatte ist ein unverzichtbares Accessoire","og_url":"https:\/\/www.erresse-shop.it\/de\/shop\/tisch\/serviertablette\/portmeirion-christmas-tree-grosses-unterteiltes-tablett\/","og_site_name":"Erresse Shop","article_modified_time":"2025-11-21T07:26:11+00:00","og_image":[{"width":1200,"height":1200,"url":"https:\/\/www.erresse-shop.it\/wp-content\/uploads\/2025\/11\/PORTMEIRION-Christmas-Tree-Vassoio-Diviso-Grande.jpg","type":"image\/jpeg"}],"twitter_card":"summary_large_image","schema":{"@context":"https:\/\/schema.org","@graph":[{"@type":"WebPage","@id":"https:\/\/www.erresse-shop.it\/de\/shop\/tisch\/serviertablette\/portmeirion-christmas-tree-grosses-unterteiltes-tablett\/","url":"https:\/\/www.erresse-shop.it\/de\/shop\/tisch\/serviertablette\/portmeirion-christmas-tree-grosses-unterteiltes-tablett\/","name":"PORTMEIRION Christmas Tree Gro\u00dfes unterteiltes Tablett - Erresse Shop","isPartOf":{"@id":"https:\/\/www.erresse-shop.it\/de\/#website"},"datePublished":"2025-11-21T07:18:31+00:00","dateModified":"2025-11-21T07:26:11+00:00","description":"Ob Sie ein festliches Buffet oder das Hauptfest am Weihnachtstag ausrichten \u2013 diese gro\u00dfe, mehrteilige Servierplatte ist ein unverzichtbares Accessoire","breadcrumb":{"@id":"https:\/\/www.erresse-shop.it\/de\/shop\/tisch\/serviertablette\/portmeirion-christmas-tree-grosses-unterteiltes-tablett\/#breadcrumb"},"inLanguage":"de-DE","potentialAction":[{"@type":"ReadAction","target":["https:\/\/www.erresse-shop.it\/de\/shop\/tisch\/serviertablette\/portmeirion-christmas-tree-grosses-unterteiltes-tablett\/"]}]},{"@type":"BreadcrumbList","@id":"https:\/\/www.erresse-shop.it\/de\/shop\/tisch\/serviertablette\/portmeirion-christmas-tree-grosses-unterteiltes-tablett\/#breadcrumb","itemListElement":[{"@type":"ListItem","position":1,"name":"Home","item":"https:\/\/www.erresse-shop.it\/de\/"},{"@type":"ListItem","position":2,"name":"Shop","item":"https:\/\/www.erresse-shop.it\/de\/shop\/"},{"@type":"ListItem","position":3,"name":"PORTMEIRION Christmas Tree Gro\u00dfes unterteiltes Tablett"}]},{"@type":"WebSite","@id":"https:\/\/www.erresse-shop.it\/de\/#website","url":"https:\/\/www.erresse-shop.it\/de\/","name":"Erresse Shop","description":"Articoli di qualit\u00e0 per la casa","potentialAction":[{"@type":"SearchAction","target":{"@type":"EntryPoint","urlTemplate":"https:\/\/www.erresse-shop.it\/de\/?s={search_term_string}"},"query-input":"required name=search_term_string"}],"inLanguage":"de-DE"}]}},"df_price":66.95,"df_sale_price":66.95,"df_regular_price":100.1,"df_image_link":"https:\/\/www.erresse-shop.it\/wp-content\/uploads\/2025\/11\/PORTMEIRION-Christmas-Tree-Vassoio-Diviso-Grande-300x300.jpg","_links":{"self":[{"href":"https:\/\/www.erresse-shop.it\/de\/wp-json\/wp\/v2\/product\/517329"}],"collection":[{"href":"https:\/\/www.erresse-shop.it\/de\/wp-json\/wp\/v2\/product"}],"about":[{"href":"https:\/\/www.erresse-shop.it\/de\/wp-json\/wp\/v2\/types\/product"}],"wp:featuredmedia":[{"embeddable":true,"href":"https:\/\/www.erresse-shop.it\/de\/wp-json\/wp\/v2\/media\/517355"}],"wp:attachment":[{"href":"https:\/\/www.erresse-shop.it\/de\/wp-json\/wp\/v2\/media?parent=517329"}],"wp:term":[{"taxonomy":"product_cat","embeddable":true,"href":"https:\/\/www.erresse-shop.it\/de\/wp-json\/wp\/v2\/product_cat?post=517329"},{"taxonomy":"product_tag","embeddable":true,"href":"https:\/\/www.erresse-shop.it\/de\/wp-json\/wp\/v2\/product_tag?post=517329"}],"curies":[{"name":"wp","href":"https:\/\/api.w.org\/{rel}","templated":true}]}}