{"id":517277,"date":"2025-11-21T06:57:49","date_gmt":"2025-11-21T06:57:51","guid":{"rendered":"https:\/\/www.erresse-shop.it\/?post_type=product&#038;p=517277"},"modified":"2025-11-21T07:06:26","modified_gmt":"2025-11-21T07:06:26","slug":"portmeirion-christmas-tree-servierschuessel","status":"publish","type":"product","link":"https:\/\/www.erresse-shop.it\/de\/shop\/tisch\/koerbe-und-schalen\/portmeirion-christmas-tree-servierschuessel\/","title":{"rendered":"PORTMEIRION Christmas Tree Serviersch\u00fcssel"},"content":{"rendered":"<p>Servieren Sie festliche Stimmung mit dieser farbenfrohen Serviersch\u00fcssel mit dem beliebten Weihnachtsbaum-Motiv. Die gr\u00fcnen und roten Farbt\u00f6ne machen dieses wundersch\u00f6ne Design zu einem traditionellen Klassiker. Die weite, tiefe Sch\u00fcssel bietet reichlich Platz f\u00fcr eine gro\u00dfz\u00fcgige Portion Kartoffeln, Rosenkohl oder Blattgem\u00fcse. Trotz ihres zarten Aussehens ist diese Porzellan-Serviersch\u00fcssel robust genug, um wiederholt im Backofen oder in der Mikrowelle erw\u00e4rmt zu werden. Und wenn Sie einen Weihnachtsfilm schauen m\u00f6chten, k\u00f6nnen Sie sie einfach in die Sp\u00fclmaschine stellen.<\/p>\n<p><strong>Produktdetails:<\/strong><\/p>\n<p><strong>Herstellungsland:<\/strong> China<br \/>\n<strong>Material:<\/strong> Porzellan<br \/>\n<strong>H\u00f6he:<\/strong> 7 cm<br \/>\n<strong>Breite:<\/strong> 24,5 cm<br \/>\n<strong>Tiefe:<\/strong> 24,5 cm<br \/>\n<strong>Volumen:<\/strong> 3000 ml<\/p>\n","protected":false},"excerpt":{"rendered":"<p>Servieren Sie festliche Stimmung mit dieser farbenfrohen Serviersch\u00fcssel mit dem beliebten Weihnachtsbaum-Motiv. Die gr\u00fcnen und roten Farbt\u00f6ne machen dieses wundersch\u00f6ne<\/p>\n","protected":false},"featured_media":517297,"template":"","meta":{"_acf_changed":false,"inline_featured_image":false},"product_cat":[6787,14243],"product_tag":[19359,23911,11565,11563],"acf":[],"yoast_head":"<!-- This site is optimized with the Yoast SEO Premium plugin v18.6 (Yoast SEO v19.13) - https:\/\/yoast.com\/wordpress\/plugins\/seo\/ -->\n<title>PORTMEIRION Christmas Tree Serviersch\u00fcssel - Erresse Shop<\/title>\n<meta name=\"description\" content=\"Servieren Sie festliche Stimmung mit dieser farbenfrohen Serviersch\u00fcssel mit dem beliebten Weihnachtsbaum-Motiv. Die gr\u00fcnen und roten Farbt\u00f6ne machen\" \/>\n<meta name=\"robots\" content=\"index, follow, max-snippet:-1, max-image-preview:large, max-video-preview:-1\" \/>\n<link rel=\"canonical\" href=\"https:\/\/www.erresse-shop.it\/de\/shop\/tisch\/koerbe-und-schalen\/portmeirion-christmas-tree-servierschuessel\/\" \/>\n<meta property=\"og:locale\" content=\"de_DE\" \/>\n<meta property=\"og:type\" content=\"article\" \/>\n<meta property=\"og:title\" content=\"PORTMEIRION Christmas Tree Serviersch\u00fcssel\" \/>\n<meta property=\"og:description\" content=\"Servieren Sie festliche Stimmung mit dieser farbenfrohen Serviersch\u00fcssel mit dem beliebten Weihnachtsbaum-Motiv. Die gr\u00fcnen und roten Farbt\u00f6ne machen\" \/>\n<meta property=\"og:url\" content=\"https:\/\/www.erresse-shop.it\/de\/shop\/tisch\/koerbe-und-schalen\/portmeirion-christmas-tree-servierschuessel\/\" \/>\n<meta property=\"og:site_name\" content=\"Erresse Shop\" \/>\n<meta property=\"article:modified_time\" content=\"2025-11-21T07:06:26+00:00\" \/>\n<meta property=\"og:image\" content=\"https:\/\/www.erresse-shop.it\/wp-content\/uploads\/2025\/11\/PORTMEIRION-Christmas-Tree-Ciotola-da-Portata.jpg\" \/>\n\t<meta property=\"og:image:width\" content=\"1200\" \/>\n\t<meta property=\"og:image:height\" content=\"1200\" \/>\n\t<meta property=\"og:image:type\" content=\"image\/jpeg\" \/>\n<meta name=\"twitter:card\" content=\"summary_large_image\" \/>\n<script type=\"application\/ld+json\" class=\"yoast-schema-graph\">{\"@context\":\"https:\/\/schema.org\",\"@graph\":[{\"@type\":\"WebPage\",\"@id\":\"https:\/\/www.erresse-shop.it\/de\/shop\/tisch\/koerbe-und-schalen\/portmeirion-christmas-tree-servierschuessel\/\",\"url\":\"https:\/\/www.erresse-shop.it\/de\/shop\/tisch\/koerbe-und-schalen\/portmeirion-christmas-tree-servierschuessel\/\",\"name\":\"PORTMEIRION Christmas Tree Serviersch\u00fcssel - Erresse Shop\",\"isPartOf\":{\"@id\":\"https:\/\/www.erresse-shop.it\/de\/#website\"},\"datePublished\":\"2025-11-21T06:57:51+00:00\",\"dateModified\":\"2025-11-21T07:06:26+00:00\",\"description\":\"Servieren Sie festliche Stimmung mit dieser farbenfrohen Serviersch\u00fcssel mit dem beliebten Weihnachtsbaum-Motiv. Die gr\u00fcnen und roten Farbt\u00f6ne machen\",\"breadcrumb\":{\"@id\":\"https:\/\/www.erresse-shop.it\/de\/shop\/tisch\/koerbe-und-schalen\/portmeirion-christmas-tree-servierschuessel\/#breadcrumb\"},\"inLanguage\":\"de-DE\",\"potentialAction\":[{\"@type\":\"ReadAction\",\"target\":[\"https:\/\/www.erresse-shop.it\/de\/shop\/tisch\/koerbe-und-schalen\/portmeirion-christmas-tree-servierschuessel\/\"]}]},{\"@type\":\"BreadcrumbList\",\"@id\":\"https:\/\/www.erresse-shop.it\/de\/shop\/tisch\/koerbe-und-schalen\/portmeirion-christmas-tree-servierschuessel\/#breadcrumb\",\"itemListElement\":[{\"@type\":\"ListItem\",\"position\":1,\"name\":\"Home\",\"item\":\"https:\/\/www.erresse-shop.it\/de\/\"},{\"@type\":\"ListItem\",\"position\":2,\"name\":\"Shop\",\"item\":\"https:\/\/www.erresse-shop.it\/de\/shop\/\"},{\"@type\":\"ListItem\",\"position\":3,\"name\":\"PORTMEIRION Christmas Tree Serviersch\u00fcssel\"}]},{\"@type\":\"WebSite\",\"@id\":\"https:\/\/www.erresse-shop.it\/de\/#website\",\"url\":\"https:\/\/www.erresse-shop.it\/de\/\",\"name\":\"Erresse Shop\",\"description\":\"Articoli di qualit\u00e0 per la casa\",\"potentialAction\":[{\"@type\":\"SearchAction\",\"target\":{\"@type\":\"EntryPoint\",\"urlTemplate\":\"https:\/\/www.erresse-shop.it\/de\/?s={search_term_string}\"},\"query-input\":\"required name=search_term_string\"}],\"inLanguage\":\"de-DE\"}]}<\/script>\n<!-- \/ Yoast SEO Premium plugin. -->","yoast_head_json":{"title":"PORTMEIRION Christmas Tree Serviersch\u00fcssel - Erresse Shop","description":"Servieren Sie festliche Stimmung mit dieser farbenfrohen Serviersch\u00fcssel mit dem beliebten Weihnachtsbaum-Motiv. Die gr\u00fcnen und roten Farbt\u00f6ne machen","robots":{"index":"index","follow":"follow","max-snippet":"max-snippet:-1","max-image-preview":"max-image-preview:large","max-video-preview":"max-video-preview:-1"},"canonical":"https:\/\/www.erresse-shop.it\/de\/shop\/tisch\/koerbe-und-schalen\/portmeirion-christmas-tree-servierschuessel\/","og_locale":"de_DE","og_type":"article","og_title":"PORTMEIRION Christmas Tree Serviersch\u00fcssel","og_description":"Servieren Sie festliche Stimmung mit dieser farbenfrohen Serviersch\u00fcssel mit dem beliebten Weihnachtsbaum-Motiv. Die gr\u00fcnen und roten Farbt\u00f6ne machen","og_url":"https:\/\/www.erresse-shop.it\/de\/shop\/tisch\/koerbe-und-schalen\/portmeirion-christmas-tree-servierschuessel\/","og_site_name":"Erresse Shop","article_modified_time":"2025-11-21T07:06:26+00:00","og_image":[{"width":1200,"height":1200,"url":"https:\/\/www.erresse-shop.it\/wp-content\/uploads\/2025\/11\/PORTMEIRION-Christmas-Tree-Ciotola-da-Portata.jpg","type":"image\/jpeg"}],"twitter_card":"summary_large_image","schema":{"@context":"https:\/\/schema.org","@graph":[{"@type":"WebPage","@id":"https:\/\/www.erresse-shop.it\/de\/shop\/tisch\/koerbe-und-schalen\/portmeirion-christmas-tree-servierschuessel\/","url":"https:\/\/www.erresse-shop.it\/de\/shop\/tisch\/koerbe-und-schalen\/portmeirion-christmas-tree-servierschuessel\/","name":"PORTMEIRION Christmas Tree Serviersch\u00fcssel - Erresse Shop","isPartOf":{"@id":"https:\/\/www.erresse-shop.it\/de\/#website"},"datePublished":"2025-11-21T06:57:51+00:00","dateModified":"2025-11-21T07:06:26+00:00","description":"Servieren Sie festliche Stimmung mit dieser farbenfrohen Serviersch\u00fcssel mit dem beliebten Weihnachtsbaum-Motiv. Die gr\u00fcnen und roten Farbt\u00f6ne machen","breadcrumb":{"@id":"https:\/\/www.erresse-shop.it\/de\/shop\/tisch\/koerbe-und-schalen\/portmeirion-christmas-tree-servierschuessel\/#breadcrumb"},"inLanguage":"de-DE","potentialAction":[{"@type":"ReadAction","target":["https:\/\/www.erresse-shop.it\/de\/shop\/tisch\/koerbe-und-schalen\/portmeirion-christmas-tree-servierschuessel\/"]}]},{"@type":"BreadcrumbList","@id":"https:\/\/www.erresse-shop.it\/de\/shop\/tisch\/koerbe-und-schalen\/portmeirion-christmas-tree-servierschuessel\/#breadcrumb","itemListElement":[{"@type":"ListItem","position":1,"name":"Home","item":"https:\/\/www.erresse-shop.it\/de\/"},{"@type":"ListItem","position":2,"name":"Shop","item":"https:\/\/www.erresse-shop.it\/de\/shop\/"},{"@type":"ListItem","position":3,"name":"PORTMEIRION Christmas Tree Serviersch\u00fcssel"}]},{"@type":"WebSite","@id":"https:\/\/www.erresse-shop.it\/de\/#website","url":"https:\/\/www.erresse-shop.it\/de\/","name":"Erresse Shop","description":"Articoli di qualit\u00e0 per la casa","potentialAction":[{"@type":"SearchAction","target":{"@type":"EntryPoint","urlTemplate":"https:\/\/www.erresse-shop.it\/de\/?s={search_term_string}"},"query-input":"required name=search_term_string"}],"inLanguage":"de-DE"}]}},"df_price":59.95,"df_sale_price":59.95,"df_regular_price":84.87,"df_image_link":"https:\/\/www.erresse-shop.it\/wp-content\/uploads\/2025\/11\/PORTMEIRION-Christmas-Tree-Ciotola-da-Portata-300x300.jpg","_links":{"self":[{"href":"https:\/\/www.erresse-shop.it\/de\/wp-json\/wp\/v2\/product\/517277"}],"collection":[{"href":"https:\/\/www.erresse-shop.it\/de\/wp-json\/wp\/v2\/product"}],"about":[{"href":"https:\/\/www.erresse-shop.it\/de\/wp-json\/wp\/v2\/types\/product"}],"wp:featuredmedia":[{"embeddable":true,"href":"https:\/\/www.erresse-shop.it\/de\/wp-json\/wp\/v2\/media\/517297"}],"wp:attachment":[{"href":"https:\/\/www.erresse-shop.it\/de\/wp-json\/wp\/v2\/media?parent=517277"}],"wp:term":[{"taxonomy":"product_cat","embeddable":true,"href":"https:\/\/www.erresse-shop.it\/de\/wp-json\/wp\/v2\/product_cat?post=517277"},{"taxonomy":"product_tag","embeddable":true,"href":"https:\/\/www.erresse-shop.it\/de\/wp-json\/wp\/v2\/product_tag?post=517277"}],"curies":[{"name":"wp","href":"https:\/\/api.w.org\/{rel}","templated":true}]}}