{"id":517254,"date":"2025-11-21T06:47:12","date_gmt":"2025-11-21T06:47:14","guid":{"rendered":"https:\/\/www.erresse-shop.it\/?post_type=product&#038;p=517254"},"modified":"2025-11-21T06:54:46","modified_gmt":"2025-11-21T06:54:46","slug":"portmeirion-christmas-tree-tortenstaender","status":"publish","type":"product","link":"https:\/\/www.erresse-shop.it\/de\/shop\/tisch\/tortenplatten\/portmeirion-christmas-tree-tortenstaender\/","title":{"rendered":"PORTMEIRION Christmas Tree Tortenst\u00e4nder"},"content":{"rendered":"<p>Ein Tisch voller k\u00f6stlicher Weihnachtsleckereien braucht ein w\u00fcrdiges Herzst\u00fcck \u2013 geben Sie dieser Dessertschale auf Fu\u00df den Ehrenplatz. Mit einem Durchmesser von 18 cm bietet sie Platz f\u00fcr allerlei festliche K\u00f6stlichkeiten. F\u00fcllen Sie sie mit Florentinern, Pralinen, Zuckerstangen, Nougat, Keksen und allem, was Ihre Familie sonst noch liebt. Das ikonische und wundersch\u00f6ne traditionelle Spode-Weihnachtsbaum-Design wird nach und nach (oder vielleicht auch schnell!) sichtbar, wenn die Leckereien verzehrt sind.<\/p>\n<p><strong>Produktdetails:<\/strong><\/p>\n<p><strong>Herstellungsland:<\/strong> China<br \/>\n<strong>Material: Steingut<br \/>\n<strong>H\u00f6he: 7 cm<br \/>\n<strong>Breite: 17,5 cm<br \/>\n<strong>Tiefe: 17,5 cm<\/p>\n","protected":false},"excerpt":{"rendered":"<p>Ein Tisch voller k\u00f6stlicher Weihnachtsleckereien braucht ein w\u00fcrdiges Herzst\u00fcck \u2013 geben Sie dieser Dessertschale auf Fu\u00df den Ehrenplatz. Mit einem<\/p>\n","protected":false},"featured_media":517274,"template":"","meta":{"_acf_changed":false,"inline_featured_image":false},"product_cat":[6787,6799],"product_tag":[19359,11773,23911,11971],"acf":[],"yoast_head":"<!-- This site is optimized with the Yoast SEO Premium plugin v18.6 (Yoast SEO v19.13) - https:\/\/yoast.com\/wordpress\/plugins\/seo\/ -->\n<title>PORTMEIRION Christmas Tree Tortenst\u00e4nder - Erresse Shop<\/title>\n<meta name=\"description\" content=\"Ein Tisch voller k\u00f6stlicher Weihnachtsleckereien braucht ein w\u00fcrdiges Herzst\u00fcck \u2013 geben Sie dieser Dessertschale auf Fu\u00df den Ehrenplatz. Mit einem\" \/>\n<meta name=\"robots\" content=\"index, follow, max-snippet:-1, max-image-preview:large, max-video-preview:-1\" \/>\n<link rel=\"canonical\" href=\"https:\/\/www.erresse-shop.it\/de\/shop\/tisch\/tortenplatten\/portmeirion-christmas-tree-tortenstaender\/\" \/>\n<meta property=\"og:locale\" content=\"de_DE\" \/>\n<meta property=\"og:type\" content=\"article\" \/>\n<meta property=\"og:title\" content=\"PORTMEIRION Christmas Tree Tortenst\u00e4nder\" \/>\n<meta property=\"og:description\" content=\"Ein Tisch voller k\u00f6stlicher Weihnachtsleckereien braucht ein w\u00fcrdiges Herzst\u00fcck \u2013 geben Sie dieser Dessertschale auf Fu\u00df den Ehrenplatz. Mit einem\" \/>\n<meta property=\"og:url\" content=\"https:\/\/www.erresse-shop.it\/de\/shop\/tisch\/tortenplatten\/portmeirion-christmas-tree-tortenstaender\/\" \/>\n<meta property=\"og:site_name\" content=\"Erresse Shop\" \/>\n<meta property=\"article:modified_time\" content=\"2025-11-21T06:54:46+00:00\" \/>\n<meta property=\"og:image\" content=\"https:\/\/www.erresse-shop.it\/wp-content\/uploads\/2025\/11\/PORTMEIRION-Christmas-Tree-Alzata.jpg\" \/>\n\t<meta property=\"og:image:width\" content=\"1200\" \/>\n\t<meta property=\"og:image:height\" content=\"1200\" \/>\n\t<meta property=\"og:image:type\" content=\"image\/jpeg\" \/>\n<meta name=\"twitter:card\" content=\"summary_large_image\" \/>\n<script type=\"application\/ld+json\" class=\"yoast-schema-graph\">{\"@context\":\"https:\/\/schema.org\",\"@graph\":[{\"@type\":\"WebPage\",\"@id\":\"https:\/\/www.erresse-shop.it\/de\/shop\/tisch\/tortenplatten\/portmeirion-christmas-tree-tortenstaender\/\",\"url\":\"https:\/\/www.erresse-shop.it\/de\/shop\/tisch\/tortenplatten\/portmeirion-christmas-tree-tortenstaender\/\",\"name\":\"PORTMEIRION Christmas Tree Tortenst\u00e4nder - Erresse Shop\",\"isPartOf\":{\"@id\":\"https:\/\/www.erresse-shop.it\/de\/#website\"},\"datePublished\":\"2025-11-21T06:47:14+00:00\",\"dateModified\":\"2025-11-21T06:54:46+00:00\",\"description\":\"Ein Tisch voller k\u00f6stlicher Weihnachtsleckereien braucht ein w\u00fcrdiges Herzst\u00fcck \u2013 geben Sie dieser Dessertschale auf Fu\u00df den Ehrenplatz. Mit einem\",\"breadcrumb\":{\"@id\":\"https:\/\/www.erresse-shop.it\/de\/shop\/tisch\/tortenplatten\/portmeirion-christmas-tree-tortenstaender\/#breadcrumb\"},\"inLanguage\":\"de-DE\",\"potentialAction\":[{\"@type\":\"ReadAction\",\"target\":[\"https:\/\/www.erresse-shop.it\/de\/shop\/tisch\/tortenplatten\/portmeirion-christmas-tree-tortenstaender\/\"]}]},{\"@type\":\"BreadcrumbList\",\"@id\":\"https:\/\/www.erresse-shop.it\/de\/shop\/tisch\/tortenplatten\/portmeirion-christmas-tree-tortenstaender\/#breadcrumb\",\"itemListElement\":[{\"@type\":\"ListItem\",\"position\":1,\"name\":\"Home\",\"item\":\"https:\/\/www.erresse-shop.it\/de\/\"},{\"@type\":\"ListItem\",\"position\":2,\"name\":\"Shop\",\"item\":\"https:\/\/www.erresse-shop.it\/de\/shop\/\"},{\"@type\":\"ListItem\",\"position\":3,\"name\":\"PORTMEIRION Christmas Tree Tortenst\u00e4nder\"}]},{\"@type\":\"WebSite\",\"@id\":\"https:\/\/www.erresse-shop.it\/de\/#website\",\"url\":\"https:\/\/www.erresse-shop.it\/de\/\",\"name\":\"Erresse Shop\",\"description\":\"Articoli di qualit\u00e0 per la casa\",\"potentialAction\":[{\"@type\":\"SearchAction\",\"target\":{\"@type\":\"EntryPoint\",\"urlTemplate\":\"https:\/\/www.erresse-shop.it\/de\/?s={search_term_string}\"},\"query-input\":\"required name=search_term_string\"}],\"inLanguage\":\"de-DE\"}]}<\/script>\n<!-- \/ Yoast SEO Premium plugin. -->","yoast_head_json":{"title":"PORTMEIRION Christmas Tree Tortenst\u00e4nder - Erresse Shop","description":"Ein Tisch voller k\u00f6stlicher Weihnachtsleckereien braucht ein w\u00fcrdiges Herzst\u00fcck \u2013 geben Sie dieser Dessertschale auf Fu\u00df den Ehrenplatz. Mit einem","robots":{"index":"index","follow":"follow","max-snippet":"max-snippet:-1","max-image-preview":"max-image-preview:large","max-video-preview":"max-video-preview:-1"},"canonical":"https:\/\/www.erresse-shop.it\/de\/shop\/tisch\/tortenplatten\/portmeirion-christmas-tree-tortenstaender\/","og_locale":"de_DE","og_type":"article","og_title":"PORTMEIRION Christmas Tree Tortenst\u00e4nder","og_description":"Ein Tisch voller k\u00f6stlicher Weihnachtsleckereien braucht ein w\u00fcrdiges Herzst\u00fcck \u2013 geben Sie dieser Dessertschale auf Fu\u00df den Ehrenplatz. Mit einem","og_url":"https:\/\/www.erresse-shop.it\/de\/shop\/tisch\/tortenplatten\/portmeirion-christmas-tree-tortenstaender\/","og_site_name":"Erresse Shop","article_modified_time":"2025-11-21T06:54:46+00:00","og_image":[{"width":1200,"height":1200,"url":"https:\/\/www.erresse-shop.it\/wp-content\/uploads\/2025\/11\/PORTMEIRION-Christmas-Tree-Alzata.jpg","type":"image\/jpeg"}],"twitter_card":"summary_large_image","schema":{"@context":"https:\/\/schema.org","@graph":[{"@type":"WebPage","@id":"https:\/\/www.erresse-shop.it\/de\/shop\/tisch\/tortenplatten\/portmeirion-christmas-tree-tortenstaender\/","url":"https:\/\/www.erresse-shop.it\/de\/shop\/tisch\/tortenplatten\/portmeirion-christmas-tree-tortenstaender\/","name":"PORTMEIRION Christmas Tree Tortenst\u00e4nder - Erresse Shop","isPartOf":{"@id":"https:\/\/www.erresse-shop.it\/de\/#website"},"datePublished":"2025-11-21T06:47:14+00:00","dateModified":"2025-11-21T06:54:46+00:00","description":"Ein Tisch voller k\u00f6stlicher Weihnachtsleckereien braucht ein w\u00fcrdiges Herzst\u00fcck \u2013 geben Sie dieser Dessertschale auf Fu\u00df den Ehrenplatz. Mit einem","breadcrumb":{"@id":"https:\/\/www.erresse-shop.it\/de\/shop\/tisch\/tortenplatten\/portmeirion-christmas-tree-tortenstaender\/#breadcrumb"},"inLanguage":"de-DE","potentialAction":[{"@type":"ReadAction","target":["https:\/\/www.erresse-shop.it\/de\/shop\/tisch\/tortenplatten\/portmeirion-christmas-tree-tortenstaender\/"]}]},{"@type":"BreadcrumbList","@id":"https:\/\/www.erresse-shop.it\/de\/shop\/tisch\/tortenplatten\/portmeirion-christmas-tree-tortenstaender\/#breadcrumb","itemListElement":[{"@type":"ListItem","position":1,"name":"Home","item":"https:\/\/www.erresse-shop.it\/de\/"},{"@type":"ListItem","position":2,"name":"Shop","item":"https:\/\/www.erresse-shop.it\/de\/shop\/"},{"@type":"ListItem","position":3,"name":"PORTMEIRION Christmas Tree Tortenst\u00e4nder"}]},{"@type":"WebSite","@id":"https:\/\/www.erresse-shop.it\/de\/#website","url":"https:\/\/www.erresse-shop.it\/de\/","name":"Erresse Shop","description":"Articoli di qualit\u00e0 per la casa","potentialAction":[{"@type":"SearchAction","target":{"@type":"EntryPoint","urlTemplate":"https:\/\/www.erresse-shop.it\/de\/?s={search_term_string}"},"query-input":"required name=search_term_string"}],"inLanguage":"de-DE"}]}},"df_price":46.95,"df_sale_price":46.95,"df_regular_price":55.89,"df_image_link":"https:\/\/www.erresse-shop.it\/wp-content\/uploads\/2025\/11\/PORTMEIRION-Christmas-Tree-Alzata-300x300.jpg","_links":{"self":[{"href":"https:\/\/www.erresse-shop.it\/de\/wp-json\/wp\/v2\/product\/517254"}],"collection":[{"href":"https:\/\/www.erresse-shop.it\/de\/wp-json\/wp\/v2\/product"}],"about":[{"href":"https:\/\/www.erresse-shop.it\/de\/wp-json\/wp\/v2\/types\/product"}],"wp:featuredmedia":[{"embeddable":true,"href":"https:\/\/www.erresse-shop.it\/de\/wp-json\/wp\/v2\/media\/517274"}],"wp:attachment":[{"href":"https:\/\/www.erresse-shop.it\/de\/wp-json\/wp\/v2\/media?parent=517254"}],"wp:term":[{"taxonomy":"product_cat","embeddable":true,"href":"https:\/\/www.erresse-shop.it\/de\/wp-json\/wp\/v2\/product_cat?post=517254"},{"taxonomy":"product_tag","embeddable":true,"href":"https:\/\/www.erresse-shop.it\/de\/wp-json\/wp\/v2\/product_tag?post=517254"}],"curies":[{"name":"wp","href":"https:\/\/api.w.org\/{rel}","templated":true}]}}