{"id":517214,"date":"2025-11-20T14:30:21","date_gmt":"2025-11-20T14:30:22","guid":{"rendered":"https:\/\/www.erresse-shop.it\/?post_type=product&#038;p=517214"},"modified":"2025-11-20T14:47:44","modified_gmt":"2025-11-20T14:47:44","slug":"portmeirion-christmas-tree-tablett-merry-christmas","status":"publish","type":"product","link":"https:\/\/www.erresse-shop.it\/de\/shop\/tisch\/serviertablette\/portmeirion-christmas-tree-tablett-merry-christmas\/","title":{"rendered":"PORTMEIRION Christmas Tree Tablett Merry Christmas"},"content":{"rendered":"<p>Die sch\u00f6nsten Weihnachtserinnerungen, die wir schaffen, sind oft mit unseren Lieblingsgegenst\u00e4nden verbunden, und diese Weihnachtsplatte wird Ihnen Jahr f\u00fcr Jahr festliche Stimmung schenken. Mit Spodes beliebtem Weihnachtsbaum-Design in Rot- und Gr\u00fcnt\u00f6nen, Stechpalmenbeeren, einem Baum und einem Berg von Geschenken verleiht sie dieser Platte einen nostalgischen Touch. Gefertigt aus feinstem Porzellan mit einem dekorativen, erh\u00f6hten Rand, eignet sie sich perfekt zum Servieren von Desserts oder weihnachtlichen Leckereien. \u00dcberraschend robust, ist sie ofen-, mikrowellen- und sp\u00fclmaschinenfest.<\/p>\n<p><strong>Produktdetails:<\/strong><\/p>\n<p><strong>Herstellungsland:<\/strong> China<br \/>\n<strong>Material:<\/strong> 100 % Porzellan<br \/>\n<strong>H\u00f6he<\/strong>: 3,5 cm<br \/>\n<strong>Breite<\/strong>: 28 cm<br \/>\n<strong>Tiefe<\/strong>: 3 cm<\/p>\n","protected":false},"excerpt":{"rendered":"<p>Die sch\u00f6nsten Weihnachtserinnerungen, die wir schaffen, sind oft mit unseren Lieblingsgegenst\u00e4nden verbunden, und diese Weihnachtsplatte wird Ihnen Jahr f\u00fcr Jahr<\/p>\n","protected":false},"featured_media":517240,"template":"","meta":{"_acf_changed":false,"inline_featured_image":false},"product_cat":[6853,6787],"product_tag":[19359,23911,11587],"acf":[],"yoast_head":"<!-- This site is optimized with the Yoast SEO Premium plugin v18.6 (Yoast SEO v19.13) - https:\/\/yoast.com\/wordpress\/plugins\/seo\/ -->\n<title>PORTMEIRION Christmas Tree Tablett Merry Christmas - Erresse Shop<\/title>\n<meta name=\"description\" content=\"Die sch\u00f6nsten Weihnachtserinnerungen, die wir schaffen, sind oft mit unseren Lieblingsgegenst\u00e4nden verbunden, und diese Weihnachtsplatte wird Ihnen Jahr\" \/>\n<meta name=\"robots\" content=\"index, follow, max-snippet:-1, max-image-preview:large, max-video-preview:-1\" \/>\n<link rel=\"canonical\" href=\"https:\/\/www.erresse-shop.it\/de\/shop\/tisch\/serviertablette\/portmeirion-christmas-tree-tablett-merry-christmas\/\" \/>\n<meta property=\"og:locale\" content=\"de_DE\" \/>\n<meta property=\"og:type\" content=\"article\" \/>\n<meta property=\"og:title\" content=\"PORTMEIRION Christmas Tree Tablett Merry Christmas\" \/>\n<meta property=\"og:description\" content=\"Die sch\u00f6nsten Weihnachtserinnerungen, die wir schaffen, sind oft mit unseren Lieblingsgegenst\u00e4nden verbunden, und diese Weihnachtsplatte wird Ihnen Jahr\" \/>\n<meta property=\"og:url\" content=\"https:\/\/www.erresse-shop.it\/de\/shop\/tisch\/serviertablette\/portmeirion-christmas-tree-tablett-merry-christmas\/\" \/>\n<meta property=\"og:site_name\" content=\"Erresse Shop\" \/>\n<meta property=\"article:modified_time\" content=\"2025-11-20T14:47:44+00:00\" \/>\n<meta property=\"og:image\" content=\"https:\/\/www.erresse-shop.it\/wp-content\/uploads\/2025\/11\/PORTMEIRION-Christmas-Tree-Vassoio-Merry-Christmas.jpg\" \/>\n\t<meta property=\"og:image:width\" content=\"1200\" \/>\n\t<meta property=\"og:image:height\" content=\"1200\" \/>\n\t<meta property=\"og:image:type\" content=\"image\/jpeg\" \/>\n<meta name=\"twitter:card\" content=\"summary_large_image\" \/>\n<script type=\"application\/ld+json\" class=\"yoast-schema-graph\">{\"@context\":\"https:\/\/schema.org\",\"@graph\":[{\"@type\":\"WebPage\",\"@id\":\"https:\/\/www.erresse-shop.it\/de\/shop\/tisch\/serviertablette\/portmeirion-christmas-tree-tablett-merry-christmas\/\",\"url\":\"https:\/\/www.erresse-shop.it\/de\/shop\/tisch\/serviertablette\/portmeirion-christmas-tree-tablett-merry-christmas\/\",\"name\":\"PORTMEIRION Christmas Tree Tablett Merry Christmas - Erresse Shop\",\"isPartOf\":{\"@id\":\"https:\/\/www.erresse-shop.it\/de\/#website\"},\"datePublished\":\"2025-11-20T14:30:22+00:00\",\"dateModified\":\"2025-11-20T14:47:44+00:00\",\"description\":\"Die sch\u00f6nsten Weihnachtserinnerungen, die wir schaffen, sind oft mit unseren Lieblingsgegenst\u00e4nden verbunden, und diese Weihnachtsplatte wird Ihnen Jahr\",\"breadcrumb\":{\"@id\":\"https:\/\/www.erresse-shop.it\/de\/shop\/tisch\/serviertablette\/portmeirion-christmas-tree-tablett-merry-christmas\/#breadcrumb\"},\"inLanguage\":\"de-DE\",\"potentialAction\":[{\"@type\":\"ReadAction\",\"target\":[\"https:\/\/www.erresse-shop.it\/de\/shop\/tisch\/serviertablette\/portmeirion-christmas-tree-tablett-merry-christmas\/\"]}]},{\"@type\":\"BreadcrumbList\",\"@id\":\"https:\/\/www.erresse-shop.it\/de\/shop\/tisch\/serviertablette\/portmeirion-christmas-tree-tablett-merry-christmas\/#breadcrumb\",\"itemListElement\":[{\"@type\":\"ListItem\",\"position\":1,\"name\":\"Home\",\"item\":\"https:\/\/www.erresse-shop.it\/de\/\"},{\"@type\":\"ListItem\",\"position\":2,\"name\":\"Shop\",\"item\":\"https:\/\/www.erresse-shop.it\/de\/shop\/\"},{\"@type\":\"ListItem\",\"position\":3,\"name\":\"PORTMEIRION Christmas Tree Tablett Merry Christmas\"}]},{\"@type\":\"WebSite\",\"@id\":\"https:\/\/www.erresse-shop.it\/de\/#website\",\"url\":\"https:\/\/www.erresse-shop.it\/de\/\",\"name\":\"Erresse Shop\",\"description\":\"Articoli di qualit\u00e0 per la casa\",\"potentialAction\":[{\"@type\":\"SearchAction\",\"target\":{\"@type\":\"EntryPoint\",\"urlTemplate\":\"https:\/\/www.erresse-shop.it\/de\/?s={search_term_string}\"},\"query-input\":\"required name=search_term_string\"}],\"inLanguage\":\"de-DE\"}]}<\/script>\n<!-- \/ Yoast SEO Premium plugin. -->","yoast_head_json":{"title":"PORTMEIRION Christmas Tree Tablett Merry Christmas - Erresse Shop","description":"Die sch\u00f6nsten Weihnachtserinnerungen, die wir schaffen, sind oft mit unseren Lieblingsgegenst\u00e4nden verbunden, und diese Weihnachtsplatte wird Ihnen Jahr","robots":{"index":"index","follow":"follow","max-snippet":"max-snippet:-1","max-image-preview":"max-image-preview:large","max-video-preview":"max-video-preview:-1"},"canonical":"https:\/\/www.erresse-shop.it\/de\/shop\/tisch\/serviertablette\/portmeirion-christmas-tree-tablett-merry-christmas\/","og_locale":"de_DE","og_type":"article","og_title":"PORTMEIRION Christmas Tree Tablett Merry Christmas","og_description":"Die sch\u00f6nsten Weihnachtserinnerungen, die wir schaffen, sind oft mit unseren Lieblingsgegenst\u00e4nden verbunden, und diese Weihnachtsplatte wird Ihnen Jahr","og_url":"https:\/\/www.erresse-shop.it\/de\/shop\/tisch\/serviertablette\/portmeirion-christmas-tree-tablett-merry-christmas\/","og_site_name":"Erresse Shop","article_modified_time":"2025-11-20T14:47:44+00:00","og_image":[{"width":1200,"height":1200,"url":"https:\/\/www.erresse-shop.it\/wp-content\/uploads\/2025\/11\/PORTMEIRION-Christmas-Tree-Vassoio-Merry-Christmas.jpg","type":"image\/jpeg"}],"twitter_card":"summary_large_image","schema":{"@context":"https:\/\/schema.org","@graph":[{"@type":"WebPage","@id":"https:\/\/www.erresse-shop.it\/de\/shop\/tisch\/serviertablette\/portmeirion-christmas-tree-tablett-merry-christmas\/","url":"https:\/\/www.erresse-shop.it\/de\/shop\/tisch\/serviertablette\/portmeirion-christmas-tree-tablett-merry-christmas\/","name":"PORTMEIRION Christmas Tree Tablett Merry Christmas - Erresse Shop","isPartOf":{"@id":"https:\/\/www.erresse-shop.it\/de\/#website"},"datePublished":"2025-11-20T14:30:22+00:00","dateModified":"2025-11-20T14:47:44+00:00","description":"Die sch\u00f6nsten Weihnachtserinnerungen, die wir schaffen, sind oft mit unseren Lieblingsgegenst\u00e4nden verbunden, und diese Weihnachtsplatte wird Ihnen Jahr","breadcrumb":{"@id":"https:\/\/www.erresse-shop.it\/de\/shop\/tisch\/serviertablette\/portmeirion-christmas-tree-tablett-merry-christmas\/#breadcrumb"},"inLanguage":"de-DE","potentialAction":[{"@type":"ReadAction","target":["https:\/\/www.erresse-shop.it\/de\/shop\/tisch\/serviertablette\/portmeirion-christmas-tree-tablett-merry-christmas\/"]}]},{"@type":"BreadcrumbList","@id":"https:\/\/www.erresse-shop.it\/de\/shop\/tisch\/serviertablette\/portmeirion-christmas-tree-tablett-merry-christmas\/#breadcrumb","itemListElement":[{"@type":"ListItem","position":1,"name":"Home","item":"https:\/\/www.erresse-shop.it\/de\/"},{"@type":"ListItem","position":2,"name":"Shop","item":"https:\/\/www.erresse-shop.it\/de\/shop\/"},{"@type":"ListItem","position":3,"name":"PORTMEIRION Christmas Tree Tablett Merry Christmas"}]},{"@type":"WebSite","@id":"https:\/\/www.erresse-shop.it\/de\/#website","url":"https:\/\/www.erresse-shop.it\/de\/","name":"Erresse Shop","description":"Articoli di qualit\u00e0 per la casa","potentialAction":[{"@type":"SearchAction","target":{"@type":"EntryPoint","urlTemplate":"https:\/\/www.erresse-shop.it\/de\/?s={search_term_string}"},"query-input":"required name=search_term_string"}],"inLanguage":"de-DE"}]}},"df_price":49.95,"df_sale_price":49.95,"df_regular_price":67.28,"df_image_link":"https:\/\/www.erresse-shop.it\/wp-content\/uploads\/2025\/11\/PORTMEIRION-Christmas-Tree-Vassoio-Merry-Christmas-300x300.jpg","_links":{"self":[{"href":"https:\/\/www.erresse-shop.it\/de\/wp-json\/wp\/v2\/product\/517214"}],"collection":[{"href":"https:\/\/www.erresse-shop.it\/de\/wp-json\/wp\/v2\/product"}],"about":[{"href":"https:\/\/www.erresse-shop.it\/de\/wp-json\/wp\/v2\/types\/product"}],"wp:featuredmedia":[{"embeddable":true,"href":"https:\/\/www.erresse-shop.it\/de\/wp-json\/wp\/v2\/media\/517240"}],"wp:attachment":[{"href":"https:\/\/www.erresse-shop.it\/de\/wp-json\/wp\/v2\/media?parent=517214"}],"wp:term":[{"taxonomy":"product_cat","embeddable":true,"href":"https:\/\/www.erresse-shop.it\/de\/wp-json\/wp\/v2\/product_cat?post=517214"},{"taxonomy":"product_tag","embeddable":true,"href":"https:\/\/www.erresse-shop.it\/de\/wp-json\/wp\/v2\/product_tag?post=517214"}],"curies":[{"name":"wp","href":"https:\/\/api.w.org\/{rel}","templated":true}]}}