{"id":517197,"date":"2025-11-20T14:15:16","date_gmt":"2025-11-20T14:15:17","guid":{"rendered":"https:\/\/www.erresse-shop.it\/?post_type=product&#038;p=517197"},"modified":"2025-11-20T14:25:22","modified_gmt":"2025-11-20T14:25:22","slug":"portmeirion-sophie-conran-mistletoe-runde-platte-30-cm","status":"publish","type":"product","link":"https:\/\/www.erresse-shop.it\/de\/shop\/tisch\/teller-geschirr\/portmeirion-sophie-conran-mistletoe-runde-platte-30-cm\/","title":{"rendered":"PORTMEIRION Sophie Conran Mistletoe Runde Platte 30 cm"},"content":{"rendered":"<p>Dieses elegante Tablett ist ein Must-have f\u00fcr alle, die G\u00e4ste bewirten. Mit Sophie Conrans Mistelzweig-Motiv und dem charakteristischen Welleneffekt besticht es durch seine elegante und zugleich dezente Optik. Das Tablett ist das ganze Jahr \u00fcber einsetzbar und bietet ausreichend Platz f\u00fcr einen Weihnachtsbraten, eignet sich aber auch hervorragend f\u00fcr eine Auswahl an Appetith\u00e4ppchen bei einem sommerlichen Essen. Es ist ideal f\u00fcr den hektischen Alltag in der K\u00fcche, da es direkt vom Ofen auf den Tisch und anschlie\u00dfend in die Sp\u00fclmaschine kann \u2013 so bleibt Ihnen mehr Zeit f\u00fcr die sch\u00f6nen Dinge im Leben.<\/p>\n<p><strong>Produktdetails:<\/strong><\/p>\n<p><strong>Herstellungsland:<\/strong> China<br \/>\n<strong>Material:<\/strong> 100 % Porzellan<br \/>\n<strong>H\u00f6he<\/strong>: 2,7 cm<br \/>\n<strong>Breite<\/strong>: 30,8 cm<br \/>\n<strong>Tiefe<\/strong>: 30,8 cm<\/p>\n","protected":false},"excerpt":{"rendered":"<p>Dieses elegante Tablett ist ein Must-have f\u00fcr alle, die G\u00e4ste bewirten. Mit Sophie Conrans Mistelzweig-Motiv und dem charakteristischen Welleneffekt besticht<\/p>\n","protected":false},"featured_media":517211,"template":"","meta":{"_acf_changed":false,"inline_featured_image":false},"product_cat":[6793,6787],"product_tag":[19359,23911,21971,11971,12350,11827],"acf":[],"yoast_head":"<!-- This site is optimized with the Yoast SEO Premium plugin v18.6 (Yoast SEO v19.13) - https:\/\/yoast.com\/wordpress\/plugins\/seo\/ -->\n<title>PORTMEIRION Sophie Conran Mistletoe Runde Platte 30 cm - Erresse Shop<\/title>\n<meta name=\"description\" content=\"Dieses elegante Tablett ist ein Must-have f\u00fcr alle, die G\u00e4ste bewirten. Mit Sophie Conrans Mistelzweig-Motiv und dem charakteristischen Welleneffekt\" \/>\n<meta name=\"robots\" content=\"index, follow, max-snippet:-1, max-image-preview:large, max-video-preview:-1\" \/>\n<link rel=\"canonical\" href=\"https:\/\/www.erresse-shop.it\/de\/shop\/tisch\/teller-geschirr\/portmeirion-sophie-conran-mistletoe-runde-platte-30-cm\/\" \/>\n<meta property=\"og:locale\" content=\"de_DE\" \/>\n<meta property=\"og:type\" content=\"article\" \/>\n<meta property=\"og:title\" content=\"PORTMEIRION Sophie Conran Mistletoe Runde Platte 30 cm\" \/>\n<meta property=\"og:description\" content=\"Dieses elegante Tablett ist ein Must-have f\u00fcr alle, die G\u00e4ste bewirten. Mit Sophie Conrans Mistelzweig-Motiv und dem charakteristischen Welleneffekt\" \/>\n<meta property=\"og:url\" content=\"https:\/\/www.erresse-shop.it\/de\/shop\/tisch\/teller-geschirr\/portmeirion-sophie-conran-mistletoe-runde-platte-30-cm\/\" \/>\n<meta property=\"og:site_name\" content=\"Erresse Shop\" \/>\n<meta property=\"article:modified_time\" content=\"2025-11-20T14:25:22+00:00\" \/>\n<meta property=\"og:image\" content=\"https:\/\/www.erresse-shop.it\/wp-content\/uploads\/2025\/11\/PORTMEIRION-Sophie-Conran-Mistletoe-Piatto-Tondo-30-cm.jpg\" \/>\n\t<meta property=\"og:image:width\" content=\"1200\" \/>\n\t<meta property=\"og:image:height\" content=\"1200\" \/>\n\t<meta property=\"og:image:type\" content=\"image\/jpeg\" \/>\n<meta name=\"twitter:card\" content=\"summary_large_image\" \/>\n<script type=\"application\/ld+json\" class=\"yoast-schema-graph\">{\"@context\":\"https:\/\/schema.org\",\"@graph\":[{\"@type\":\"WebPage\",\"@id\":\"https:\/\/www.erresse-shop.it\/de\/shop\/tisch\/teller-geschirr\/portmeirion-sophie-conran-mistletoe-runde-platte-30-cm\/\",\"url\":\"https:\/\/www.erresse-shop.it\/de\/shop\/tisch\/teller-geschirr\/portmeirion-sophie-conran-mistletoe-runde-platte-30-cm\/\",\"name\":\"PORTMEIRION Sophie Conran Mistletoe Runde Platte 30 cm - Erresse Shop\",\"isPartOf\":{\"@id\":\"https:\/\/www.erresse-shop.it\/de\/#website\"},\"datePublished\":\"2025-11-20T14:15:17+00:00\",\"dateModified\":\"2025-11-20T14:25:22+00:00\",\"description\":\"Dieses elegante Tablett ist ein Must-have f\u00fcr alle, die G\u00e4ste bewirten. Mit Sophie Conrans Mistelzweig-Motiv und dem charakteristischen Welleneffekt\",\"breadcrumb\":{\"@id\":\"https:\/\/www.erresse-shop.it\/de\/shop\/tisch\/teller-geschirr\/portmeirion-sophie-conran-mistletoe-runde-platte-30-cm\/#breadcrumb\"},\"inLanguage\":\"de-DE\",\"potentialAction\":[{\"@type\":\"ReadAction\",\"target\":[\"https:\/\/www.erresse-shop.it\/de\/shop\/tisch\/teller-geschirr\/portmeirion-sophie-conran-mistletoe-runde-platte-30-cm\/\"]}]},{\"@type\":\"BreadcrumbList\",\"@id\":\"https:\/\/www.erresse-shop.it\/de\/shop\/tisch\/teller-geschirr\/portmeirion-sophie-conran-mistletoe-runde-platte-30-cm\/#breadcrumb\",\"itemListElement\":[{\"@type\":\"ListItem\",\"position\":1,\"name\":\"Home\",\"item\":\"https:\/\/www.erresse-shop.it\/de\/\"},{\"@type\":\"ListItem\",\"position\":2,\"name\":\"Shop\",\"item\":\"https:\/\/www.erresse-shop.it\/de\/shop\/\"},{\"@type\":\"ListItem\",\"position\":3,\"name\":\"PORTMEIRION Sophie Conran Mistletoe Runde Platte 30 cm\"}]},{\"@type\":\"WebSite\",\"@id\":\"https:\/\/www.erresse-shop.it\/de\/#website\",\"url\":\"https:\/\/www.erresse-shop.it\/de\/\",\"name\":\"Erresse Shop\",\"description\":\"Articoli di qualit\u00e0 per la casa\",\"potentialAction\":[{\"@type\":\"SearchAction\",\"target\":{\"@type\":\"EntryPoint\",\"urlTemplate\":\"https:\/\/www.erresse-shop.it\/de\/?s={search_term_string}\"},\"query-input\":\"required name=search_term_string\"}],\"inLanguage\":\"de-DE\"}]}<\/script>\n<!-- \/ Yoast SEO Premium plugin. -->","yoast_head_json":{"title":"PORTMEIRION Sophie Conran Mistletoe Runde Platte 30 cm - Erresse Shop","description":"Dieses elegante Tablett ist ein Must-have f\u00fcr alle, die G\u00e4ste bewirten. Mit Sophie Conrans Mistelzweig-Motiv und dem charakteristischen Welleneffekt","robots":{"index":"index","follow":"follow","max-snippet":"max-snippet:-1","max-image-preview":"max-image-preview:large","max-video-preview":"max-video-preview:-1"},"canonical":"https:\/\/www.erresse-shop.it\/de\/shop\/tisch\/teller-geschirr\/portmeirion-sophie-conran-mistletoe-runde-platte-30-cm\/","og_locale":"de_DE","og_type":"article","og_title":"PORTMEIRION Sophie Conran Mistletoe Runde Platte 30 cm","og_description":"Dieses elegante Tablett ist ein Must-have f\u00fcr alle, die G\u00e4ste bewirten. Mit Sophie Conrans Mistelzweig-Motiv und dem charakteristischen Welleneffekt","og_url":"https:\/\/www.erresse-shop.it\/de\/shop\/tisch\/teller-geschirr\/portmeirion-sophie-conran-mistletoe-runde-platte-30-cm\/","og_site_name":"Erresse Shop","article_modified_time":"2025-11-20T14:25:22+00:00","og_image":[{"width":1200,"height":1200,"url":"https:\/\/www.erresse-shop.it\/wp-content\/uploads\/2025\/11\/PORTMEIRION-Sophie-Conran-Mistletoe-Piatto-Tondo-30-cm.jpg","type":"image\/jpeg"}],"twitter_card":"summary_large_image","schema":{"@context":"https:\/\/schema.org","@graph":[{"@type":"WebPage","@id":"https:\/\/www.erresse-shop.it\/de\/shop\/tisch\/teller-geschirr\/portmeirion-sophie-conran-mistletoe-runde-platte-30-cm\/","url":"https:\/\/www.erresse-shop.it\/de\/shop\/tisch\/teller-geschirr\/portmeirion-sophie-conran-mistletoe-runde-platte-30-cm\/","name":"PORTMEIRION Sophie Conran Mistletoe Runde Platte 30 cm - Erresse Shop","isPartOf":{"@id":"https:\/\/www.erresse-shop.it\/de\/#website"},"datePublished":"2025-11-20T14:15:17+00:00","dateModified":"2025-11-20T14:25:22+00:00","description":"Dieses elegante Tablett ist ein Must-have f\u00fcr alle, die G\u00e4ste bewirten. Mit Sophie Conrans Mistelzweig-Motiv und dem charakteristischen Welleneffekt","breadcrumb":{"@id":"https:\/\/www.erresse-shop.it\/de\/shop\/tisch\/teller-geschirr\/portmeirion-sophie-conran-mistletoe-runde-platte-30-cm\/#breadcrumb"},"inLanguage":"de-DE","potentialAction":[{"@type":"ReadAction","target":["https:\/\/www.erresse-shop.it\/de\/shop\/tisch\/teller-geschirr\/portmeirion-sophie-conran-mistletoe-runde-platte-30-cm\/"]}]},{"@type":"BreadcrumbList","@id":"https:\/\/www.erresse-shop.it\/de\/shop\/tisch\/teller-geschirr\/portmeirion-sophie-conran-mistletoe-runde-platte-30-cm\/#breadcrumb","itemListElement":[{"@type":"ListItem","position":1,"name":"Home","item":"https:\/\/www.erresse-shop.it\/de\/"},{"@type":"ListItem","position":2,"name":"Shop","item":"https:\/\/www.erresse-shop.it\/de\/shop\/"},{"@type":"ListItem","position":3,"name":"PORTMEIRION Sophie Conran Mistletoe Runde Platte 30 cm"}]},{"@type":"WebSite","@id":"https:\/\/www.erresse-shop.it\/de\/#website","url":"https:\/\/www.erresse-shop.it\/de\/","name":"Erresse Shop","description":"Articoli di qualit\u00e0 per la casa","potentialAction":[{"@type":"SearchAction","target":{"@type":"EntryPoint","urlTemplate":"https:\/\/www.erresse-shop.it\/de\/?s={search_term_string}"},"query-input":"required name=search_term_string"}],"inLanguage":"de-DE"}]}},"df_price":57.95,"df_sale_price":57.95,"df_regular_price":77.4,"df_image_link":"https:\/\/www.erresse-shop.it\/wp-content\/uploads\/2025\/11\/PORTMEIRION-Sophie-Conran-Mistletoe-Piatto-Tondo-30-cm-300x300.jpg","_links":{"self":[{"href":"https:\/\/www.erresse-shop.it\/de\/wp-json\/wp\/v2\/product\/517197"}],"collection":[{"href":"https:\/\/www.erresse-shop.it\/de\/wp-json\/wp\/v2\/product"}],"about":[{"href":"https:\/\/www.erresse-shop.it\/de\/wp-json\/wp\/v2\/types\/product"}],"wp:featuredmedia":[{"embeddable":true,"href":"https:\/\/www.erresse-shop.it\/de\/wp-json\/wp\/v2\/media\/517211"}],"wp:attachment":[{"href":"https:\/\/www.erresse-shop.it\/de\/wp-json\/wp\/v2\/media?parent=517197"}],"wp:term":[{"taxonomy":"product_cat","embeddable":true,"href":"https:\/\/www.erresse-shop.it\/de\/wp-json\/wp\/v2\/product_cat?post=517197"},{"taxonomy":"product_tag","embeddable":true,"href":"https:\/\/www.erresse-shop.it\/de\/wp-json\/wp\/v2\/product_tag?post=517197"}],"curies":[{"name":"wp","href":"https:\/\/api.w.org\/{rel}","templated":true}]}}