{"id":517121,"date":"2025-11-20T13:23:06","date_gmt":"2025-11-20T13:23:08","guid":{"rendered":"https:\/\/www.erresse-shop.it\/?post_type=product&#038;p=517121"},"modified":"2025-11-20T13:33:15","modified_gmt":"2025-11-20T13:33:15","slug":"portmeirion-sara-miller-artisanne-noir-4er-set-pastaschuesseln-22-cm","status":"publish","type":"product","link":"https:\/\/www.erresse-shop.it\/de\/shop\/tisch\/koerbe-und-schalen\/portmeirion-sara-miller-artisanne-noir-4er-set-pastaschuesseln-22-cm\/","title":{"rendered":"PORTMEIRION Sara Miller Artisanne Noir 4er-Set Pastasch\u00fcsseln 22 cm"},"content":{"rendered":"<p>Genie\u00dfen Sie k\u00f6stliche Pastagerichte mit Freunden und Familie mit diesem 4-teiligen Set wundersch\u00f6ner Pastaschalen von Sara Miller London. Die vier Designs der Kollektion Artisanne Noir \u2013 Bohemia, Mandala, Lotus und Paisley \u2013 lassen sich wunderbar kombinieren und bestechen durch ein markantes Schwarz-Wei\u00df-Design mit zarten Golddetails. Die mikrowellen- und sp\u00fclmaschinenfesten Schalen aus hochwertigem Porzellan sind die perfekte Erg\u00e4nzung f\u00fcr jeden Anlass.<\/p>\n<p><strong>Produktdetails:<\/strong><\/p>\n<p><strong>Herstellungsland:<\/strong> Indonesien<br \/>\n<strong>Material<\/strong>: 100 % Porzellan<br \/>\n<strong>H\u00f6he<\/strong>: 4,9 cm<br \/>\n<strong>Breite<\/strong>: 21,8 cm<br \/>\n<strong>Tiefe<\/strong>: 21,8 cm<br \/>\n<strong>Volumen<\/strong>: 800 ml<\/p>\n","protected":false},"excerpt":{"rendered":"<p>Genie\u00dfen Sie k\u00f6stliche Pastagerichte mit Freunden und Familie mit diesem 4-teiligen Set wundersch\u00f6ner Pastaschalen von Sara Miller London. Die vier<\/p>\n","protected":false},"featured_media":517141,"template":"","meta":{"_acf_changed":false,"inline_featured_image":false},"product_cat":[6787,14243],"product_tag":[19359,23911,11565,11563,21609],"acf":[],"yoast_head":"<!-- This site is optimized with the Yoast SEO Premium plugin v18.6 (Yoast SEO v19.13) - https:\/\/yoast.com\/wordpress\/plugins\/seo\/ -->\n<title>PORTMEIRION Sara Miller Artisanne Noir 4er-Set Pastasch\u00fcsseln 22 cm - Erresse Shop<\/title>\n<meta name=\"description\" content=\"Genie\u00dfen Sie k\u00f6stliche Pastagerichte mit Freunden und Familie mit diesem 4-teiligen Set wundersch\u00f6ner Pastaschalen von Sara Miller London. Die vier\" \/>\n<meta name=\"robots\" content=\"index, follow, max-snippet:-1, max-image-preview:large, max-video-preview:-1\" \/>\n<link rel=\"canonical\" href=\"https:\/\/www.erresse-shop.it\/de\/shop\/tisch\/koerbe-und-schalen\/portmeirion-sara-miller-artisanne-noir-4er-set-pastaschuesseln-22-cm\/\" \/>\n<meta property=\"og:locale\" content=\"de_DE\" \/>\n<meta property=\"og:type\" content=\"article\" \/>\n<meta property=\"og:title\" content=\"PORTMEIRION Sara Miller Artisanne Noir 4er-Set Pastasch\u00fcsseln 22 cm\" \/>\n<meta property=\"og:description\" content=\"Genie\u00dfen Sie k\u00f6stliche Pastagerichte mit Freunden und Familie mit diesem 4-teiligen Set wundersch\u00f6ner Pastaschalen von Sara Miller London. Die vier\" \/>\n<meta property=\"og:url\" content=\"https:\/\/www.erresse-shop.it\/de\/shop\/tisch\/koerbe-und-schalen\/portmeirion-sara-miller-artisanne-noir-4er-set-pastaschuesseln-22-cm\/\" \/>\n<meta property=\"og:site_name\" content=\"Erresse Shop\" \/>\n<meta property=\"article:modified_time\" content=\"2025-11-20T13:33:15+00:00\" \/>\n<meta property=\"og:image\" content=\"https:\/\/www.erresse-shop.it\/wp-content\/uploads\/2025\/11\/PORTMEIRION-Sara-Miller-Artisanne-Noir-Set-4-Ciotole-per-Pasta-22-cm.jpg\" \/>\n\t<meta property=\"og:image:width\" content=\"1200\" \/>\n\t<meta property=\"og:image:height\" content=\"1200\" \/>\n\t<meta property=\"og:image:type\" content=\"image\/jpeg\" \/>\n<meta name=\"twitter:card\" content=\"summary_large_image\" \/>\n<script type=\"application\/ld+json\" class=\"yoast-schema-graph\">{\"@context\":\"https:\/\/schema.org\",\"@graph\":[{\"@type\":\"WebPage\",\"@id\":\"https:\/\/www.erresse-shop.it\/de\/shop\/tisch\/koerbe-und-schalen\/portmeirion-sara-miller-artisanne-noir-4er-set-pastaschuesseln-22-cm\/\",\"url\":\"https:\/\/www.erresse-shop.it\/de\/shop\/tisch\/koerbe-und-schalen\/portmeirion-sara-miller-artisanne-noir-4er-set-pastaschuesseln-22-cm\/\",\"name\":\"PORTMEIRION Sara Miller Artisanne Noir 4er-Set Pastasch\u00fcsseln 22 cm - Erresse Shop\",\"isPartOf\":{\"@id\":\"https:\/\/www.erresse-shop.it\/de\/#website\"},\"datePublished\":\"2025-11-20T13:23:08+00:00\",\"dateModified\":\"2025-11-20T13:33:15+00:00\",\"description\":\"Genie\u00dfen Sie k\u00f6stliche Pastagerichte mit Freunden und Familie mit diesem 4-teiligen Set wundersch\u00f6ner Pastaschalen von Sara Miller London. Die vier\",\"breadcrumb\":{\"@id\":\"https:\/\/www.erresse-shop.it\/de\/shop\/tisch\/koerbe-und-schalen\/portmeirion-sara-miller-artisanne-noir-4er-set-pastaschuesseln-22-cm\/#breadcrumb\"},\"inLanguage\":\"de-DE\",\"potentialAction\":[{\"@type\":\"ReadAction\",\"target\":[\"https:\/\/www.erresse-shop.it\/de\/shop\/tisch\/koerbe-und-schalen\/portmeirion-sara-miller-artisanne-noir-4er-set-pastaschuesseln-22-cm\/\"]}]},{\"@type\":\"BreadcrumbList\",\"@id\":\"https:\/\/www.erresse-shop.it\/de\/shop\/tisch\/koerbe-und-schalen\/portmeirion-sara-miller-artisanne-noir-4er-set-pastaschuesseln-22-cm\/#breadcrumb\",\"itemListElement\":[{\"@type\":\"ListItem\",\"position\":1,\"name\":\"Home\",\"item\":\"https:\/\/www.erresse-shop.it\/de\/\"},{\"@type\":\"ListItem\",\"position\":2,\"name\":\"Shop\",\"item\":\"https:\/\/www.erresse-shop.it\/de\/shop\/\"},{\"@type\":\"ListItem\",\"position\":3,\"name\":\"PORTMEIRION Sara Miller Artisanne Noir 4er-Set Pastasch\u00fcsseln 22 cm\"}]},{\"@type\":\"WebSite\",\"@id\":\"https:\/\/www.erresse-shop.it\/de\/#website\",\"url\":\"https:\/\/www.erresse-shop.it\/de\/\",\"name\":\"Erresse Shop\",\"description\":\"Articoli di qualit\u00e0 per la casa\",\"potentialAction\":[{\"@type\":\"SearchAction\",\"target\":{\"@type\":\"EntryPoint\",\"urlTemplate\":\"https:\/\/www.erresse-shop.it\/de\/?s={search_term_string}\"},\"query-input\":\"required name=search_term_string\"}],\"inLanguage\":\"de-DE\"}]}<\/script>\n<!-- \/ Yoast SEO Premium plugin. -->","yoast_head_json":{"title":"PORTMEIRION Sara Miller Artisanne Noir 4er-Set Pastasch\u00fcsseln 22 cm - Erresse Shop","description":"Genie\u00dfen Sie k\u00f6stliche Pastagerichte mit Freunden und Familie mit diesem 4-teiligen Set wundersch\u00f6ner Pastaschalen von Sara Miller London. Die vier","robots":{"index":"index","follow":"follow","max-snippet":"max-snippet:-1","max-image-preview":"max-image-preview:large","max-video-preview":"max-video-preview:-1"},"canonical":"https:\/\/www.erresse-shop.it\/de\/shop\/tisch\/koerbe-und-schalen\/portmeirion-sara-miller-artisanne-noir-4er-set-pastaschuesseln-22-cm\/","og_locale":"de_DE","og_type":"article","og_title":"PORTMEIRION Sara Miller Artisanne Noir 4er-Set Pastasch\u00fcsseln 22 cm","og_description":"Genie\u00dfen Sie k\u00f6stliche Pastagerichte mit Freunden und Familie mit diesem 4-teiligen Set wundersch\u00f6ner Pastaschalen von Sara Miller London. Die vier","og_url":"https:\/\/www.erresse-shop.it\/de\/shop\/tisch\/koerbe-und-schalen\/portmeirion-sara-miller-artisanne-noir-4er-set-pastaschuesseln-22-cm\/","og_site_name":"Erresse Shop","article_modified_time":"2025-11-20T13:33:15+00:00","og_image":[{"width":1200,"height":1200,"url":"https:\/\/www.erresse-shop.it\/wp-content\/uploads\/2025\/11\/PORTMEIRION-Sara-Miller-Artisanne-Noir-Set-4-Ciotole-per-Pasta-22-cm.jpg","type":"image\/jpeg"}],"twitter_card":"summary_large_image","schema":{"@context":"https:\/\/schema.org","@graph":[{"@type":"WebPage","@id":"https:\/\/www.erresse-shop.it\/de\/shop\/tisch\/koerbe-und-schalen\/portmeirion-sara-miller-artisanne-noir-4er-set-pastaschuesseln-22-cm\/","url":"https:\/\/www.erresse-shop.it\/de\/shop\/tisch\/koerbe-und-schalen\/portmeirion-sara-miller-artisanne-noir-4er-set-pastaschuesseln-22-cm\/","name":"PORTMEIRION Sara Miller Artisanne Noir 4er-Set Pastasch\u00fcsseln 22 cm - Erresse Shop","isPartOf":{"@id":"https:\/\/www.erresse-shop.it\/de\/#website"},"datePublished":"2025-11-20T13:23:08+00:00","dateModified":"2025-11-20T13:33:15+00:00","description":"Genie\u00dfen Sie k\u00f6stliche Pastagerichte mit Freunden und Familie mit diesem 4-teiligen Set wundersch\u00f6ner Pastaschalen von Sara Miller London. Die vier","breadcrumb":{"@id":"https:\/\/www.erresse-shop.it\/de\/shop\/tisch\/koerbe-und-schalen\/portmeirion-sara-miller-artisanne-noir-4er-set-pastaschuesseln-22-cm\/#breadcrumb"},"inLanguage":"de-DE","potentialAction":[{"@type":"ReadAction","target":["https:\/\/www.erresse-shop.it\/de\/shop\/tisch\/koerbe-und-schalen\/portmeirion-sara-miller-artisanne-noir-4er-set-pastaschuesseln-22-cm\/"]}]},{"@type":"BreadcrumbList","@id":"https:\/\/www.erresse-shop.it\/de\/shop\/tisch\/koerbe-und-schalen\/portmeirion-sara-miller-artisanne-noir-4er-set-pastaschuesseln-22-cm\/#breadcrumb","itemListElement":[{"@type":"ListItem","position":1,"name":"Home","item":"https:\/\/www.erresse-shop.it\/de\/"},{"@type":"ListItem","position":2,"name":"Shop","item":"https:\/\/www.erresse-shop.it\/de\/shop\/"},{"@type":"ListItem","position":3,"name":"PORTMEIRION Sara Miller Artisanne Noir 4er-Set Pastasch\u00fcsseln 22 cm"}]},{"@type":"WebSite","@id":"https:\/\/www.erresse-shop.it\/de\/#website","url":"https:\/\/www.erresse-shop.it\/de\/","name":"Erresse Shop","description":"Articoli di qualit\u00e0 per la casa","potentialAction":[{"@type":"SearchAction","target":{"@type":"EntryPoint","urlTemplate":"https:\/\/www.erresse-shop.it\/de\/?s={search_term_string}"},"query-input":"required name=search_term_string"}],"inLanguage":"de-DE"}]}},"df_price":82.95,"df_sale_price":82.95,"df_regular_price":123.9,"df_image_link":"https:\/\/www.erresse-shop.it\/wp-content\/uploads\/2025\/11\/PORTMEIRION-Sara-Miller-Artisanne-Noir-Set-4-Ciotole-per-Pasta-22-cm-300x300.jpg","_links":{"self":[{"href":"https:\/\/www.erresse-shop.it\/de\/wp-json\/wp\/v2\/product\/517121"}],"collection":[{"href":"https:\/\/www.erresse-shop.it\/de\/wp-json\/wp\/v2\/product"}],"about":[{"href":"https:\/\/www.erresse-shop.it\/de\/wp-json\/wp\/v2\/types\/product"}],"wp:featuredmedia":[{"embeddable":true,"href":"https:\/\/www.erresse-shop.it\/de\/wp-json\/wp\/v2\/media\/517141"}],"wp:attachment":[{"href":"https:\/\/www.erresse-shop.it\/de\/wp-json\/wp\/v2\/media?parent=517121"}],"wp:term":[{"taxonomy":"product_cat","embeddable":true,"href":"https:\/\/www.erresse-shop.it\/de\/wp-json\/wp\/v2\/product_cat?post=517121"},{"taxonomy":"product_tag","embeddable":true,"href":"https:\/\/www.erresse-shop.it\/de\/wp-json\/wp\/v2\/product_tag?post=517121"}],"curies":[{"name":"wp","href":"https:\/\/api.w.org\/{rel}","templated":true}]}}